{"id":580,"date":"2018-07-09T23:47:13","date_gmt":"2018-07-09T21:47:13","guid":{"rendered":"http:\/\/agora.xtec.cat\/ceipsantjoan\/?page_id=580"},"modified":"2026-03-18T10:05:23","modified_gmt":"2026-03-18T09:05:23","slug":"horaris-de-visita","status":"publish","type":"page","link":"https:\/\/agora.xtec.cat\/ceipsantjoan\/lescola\/horaris-de-visita\/","title":{"rendered":"Horaris d&#8217;atenci\u00f3"},"content":{"rendered":"<h5><span style=\"color: #ffcc00;\">Horari d&#8217;atenci\u00f3 a les fam\u00edlies<\/span><\/h5>\n<p>Les fam\u00edlies podran concertar hora de visita, per entrevistar-se amb els i les mestres dels seus fills i filles, parlant amb ells personalment, trucant per tel\u00e8fon a l&#8217;escola o via correu electr\u00f2nic.<\/p>\n<h5><span style=\"color: #ffcc00;\">Horari d&#8217;atenci\u00f3 de l&#8217;equip directiu<\/span><\/h5>\n<p>Les fam\u00edlies podran concertar visita amb l&#8217;equip directiu parlant amb ells o elles personalment, trucant per tel\u00e8fon a l&#8217;escola, via correu electr\u00f2nic o presencialment a les hores seg\u00fcents:<\/p>\n<ul>\n<li>Dilluns &#8211; 9 a 10 h &#8211; 11.30 a 12.30 h<\/li>\n<li>Dimecres &#8211; 11.30 a 12.30 h &#8211; 15.00 a 16.30 h<\/li>\n<li>Divendres &#8211; 9 a 10h<\/li>\n<\/ul>\n<h5><span style=\"color: #ffcc00;\">Horari d&#8217;atenci\u00f3 de l&#8217;administrativa<\/span><\/h5>\n<p>Les fam\u00edlies podran rebre atenci\u00f3 per part de l&#8217;administrativa les hores seg\u00fcents:<\/p>\n<ul>\n<li><strong>Mat\u00ed<\/strong>: 9.00 a 13.30 h<\/li>\n<li><strong>Tarda<\/strong>: 15.00 a 16.30 h<\/li>\n<\/ul>\n<p><strong>NO dubteu<\/strong> en posar-vos en contacte amb nosaltres per\u00a0qualsevol dubte, aclariment, ajuda, col\u00b7laboraci\u00f3 o idea que tingueu, restem a la vostra disposici\u00f3.<\/p>\n<p>L&#8217;escola la <strong>CONSTRU\u00cfM<\/strong> entre tots i totes!<\/p>\n<p>Tel. 93 821 10 83 \/ 620 83 41 47<\/p>\n<p>correu@escolasantjoan.cat<\/p>\n","protected":false},"excerpt":{"rendered":"<p>Horari d&#8217;atenci\u00f3 a les fam\u00edlies<br \/>\nLes fam\u00edlies podran concertar hora de visita, per entrevistar-se amb els i les mestres dels seus fills i filles, parlant amb ells personalment, trucant per tel\u00e8fon a l&#8217;escola o via correu electr\u00f2nic.<br \/>\nHorari d&#8217;atenci\u00f3 de l&#8217;equip directiu<br \/>\nLes fam\u00edlies podran concertar visita amb&hellip;  <a href=\"https:\/\/agora.xtec.cat\/ceipsantjoan\/lescola\/horaris-de-visita\/\" title=\"Read Horaris d&#8217;atenci\u00f3\">Llegeix m\u00e9s\u00bb<\/a><\/p>\n","protected":false},"author":1,"featured_media":0,"parent":22,"menu_order":100,"comment_status":"closed","ping_status":"closed","template":"page-templates\/side-menu.php","meta":{"_bbp_topic_count":0,"_bbp_reply_count":0,"_bbp_total_topic_count":0,"_bbp_total_reply_count":0,"_bbp_voice_count":0,"_bbp_anonymous_reply_count":0,"_bbp_topic_count_hidden":0,"_bbp_reply_count_hidden":0,"_bbp_forum_subforum_count":0,"footnotes":""},"class_list":["post-580","page","type-page","status-publish","hentry"],"post_mailing_queue_ids":[],"_links":{"self":[{"href":"https:\/\/agora.xtec.cat\/ceipsantjoan\/wp-json\/wp\/v2\/pages\/580","targetHints":{"allow":["GET"]}}],"collection":[{"href":"https:\/\/agora.xtec.cat\/ceipsantjoan\/wp-json\/wp\/v2\/pages"}],"about":[{"href":"https:\/\/agora.xtec.cat\/ceipsantjoan\/wp-json\/wp\/v2\/types\/page"}],"author":[{"embeddable":true,"href":"https:\/\/agora.xtec.cat\/ceipsantjoan\/wp-json\/wp\/v2\/users\/1"}],"replies":[{"embeddable":true,"href":"https:\/\/agora.xtec.cat\/ceipsantjoan\/wp-json\/wp\/v2\/comments?post=580"}],"version-history":[{"count":6,"href":"https:\/\/agora.xtec.cat\/ceipsantjoan\/wp-json\/wp\/v2\/pages\/580\/revisions"}],"predecessor-version":[{"id":9313,"href":"https:\/\/agora.xtec.cat\/ceipsantjoan\/wp-json\/wp\/v2\/pages\/580\/revisions\/9313"}],"up":[{"embeddable":true,"href":"https:\/\/agora.xtec.cat\/ceipsantjoan\/wp-json\/wp\/v2\/pages\/22"}],"wp:attachment":[{"href":"https:\/\/agora.xtec.cat\/ceipsantjoan\/wp-json\/wp\/v2\/media?parent=580"}],"curies":[{"name":"wp","href":"https:\/\/api.w.org\/{rel}","templated":true}]}}