{"id":531,"date":"2018-07-09T22:15:21","date_gmt":"2018-07-09T20:15:21","guid":{"rendered":"http:\/\/agora.xtec.cat\/ceipsantjoan\/?page_id=531"},"modified":"2024-09-05T18:07:58","modified_gmt":"2024-09-05T16:07:58","slug":"biblioteca","status":"publish","type":"page","link":"https:\/\/agora.xtec.cat\/ceipsantjoan\/activitats-educatives\/biblioteca\/","title":{"rendered":"Biblioteca"},"content":{"rendered":"<p style=\"font-weight: 400;\"><img loading=\"lazy\" decoding=\"async\" class=\"alignnone wp-image-5484 size-large\" src=\"https:\/\/agora.xtec.cat\/ceipsantjoan\/wp-content\/uploads\/usu1864\/2022\/03\/IMG_8863-1024x768.jpg\" alt=\"\" width=\"1024\" height=\"768\" srcset=\"https:\/\/agora.xtec.cat\/ceipsantjoan\/wp-content\/uploads\/usu1864\/2022\/03\/IMG_8863-1024x768.jpg 1024w, https:\/\/agora.xtec.cat\/ceipsantjoan\/wp-content\/uploads\/usu1864\/2022\/03\/IMG_8863-300x225.jpg 300w, https:\/\/agora.xtec.cat\/ceipsantjoan\/wp-content\/uploads\/usu1864\/2022\/03\/IMG_8863-768x576.jpg 768w, https:\/\/agora.xtec.cat\/ceipsantjoan\/wp-content\/uploads\/usu1864\/2022\/03\/IMG_8863-1536x1152.jpg 1536w, https:\/\/agora.xtec.cat\/ceipsantjoan\/wp-content\/uploads\/usu1864\/2022\/03\/IMG_8863-2048x1536.jpg 2048w, https:\/\/agora.xtec.cat\/ceipsantjoan\/wp-content\/uploads\/usu1864\/2022\/03\/IMG_8863-200x150.jpg 200w\" sizes=\"auto, (max-width: 1024px) 100vw, 1024px\" \/><\/p>\n<p>La biblioteca escolar \u00e9s un espai educatiu i din\u00e0mic, un centre de recursos que cont\u00e9 documents en tota mena de suport per a l\u2019aprenentatge, l\u2019ensenyament i la recerca. La principal funci\u00f3 de la biblioteca escolar \u00e9s la d&#8217;impulsar la lectura i donar suport al desenvolupament de la compet\u00e8ncia lectora, per\u00f2 tamb\u00e9 la d&#8217;organitzar i gestionar la informaci\u00f3 i el fons documental, donar suport i manteniment a les biblioteques d&#8217;aula, facilitar l&#8217;adquisici\u00f3 de les compet\u00e8ncies en l&#8217;\u00fas de la informaci\u00f3, i proveir de serveis i recursos adre\u00e7ats a alumnes i mestres.<\/p>\n<p><img loading=\"lazy\" decoding=\"async\" class=\"alignnone size-large wp-image-6470\" src=\"https:\/\/agora.xtec.cat\/ceipsantjoan\/wp-content\/uploads\/usu1864\/2023\/01\/club_lectura-1024x768.jpg\" alt=\"\" width=\"1024\" height=\"768\" srcset=\"https:\/\/agora.xtec.cat\/ceipsantjoan\/wp-content\/uploads\/usu1864\/2023\/01\/club_lectura-1024x768.jpg 1024w, https:\/\/agora.xtec.cat\/ceipsantjoan\/wp-content\/uploads\/usu1864\/2023\/01\/club_lectura-300x225.jpg 300w, https:\/\/agora.xtec.cat\/ceipsantjoan\/wp-content\/uploads\/usu1864\/2023\/01\/club_lectura-768x576.jpg 768w, https:\/\/agora.xtec.cat\/ceipsantjoan\/wp-content\/uploads\/usu1864\/2023\/01\/club_lectura-1536x1152.jpg 1536w, https:\/\/agora.xtec.cat\/ceipsantjoan\/wp-content\/uploads\/usu1864\/2023\/01\/club_lectura-200x150.jpg 200w, https:\/\/agora.xtec.cat\/ceipsantjoan\/wp-content\/uploads\/usu1864\/2023\/01\/club_lectura.jpg 2048w\" sizes=\"auto, (max-width: 1024px) 100vw, 1024px\" \/><\/p>\n<p>L&#8217;escola Sant Joan ofereix un servei de biblioteca escolar cada tarda amb la pres\u00e8ncia del mestre responsable de la biblioteca que permet:<\/p>\n<ul>\n<li aria-level=\"1\">oferir servei de pr\u00e9stec personal per a alumnes i mestres;<\/li>\n<li aria-level=\"1\">que alumnes vinguin a buscar llibres espec\u00edfics sobre algun tema que estiguin treballant (pr\u00e9stec personal o per a les aules);<\/li>\n<li aria-level=\"1\">organitzar activitats de presentaci\u00f3 de llibres i de promoci\u00f3 de la lectura (fent lectures en veu alta de llibres adequats a cada grup d\u2019edat, exposicions, club de lectura, etc.).<\/li>\n<\/ul>\n<p><img loading=\"lazy\" decoding=\"async\" class=\"alignnone size-large wp-image-6471\" src=\"https:\/\/agora.xtec.cat\/ceipsantjoan\/wp-content\/uploads\/usu1864\/2023\/01\/biblio1-1024x768.jpg\" alt=\"\" width=\"1024\" height=\"768\" srcset=\"https:\/\/agora.xtec.cat\/ceipsantjoan\/wp-content\/uploads\/usu1864\/2023\/01\/biblio1-1024x768.jpg 1024w, https:\/\/agora.xtec.cat\/ceipsantjoan\/wp-content\/uploads\/usu1864\/2023\/01\/biblio1-300x225.jpg 300w, https:\/\/agora.xtec.cat\/ceipsantjoan\/wp-content\/uploads\/usu1864\/2023\/01\/biblio1-768x576.jpg 768w, https:\/\/agora.xtec.cat\/ceipsantjoan\/wp-content\/uploads\/usu1864\/2023\/01\/biblio1-1536x1152.jpg 1536w, https:\/\/agora.xtec.cat\/ceipsantjoan\/wp-content\/uploads\/usu1864\/2023\/01\/biblio1-2048x1536.jpg 2048w, https:\/\/agora.xtec.cat\/ceipsantjoan\/wp-content\/uploads\/usu1864\/2023\/01\/biblio1-200x150.jpg 200w\" sizes=\"auto, (max-width: 1024px) 100vw, 1024px\" \/><\/p>\n<p style=\"font-weight: 400;\">La nostra biblioteca tamb\u00e9 obre durant les hores de l&#8217;esbarjo. Aix\u00ed, l&#8217;alumnat de prim\u00e0ria t\u00e9 l&#8217;opci\u00f3 de consultar llibres i revistes, jugar amb jocs de taula, consultar el correu electr\u00f2nic de l&#8217;escola, cercar informaci\u00f3, etc.<\/p>\n<p><img loading=\"lazy\" decoding=\"async\" class=\"alignnone size-large wp-image-6472\" src=\"https:\/\/agora.xtec.cat\/ceipsantjoan\/wp-content\/uploads\/usu1864\/2023\/01\/biblio2-1024x768.jpg\" alt=\"\" width=\"1024\" height=\"768\" srcset=\"https:\/\/agora.xtec.cat\/ceipsantjoan\/wp-content\/uploads\/usu1864\/2023\/01\/biblio2-1024x768.jpg 1024w, https:\/\/agora.xtec.cat\/ceipsantjoan\/wp-content\/uploads\/usu1864\/2023\/01\/biblio2-300x225.jpg 300w, https:\/\/agora.xtec.cat\/ceipsantjoan\/wp-content\/uploads\/usu1864\/2023\/01\/biblio2-768x576.jpg 768w, https:\/\/agora.xtec.cat\/ceipsantjoan\/wp-content\/uploads\/usu1864\/2023\/01\/biblio2-1536x1152.jpg 1536w, https:\/\/agora.xtec.cat\/ceipsantjoan\/wp-content\/uploads\/usu1864\/2023\/01\/biblio2-2048x1536.jpg 2048w, https:\/\/agora.xtec.cat\/ceipsantjoan\/wp-content\/uploads\/usu1864\/2023\/01\/biblio2-200x150.jpg 200w\" sizes=\"auto, (max-width: 1024px) 100vw, 1024px\" \/><\/p>\n","protected":false},"excerpt":{"rendered":"<p>La biblioteca escolar \u00e9s un espai educatiu i din\u00e0mic, un centre de recursos que cont\u00e9 documents en tota mena de suport per a l\u2019aprenentatge, l\u2019ensenyament i la recerca. La principal funci\u00f3 de la biblioteca escolar \u00e9s la d&#8217;impulsar la lectura i donar suport al desenvolupament&hellip;  <a href=\"https:\/\/agora.xtec.cat\/ceipsantjoan\/activitats-educatives\/biblioteca\/\" title=\"Read Biblioteca\">Llegeix m\u00e9s\u00bb<\/a><\/p>\n","protected":false},"author":1,"featured_media":0,"parent":484,"menu_order":130,"comment_status":"closed","ping_status":"closed","template":"page-templates\/side-menu.php","meta":{"_bbp_topic_count":0,"_bbp_reply_count":0,"_bbp_total_topic_count":0,"_bbp_total_reply_count":0,"_bbp_voice_count":0,"_bbp_anonymous_reply_count":0,"_bbp_topic_count_hidden":0,"_bbp_reply_count_hidden":0,"_bbp_forum_subforum_count":0,"footnotes":""},"class_list":["post-531","page","type-page","status-publish","hentry"],"post_mailing_queue_ids":[],"_links":{"self":[{"href":"https:\/\/agora.xtec.cat\/ceipsantjoan\/wp-json\/wp\/v2\/pages\/531","targetHints":{"allow":["GET"]}}],"collection":[{"href":"https:\/\/agora.xtec.cat\/ceipsantjoan\/wp-json\/wp\/v2\/pages"}],"about":[{"href":"https:\/\/agora.xtec.cat\/ceipsantjoan\/wp-json\/wp\/v2\/types\/page"}],"author":[{"embeddable":true,"href":"https:\/\/agora.xtec.cat\/ceipsantjoan\/wp-json\/wp\/v2\/users\/1"}],"replies":[{"embeddable":true,"href":"https:\/\/agora.xtec.cat\/ceipsantjoan\/wp-json\/wp\/v2\/comments?post=531"}],"version-history":[{"count":4,"href":"https:\/\/agora.xtec.cat\/ceipsantjoan\/wp-json\/wp\/v2\/pages\/531\/revisions"}],"predecessor-version":[{"id":7911,"href":"https:\/\/agora.xtec.cat\/ceipsantjoan\/wp-json\/wp\/v2\/pages\/531\/revisions\/7911"}],"up":[{"embeddable":true,"href":"https:\/\/agora.xtec.cat\/ceipsantjoan\/wp-json\/wp\/v2\/pages\/484"}],"wp:attachment":[{"href":"https:\/\/agora.xtec.cat\/ceipsantjoan\/wp-json\/wp\/v2\/media?parent=531"}],"curies":[{"name":"wp","href":"https:\/\/api.w.org\/{rel}","templated":true}]}}