{"id":522,"date":"2018-07-09T22:12:59","date_gmt":"2018-07-09T20:12:59","guid":{"rendered":"http:\/\/agora.xtec.cat\/ceipsantjoan\/?page_id=522"},"modified":"2018-12-16T15:55:12","modified_gmt":"2018-12-16T14:55:12","slug":"consell-dinfants","status":"publish","type":"page","link":"https:\/\/agora.xtec.cat\/ceipsantjoan\/activitats-educatives\/consell-dinfants\/","title":{"rendered":"Consell d&#8217;Infants"},"content":{"rendered":"<p><span style=\"color: #ffcc00;\"><b>Qu\u00e8 \u00e9s?<\/b><\/span><\/p>\n<p><span style=\"font-weight: 400;\">El Consell d&#8217;infants \u00e9s un \u00f2rgan adscrit a la conselleria d&#8217;educaci\u00f3 de l&#8217;ajuntament de Berga. Es fonamenta en la Convenci\u00f3 sobre els Drets dels Infants aprovada per les Nacions Unides l&#8217;any 1989 i en les iniciatives constitucionals i auton\u00f2miques reguladores dels drets de la inf\u00e0ncia. <\/span><\/p>\n<p><span style=\"font-weight: 400;\">\u00c9s tamb\u00e9 una eina per desenvolupar un projecte socioeducatiu que t\u00e9 com a finalitat treballar amb els nens i nenes de la ciutat els valors i principis de la democr\u00e0cia. <\/span><\/p>\n<p><span style=\"color: #ffcc00;\"><b>Qui en forma part?<\/b><\/span><\/p>\n<p><span style=\"font-weight: 400;\">El Consell d&#8217;infants est\u00e0 constitu\u00eft per un Plenari, presidit per l&#8217;alcaldessa de Berga o el conseller o consellera a qui el delegui, el regidor d&#8217;educaci\u00f3, els consellers i conselleres de les escoles participants i un t\u00e8cnic municipal. Aquests consellers i conselleres s\u00f3n nens i nenes de 5\u00e8 i 6\u00e8 de prim\u00e0ria, escollits pels seus companys i companyes de curs per representar-los i traslladar les seves propostes d&#8217;opini\u00f3. Els c\u00e0rrecs de conseller i consellera tenen una durada de 2 anys. <\/span><\/p>\n<p><span style=\"color: #ffcc00;\"><b>Com funciona?<\/b><\/span><\/p>\n<p><span style=\"font-weight: 400;\">A l&#8217;inici de cada curs es fan reunions als centres educatius interessats on s&#8217;hi explica qu\u00e8 \u00e9s la participaci\u00f3 i que implica ser-ne membre. En aquest moment es recullen idees per treballar al Consell durant el curs escolar.<\/span><\/p>\n<p><span style=\"font-weight: 400;\">La primera sessi\u00f3 \u00e9s la de constituci\u00f3 del Consell que es fa al Sal\u00f3 de Plens de l&#8217;ajuntament amb pres\u00e8ncia de l&#8217;alcaldessa i els representants dels grups municipals, all\u00ed es presenten tots els membres del Consell i es vota el tema a treballar durant el curs. Cada centre treballa les diferents propostes buscant la manera m\u00e9s adient de portar-les a terme.<\/span><\/p>\n<p><span style=\"font-weight: 400;\">La darrera sessi\u00f3 \u00e9s la del tancament del Consell, tamb\u00e9 es fa al Sal\u00f3 de Plens i es presenta el document final que recull el treball fet.<\/span><\/p>\n<p><span style=\"color: #ffcc00;\"><b>OBJECTIUS GENERALS:<\/b><\/span><\/p>\n<p><span style=\"font-weight: 400;\">1.- Crear una estructura v\u00e0lida i estable de participaci\u00f3 dels infants i de comunicaci\u00f3 entre aquests i les autoritats municipals.<\/span><\/p>\n<p><span style=\"font-weight: 400;\">2.- Fomentar el treball col\u00b7lectiu en pro d\u2019un b\u00e9 com\u00fa.<\/span><\/p>\n<p><span style=\"font-weight: 400;\">3.- Desenvolupar estrat\u00e8gies per treballar la democr\u00e0cia participativa.<\/span><\/p>\n<p><span style=\"font-weight: 400;\">4.- Aconseguir que els infants tinguin la possibilitat de manifestar i decidir com volen que sigui la seva ciutat.<\/span><\/p>\n<p><span style=\"font-weight: 400;\">5.- Aconseguir que les persones adultes reconeguin els drets dels infants, valorin la seva opini\u00f3 i la prenguin en consideraci\u00f3.<\/span><\/p>\n<p><img loading=\"lazy\" decoding=\"async\" class=\"aligncenter\" src=\"https:\/\/pbs.twimg.com\/media\/DuYd_vOWoAI7Fpj.jpg:large\" width=\"791\" height=\"483\" \/><\/p>\n<p><a href=\"http:\/\/agora.xtec.cat\/ceipsantjoan\/wp-content\/uploads\/usu1864\/2018\/07\/logo-vector-ajuntament-de-berga.jpg\"><img loading=\"lazy\" decoding=\"async\" class=\"alignnone wp-image-500\" src=\"http:\/\/agora.xtec.cat\/ceipsantjoan\/wp-content\/uploads\/usu1864\/2018\/07\/logo-vector-ajuntament-de-berga.jpg\" alt=\"\" width=\"223\" height=\"113\" srcset=\"https:\/\/agora.xtec.cat\/ceipsantjoan\/wp-content\/uploads\/usu1864\/2018\/07\/logo-vector-ajuntament-de-berga.jpg 630w, https:\/\/agora.xtec.cat\/ceipsantjoan\/wp-content\/uploads\/usu1864\/2018\/07\/logo-vector-ajuntament-de-berga-300x152.jpg 300w\" sizes=\"auto, (max-width: 223px) 100vw, 223px\" \/><\/a><\/p>\n","protected":false},"excerpt":{"rendered":"<p>Qu\u00e8 \u00e9s?<br \/>\nEl Consell d&#8217;infants \u00e9s un \u00f2rgan adscrit a la conselleria d&#8217;educaci\u00f3 de l&#8217;ajuntament de Berga. Es fonamenta en la Convenci\u00f3 sobre els Drets dels Infants aprovada per les Nacions Unides l&#8217;any 1989 i en les iniciatives constitucionals i auton\u00f2miques reguladores dels drets de la&hellip;  <a href=\"https:\/\/agora.xtec.cat\/ceipsantjoan\/activitats-educatives\/consell-dinfants\/\" title=\"Read Consell d&#8217;Infants\">Llegeix m\u00e9s\u00bb<\/a><\/p>\n","protected":false},"author":1,"featured_media":0,"parent":484,"menu_order":90,"comment_status":"closed","ping_status":"closed","template":"page-templates\/side-menu.php","meta":{"_bbp_topic_count":0,"_bbp_reply_count":0,"_bbp_total_topic_count":0,"_bbp_total_reply_count":0,"_bbp_voice_count":0,"_bbp_anonymous_reply_count":0,"_bbp_topic_count_hidden":0,"_bbp_reply_count_hidden":0,"_bbp_forum_subforum_count":0,"footnotes":""},"class_list":["post-522","page","type-page","status-publish","hentry"],"post_mailing_queue_ids":[],"_links":{"self":[{"href":"https:\/\/agora.xtec.cat\/ceipsantjoan\/wp-json\/wp\/v2\/pages\/522","targetHints":{"allow":["GET"]}}],"collection":[{"href":"https:\/\/agora.xtec.cat\/ceipsantjoan\/wp-json\/wp\/v2\/pages"}],"about":[{"href":"https:\/\/agora.xtec.cat\/ceipsantjoan\/wp-json\/wp\/v2\/types\/page"}],"author":[{"embeddable":true,"href":"https:\/\/agora.xtec.cat\/ceipsantjoan\/wp-json\/wp\/v2\/users\/1"}],"replies":[{"embeddable":true,"href":"https:\/\/agora.xtec.cat\/ceipsantjoan\/wp-json\/wp\/v2\/comments?post=522"}],"version-history":[{"count":4,"href":"https:\/\/agora.xtec.cat\/ceipsantjoan\/wp-json\/wp\/v2\/pages\/522\/revisions"}],"predecessor-version":[{"id":1469,"href":"https:\/\/agora.xtec.cat\/ceipsantjoan\/wp-json\/wp\/v2\/pages\/522\/revisions\/1469"}],"up":[{"embeddable":true,"href":"https:\/\/agora.xtec.cat\/ceipsantjoan\/wp-json\/wp\/v2\/pages\/484"}],"wp:attachment":[{"href":"https:\/\/agora.xtec.cat\/ceipsantjoan\/wp-json\/wp\/v2\/media?parent=522"}],"curies":[{"name":"wp","href":"https:\/\/api.w.org\/{rel}","templated":true}]}}