{"id":513,"date":"2018-07-09T22:10:05","date_gmt":"2018-07-09T20:10:05","guid":{"rendered":"http:\/\/agora.xtec.cat\/ceipsantjoan\/?page_id=513"},"modified":"2022-02-28T15:12:35","modified_gmt":"2022-02-28T14:12:35","slug":"esport-blanc-escolar","status":"publish","type":"page","link":"https:\/\/agora.xtec.cat\/ceipsantjoan\/activitats-educatives\/esport-blanc-escolar\/","title":{"rendered":"Esport Blanc Escolar"},"content":{"rendered":"<p style=\"text-align: justify;\">Els alumnes de <strong>Cicle Mitj\u00e0<\/strong> realitzen el <strong>PROGRAMA ESPORT BLANC ESCOLAR<\/strong> durant el <strong>segon trimestre<\/strong>.<\/p>\n<p style=\"text-align: justify;\">El Departament d\u2019Ensenyament i la Secretaria General de l\u2019Esport de la Generalitat, conjuntament amb la Federaci\u00f3 Catalana d\u2019Esports d\u2019Hivern impulsa el programa &#8220;<strong>Esport Blanc Escolar<\/strong>&#8220;, per iniciar en aquests esports la poblaci\u00f3 infantil.<\/p>\n<p style=\"text-align: justify;\">El programa \u201cEsport Blanc Escolar\u201d \u00e9s un programa institucional que t\u00e9 l\u2019objectiu d\u2019impulsar la iniciaci\u00f3 i el coneixement dels esports d\u2019hivern, en les seves diferents modalitats, en la poblaci\u00f3 infantil.<\/p>\n<p style=\"text-align: justify;\">El programa \u201cEsport Blanc Escolar\u201d proposa una activitat de formaci\u00f3 poliesportiva en esports d\u2019hivern, <strong>en el marc curricular de l\u2019assignatura d\u2019Educaci\u00f3 F\u00edsica<\/strong>, per\u00f2 amb un tractament interdisciplinari que permeti treballar el coneixement i respecte de les muntanyes del Pirineu, i del medi natural en general, de la interacci\u00f3 amb els diferents tipus de neu i de persones i professions del territori que s\u2019hi relacionen, i viure en primera persona tots els valors que comporten.<\/p>\n<p style=\"text-align: justify;\">El programa estableix la realitzaci\u00f3 d\u2019un total de 6 sessions anuals, distribu\u00efdes en 2 sessions d\u2019esqu\u00ed alp\u00ed, 2 sessions d\u2019esqu\u00ed de fons i 2 sessions de surf de neu (\u201csnowboard\u201d). Cada sessi\u00f3 es portar\u00e0 a terme durant un mat\u00ed a la setmana, per part de l\u2019alumnat dels cursos de 3r i 4t de prim\u00e0ria (8-10 anys), de forma progressiva, de manera que tots els alumnes realitzin aquesta activitat al llarg de dos cursos escolars.<\/p>\n<p><a style=\"font-family: inherit; font-size: 1em;\" href=\"http:\/\/agora.xtec.cat\/ceipsantjoan\/wp-content\/uploads\/usu1864\/2018\/09\/esqu\u00ed-alp\u00ed_opt.jpg\">\u00a0<\/a><a href=\"http:\/\/agora.xtec.cat\/ceipsantjoan\/wp-content\/uploads\/usu1864\/2018\/09\/esqu\u00ed-alp\u00ed.jpg\"><img loading=\"lazy\" decoding=\"async\" class=\"wp-image-813 alignnone\" src=\"http:\/\/agora.xtec.cat\/ceipsantjoan\/wp-content\/uploads\/usu1864\/2018\/09\/esqu\u00ed-alp\u00ed-1024x768.jpg\" alt=\"\" width=\"423\" height=\"317\" srcset=\"https:\/\/agora.xtec.cat\/ceipsantjoan\/wp-content\/uploads\/usu1864\/2018\/09\/esqu\u00ed-alp\u00ed-1024x768.jpg 1024w, https:\/\/agora.xtec.cat\/ceipsantjoan\/wp-content\/uploads\/usu1864\/2018\/09\/esqu\u00ed-alp\u00ed-300x225.jpg 300w, https:\/\/agora.xtec.cat\/ceipsantjoan\/wp-content\/uploads\/usu1864\/2018\/09\/esqu\u00ed-alp\u00ed-768x576.jpg 768w, https:\/\/agora.xtec.cat\/ceipsantjoan\/wp-content\/uploads\/usu1864\/2018\/09\/esqu\u00ed-alp\u00ed-200x150.jpg 200w\" sizes=\"auto, (max-width: 423px) 100vw, 423px\" \/><\/a><a style=\"font-family: inherit; font-size: 1em;\" href=\"http:\/\/agora.xtec.cat\/ceipsantjoan\/wp-content\/uploads\/usu1864\/2018\/09\/esqu\u00ed-alp\u00ed_opt.jpg\">\u00a0 \u00a0<\/a><a href=\"http:\/\/agora.xtec.cat\/ceipsantjoan\/wp-content\/uploads\/usu1864\/2018\/09\/snow__1536007434_23595.jpg\"><img loading=\"lazy\" decoding=\"async\" class=\"wp-image-810 alignnone\" src=\"http:\/\/agora.xtec.cat\/ceipsantjoan\/wp-content\/uploads\/usu1864\/2018\/09\/snow__1536007434_23595.jpg\" alt=\"\" width=\"423\" height=\"318\" srcset=\"https:\/\/agora.xtec.cat\/ceipsantjoan\/wp-content\/uploads\/usu1864\/2018\/09\/snow__1536007434_23595.jpg 800w, https:\/\/agora.xtec.cat\/ceipsantjoan\/wp-content\/uploads\/usu1864\/2018\/09\/snow__1536007434_23595-300x225.jpg 300w, https:\/\/agora.xtec.cat\/ceipsantjoan\/wp-content\/uploads\/usu1864\/2018\/09\/snow__1536007434_23595-768x576.jpg 768w, https:\/\/agora.xtec.cat\/ceipsantjoan\/wp-content\/uploads\/usu1864\/2018\/09\/snow__1536007434_23595-200x150.jpg 200w\" sizes=\"auto, (max-width: 423px) 100vw, 423px\" \/><\/a><\/p>\n<p><a href=\"http:\/\/agora.xtec.cat\/ceipsantjoan\/wp-content\/uploads\/usu1864\/2018\/09\/esu\u00ed-fons-e1536007294634.jpg\"><img loading=\"lazy\" decoding=\"async\" class=\"wp-image-809 aligncenter\" src=\"http:\/\/agora.xtec.cat\/ceipsantjoan\/wp-content\/uploads\/usu1864\/2018\/09\/esu\u00ed-fons-e1536007294634-1024x1024.jpg\" alt=\"\" width=\"391\" height=\"391\" srcset=\"https:\/\/agora.xtec.cat\/ceipsantjoan\/wp-content\/uploads\/usu1864\/2018\/09\/esu\u00ed-fons-e1536007294634-1024x1024.jpg 1024w, https:\/\/agora.xtec.cat\/ceipsantjoan\/wp-content\/uploads\/usu1864\/2018\/09\/esu\u00ed-fons-e1536007294634-150x150.jpg 150w, https:\/\/agora.xtec.cat\/ceipsantjoan\/wp-content\/uploads\/usu1864\/2018\/09\/esu\u00ed-fons-e1536007294634-300x300.jpg 300w, https:\/\/agora.xtec.cat\/ceipsantjoan\/wp-content\/uploads\/usu1864\/2018\/09\/esu\u00ed-fons-e1536007294634-768x768.jpg 768w\" sizes=\"auto, (max-width: 391px) 100vw, 391px\" \/><\/a><\/p>\n<p><a href=\"http:\/\/agora.xtec.cat\/ceipsantjoan\/wp-content\/uploads\/usu1864\/2018\/07\/1.jpg\"><img loading=\"lazy\" decoding=\"async\" class=\"alignnone wp-image-514\" src=\"http:\/\/agora.xtec.cat\/ceipsantjoan\/wp-content\/uploads\/usu1864\/2018\/07\/1.jpg\" alt=\"\" width=\"186\" height=\"106\" srcset=\"https:\/\/agora.xtec.cat\/ceipsantjoan\/wp-content\/uploads\/usu1864\/2018\/07\/1.jpg 548w, https:\/\/agora.xtec.cat\/ceipsantjoan\/wp-content\/uploads\/usu1864\/2018\/07\/1-300x171.jpg 300w\" sizes=\"auto, (max-width: 186px) 100vw, 186px\" \/><\/a> <a href=\"http:\/\/agora.xtec.cat\/ceipsantjoan\/wp-content\/uploads\/usu1864\/2018\/07\/ESPORTCAT_h_rgb_fb_600pp_suport.jpg\"><img loading=\"lazy\" decoding=\"async\" class=\"alignnone wp-image-516\" src=\"http:\/\/agora.xtec.cat\/ceipsantjoan\/wp-content\/uploads\/usu1864\/2018\/07\/ESPORTCAT_h_rgb_fb_600pp_suport.jpg\" alt=\"\" width=\"152\" height=\"152\" srcset=\"https:\/\/agora.xtec.cat\/ceipsantjoan\/wp-content\/uploads\/usu1864\/2018\/07\/ESPORTCAT_h_rgb_fb_600pp_suport.jpg 550w, https:\/\/agora.xtec.cat\/ceipsantjoan\/wp-content\/uploads\/usu1864\/2018\/07\/ESPORTCAT_h_rgb_fb_600pp_suport-150x150.jpg 150w, https:\/\/agora.xtec.cat\/ceipsantjoan\/wp-content\/uploads\/usu1864\/2018\/07\/ESPORTCAT_h_rgb_fb_600pp_suport-300x300.jpg 300w\" sizes=\"auto, (max-width: 152px) 100vw, 152px\" \/><\/a><a href=\"http:\/\/agora.xtec.cat\/ceipsantjoan\/wp-content\/uploads\/usu1864\/2018\/07\/logo_FCEH_fons_blanc.jpg\"><img loading=\"lazy\" decoding=\"async\" class=\"alignnone wp-image-517\" src=\"http:\/\/agora.xtec.cat\/ceipsantjoan\/wp-content\/uploads\/usu1864\/2018\/07\/logo_FCEH_fons_blanc-1024x683.jpg\" alt=\"\" width=\"167\" height=\"111\" srcset=\"https:\/\/agora.xtec.cat\/ceipsantjoan\/wp-content\/uploads\/usu1864\/2018\/07\/logo_FCEH_fons_blanc-1024x683.jpg 1024w, https:\/\/agora.xtec.cat\/ceipsantjoan\/wp-content\/uploads\/usu1864\/2018\/07\/logo_FCEH_fons_blanc-300x200.jpg 300w, https:\/\/agora.xtec.cat\/ceipsantjoan\/wp-content\/uploads\/usu1864\/2018\/07\/logo_FCEH_fons_blanc-768x512.jpg 768w, https:\/\/agora.xtec.cat\/ceipsantjoan\/wp-content\/uploads\/usu1864\/2018\/07\/logo_FCEH_fons_blanc.jpg 1600w\" sizes=\"auto, (max-width: 167px) 100vw, 167px\" \/><img loading=\"lazy\" decoding=\"async\" class=\"alignnone wp-image-515\" src=\"http:\/\/agora.xtec.cat\/ceipsantjoan\/wp-content\/uploads\/usu1864\/2018\/07\/bergueda-e1405078535293.jpg\" alt=\"\" width=\"82\" height=\"104\" \/><\/a> <a href=\"http:\/\/agora.xtec.cat\/ceipsantjoan\/wp-content\/uploads\/usu1864\/2018\/07\/logo-ccbergueda-monocrom.png\"><img loading=\"lazy\" decoding=\"async\" class=\"alignnone wp-image-498\" src=\"http:\/\/agora.xtec.cat\/ceipsantjoan\/wp-content\/uploads\/usu1864\/2018\/07\/logo-ccbergueda-monocrom.png\" alt=\"\" width=\"182\" height=\"104\" \/><\/a><\/p>\n","protected":false},"excerpt":{"rendered":"<p>Els alumnes de Cicle Mitj\u00e0 realitzen el PROGRAMA ESPORT BLANC ESCOLAR durant el segon trimestre.<br \/>\nEl Departament d\u2019Ensenyament i la Secretaria General de l\u2019Esport de la Generalitat, conjuntament amb la Federaci\u00f3 Catalana d\u2019Esports d\u2019Hivern impulsa el programa &#8220;Esport Blanc Escolar&#8220;, per iniciar en aquests esports la&hellip;  <a href=\"https:\/\/agora.xtec.cat\/ceipsantjoan\/activitats-educatives\/esport-blanc-escolar\/\" title=\"Read Esport Blanc Escolar\">Llegeix m\u00e9s\u00bb<\/a><\/p>\n","protected":false},"author":1,"featured_media":0,"parent":484,"menu_order":70,"comment_status":"closed","ping_status":"closed","template":"page-templates\/side-menu.php","meta":{"_bbp_topic_count":0,"_bbp_reply_count":0,"_bbp_total_topic_count":0,"_bbp_total_reply_count":0,"_bbp_voice_count":0,"_bbp_anonymous_reply_count":0,"_bbp_topic_count_hidden":0,"_bbp_reply_count_hidden":0,"_bbp_forum_subforum_count":0,"footnotes":""},"class_list":["post-513","page","type-page","status-publish","hentry"],"post_mailing_queue_ids":[],"_links":{"self":[{"href":"https:\/\/agora.xtec.cat\/ceipsantjoan\/wp-json\/wp\/v2\/pages\/513","targetHints":{"allow":["GET"]}}],"collection":[{"href":"https:\/\/agora.xtec.cat\/ceipsantjoan\/wp-json\/wp\/v2\/pages"}],"about":[{"href":"https:\/\/agora.xtec.cat\/ceipsantjoan\/wp-json\/wp\/v2\/types\/page"}],"author":[{"embeddable":true,"href":"https:\/\/agora.xtec.cat\/ceipsantjoan\/wp-json\/wp\/v2\/users\/1"}],"replies":[{"embeddable":true,"href":"https:\/\/agora.xtec.cat\/ceipsantjoan\/wp-json\/wp\/v2\/comments?post=513"}],"version-history":[{"count":3,"href":"https:\/\/agora.xtec.cat\/ceipsantjoan\/wp-json\/wp\/v2\/pages\/513\/revisions"}],"predecessor-version":[{"id":5377,"href":"https:\/\/agora.xtec.cat\/ceipsantjoan\/wp-json\/wp\/v2\/pages\/513\/revisions\/5377"}],"up":[{"embeddable":true,"href":"https:\/\/agora.xtec.cat\/ceipsantjoan\/wp-json\/wp\/v2\/pages\/484"}],"wp:attachment":[{"href":"https:\/\/agora.xtec.cat\/ceipsantjoan\/wp-json\/wp\/v2\/media?parent=513"}],"curies":[{"name":"wp","href":"https:\/\/api.w.org\/{rel}","templated":true}]}}