{"id":511,"date":"2018-07-09T22:03:29","date_gmt":"2018-07-09T20:03:29","guid":{"rendered":"http:\/\/agora.xtec.cat\/ceipsantjoan\/?page_id=511"},"modified":"2018-09-03T22:40:13","modified_gmt":"2018-09-03T20:40:13","slug":"de-cap-a-laigua","status":"publish","type":"page","link":"https:\/\/agora.xtec.cat\/ceipsantjoan\/activitats-educatives\/de-cap-a-laigua\/","title":{"rendered":"De cap a l&#8217;aigua"},"content":{"rendered":"<p style=\"text-align: justify;\">De cap a l\u2019aigua \u00e9s un programa promocionat i subvencionat per l\u2019Ajuntament de Berga i desenvolupat sota la direcci\u00f3 t\u00e8cnica del Tossalet.<\/p>\n<p style=\"text-align: justify;\">L\u2019objectiu principal d\u2019aquest programa \u00e9s acostar la nataci\u00f3 a tots els nens i nenes de l\u2019escola, facilitant el seu aprenentatge sobretot aquelles fam\u00edlies que sense la subvenci\u00f3 potser no haurien apr\u00e8s mai aquesta pr\u00e0ctica esportiva.<\/p>\n<p style=\"text-align: justify;\">Aquest projecte es va iniciar ja fa uns quants anys, on inicialment es centrava en alumnes de cicle mitj\u00e0 per\u00f2 actualment est\u00e0 adre\u00e7at des de 1r fins a 4rt de prim\u00e0ria, on realitzen durant un trimestre una sessi\u00f3 setmanal de 45 minuts aproximadament.<\/p>\n<p style=\"text-align: justify;\">La pr\u00e0ctica d\u2019aquest esport \u00e9s beneficiosa per a moltes parts del cos, ja que intervenen molts grups musculars i ajuda a tenir una millorar de la resposta cardiovascular davant un esfor\u00e7.<\/p>\n<p style=\"text-align: justify;\">Per altra banca, potencia les relacions socials entre iguals en un entorn saludable i diferent de l\u2019escola.<\/p>\n<p><a href=\"http:\/\/agora.xtec.cat\/ceipsantjoan\/wp-content\/uploads\/usu1864\/2018\/09\/143__1536007001_10270.jpg\"><img loading=\"lazy\" decoding=\"async\" class=\"wp-image-803 alignnone\" src=\"http:\/\/agora.xtec.cat\/ceipsantjoan\/wp-content\/uploads\/usu1864\/2018\/09\/143__1536007001_10270.jpg\" alt=\"\" width=\"483\" height=\"290\" srcset=\"https:\/\/agora.xtec.cat\/ceipsantjoan\/wp-content\/uploads\/usu1864\/2018\/09\/143__1536007001_10270.jpg 800w, https:\/\/agora.xtec.cat\/ceipsantjoan\/wp-content\/uploads\/usu1864\/2018\/09\/143__1536007001_10270-300x180.jpg 300w, https:\/\/agora.xtec.cat\/ceipsantjoan\/wp-content\/uploads\/usu1864\/2018\/09\/143__1536007001_10270-768x461.jpg 768w\" sizes=\"auto, (max-width: 483px) 100vw, 483px\" \/>\u00a0\u00a0\u00a0\u00a0\u00a0<\/a><a href=\"http:\/\/agora.xtec.cat\/ceipsantjoan\/wp-content\/uploads\/usu1864\/2018\/09\/149.jpg\"><img loading=\"lazy\" decoding=\"async\" class=\"alignnone wp-image-802\" src=\"http:\/\/agora.xtec.cat\/ceipsantjoan\/wp-content\/uploads\/usu1864\/2018\/09\/149-1024x614.jpg\" alt=\"\" width=\"483\" height=\"290\" srcset=\"https:\/\/agora.xtec.cat\/ceipsantjoan\/wp-content\/uploads\/usu1864\/2018\/09\/149-1024x614.jpg 1024w, https:\/\/agora.xtec.cat\/ceipsantjoan\/wp-content\/uploads\/usu1864\/2018\/09\/149-300x180.jpg 300w, https:\/\/agora.xtec.cat\/ceipsantjoan\/wp-content\/uploads\/usu1864\/2018\/09\/149-768x461.jpg 768w, https:\/\/agora.xtec.cat\/ceipsantjoan\/wp-content\/uploads\/usu1864\/2018\/09\/149.jpg 1600w\" sizes=\"auto, (max-width: 483px) 100vw, 483px\" \/><\/a><\/p>\n<p>&nbsp;<\/p>\n<p><a href=\"http:\/\/agora.xtec.cat\/ceipsantjoan\/wp-content\/uploads\/usu1864\/2018\/07\/el-tossalet-logo.png\"><img loading=\"lazy\" decoding=\"async\" class=\"alignnone wp-image-496\" src=\"http:\/\/agora.xtec.cat\/ceipsantjoan\/wp-content\/uploads\/usu1864\/2018\/07\/el-tossalet-logo-1024x1024.png\" alt=\"\" width=\"124\" height=\"124\" srcset=\"https:\/\/agora.xtec.cat\/ceipsantjoan\/wp-content\/uploads\/usu1864\/2018\/07\/el-tossalet-logo-1024x1024.png 1024w, https:\/\/agora.xtec.cat\/ceipsantjoan\/wp-content\/uploads\/usu1864\/2018\/07\/el-tossalet-logo-150x150.png 150w, https:\/\/agora.xtec.cat\/ceipsantjoan\/wp-content\/uploads\/usu1864\/2018\/07\/el-tossalet-logo-300x300.png 300w, https:\/\/agora.xtec.cat\/ceipsantjoan\/wp-content\/uploads\/usu1864\/2018\/07\/el-tossalet-logo-768x768.png 768w\" sizes=\"auto, (max-width: 124px) 100vw, 124px\" \/><\/a> <a href=\"http:\/\/agora.xtec.cat\/ceipsantjoan\/wp-content\/uploads\/usu1864\/2018\/07\/logo-vector-ajuntament-de-berga.jpg\"><img loading=\"lazy\" decoding=\"async\" class=\"alignnone wp-image-500\" src=\"http:\/\/agora.xtec.cat\/ceipsantjoan\/wp-content\/uploads\/usu1864\/2018\/07\/logo-vector-ajuntament-de-berga.jpg\" alt=\"\" width=\"270\" height=\"137\" srcset=\"https:\/\/agora.xtec.cat\/ceipsantjoan\/wp-content\/uploads\/usu1864\/2018\/07\/logo-vector-ajuntament-de-berga.jpg 630w, https:\/\/agora.xtec.cat\/ceipsantjoan\/wp-content\/uploads\/usu1864\/2018\/07\/logo-vector-ajuntament-de-berga-300x152.jpg 300w\" sizes=\"auto, (max-width: 270px) 100vw, 270px\" \/><\/a><\/p>\n","protected":false},"excerpt":{"rendered":"<p>De cap a l\u2019aigua \u00e9s un programa promocionat i subvencionat per l\u2019Ajuntament de Berga i desenvolupat sota la direcci\u00f3 t\u00e8cnica del Tossalet.<br \/>\nL\u2019objectiu principal d\u2019aquest programa \u00e9s acostar la nataci\u00f3 a tots els nens i nenes de l\u2019escola, facilitant el seu aprenentatge sobretot aquelles fam\u00edlies que&hellip;  <a href=\"https:\/\/agora.xtec.cat\/ceipsantjoan\/activitats-educatives\/de-cap-a-laigua\/\" title=\"Read De cap a l&#8217;aigua\">Llegeix m\u00e9s\u00bb<\/a><\/p>\n","protected":false},"author":1,"featured_media":0,"parent":484,"menu_order":60,"comment_status":"closed","ping_status":"closed","template":"page-templates\/side-menu.php","meta":{"_bbp_topic_count":0,"_bbp_reply_count":0,"_bbp_total_topic_count":0,"_bbp_total_reply_count":0,"_bbp_voice_count":0,"_bbp_anonymous_reply_count":0,"_bbp_topic_count_hidden":0,"_bbp_reply_count_hidden":0,"_bbp_forum_subforum_count":0,"footnotes":""},"class_list":["post-511","page","type-page","status-publish","hentry"],"post_mailing_queue_ids":[],"_links":{"self":[{"href":"https:\/\/agora.xtec.cat\/ceipsantjoan\/wp-json\/wp\/v2\/pages\/511","targetHints":{"allow":["GET"]}}],"collection":[{"href":"https:\/\/agora.xtec.cat\/ceipsantjoan\/wp-json\/wp\/v2\/pages"}],"about":[{"href":"https:\/\/agora.xtec.cat\/ceipsantjoan\/wp-json\/wp\/v2\/types\/page"}],"author":[{"embeddable":true,"href":"https:\/\/agora.xtec.cat\/ceipsantjoan\/wp-json\/wp\/v2\/users\/1"}],"replies":[{"embeddable":true,"href":"https:\/\/agora.xtec.cat\/ceipsantjoan\/wp-json\/wp\/v2\/comments?post=511"}],"version-history":[{"count":3,"href":"https:\/\/agora.xtec.cat\/ceipsantjoan\/wp-json\/wp\/v2\/pages\/511\/revisions"}],"predecessor-version":[{"id":808,"href":"https:\/\/agora.xtec.cat\/ceipsantjoan\/wp-json\/wp\/v2\/pages\/511\/revisions\/808"}],"up":[{"embeddable":true,"href":"https:\/\/agora.xtec.cat\/ceipsantjoan\/wp-json\/wp\/v2\/pages\/484"}],"wp:attachment":[{"href":"https:\/\/agora.xtec.cat\/ceipsantjoan\/wp-json\/wp\/v2\/media?parent=511"}],"curies":[{"name":"wp","href":"https:\/\/api.w.org\/{rel}","templated":true}]}}