{"id":509,"date":"2018-07-09T22:02:41","date_gmt":"2018-07-09T20:02:41","guid":{"rendered":"http:\/\/agora.xtec.cat\/ceipsantjoan\/?page_id=509"},"modified":"2018-09-07T00:41:48","modified_gmt":"2018-09-06T22:41:48","slug":"superfilharmonics","status":"publish","type":"page","link":"https:\/\/agora.xtec.cat\/ceipsantjoan\/activitats-educatives\/superfilharmonics\/","title":{"rendered":"Superfilharm\u00f2nics"},"content":{"rendered":"<p style=\"text-align: justify;\"><span style=\"font-weight: 400;\">Des del curs 2015\/2016 els alumnes de 3r i 4t de l\u2019escola participen del projecte Superfilharm\u00f2nics formant part d\u2019una orquestra de corda. Durant dos anys els nens i nenes de cicle mitj\u00e0 aprenen a tocar un instrument de corda (viol\u00ed, viola, violoncel o contrabaix) durant una hora a la setmana. L\u2019Escola Municipal de M\u00fasica de Berga \u00e9s la impulsora del projecte i aporta dos professors per impartir les classes a cada grup.<\/span><\/p>\n<p style=\"text-align: justify;\"><span style=\"font-weight: 400;\">L\u2019objectiu del projecte Superfilharm\u00f2nics \u00e9s el de democratitzar l\u2019acc\u00e9s a la m\u00fasica des de la pr\u00e0ctica d\u2019un instrument. La implementaci\u00f3 del projecte Superfilharm\u00f2nics a Berga garanteix que tota la poblaci\u00f3 tingui l\u2019oportunitat d\u2019iniciar-se en l\u2019aprenentatge d\u2019un instrument i pugui tocar amb d\u2019altres m\u00fasics m\u00e9s experimentats, durant dos anys de la seva vida com a m\u00ednim.<\/span><\/p>\n<p style=\"text-align: justify;\"><span style=\"font-weight: 400;\">Els grups de Superfilharm\u00f2nics de l\u2019escola Sant Joan han tingut l\u2019oportunitat de tocar a la Fira Mediterr\u00e0nia de Manresa amb l\u2019Orquestra Integrada de l\u2019Albert Gum\u00ed i la Queralt Roca, a la pla\u00e7a de Sant Pere amb la Jove Banda de l\u2019EMMB i el Taller Coloma, i als actes del 25\u00e8 aniversari de l\u2019ACEM a Barcelona amb milers de m\u00fasics m\u00e9s.<\/span><\/p>\n<p style=\"text-align: justify;\"><span style=\"font-weight: 400;\">L\u2019AMPA de l\u2019escola Sant Joan ha fet possible el projecte a l\u2019escola amb la compra dels instruments necessaris i s\u2019encarrega del seu manteniment.<\/span><\/p>\n\n\t\t<style type=\"text\/css\">\n\t\t\t#gallery-1 {\n\t\t\t\tmargin: auto;\n\t\t\t}\n\t\t\t#gallery-1 .gallery-item {\n\t\t\t\tfloat: left;\n\t\t\t\tmargin-top: 10px;\n\t\t\t\ttext-align: center;\n\t\t\t\twidth: 33%;\n\t\t\t}\n\t\t\t#gallery-1 img {\n\t\t\t\tborder: 2px solid #cfcfcf;\n\t\t\t}\n\t\t\t#gallery-1 .gallery-caption {\n\t\t\t\tmargin-left: 0;\n\t\t\t}\n\t\t\t\/* see gallery_shortcode() in wp-includes\/media.php *\/\n\t\t<\/style>\n\t\t<div id='gallery-1' class='gallery galleryid-509 gallery-columns-3 gallery-size-large'><dl class='gallery-item'>\n\t\t\t<dt class='gallery-icon landscape'>\n\t\t\t\t<a href='https:\/\/agora.xtec.cat\/ceipsantjoan\/wp-content\/uploads\/usu1864\/2018\/09\/IMG_8492.jpg'><img loading=\"lazy\" decoding=\"async\" width=\"1024\" height=\"768\" src=\"https:\/\/agora.xtec.cat\/ceipsantjoan\/wp-content\/uploads\/usu1864\/2018\/09\/IMG_8492-1024x768.jpg\" class=\"attachment-large size-large\" alt=\"\" srcset=\"https:\/\/agora.xtec.cat\/ceipsantjoan\/wp-content\/uploads\/usu1864\/2018\/09\/IMG_8492-1024x768.jpg 1024w, https:\/\/agora.xtec.cat\/ceipsantjoan\/wp-content\/uploads\/usu1864\/2018\/09\/IMG_8492-300x225.jpg 300w, https:\/\/agora.xtec.cat\/ceipsantjoan\/wp-content\/uploads\/usu1864\/2018\/09\/IMG_8492-768x576.jpg 768w, https:\/\/agora.xtec.cat\/ceipsantjoan\/wp-content\/uploads\/usu1864\/2018\/09\/IMG_8492-200x150.jpg 200w\" sizes=\"auto, (max-width: 1024px) 100vw, 1024px\" \/><\/a>\n\t\t\t<\/dt><\/dl><dl class='gallery-item'>\n\t\t\t<dt class='gallery-icon landscape'>\n\t\t\t\t<a href='https:\/\/agora.xtec.cat\/ceipsantjoan\/wp-content\/uploads\/usu1864\/2018\/09\/IMG_8895.jpg'><img loading=\"lazy\" decoding=\"async\" width=\"1024\" height=\"768\" src=\"https:\/\/agora.xtec.cat\/ceipsantjoan\/wp-content\/uploads\/usu1864\/2018\/09\/IMG_8895-1024x768.jpg\" class=\"attachment-large size-large\" alt=\"\" srcset=\"https:\/\/agora.xtec.cat\/ceipsantjoan\/wp-content\/uploads\/usu1864\/2018\/09\/IMG_8895-1024x768.jpg 1024w, https:\/\/agora.xtec.cat\/ceipsantjoan\/wp-content\/uploads\/usu1864\/2018\/09\/IMG_8895-300x225.jpg 300w, https:\/\/agora.xtec.cat\/ceipsantjoan\/wp-content\/uploads\/usu1864\/2018\/09\/IMG_8895-768x576.jpg 768w, https:\/\/agora.xtec.cat\/ceipsantjoan\/wp-content\/uploads\/usu1864\/2018\/09\/IMG_8895-200x150.jpg 200w\" sizes=\"auto, (max-width: 1024px) 100vw, 1024px\" \/><\/a>\n\t\t\t<\/dt><\/dl><dl class='gallery-item'>\n\t\t\t<dt class='gallery-icon landscape'>\n\t\t\t\t<a href='https:\/\/agora.xtec.cat\/ceipsantjoan\/wp-content\/uploads\/usu1864\/2018\/09\/IMG_9357.jpg'><img loading=\"lazy\" decoding=\"async\" width=\"1024\" height=\"768\" src=\"https:\/\/agora.xtec.cat\/ceipsantjoan\/wp-content\/uploads\/usu1864\/2018\/09\/IMG_9357-1024x768.jpg\" class=\"attachment-large size-large\" alt=\"\" srcset=\"https:\/\/agora.xtec.cat\/ceipsantjoan\/wp-content\/uploads\/usu1864\/2018\/09\/IMG_9357-1024x768.jpg 1024w, https:\/\/agora.xtec.cat\/ceipsantjoan\/wp-content\/uploads\/usu1864\/2018\/09\/IMG_9357-300x225.jpg 300w, https:\/\/agora.xtec.cat\/ceipsantjoan\/wp-content\/uploads\/usu1864\/2018\/09\/IMG_9357-768x576.jpg 768w, https:\/\/agora.xtec.cat\/ceipsantjoan\/wp-content\/uploads\/usu1864\/2018\/09\/IMG_9357-200x150.jpg 200w\" sizes=\"auto, (max-width: 1024px) 100vw, 1024px\" \/><\/a>\n\t\t\t<\/dt><\/dl><br style=\"clear: both\" \/><dl class='gallery-item'>\n\t\t\t<dt class='gallery-icon landscape'>\n\t\t\t\t<a href='https:\/\/agora.xtec.cat\/ceipsantjoan\/wp-content\/uploads\/usu1864\/2018\/09\/DSC09758.jpg'><img loading=\"lazy\" decoding=\"async\" width=\"1024\" height=\"768\" src=\"https:\/\/agora.xtec.cat\/ceipsantjoan\/wp-content\/uploads\/usu1864\/2018\/09\/DSC09758-1024x768.jpg\" class=\"attachment-large size-large\" alt=\"\" srcset=\"https:\/\/agora.xtec.cat\/ceipsantjoan\/wp-content\/uploads\/usu1864\/2018\/09\/DSC09758-1024x768.jpg 1024w, https:\/\/agora.xtec.cat\/ceipsantjoan\/wp-content\/uploads\/usu1864\/2018\/09\/DSC09758-300x225.jpg 300w, https:\/\/agora.xtec.cat\/ceipsantjoan\/wp-content\/uploads\/usu1864\/2018\/09\/DSC09758-768x576.jpg 768w, https:\/\/agora.xtec.cat\/ceipsantjoan\/wp-content\/uploads\/usu1864\/2018\/09\/DSC09758-200x150.jpg 200w\" sizes=\"auto, (max-width: 1024px) 100vw, 1024px\" \/><\/a>\n\t\t\t<\/dt><\/dl><dl class='gallery-item'>\n\t\t\t<dt class='gallery-icon landscape'>\n\t\t\t\t<a href='https:\/\/agora.xtec.cat\/ceipsantjoan\/wp-content\/uploads\/usu1864\/2018\/09\/IMG_9044.jpg'><img loading=\"lazy\" decoding=\"async\" width=\"1024\" height=\"577\" src=\"https:\/\/agora.xtec.cat\/ceipsantjoan\/wp-content\/uploads\/usu1864\/2018\/09\/IMG_9044-1024x577.jpg\" class=\"attachment-large size-large\" alt=\"\" srcset=\"https:\/\/agora.xtec.cat\/ceipsantjoan\/wp-content\/uploads\/usu1864\/2018\/09\/IMG_9044-1024x577.jpg 1024w, https:\/\/agora.xtec.cat\/ceipsantjoan\/wp-content\/uploads\/usu1864\/2018\/09\/IMG_9044-300x169.jpg 300w, https:\/\/agora.xtec.cat\/ceipsantjoan\/wp-content\/uploads\/usu1864\/2018\/09\/IMG_9044-768x433.jpg 768w\" sizes=\"auto, (max-width: 1024px) 100vw, 1024px\" \/><\/a>\n\t\t\t<\/dt><\/dl><dl class='gallery-item'>\n\t\t\t<dt class='gallery-icon landscape'>\n\t\t\t\t<a href='https:\/\/agora.xtec.cat\/ceipsantjoan\/wp-content\/uploads\/usu1864\/2018\/09\/B77D1CAE-41EF-4A58-ACAA-C2E1C77ABCE7.jpg'><img loading=\"lazy\" decoding=\"async\" width=\"1024\" height=\"768\" src=\"https:\/\/agora.xtec.cat\/ceipsantjoan\/wp-content\/uploads\/usu1864\/2018\/09\/B77D1CAE-41EF-4A58-ACAA-C2E1C77ABCE7-1024x768.jpg\" class=\"attachment-large size-large\" alt=\"\" srcset=\"https:\/\/agora.xtec.cat\/ceipsantjoan\/wp-content\/uploads\/usu1864\/2018\/09\/B77D1CAE-41EF-4A58-ACAA-C2E1C77ABCE7-1024x768.jpg 1024w, https:\/\/agora.xtec.cat\/ceipsantjoan\/wp-content\/uploads\/usu1864\/2018\/09\/B77D1CAE-41EF-4A58-ACAA-C2E1C77ABCE7-300x225.jpg 300w, https:\/\/agora.xtec.cat\/ceipsantjoan\/wp-content\/uploads\/usu1864\/2018\/09\/B77D1CAE-41EF-4A58-ACAA-C2E1C77ABCE7-768x576.jpg 768w, https:\/\/agora.xtec.cat\/ceipsantjoan\/wp-content\/uploads\/usu1864\/2018\/09\/B77D1CAE-41EF-4A58-ACAA-C2E1C77ABCE7-200x150.jpg 200w, https:\/\/agora.xtec.cat\/ceipsantjoan\/wp-content\/uploads\/usu1864\/2018\/09\/B77D1CAE-41EF-4A58-ACAA-C2E1C77ABCE7.jpg 2048w\" sizes=\"auto, (max-width: 1024px) 100vw, 1024px\" \/><\/a>\n\t\t\t<\/dt><\/dl><br style=\"clear: both\" \/>\n\t\t<\/div>\n\n<p>&nbsp;<\/p>\n<p><a href=\"http:\/\/agora.xtec.cat\/ceipsantjoan\/wp-content\/uploads\/usu1864\/2018\/07\/baixa.jpg\"><img loading=\"lazy\" decoding=\"async\" class=\"alignnone wp-image-495\" src=\"http:\/\/agora.xtec.cat\/ceipsantjoan\/wp-content\/uploads\/usu1864\/2018\/07\/baixa.jpg\" alt=\"\" width=\"177\" height=\"177\" srcset=\"https:\/\/agora.xtec.cat\/ceipsantjoan\/wp-content\/uploads\/usu1864\/2018\/07\/baixa.jpg 225w, https:\/\/agora.xtec.cat\/ceipsantjoan\/wp-content\/uploads\/usu1864\/2018\/07\/baixa-150x150.jpg 150w\" sizes=\"auto, (max-width: 177px) 100vw, 177px\" \/><\/a><a href=\"http:\/\/agora.xtec.cat\/ceipsantjoan\/wp-content\/uploads\/usu1864\/2018\/06\/logo-Escola-Sant-Joan-1.jpg\"><img loading=\"lazy\" decoding=\"async\" class=\"alignnone wp-image-464\" src=\"http:\/\/agora.xtec.cat\/ceipsantjoan\/wp-content\/uploads\/usu1864\/2018\/06\/logo-Escola-Sant-Joan-1.jpg\" alt=\"\" width=\"263\" height=\"82\" srcset=\"https:\/\/agora.xtec.cat\/ceipsantjoan\/wp-content\/uploads\/usu1864\/2018\/06\/logo-Escola-Sant-Joan-1.jpg 605w, https:\/\/agora.xtec.cat\/ceipsantjoan\/wp-content\/uploads\/usu1864\/2018\/06\/logo-Escola-Sant-Joan-1-300x94.jpg 300w\" sizes=\"auto, (max-width: 263px) 100vw, 263px\" \/><\/a><img loading=\"lazy\" decoding=\"async\" class=\"alignnone wp-image-499\" src=\"http:\/\/agora.xtec.cat\/ceipsantjoan\/wp-content\/uploads\/usu1864\/2018\/07\/LogoColorAMPAescolaSantJoan-300x143.jpg\" alt=\"\" width=\"175\" height=\"83\" \/><\/p>\n","protected":false},"excerpt":{"rendered":"<p>Des del curs 2015\/2016 els alumnes de 3r i 4t de l\u2019escola participen del projecte Superfilharm\u00f2nics formant part d\u2019una orquestra de corda. Durant dos anys els nens i nenes de cicle mitj\u00e0 aprenen a tocar un instrument de corda (viol\u00ed, viola, violoncel o contrabaix) durant&hellip;  <a href=\"https:\/\/agora.xtec.cat\/ceipsantjoan\/activitats-educatives\/superfilharmonics\/\" title=\"Read Superfilharm\u00f2nics\">Llegeix m\u00e9s\u00bb<\/a><\/p>\n","protected":false},"author":1,"featured_media":0,"parent":484,"menu_order":50,"comment_status":"closed","ping_status":"closed","template":"page-templates\/side-menu.php","meta":{"_bbp_topic_count":0,"_bbp_reply_count":0,"_bbp_total_topic_count":0,"_bbp_total_reply_count":0,"_bbp_voice_count":0,"_bbp_anonymous_reply_count":0,"_bbp_topic_count_hidden":0,"_bbp_reply_count_hidden":0,"_bbp_forum_subforum_count":0,"footnotes":""},"class_list":["post-509","page","type-page","status-publish","hentry"],"post_mailing_queue_ids":[],"_links":{"self":[{"href":"https:\/\/agora.xtec.cat\/ceipsantjoan\/wp-json\/wp\/v2\/pages\/509","targetHints":{"allow":["GET"]}}],"collection":[{"href":"https:\/\/agora.xtec.cat\/ceipsantjoan\/wp-json\/wp\/v2\/pages"}],"about":[{"href":"https:\/\/agora.xtec.cat\/ceipsantjoan\/wp-json\/wp\/v2\/types\/page"}],"author":[{"embeddable":true,"href":"https:\/\/agora.xtec.cat\/ceipsantjoan\/wp-json\/wp\/v2\/users\/1"}],"replies":[{"embeddable":true,"href":"https:\/\/agora.xtec.cat\/ceipsantjoan\/wp-json\/wp\/v2\/comments?post=509"}],"version-history":[{"count":3,"href":"https:\/\/agora.xtec.cat\/ceipsantjoan\/wp-json\/wp\/v2\/pages\/509\/revisions"}],"predecessor-version":[{"id":833,"href":"https:\/\/agora.xtec.cat\/ceipsantjoan\/wp-json\/wp\/v2\/pages\/509\/revisions\/833"}],"up":[{"embeddable":true,"href":"https:\/\/agora.xtec.cat\/ceipsantjoan\/wp-json\/wp\/v2\/pages\/484"}],"wp:attachment":[{"href":"https:\/\/agora.xtec.cat\/ceipsantjoan\/wp-json\/wp\/v2\/media?parent=509"}],"curies":[{"name":"wp","href":"https:\/\/api.w.org\/{rel}","templated":true}]}}