{"id":492,"date":"2018-07-09T21:56:55","date_gmt":"2018-07-09T19:56:55","guid":{"rendered":"http:\/\/agora.xtec.cat\/ceipsantjoan\/?page_id=492"},"modified":"2018-09-05T07:55:57","modified_gmt":"2018-09-05T05:55:57","slug":"emprenedoria-a-lescola","status":"publish","type":"page","link":"https:\/\/agora.xtec.cat\/ceipsantjoan\/activitats-educatives\/emprenedoria-a-lescola\/","title":{"rendered":"Emprenedoria a l&#8217;escola"},"content":{"rendered":"<p style=\"text-align: justify;\">L\u2019escola des del curs 2013-2014 participa en el\u00a0 projecte de \u201c Cultura emprenedora a l\u2019escola\u201d que es porta a terme durant el curs escolar i\u00a0 es realitza a 5\u00e8 de prim\u00e0ria.<\/p>\n<p style=\"text-align: justify;\">El projecte aposta per un model cooperatiu com a filosofia empresarial de base,\u00a0 perqu\u00e8:<\/p>\n<ul style=\"text-align: justify;\">\n<li>Aporta un model de gesti\u00f3 democr\u00e0tica i participativa.<\/li>\n<li>Refor\u00e7a un vessant de responsabilitat social.<\/li>\n<\/ul>\n<p style=\"text-align: justify;\">La finalitat \u00e9s treballar el foment de la cultura emprenedora en el cicle superior (5\u00e8) de l\u2019educaci\u00f3 prim\u00e0ria per desenvolupar els valors, h\u00e0bits i capacitats claus vinculades a l\u2019emprenedoria:<\/p>\n<ul style=\"text-align: justify;\">\n<li>L\u2019observaci\u00f3 i l\u2019exploraci\u00f3<\/li>\n<li>La iniciativa i la creativitat<\/li>\n<li>La responsabilitat<\/li>\n<li>La presa de decisions i l\u2019assumpci\u00f3 de risc<\/li>\n<li>La flexibilitat i la perseveran\u00e7a<\/li>\n<li>La recerca i optimitzaci\u00f3 de recursos com la informaci\u00f3 i les tecnologies<\/li>\n<li>La cooperaci\u00f3 i la solidaritat<\/li>\n<li>El coneixement i el respecte de l\u2019entorn<\/li>\n<li>El treball col\u00b7laboratiu i d\u2019equip<\/li>\n<\/ul>\n<p style=\"text-align: justify;\">El desenvolupament del projecte \u00e9s innovador i arrelat al context local, a trav\u00e9s de la creaci\u00f3 d\u2019una cooperativa organitzada a l\u2019aula, que comporta:<\/p>\n<ol style=\"text-align: justify;\">\n<li>Constituci\u00f3<\/li>\n<li>Elecci\u00f3 del producte.<\/li>\n<li>Imatge corporativa.<\/li>\n<li>Producci\u00f3 i venda en un mercat local.<\/li>\n<li>Aportaci\u00f3 dels beneficis a projectes socials.<\/li>\n<\/ol>\n<p style=\"text-align: justify;\"><a href=\"http:\/\/agora.xtec.cat\/ceipsantjoan\/wp-content\/uploads\/usu1864\/2018\/09\/14681D51-ED51-4821-A22E-7A52C87EB68C.jpg\"><img loading=\"lazy\" decoding=\"async\" class=\" wp-image-820 aligncenter\" src=\"http:\/\/agora.xtec.cat\/ceipsantjoan\/wp-content\/uploads\/usu1864\/2018\/09\/14681D51-ED51-4821-A22E-7A52C87EB68C-1024x576.jpg\" alt=\"\" width=\"592\" height=\"333\" srcset=\"https:\/\/agora.xtec.cat\/ceipsantjoan\/wp-content\/uploads\/usu1864\/2018\/09\/14681D51-ED51-4821-A22E-7A52C87EB68C-1024x576.jpg 1024w, https:\/\/agora.xtec.cat\/ceipsantjoan\/wp-content\/uploads\/usu1864\/2018\/09\/14681D51-ED51-4821-A22E-7A52C87EB68C-300x169.jpg 300w, https:\/\/agora.xtec.cat\/ceipsantjoan\/wp-content\/uploads\/usu1864\/2018\/09\/14681D51-ED51-4821-A22E-7A52C87EB68C-768x432.jpg 768w, https:\/\/agora.xtec.cat\/ceipsantjoan\/wp-content\/uploads\/usu1864\/2018\/09\/14681D51-ED51-4821-A22E-7A52C87EB68C.jpg 2048w\" sizes=\"auto, (max-width: 592px) 100vw, 592px\" \/><\/a><\/p>\n<p><a href=\"http:\/\/agora.xtec.cat\/ceipsantjoan\/wp-content\/uploads\/usu1864\/2018\/07\/ajuntament_de_berga-logo.png\"><img loading=\"lazy\" decoding=\"async\" class=\"alignnone wp-image-494\" src=\"http:\/\/agora.xtec.cat\/ceipsantjoan\/wp-content\/uploads\/usu1864\/2018\/07\/ajuntament_de_berga-logo.png\" alt=\"\" width=\"121\" height=\"121\" srcset=\"https:\/\/agora.xtec.cat\/ceipsantjoan\/wp-content\/uploads\/usu1864\/2018\/07\/ajuntament_de_berga-logo.png 500w, https:\/\/agora.xtec.cat\/ceipsantjoan\/wp-content\/uploads\/usu1864\/2018\/07\/ajuntament_de_berga-logo-150x150.png 150w, https:\/\/agora.xtec.cat\/ceipsantjoan\/wp-content\/uploads\/usu1864\/2018\/07\/ajuntament_de_berga-logo-300x300.png 300w\" sizes=\"auto, (max-width: 121px) 100vw, 121px\" \/><\/a> <a href=\"http:\/\/agora.xtec.cat\/ceipsantjoan\/wp-content\/uploads\/usu1864\/2018\/07\/logo.png\"><img loading=\"lazy\" decoding=\"async\" class=\"alignnone wp-image-497\" src=\"http:\/\/agora.xtec.cat\/ceipsantjoan\/wp-content\/uploads\/usu1864\/2018\/07\/logo.png\" alt=\"\" width=\"248\" height=\"54\" srcset=\"https:\/\/agora.xtec.cat\/ceipsantjoan\/wp-content\/uploads\/usu1864\/2018\/07\/logo.png 601w, https:\/\/agora.xtec.cat\/ceipsantjoan\/wp-content\/uploads\/usu1864\/2018\/07\/logo-300x65.png 300w\" sizes=\"auto, (max-width: 248px) 100vw, 248px\" \/><\/a> <a href=\"http:\/\/agora.xtec.cat\/ceipsantjoan\/wp-content\/uploads\/usu1864\/2018\/07\/not_93.jpg\"><img loading=\"lazy\" decoding=\"async\" class=\"alignnone wp-image-502\" src=\"http:\/\/agora.xtec.cat\/ceipsantjoan\/wp-content\/uploads\/usu1864\/2018\/07\/not_93.jpg\" alt=\"\" width=\"229\" height=\"96\" srcset=\"https:\/\/agora.xtec.cat\/ceipsantjoan\/wp-content\/uploads\/usu1864\/2018\/07\/not_93.jpg 488w, https:\/\/agora.xtec.cat\/ceipsantjoan\/wp-content\/uploads\/usu1864\/2018\/07\/not_93-300x126.jpg 300w\" sizes=\"auto, (max-width: 229px) 100vw, 229px\" \/><\/a><\/p>\n","protected":false},"excerpt":{"rendered":"<p>L\u2019escola des del curs 2013-2014 participa en el\u00a0 projecte de \u201c Cultura emprenedora a l\u2019escola\u201d que es porta a terme durant el curs escolar i\u00a0 es realitza a 5\u00e8 de prim\u00e0ria.<br \/>\nEl projecte aposta per un model cooperatiu com a filosofia empresarial de base,\u00a0 perqu\u00e8:<\/p>\n<ul style=\"text-align:&hellip;  <a href=\"https:\/\/agora.xtec.cat\/ceipsantjoan\/activitats-educatives\/emprenedoria-a-lescola\/\" title=\"Read Emprenedoria a l&#8217;escola\">Llegeix m\u00e9s\u00bb<\/a><\/p>\n","protected":false},"author":1,"featured_media":0,"parent":484,"menu_order":30,"comment_status":"closed","ping_status":"closed","template":"page-templates\/side-menu.php","meta":{"_bbp_topic_count":0,"_bbp_reply_count":0,"_bbp_total_topic_count":0,"_bbp_total_reply_count":0,"_bbp_voice_count":0,"_bbp_anonymous_reply_count":0,"_bbp_topic_count_hidden":0,"_bbp_reply_count_hidden":0,"_bbp_forum_subforum_count":0,"footnotes":""},"class_list":["post-492","page","type-page","status-publish","hentry"],"post_mailing_queue_ids":[],"_links":{"self":[{"href":"https:\/\/agora.xtec.cat\/ceipsantjoan\/wp-json\/wp\/v2\/pages\/492","targetHints":{"allow":["GET"]}}],"collection":[{"href":"https:\/\/agora.xtec.cat\/ceipsantjoan\/wp-json\/wp\/v2\/pages"}],"about":[{"href":"https:\/\/agora.xtec.cat\/ceipsantjoan\/wp-json\/wp\/v2\/types\/page"}],"author":[{"embeddable":true,"href":"https:\/\/agora.xtec.cat\/ceipsantjoan\/wp-json\/wp\/v2\/users\/1"}],"replies":[{"embeddable":true,"href":"https:\/\/agora.xtec.cat\/ceipsantjoan\/wp-json\/wp\/v2\/comments?post=492"}],"version-history":[{"count":3,"href":"https:\/\/agora.xtec.cat\/ceipsantjoan\/wp-json\/wp\/v2\/pages\/492\/revisions"}],"predecessor-version":[{"id":822,"href":"https:\/\/agora.xtec.cat\/ceipsantjoan\/wp-json\/wp\/v2\/pages\/492\/revisions\/822"}],"up":[{"embeddable":true,"href":"https:\/\/agora.xtec.cat\/ceipsantjoan\/wp-json\/wp\/v2\/pages\/484"}],"wp:attachment":[{"href":"https:\/\/agora.xtec.cat\/ceipsantjoan\/wp-json\/wp\/v2\/media?parent=492"}],"curies":[{"name":"wp","href":"https:\/\/api.w.org\/{rel}","templated":true}]}}