{"id":2935,"date":"2019-10-02T23:11:50","date_gmt":"2019-10-02T21:11:50","guid":{"rendered":"http:\/\/agora.xtec.cat\/ceipsantjoan\/?page_id=2935"},"modified":"2019-10-02T23:12:45","modified_gmt":"2019-10-02T21:12:45","slug":"aqui-steam","status":"publish","type":"page","link":"https:\/\/agora.xtec.cat\/ceipsantjoan\/activitats-educatives\/aqui-steam\/","title":{"rendered":"Aqu\u00ed STEAM"},"content":{"rendered":"<p><span style=\"color: #000000;\">El programa <span style=\"color: #ffcc00;\">AQU\u00cd STEAM<\/span> \u00e9s una iniciativa de la Universitat Polit\u00e8cnica de Catalunya (UPC) per atreure talent femen\u00ed als estudis de tecnologia i enginyeria, adre\u00e7ada espec\u00edficament a noies d&#8217;entre 9 i 14 anys de Catalunya. El programa vol trencar els estereotips i rols de g\u00e8nere establerts en la societat i fer visibles nous referents femenins d&#8217;una manera atractiva i propera per a les noies.<\/span><\/p>\n<p><span style=\"color: #000000;\">La nostra escola participa en aquest programa que la UPC ofereix a escoles i instituts, amb un total d&#8217;una trentena de centres participants de tot Catalunya. El projecte posa en valor els \u00e0mbits STEAM (ci\u00e8ncies, tecnologia, enginyeria, art i matem\u00e0tiques) i demostra que les capacitats professionals no estan vinculades al g\u00e8nere. Pret\u00e9n integrar un conjunt d&#8217;activitats did\u00e0ctiques de foment de vocacions tecnol\u00f2giques per als nens i nenes de <strong>5\u00e8 i 6\u00e8<\/strong>, mitjan\u00e7ant treball cooperatiu a l&#8217;aula per resoldre els reptes que se&#8217;ls plantegin.<\/span><\/p>\n<p><a href=\"https:\/\/igualtat.upc.edu\/ca\/shared\/aqui-steam\/aquisteam_diptic.pdf\" target=\"_blank\" rel=\"noopener noreferrer\">D\u00edptic informatiu<\/a><\/p>\n<p><a href=\"https:\/\/agora.xtec.cat\/ceipsantjoan\/wp-content\/uploads\/usu1864\/2019\/10\/aquiSTEAM.jpeg\"><img loading=\"lazy\" decoding=\"async\" class=\"alignnone wp-image-2982\" src=\"https:\/\/agora.xtec.cat\/ceipsantjoan\/wp-content\/uploads\/usu1864\/2019\/10\/aquiSTEAM.jpeg\" alt=\"\" width=\"261\" height=\"107\" srcset=\"https:\/\/agora.xtec.cat\/ceipsantjoan\/wp-content\/uploads\/usu1864\/2019\/10\/aquiSTEAM.jpeg 351w, https:\/\/agora.xtec.cat\/ceipsantjoan\/wp-content\/uploads\/usu1864\/2019\/10\/aquiSTEAM-300x123.jpeg 300w\" sizes=\"auto, (max-width: 261px) 100vw, 261px\" \/>\u00a0\u00a0 <\/a><a href=\"https:\/\/agora.xtec.cat\/ceipsantjoan\/wp-content\/uploads\/usu1864\/2019\/10\/escoles-UPC.jpeg\"><img loading=\"lazy\" decoding=\"async\" class=\"alignnone wp-image-2984\" src=\"https:\/\/agora.xtec.cat\/ceipsantjoan\/wp-content\/uploads\/usu1864\/2019\/10\/escoles-UPC.jpeg\" alt=\"\" width=\"247\" height=\"124\" srcset=\"https:\/\/agora.xtec.cat\/ceipsantjoan\/wp-content\/uploads\/usu1864\/2019\/10\/escoles-UPC.jpeg 318w, https:\/\/agora.xtec.cat\/ceipsantjoan\/wp-content\/uploads\/usu1864\/2019\/10\/escoles-UPC-300x150.jpeg 300w\" sizes=\"auto, (max-width: 247px) 100vw, 247px\" \/><\/a><\/p>\n","protected":false},"excerpt":{"rendered":"<p>El programa AQU\u00cd STEAM \u00e9s una iniciativa de la Universitat Polit\u00e8cnica de Catalunya (UPC) per atreure talent femen\u00ed als estudis de tecnologia i enginyeria, adre\u00e7ada espec\u00edficament a noies d&#8217;entre 9 i 14 anys de Catalunya. El programa vol trencar els estereotips i rols de g\u00e8nere&hellip;  <a href=\"https:\/\/agora.xtec.cat\/ceipsantjoan\/activitats-educatives\/aqui-steam\/\" title=\"Read Aqu\u00ed STEAM\">Llegeix m\u00e9s\u00bb<\/a><\/p>\n","protected":false},"author":1,"featured_media":0,"parent":484,"menu_order":25,"comment_status":"closed","ping_status":"closed","template":"page-templates\/side-menu.php","meta":{"_bbp_topic_count":0,"_bbp_reply_count":0,"_bbp_total_topic_count":0,"_bbp_total_reply_count":0,"_bbp_voice_count":0,"_bbp_anonymous_reply_count":0,"_bbp_topic_count_hidden":0,"_bbp_reply_count_hidden":0,"_bbp_forum_subforum_count":0,"footnotes":""},"class_list":["post-2935","page","type-page","status-publish","hentry"],"post_mailing_queue_ids":[],"_links":{"self":[{"href":"https:\/\/agora.xtec.cat\/ceipsantjoan\/wp-json\/wp\/v2\/pages\/2935","targetHints":{"allow":["GET"]}}],"collection":[{"href":"https:\/\/agora.xtec.cat\/ceipsantjoan\/wp-json\/wp\/v2\/pages"}],"about":[{"href":"https:\/\/agora.xtec.cat\/ceipsantjoan\/wp-json\/wp\/v2\/types\/page"}],"author":[{"embeddable":true,"href":"https:\/\/agora.xtec.cat\/ceipsantjoan\/wp-json\/wp\/v2\/users\/1"}],"replies":[{"embeddable":true,"href":"https:\/\/agora.xtec.cat\/ceipsantjoan\/wp-json\/wp\/v2\/comments?post=2935"}],"version-history":[{"count":3,"href":"https:\/\/agora.xtec.cat\/ceipsantjoan\/wp-json\/wp\/v2\/pages\/2935\/revisions"}],"predecessor-version":[{"id":2987,"href":"https:\/\/agora.xtec.cat\/ceipsantjoan\/wp-json\/wp\/v2\/pages\/2935\/revisions\/2987"}],"up":[{"embeddable":true,"href":"https:\/\/agora.xtec.cat\/ceipsantjoan\/wp-json\/wp\/v2\/pages\/484"}],"wp:attachment":[{"href":"https:\/\/agora.xtec.cat\/ceipsantjoan\/wp-json\/wp\/v2\/media?parent=2935"}],"curies":[{"name":"wp","href":"https:\/\/api.w.org\/{rel}","templated":true}]}}