{"id":26,"date":"2014-09-18T12:24:32","date_gmt":"2014-09-18T11:24:32","guid":{"rendered":"http:\/\/agora.xtec.cat\/ceipsantjoan\/?page_id=26"},"modified":"2019-02-27T22:36:49","modified_gmt":"2019-02-27T21:36:49","slug":"historia","status":"publish","type":"page","link":"https:\/\/agora.xtec.cat\/ceipsantjoan\/lescola\/historia\/","title":{"rendered":"Hist\u00f2ria"},"content":{"rendered":"<p style=\"text-align: justify;\">La nostra escola t\u00e9 una llarga hist\u00f2ria. No sabem exactament si la primera escola era a la pla\u00e7a Sant Joan o a la pujada de Sant Francesc.<\/p>\n<p style=\"text-align: justify;\">A la pla\u00e7a de Sant Joan l&#8217;escola antiga ocupava l&#8217;edifici situat al costat de l&#8217;esgl\u00e9sia, que abans\u00a0\u00a0havia estat un convent de frares mercedaris. Aquesta comunitat va haver d\u2019abandonar el convent com a conseq\u00fc\u00e8ncia de la desamortitzaci\u00f3 de finals del segle XIX i el govern va fer donaci\u00f3 de l&#8217;edifici a l&#8217;Ajuntament de Berga.<\/p>\n<p style=\"text-align: justify;\">Els nens i les nenes anaven separats en dues aules que podien arribar a tenir 60 alumnes cadascuna. Els nens tenien un mestre i les nenes una mestra.<\/p>\n<p style=\"text-align: justify;\">Totes les mat\u00e8ries estaven recopilades en un \u00fanic llibre anomenat \u201cenciclop\u00e8dia\u201d. Al mat\u00ed els nens i les nenes feien les mateixes assignatures: gram\u00e0tica, aritm\u00e8tica, hist\u00f2ria,&#8230; A la tarda les nenes feien labors i economia dom\u00e8stica.<\/p>\n<p style=\"text-align: justify;\">Sabem que en els seus inicis, els nens i nenes havien de fer un examen davant\u00a0\u00a0dels regidors de l&#8217;Ajuntament per poder passar al seg\u00fcent curs.<\/p>\n<p style=\"text-align: justify;\">L&#8217;escola actual \u00e9s al carrer Roca de la Pila. Es va inaugurar el 14 de juliol de 1971 amb la pres\u00e8ncia del governador civil de Barcelona i l&#8217;alcalde de Berga, el senyor Joan Noguera. En aquells moments l&#8217;escola no disposava\u00a0\u00a0de biblioteca,\u00a0\u00a0menjador, gimn\u00e0s, ni tampoc de pistes d&#8217;esport al pati. Tots aquests serveis es van afegir posteriorment.<\/p>\n<p style=\"text-align: center;\"><a href=\"http:\/\/agora.xtec.cat\/ceipsantjoan\/wp-content\/uploads\/usu1864\/2018\/07\/1430E4AD_619E_4DD4_B973_B5A8ADAFED1E__1532378811_93054.jpg\"><img loading=\"lazy\" decoding=\"async\" class=\"wp-image-706 alignnone\" src=\"http:\/\/agora.xtec.cat\/ceipsantjoan\/wp-content\/uploads\/usu1864\/2018\/07\/1430E4AD_619E_4DD4_B973_B5A8ADAFED1E__1532378811_93054.jpg\" alt=\"\" width=\"512\" height=\"370\" srcset=\"https:\/\/agora.xtec.cat\/ceipsantjoan\/wp-content\/uploads\/usu1864\/2018\/07\/1430E4AD_619E_4DD4_B973_B5A8ADAFED1E__1532378811_93054.jpg 798w, https:\/\/agora.xtec.cat\/ceipsantjoan\/wp-content\/uploads\/usu1864\/2018\/07\/1430E4AD_619E_4DD4_B973_B5A8ADAFED1E__1532378811_93054-300x217.jpg 300w, https:\/\/agora.xtec.cat\/ceipsantjoan\/wp-content\/uploads\/usu1864\/2018\/07\/1430E4AD_619E_4DD4_B973_B5A8ADAFED1E__1532378811_93054-768x554.jpg 768w\" sizes=\"auto, (max-width: 512px) 100vw, 512px\" \/><\/a> <a href=\"http:\/\/agora.xtec.cat\/ceipsantjoan\/wp-content\/uploads\/usu1864\/2018\/07\/35C84FC3_D53F_4B64_A890_C4E2DD546CBB__1532378778_99138.jpg\"><img loading=\"lazy\" decoding=\"async\" class=\"wp-image-704 alignnone\" src=\"http:\/\/agora.xtec.cat\/ceipsantjoan\/wp-content\/uploads\/usu1864\/2018\/07\/35C84FC3_D53F_4B64_A890_C4E2DD546CBB__1532378778_99138.jpg\" alt=\"\" width=\"512\" height=\"370\" srcset=\"https:\/\/agora.xtec.cat\/ceipsantjoan\/wp-content\/uploads\/usu1864\/2018\/07\/35C84FC3_D53F_4B64_A890_C4E2DD546CBB__1532378778_99138.jpg 800w, https:\/\/agora.xtec.cat\/ceipsantjoan\/wp-content\/uploads\/usu1864\/2018\/07\/35C84FC3_D53F_4B64_A890_C4E2DD546CBB__1532378778_99138-300x217.jpg 300w, https:\/\/agora.xtec.cat\/ceipsantjoan\/wp-content\/uploads\/usu1864\/2018\/07\/35C84FC3_D53F_4B64_A890_C4E2DD546CBB__1532378778_99138-768x555.jpg 768w\" sizes=\"auto, (max-width: 512px) 100vw, 512px\" \/><\/a> <a href=\"http:\/\/agora.xtec.cat\/ceipsantjoan\/wp-content\/uploads\/usu1864\/2018\/07\/074DB8BA_E57A_44EC_BEA1_1C944E21585D__1532378794_29024.jpg\"><img loading=\"lazy\" decoding=\"async\" class=\"wp-image-705 alignnone\" src=\"http:\/\/agora.xtec.cat\/ceipsantjoan\/wp-content\/uploads\/usu1864\/2018\/07\/074DB8BA_E57A_44EC_BEA1_1C944E21585D__1532378794_29024.jpg\" alt=\"\" width=\"512\" height=\"370\" srcset=\"https:\/\/agora.xtec.cat\/ceipsantjoan\/wp-content\/uploads\/usu1864\/2018\/07\/074DB8BA_E57A_44EC_BEA1_1C944E21585D__1532378794_29024.jpg 800w, https:\/\/agora.xtec.cat\/ceipsantjoan\/wp-content\/uploads\/usu1864\/2018\/07\/074DB8BA_E57A_44EC_BEA1_1C944E21585D__1532378794_29024-300x217.jpg 300w, https:\/\/agora.xtec.cat\/ceipsantjoan\/wp-content\/uploads\/usu1864\/2018\/07\/074DB8BA_E57A_44EC_BEA1_1C944E21585D__1532378794_29024-768x555.jpg 768w\" sizes=\"auto, (max-width: 512px) 100vw, 512px\" \/><\/a> <a href=\"http:\/\/agora.xtec.cat\/ceipsantjoan\/wp-content\/uploads\/usu1864\/2018\/07\/3859CC99_791B_4E57_B532_FCD1DD28BFC7__1532378826_12963.jpg\"><img loading=\"lazy\" decoding=\"async\" class=\"wp-image-707 alignnone\" src=\"http:\/\/agora.xtec.cat\/ceipsantjoan\/wp-content\/uploads\/usu1864\/2018\/07\/3859CC99_791B_4E57_B532_FCD1DD28BFC7__1532378826_12963.jpg\" alt=\"\" width=\"512\" height=\"369\" srcset=\"https:\/\/agora.xtec.cat\/ceipsantjoan\/wp-content\/uploads\/usu1864\/2018\/07\/3859CC99_791B_4E57_B532_FCD1DD28BFC7__1532378826_12963.jpg 798w, https:\/\/agora.xtec.cat\/ceipsantjoan\/wp-content\/uploads\/usu1864\/2018\/07\/3859CC99_791B_4E57_B532_FCD1DD28BFC7__1532378826_12963-300x217.jpg 300w, https:\/\/agora.xtec.cat\/ceipsantjoan\/wp-content\/uploads\/usu1864\/2018\/07\/3859CC99_791B_4E57_B532_FCD1DD28BFC7__1532378826_12963-768x554.jpg 768w\" sizes=\"auto, (max-width: 512px) 100vw, 512px\" \/><\/a><\/p>\n<p style=\"text-align: justify;\">L&#8217;edifici va ser constru\u00eft amb dues escales d&#8217;acc\u00e9s i funcionava amb dues parts totalment diferenciades: la dels nens i la de les nenes. Com a l&#8217;escola de la pla\u00e7a de Sant Joan, els nens seguien tenint mestres homes i les nenes mestres dones. Aquesta situaci\u00f3 es va allargar fins el 1976, en que es va iniciar la coeducaci\u00f3 de tots els infants escolaritzats.<\/p>\n<p style=\"text-align: justify;\">M\u00e9s endavant l&#8217;alumnat va deixar de tenir un \u00fanic mestre\/a per passar a tenir un tutor o tutora i mestres especialistes d&#8217;angl\u00e8s, m\u00fasica i educaci\u00f3 f\u00edsica.<\/p>\n<p style=\"text-align: justify;\">A partir dels anys vuitanta es va aplicar el programa d&#8217;immersi\u00f3 ling\u00fc\u00edstica en llengua catalana que va permetre la consolidaci\u00f3 del catal\u00e0 com a llengua vehicular a totes les etapes de l&#8217;ensenyament.<\/p>\n<p style=\"text-align: justify;\">Fins a la implantaci\u00f3 de l&#8217;ESO, l&#8217;escola acollia fins a 8\u00e8 d&#8217;EGB, per tant l&#8217;alumnat acabava la seva estada a l&#8217;escola als 14 anys. Aquesta va \u00e9sser potser la darrera gran transformaci\u00f3 de l&#8217;escola a nivell organitzatiu.<\/p>\n<p style=\"text-align: justify;\">En els darrers anys cal destacar la introducci\u00f3 de la inform\u00e0tica. La incorporaci\u00f3 a l&#8217;ensenyament del treball en grup i la realitzaci\u00f3 de projectes volen promoure una major motivaci\u00f3 i autonomia de l&#8217;alumnat.<\/p>\n<p>&nbsp;<\/p>\n","protected":false},"excerpt":{"rendered":"<p>La nostra escola t\u00e9 una llarga hist\u00f2ria. No sabem exactament si la primera escola era a la pla\u00e7a Sant Joan o a la pujada de Sant Francesc.<br \/>\nA la pla\u00e7a de Sant Joan l&#8217;escola antiga ocupava l&#8217;edifici situat al costat de l&#8217;esgl\u00e9sia, que abans\u00a0\u00a0havia estat un&hellip;  <a href=\"https:\/\/agora.xtec.cat\/ceipsantjoan\/lescola\/historia\/\" title=\"Read Hist\u00f2ria\">Llegeix m\u00e9s\u00bb<\/a><\/p>\n","protected":false},"author":1,"featured_media":0,"parent":22,"menu_order":20,"comment_status":"closed","ping_status":"closed","template":"page-templates\/side-menu.php","meta":{"_bbp_topic_count":0,"_bbp_reply_count":0,"_bbp_total_topic_count":0,"_bbp_total_reply_count":0,"_bbp_voice_count":0,"_bbp_anonymous_reply_count":0,"_bbp_topic_count_hidden":0,"_bbp_reply_count_hidden":0,"_bbp_forum_subforum_count":0,"footnotes":""},"class_list":["post-26","page","type-page","status-publish","hentry"],"post_mailing_queue_ids":[],"_links":{"self":[{"href":"https:\/\/agora.xtec.cat\/ceipsantjoan\/wp-json\/wp\/v2\/pages\/26","targetHints":{"allow":["GET"]}}],"collection":[{"href":"https:\/\/agora.xtec.cat\/ceipsantjoan\/wp-json\/wp\/v2\/pages"}],"about":[{"href":"https:\/\/agora.xtec.cat\/ceipsantjoan\/wp-json\/wp\/v2\/types\/page"}],"author":[{"embeddable":true,"href":"https:\/\/agora.xtec.cat\/ceipsantjoan\/wp-json\/wp\/v2\/users\/1"}],"replies":[{"embeddable":true,"href":"https:\/\/agora.xtec.cat\/ceipsantjoan\/wp-json\/wp\/v2\/comments?post=26"}],"version-history":[{"count":3,"href":"https:\/\/agora.xtec.cat\/ceipsantjoan\/wp-json\/wp\/v2\/pages\/26\/revisions"}],"predecessor-version":[{"id":1881,"href":"https:\/\/agora.xtec.cat\/ceipsantjoan\/wp-json\/wp\/v2\/pages\/26\/revisions\/1881"}],"up":[{"embeddable":true,"href":"https:\/\/agora.xtec.cat\/ceipsantjoan\/wp-json\/wp\/v2\/pages\/22"}],"wp:attachment":[{"href":"https:\/\/agora.xtec.cat\/ceipsantjoan\/wp-json\/wp\/v2\/media?parent=26"}],"curies":[{"name":"wp","href":"https:\/\/api.w.org\/{rel}","templated":true}]}}