{"id":412,"date":"2015-07-17T18:55:49","date_gmt":"2015-07-17T16:55:49","guid":{"rendered":"http:\/\/agora.xtec.cat\/ceipsantjaumebrafim\/?page_id=412"},"modified":"2015-08-31T15:33:25","modified_gmt":"2015-08-31T13:33:25","slug":"nou-xandall","status":"publish","type":"page","link":"https:\/\/agora.xtec.cat\/ceipsantjaumebrafim\/nou-xandall\/","title":{"rendered":"Nou xandall"},"content":{"rendered":"<div>\n<div style=\"text-align: justify;\"><img loading=\"lazy\" decoding=\"async\" src=\"http:\/\/xtec.cat\/centres\/e3000652\/lapiz.gif\" alt=\"\" width=\"500\" height=\"32\" border=\"0\" \/><\/div>\n<p style=\"text-align: justify;\">Acords a que varem arribar el l&#8217;\u00faltim consell escolar de la ZER Atzavara:<\/p>\n<ul>\n<li style=\"text-align: justify;\"><span style=\"font-family: verdana, sans-serif;\">Que <\/span><b>la ZER segueix comptant amb una equipaci\u00f3 esportiva <\/b><span style=\"font-family: verdana, sans-serif;\">(samarreta i dessuadora) \u00a0i que aquesta \u00e9s i ser\u00e0\u00a0<\/span><b><span style=\"font-family: verdana, sans-serif;\">obligat\u00f2ria\u00a0<\/span><\/b><span style=\"font-family: verdana, sans-serif;\">tant per totes les sortides i excursions com per les sessions d&#8217;educaci\u00f3 f\u00edsica.\u00a0<\/span><\/li>\n<li style=\"text-align: justify;\">Que s&#8217;ha acordat en Consell Escolar de ZER i fruit de la demanda per part de tres de les quatre AMPES de la ZER, procedir a un <b>canvi de prove\u00efdor i de model d&#8217;equipaci\u00f3<\/b> amb l&#8217;objectiu d&#8217;abaratir el cost d&#8217;aquest i d&#8217;apropar-ne l&#8217;empresa prove\u00efdora (ara ser\u00e0 TOTJOCde Valls).<\/li>\n<li style=\"text-align: justify;\">Que la nova equipaci\u00f3 tan sols constar\u00e0 de <b>samarreta de m\u00e0niga curta i dessuadora<\/b>, podent-se comprar els <b>pantalons <\/b>(llargs i\/o curts) on cada fam\u00edlia vulguis per\u00f2 havent de ser de color <b>blau mar\u00ed.<\/b><\/li>\n<li style=\"text-align: justify;\">Que, tal i com es va aprovar en Consell Escolar de ZER, el nou model de samarreta i dessuadora constar\u00e0 amb les mateixes serigrafies que l&#8217;actual.<\/li>\n<li style=\"text-align: justify;\">Que aquelles fam\u00edlies que disposin del model actual de xandall el podran seguir utilitzant fins que creguin convenient, no sent en cap cas obligatori el canvi immediat a la novaequipaci\u00f3. Entenem que hi ha d&#8217;haver un <b>per\u00edode de transici\u00f3<\/b> en que han de <b>conviure els dos \u00a0models<\/b>\u00a0i fer-ho d&#8217;una altra manera seria un important greuge econ\u00f2mic per la majoria de les fam\u00edlies d&#8217;aquesta comunitat educativa que ja disposen del fins ara xandall de la ZER Atzavara.<\/li>\n<li style=\"text-align: justify;\">Que, el fins ara prove\u00efdor de xandalls (Minim um de Tarragona<span style=\"font-size: small;\"> <a href=\"tel:977230464\" target=\"_blank\">977230464<\/a><\/span>), ha ofert els estocs actuals a un preu de liquidaci\u00f3 i que no hi ha inconvenient en que, aquelles fam\u00edlies que aix\u00ed ho vulguin, puguin aprofitar aquesta oferta. Detallem a sota preus i talles disponibles.<\/li>\n<li style=\"text-align: justify;\"><strong>SAMARRETA<\/strong> (10,95\u20ac). Talles disponibles: 2,3,4,6,8,12,14,16<\/li>\n<li style=\"text-align: justify;\"><strong>PANTAL\u00d3 CURT<\/strong> (10,95\u20ac). Talles disponibles: 2,3,4,6,8,10,12,14<\/li>\n<li style=\"text-align: justify;\"><strong>XANDALL COMPLERT<\/strong> (36,80\u20ac). Talles disponibles: 2,3,4,6,8,10,14,16<\/li>\n<li style=\"text-align: justify;\"><strong>PANTAL\u00d3 LLARG<\/strong> (14,90\u20ac).Talles disponibles: 2,3,4,6,8,10,12,14,16<\/li>\n<\/ul>\n<\/div>\n","protected":false},"excerpt":{"rendered":"<p>Acords a que varem arribar el l&#8217;\u00faltim consell escolar de la ZER Atzavara:<\/p>\n<ul>\n<li style=\"text-align: justify;\">Que la ZER segueix comptant amb una equipaci\u00f3 esportiva (samarreta i dessuadora) \u00a0i que aquesta \u00e9s i ser\u00e0\u00a0obligat\u00f2ria\u00a0tant per totes les sortides i excursions com per les sessions d&#8217;educaci\u00f3 f\u00edsica.\u00a0<\/li>\n<li style=\"text-align:&hellip;  <a href=\"https:\/\/agora.xtec.cat\/ceipsantjaumebrafim\/nou-xandall\/\" title=\"Read Nou xandall\">Llegeix m\u00e9s\u00bb<\/a><br \/>\n","protected":false},"author":1,"featured_media":0,"parent":0,"menu_order":0,"comment_status":"closed","ping_status":"closed","template":"","meta":{"_bbp_topic_count":0,"_bbp_reply_count":0,"_bbp_total_topic_count":0,"_bbp_total_reply_count":0,"_bbp_voice_count":0,"_bbp_anonymous_reply_count":0,"_bbp_topic_count_hidden":0,"_bbp_reply_count_hidden":0,"_bbp_forum_subforum_count":0,"footnotes":""},"class_list":["post-412","page","type-page","status-publish","hentry"],"post_mailing_queue_ids":[],"_links":{"self":[{"href":"https:\/\/agora.xtec.cat\/ceipsantjaumebrafim\/wp-json\/wp\/v2\/pages\/412","targetHints":{"allow":["GET"]}}],"collection":[{"href":"https:\/\/agora.xtec.cat\/ceipsantjaumebrafim\/wp-json\/wp\/v2\/pages"}],"about":[{"href":"https:\/\/agora.xtec.cat\/ceipsantjaumebrafim\/wp-json\/wp\/v2\/types\/page"}],"author":[{"embeddable":true,"href":"https:\/\/agora.xtec.cat\/ceipsantjaumebrafim\/wp-json\/wp\/v2\/users\/1"}],"replies":[{"embeddable":true,"href":"https:\/\/agora.xtec.cat\/ceipsantjaumebrafim\/wp-json\/wp\/v2\/comments?post=412"}],"version-history":[{"count":3,"href":"https:\/\/agora.xtec.cat\/ceipsantjaumebrafim\/wp-json\/wp\/v2\/pages\/412\/revisions"}],"predecessor-version":[{"id":475,"href":"https:\/\/agora.xtec.cat\/ceipsantjaumebrafim\/wp-json\/wp\/v2\/pages\/412\/revisions\/475"}],"wp:attachment":[{"href":"https:\/\/agora.xtec.cat\/ceipsantjaumebrafim\/wp-json\/wp\/v2\/media?parent=412"}],"curies":[{"name":"wp","href":"https:\/\/api.w.org\/{rel}","templated":true}]}}