{"id":32,"date":"2014-09-18T12:31:33","date_gmt":"2014-09-18T12:31:33","guid":{"rendered":"http:\/\/agora.xtec.cat\/ceipsantjaumebrafim\/?page_id=32"},"modified":"2023-11-16T14:53:48","modified_gmt":"2023-11-16T13:53:48","slug":"calendari-del-curs","status":"publish","type":"page","link":"https:\/\/agora.xtec.cat\/ceipsantjaumebrafim\/equip-de-mestres\/lescola\/calendari-del-curs\/","title":{"rendered":"Calendari del curs"},"content":{"rendered":"<p align=\"left\"><img loading=\"lazy\" decoding=\"async\" src=\"http:\/\/xtec.cat\/centres\/e3000652\/lapiz.gif\" alt=\"\" width=\"500\" height=\"32\" border=\"0\" \/><\/p>\n<ul>\n<li>Inici i finalitzaci\u00f3 curs acad\u00e8mic 2023 &#8211; 2024<\/li>\n<li style=\"text-align: left;\">\u00a0\u00a0\u00a0\u00a0\u00a0\u00a0\u00a0\u00a0\u00a0\u00a0\u00a0\u00a0\u00a0\u00a0\u00a0 <a href=\"https:\/\/drive.google.com\/file\/d\/1tCmDlV-fjY3zmXpux1Mtm3lPyI0Qmbed\/view?usp=drive_link\">Calendari curs 2023 &#8211; 2024<\/a><\/li>\n<\/ul>\n<p><strong>Activitats del professorat<\/strong><\/p>\n<ul>\n<li>El professorat dels centres educatius p\u00fablics i privats no universitaris ha de reprendre les activitats d&#8217;organitzaci\u00f3 del curs el dia <strong>1 de setembre<\/strong>.<\/li>\n<li>En els centres de titularitat del Departament d&#8217;Ensenyament les activitats del professorat programades al centre no han d&#8217;acabar abans del dia <strong>30 de juny<\/strong>.<\/li>\n<li><strong>12 de setembre de 2018<\/strong>: inici de les classes al segon cicle de l&#8217;educaci\u00f3 infantil, l&#8217;educaci\u00f3 prim\u00e0ria.<\/li>\n<li><strong>21 de \u00a0juny de 2019\u00a0<\/strong>finalizen les classes escolars.<\/li>\n<li>Calendari Escola Sant Jaume de Brafim 2018 2019<\/li>\n<\/ul>\n<p><a href=\"http:\/\/agora.xtec.cat\/ceipsantjaumebrafim\/wp-content\/uploads\/usu401\/2018\/09\/Calendari-fam\u00edlies-18-19.pdf\">Calendari fam\u00edlies 18-19<\/a><\/p>\n<ul>\n<li><strong>Horari escolar<\/strong>\n<ul>\n<li><span style=\"color: #000000;\">De dilluns a dijous: De les 08.45 a 12.00 hores (INF) 13.00 h (PRI).\u00a0Tardes de 15.00 h a 17.00 h<\/span><\/li>\n<li><span style=\"color: #000000;\">Divendres de 09.00 h a 12.00 h (INF) 13.00 h (PRI). Tardes de 15.00 h a 17.00 h<\/span><\/li>\n<li><span style=\"color: #000000;\">Jornada mat\u00ed: 9.00 a 13.00 h el 21 de desembre de 2018<\/span><\/li>\n<li><span style=\"color: #000000;\">Jornada mat\u00ed: 9.00 a 13.00 h del 10 al\u00a021\u00a0de juny\u00a0de 2019<\/span><\/li>\n<\/ul>\n<\/li>\n<\/ul>\n<ul>\n<li>El curs escolar 2018-2019 comen\u00e7a el dia <strong>12 de setembre de 2018<\/strong>i acaba el <strong>21 de \u00a0juny de 2019<\/strong><\/li>\n<\/ul>\n<div class=\"FW_sArticleFoto\">\n<div class=\"FW_sEditPro\">\n<ul>\n<li><strong>Dies de lliure disposici\u00f3:<\/strong><\/li>\n<\/ul>\n<ul style=\"list-style-type: circle;\">\n<li>de ZER 2 de novembre de 2018, 7 de desembre de 2018 i 4 de mar\u00e7 de 2019<\/li>\n<li>d&#8217;escola 10 de desembre de 2018 i 4 de febrer de 2019<\/li>\n<\/ul>\n<\/div>\n<\/div>\n<ul>\n<li><strong>Vacances de Nadal:<\/strong>\n<ul>\n<li><span style=\"color: #000000;\">El 21 de desembre de 2018, jornada matinal: 9.00 a 13.00 h.<\/span><\/li>\n<li><span style=\"color: #000000;\">Del 22 de desembre de 2018 al \u00a07 de gener de 2019 (ambd\u00f3s inclosos)<\/span><\/li>\n<\/ul>\n<\/li>\n<li><strong>Vacances de Setmana Santa:<\/strong>\n<ul>\n<li><span style=\"color: #000000;\">Del\u00a0 15 d&#8217;abril de 2019 al 22 d&#8217;abril de 2019\u00a0 (ambd\u00f3s inclosos)<\/span><\/li>\n<\/ul>\n<\/li>\n<li><strong>Vacances d&#8217;estiu<\/strong>\n<ul>\n<li><span style=\"color: #000000;\">A partir del 22 de juny de 2019<\/span><\/li>\n<\/ul>\n<\/li>\n<li><strong>Festes locals:<\/strong>\n<ul>\n<li>25 de juliol<\/li>\n<li>10 de desembre<\/li>\n<\/ul>\n<\/li>\n<li><strong><strong>Festius (<\/strong><\/strong><a href=\"http:\/\/web.gencat.cat\/ca\/actualitat\/reportatges\/calendarilaboral\/calendari-laboral-2018\/\">Calendari oficial de festes laborals a Catalunya per a l&#8217;any 2018<\/a><strong><strong>)<\/strong><\/strong><\/li>\n<li>Seran festes laborals a Catalunya durant l\u2019any 2018 les seg\u00fcents:\n<ul>\n<li>1 de gener (Cap d&#8217;Any).<\/li>\n<li>6 de gener (Reis).<\/li>\n<li>30 de mar\u00e7 (Divendres Sant).<\/li>\n<li>2 d&#8217;abril (Dilluns de Pasqua Florida).<\/li>\n<li>1 de maig (Festa del Treball).<\/li>\n<li>15 d&#8217;agost (l&#8217;Assumpci\u00f3).<\/li>\n<li>11 de setembre (Diada Nacional de Catalunya).<\/li>\n<li>12 d&#8217;octubre (Festa Nacional d&#8217;Espanya).<\/li>\n<li>1 de novembre (Tots Sants).<\/li>\n<li>6 de desembre (Dia de la Constituci\u00f3).<\/li>\n<li>8 de desembre (la Immaculada).<\/li>\n<li>25 de desembre (Nadal)<\/li>\n<li>26 de desembre (Sant Esteve).<\/li>\n<\/ul>\n<\/li>\n<\/ul>\n<p><strong>Els dimecres de tardes no lectives aquest curs seran:<\/strong><\/p>\n<p>Setembre: 19<\/p>\n<p>Octubre: 3,17,31<\/p>\n<p>Novembre:14,28<\/p>\n<p>Desembre:12<\/p>\n<p>Gener:16,30<\/p>\n<p>Febrer:13,27<\/p>\n<p>Mar\u00e7: 13,27<\/p>\n<p>Abril: 10,24<\/p>\n<p>Maig:8,22<\/p>\n<p>Juny:5<\/p>\n","protected":false},"excerpt":{"rendered":"<ul>\n<li>Inici i finalitzaci\u00f3 curs acad\u00e8mic 2023 &#8211; 2024<\/li>\n<li style=\"text-align: left;\">\u00a0\u00a0\u00a0\u00a0\u00a0\u00a0\u00a0\u00a0\u00a0\u00a0\u00a0\u00a0\u00a0\u00a0\u00a0 <a href=\"https:\/\/drive.google.com\/file\/d\/1tCmDlV-fjY3zmXpux1Mtm3lPyI0Qmbed\/view?usp=drive_link\">Calendari curs 2023 &#8211; 2024<\/a><\/li>\n<\/ul>\n<p>Activitats del professorat<\/p>\n<ul>\n<li>El professorat dels centres educatius p\u00fablics i privats no universitaris ha de reprendre les activitats d&#8217;organitzaci\u00f3 del curs el dia 1 de setembre.<\/li>\n<li>En els centres de titularitat del&hellip;  <a href=\"https:\/\/agora.xtec.cat\/ceipsantjaumebrafim\/equip-de-mestres\/lescola\/calendari-del-curs\/\" title=\"Read Calendari del curs\">Llegeix m\u00e9s\u00bb<\/a><br \/>\n","protected":false},"author":2,"featured_media":0,"parent":22,"menu_order":50,"comment_status":"closed","ping_status":"closed","template":"page-templates\/side-menu.php","meta":{"_bbp_topic_count":0,"_bbp_reply_count":0,"_bbp_total_topic_count":0,"_bbp_total_reply_count":0,"_bbp_voice_count":0,"_bbp_anonymous_reply_count":0,"_bbp_topic_count_hidden":0,"_bbp_reply_count_hidden":0,"_bbp_forum_subforum_count":0,"footnotes":""},"class_list":["post-32","page","type-page","status-publish","hentry"],"post_mailing_queue_ids":[],"_links":{"self":[{"href":"https:\/\/agora.xtec.cat\/ceipsantjaumebrafim\/wp-json\/wp\/v2\/pages\/32","targetHints":{"allow":["GET"]}}],"collection":[{"href":"https:\/\/agora.xtec.cat\/ceipsantjaumebrafim\/wp-json\/wp\/v2\/pages"}],"about":[{"href":"https:\/\/agora.xtec.cat\/ceipsantjaumebrafim\/wp-json\/wp\/v2\/types\/page"}],"author":[{"embeddable":true,"href":"https:\/\/agora.xtec.cat\/ceipsantjaumebrafim\/wp-json\/wp\/v2\/users\/2"}],"replies":[{"embeddable":true,"href":"https:\/\/agora.xtec.cat\/ceipsantjaumebrafim\/wp-json\/wp\/v2\/comments?post=32"}],"version-history":[{"count":5,"href":"https:\/\/agora.xtec.cat\/ceipsantjaumebrafim\/wp-json\/wp\/v2\/pages\/32\/revisions"}],"predecessor-version":[{"id":2152,"href":"https:\/\/agora.xtec.cat\/ceipsantjaumebrafim\/wp-json\/wp\/v2\/pages\/32\/revisions\/2152"}],"up":[{"embeddable":true,"href":"https:\/\/agora.xtec.cat\/ceipsantjaumebrafim\/wp-json\/wp\/v2\/pages\/22"}],"wp:attachment":[{"href":"https:\/\/agora.xtec.cat\/ceipsantjaumebrafim\/wp-json\/wp\/v2\/media?parent=32"}],"curies":[{"name":"wp","href":"https:\/\/api.w.org\/{rel}","templated":true}]}}