{"id":30,"date":"2014-09-18T12:30:23","date_gmt":"2014-09-18T12:30:23","guid":{"rendered":"http:\/\/agora.xtec.cat\/ceipsantjaumebrafim\/?page_id=30"},"modified":"2016-09-11T19:27:31","modified_gmt":"2016-09-11T17:27:31","slug":"instal%c2%b7lacions","status":"publish","type":"page","link":"https:\/\/agora.xtec.cat\/ceipsantjaumebrafim\/equip-de-mestres\/lescola\/instal%c2%b7lacions\/","title":{"rendered":"Instal\u00b7lacions"},"content":{"rendered":"<p><img loading=\"lazy\" decoding=\"async\" src=\"http:\/\/xtec.cat\/centres\/e3000652\/lapiz.gif\" alt=\"\" width=\"500\" height=\"32\" border=\"0\" \/><\/p>\n<p><a href=\"http:\/\/agora.xtec.cat\/ceipsantjaumebrafim\/wp-content\/uploads\/usu401\/2014\/09\/Escola1011.jpg\"><img loading=\"lazy\" decoding=\"async\" class=\"alignnone size-medium wp-image-171\" src=\"http:\/\/agora.xtec.cat\/ceipsantjaumebrafim\/wp-content\/uploads\/usu401\/2014\/09\/Escola1011-300x221.jpg\" alt=\"Escola1011\" width=\"300\" height=\"221\" srcset=\"https:\/\/agora.xtec.cat\/ceipsantjaumebrafim\/wp-content\/uploads\/usu401\/2014\/09\/Escola1011-300x221.jpg 300w, https:\/\/agora.xtec.cat\/ceipsantjaumebrafim\/wp-content\/uploads\/usu401\/2014\/09\/Escola1011.jpg 487w\" sizes=\"auto, (max-width: 300px) 100vw, 300px\" \/>\u00a0<img loading=\"lazy\" decoding=\"async\" class=\"\" src=\"http:\/\/xtec.cat\/centres\/e3000652\/escola\/Escola1011c.JPG\" alt=\"\" width=\"297\" height=\"220\" border=\"0\" \/>\u00a0<img loading=\"lazy\" decoding=\"async\" class=\"alignnone wp-image-169\" src=\"http:\/\/agora.xtec.cat\/ceipsantjaumebrafim\/wp-content\/uploads\/usu401\/2014\/09\/Escola1011e-300x224.jpg\" alt=\"Escola1011e\" width=\"291\" height=\"217\" srcset=\"https:\/\/agora.xtec.cat\/ceipsantjaumebrafim\/wp-content\/uploads\/usu401\/2014\/09\/Escola1011e-300x224.jpg 300w, https:\/\/agora.xtec.cat\/ceipsantjaumebrafim\/wp-content\/uploads\/usu401\/2014\/09\/Escola1011e-200x150.jpg 200w, https:\/\/agora.xtec.cat\/ceipsantjaumebrafim\/wp-content\/uploads\/usu401\/2014\/09\/Escola1011e.jpg 409w\" sizes=\"auto, (max-width: 291px) 100vw, 291px\" \/><\/a><\/p>\n<p><b>Nom<\/b>: Escola Sant Jaume de Br\u00e0fim &#8211; ZER Atzavara<\/p>\n<p><b>Adre\u00e7a<\/b>: av. del Loreto, 14<\/p>\n<p><b>CP i localitat<\/b>: 43412 &#8211; Br\u00e0fim<\/p>\n<p><b>Comarca<\/b>: Alt Camp<\/p>\n<p><b>Tel\u00e8fon<\/b>: 977 620 436<\/p>\n<p><b>Tipologia de centre:<\/b><\/p>\n<ul>\n<li>\u00c9s un escola p\u00fablica que dep\u00e8n del Departament d\u00b4Ensenyament<\/li>\n<li>El nou edifici va ser inaugurat el <b>19 d&#8217;octubre de 1947<\/b><\/li>\n<\/ul>\n<p><b>Ensenyaments impartits:<\/b><\/p>\n<ul>\n<li>Infantil segon cicle: Parvulari primer i segon<\/li>\n<li>Prim\u00e0ria cicle \u00fanic: primer, segon, tercer, quart, cinqu\u00e8 i sis\u00e8.<\/li>\n<\/ul>\n<p><b>Situaci\u00f3<\/b>: Est\u00e0 situada a l&#8217;avinguda del Loreto, 14. Va ser constru\u00efda l&#8217;any 1936 i, el 1988 hi va haver una important remodelaci\u00f3.<\/p>\n<p><b>Adre\u00e7a electr\u00f2nica<\/b>: <a href=\"mailto:e3000652@xtec.cat\">e3000652@xtec.cat<\/a><\/p>\n<p><b>P\u00e0gina web<\/b>: <a href=\"http:\/\/www.xtec.cat\/centres\/e3000652\/\">http:\/\/agora.xtec.cat\/ceipsantjaumebrafim\/<\/a><\/p>\n<p><b>Nombre d&#8217;aules<\/b>: 06<\/p>\n<p><b>Superf\u00edcie<\/b>: 602 m<sup>2<\/sup><\/p>\n<p><b>Infraestructura<\/b>: \u00c9s un edifici de dues plantes. Les aules d&#8217;Educaci\u00f3 Infantil i Cicle Incial es troben a la planta baixa juntament amb dos lavabos.<\/p>\n<p>Al primer pis hi ha les dues aules corresponents als cicles de mitj\u00e0 i superior i d&#8217;altres depend\u00e8ncies com s\u00f3n: despatx de direcci\u00f3, una \u00e0mplia biblioteca, aula d&#8217;inform\u00e0tica, laboratori, dos lavabos: mestres i els alumnes.<\/p>\n","protected":false},"excerpt":{"rendered":"<p><a href=\"http:\/\/agora.xtec.cat\/ceipsantjaumebrafim\/wp-content\/uploads\/usu401\/2014\/09\/Escola1011.jpg\">\u00a0\u00a0<\/a><br \/>\nNom: Escola Sant Jaume de Br\u00e0fim &#8211; ZER Atzavara<br \/>\nAdre\u00e7a: av. del Loreto, 14<br \/>\nCP i localitat: 43412 &#8211; Br\u00e0fim<br \/>\nComarca: Alt Camp<br \/>\nTel\u00e8fon: 977 620 436<br \/>\nTipologia de centre:<\/p>\n<ul>\n<li>\u00c9s un escola p\u00fablica que dep\u00e8n del Departament d\u00b4Ensenyament<\/li>\n<li>El nou edifici va ser inaugurat el 19 d&#8217;octubre de 1947<\/li>\n<\/ul>\n<p>Ensenyaments impartits:<\/p>\n<ul>\n<li>Infantil&hellip;  <a href=\"https:\/\/agora.xtec.cat\/ceipsantjaumebrafim\/equip-de-mestres\/lescola\/instal%c2%b7lacions\/\" title=\"Read Instal\u00b7lacions\">Llegeix m\u00e9s\u00bb<\/a><br \/>\n","protected":false},"author":2,"featured_media":0,"parent":22,"menu_order":40,"comment_status":"closed","ping_status":"closed","template":"page-templates\/side-menu.php","meta":{"_bbp_topic_count":0,"_bbp_reply_count":0,"_bbp_total_topic_count":0,"_bbp_total_reply_count":0,"_bbp_voice_count":0,"_bbp_anonymous_reply_count":0,"_bbp_topic_count_hidden":0,"_bbp_reply_count_hidden":0,"_bbp_forum_subforum_count":0,"footnotes":""},"class_list":["post-30","page","type-page","status-publish","hentry"],"post_mailing_queue_ids":[],"_links":{"self":[{"href":"https:\/\/agora.xtec.cat\/ceipsantjaumebrafim\/wp-json\/wp\/v2\/pages\/30","targetHints":{"allow":["GET"]}}],"collection":[{"href":"https:\/\/agora.xtec.cat\/ceipsantjaumebrafim\/wp-json\/wp\/v2\/pages"}],"about":[{"href":"https:\/\/agora.xtec.cat\/ceipsantjaumebrafim\/wp-json\/wp\/v2\/types\/page"}],"author":[{"embeddable":true,"href":"https:\/\/agora.xtec.cat\/ceipsantjaumebrafim\/wp-json\/wp\/v2\/users\/2"}],"replies":[{"embeddable":true,"href":"https:\/\/agora.xtec.cat\/ceipsantjaumebrafim\/wp-json\/wp\/v2\/comments?post=30"}],"version-history":[{"count":3,"href":"https:\/\/agora.xtec.cat\/ceipsantjaumebrafim\/wp-json\/wp\/v2\/pages\/30\/revisions"}],"predecessor-version":[{"id":481,"href":"https:\/\/agora.xtec.cat\/ceipsantjaumebrafim\/wp-json\/wp\/v2\/pages\/30\/revisions\/481"}],"up":[{"embeddable":true,"href":"https:\/\/agora.xtec.cat\/ceipsantjaumebrafim\/wp-json\/wp\/v2\/pages\/22"}],"wp:attachment":[{"href":"https:\/\/agora.xtec.cat\/ceipsantjaumebrafim\/wp-json\/wp\/v2\/media?parent=30"}],"curies":[{"name":"wp","href":"https:\/\/api.w.org\/{rel}","templated":true}]}}