{"id":28,"date":"2017-10-12T20:41:35","date_gmt":"2017-10-12T18:41:35","guid":{"rendered":"http:\/\/agora.xtec.cat\/ceipsantjaumebrafim\/?page_id=28"},"modified":"2023-11-21T12:38:23","modified_gmt":"2023-11-21T11:38:23","slug":"consell-escolar","status":"publish","type":"page","link":"https:\/\/agora.xtec.cat\/ceipsantjaumebrafim\/equip-de-mestres\/lescola\/consell-escolar\/","title":{"rendered":"Consell escolar"},"content":{"rendered":"<h4><strong>Composici\u00f3 en els centres p\u00fablics<\/strong><\/h4>\n<p>Composici\u00f3 del Consell Escolar de l&#8217;Escola Sant Jaume de Br\u00e0fim, constitu\u00eft el 2 de novembre de 2023.<\/p>\n<p>El consell escolar de centre \u00e9s un \u00f2rgan de govern col\u00b7legiat on es troba representat tota la comunitat educativa. \u00c9s un \u00f2rgan de decisi\u00f3 i participaci\u00f3 que juga un paper important en el funcionament del centre.<\/p>\n<ul>\n<li><strong>Presidenta<\/strong>\n<ul>\n<li>Sra. Merc\u00e8 Sol\u00e9 i Estrada<\/li>\n<\/ul>\n<\/li>\n<li><strong>Secretari<\/strong>\n<ul>\n<li>Sr. Francesc Fern\u00e1ndez Fortuny<\/li>\n<\/ul>\n<\/li>\n<li><strong>Representant de l&#8217;ajuntament<\/strong>\n<ul>\n<li>Sr. Jordi Icart Madrid<\/li>\n<\/ul>\n<\/li>\n<li><strong>Representant dels mestres:<\/strong>\n<ul>\n<li>Sra. Laia Campi\u00a0\u00a0\u00a0 Albareda<\/li>\n<li>Sra. Irene De Los Heros Mart\u00ednez<\/li>\n<\/ul>\n<\/li>\n<li><strong>Representant del sector mares i pares:<\/strong>\n<ul>\n<li>Sra. Laia De Bargas Sellar\u00e9s<\/li>\n<\/ul>\n<\/li>\n<\/ul>\n<h4><strong>Funcions<\/strong><\/h4>\n<p>Corresponen al consell escolar les funcions seg\u00fcents:<\/p>\n<ul>\n<li>Participar en l&#8217;aprovaci\u00f3 del projecte educatiu i les seves modificacions. El consell escolar ha de ser consultat pel director de manera preceptiva per valorar la proposta del projecte educatiu i manifestar el seu suport amb una majoria de les tres cinquenes parts dels membres.<\/li>\n<li>Participar en l&#8217;aprovaci\u00f3 de la programaci\u00f3 general anual, de les normes de funcionament i de la gesti\u00f3 econ\u00f2mica del centre. El consell escolar ha de ser consultat de manera preceptiva per valorar cada una de les propostes i manifestar el seu suport per majoria simple dels membres.<\/li>\n<li>Avaluar l&#8217;aplicaci\u00f3 del projecte educatiu i de les seves modificacions aix\u00ed com de la resta de documents de gesti\u00f3 del centre.<\/li>\n<li>Aprovar les propostes d&#8217;acords de coresponsabilitat, convenis i altres acords de col\u00b7laboraci\u00f3 del centre amb entitats i institucions.<\/li>\n<li>Intervenir en el procediment d&#8217;admissi\u00f3 d&#8217;alumnes.<\/li>\n<li>Participar en el procediment de selecci\u00f3 i en la proposta de cessament del director o directora.<\/li>\n<li>Intervenir en la resoluci\u00f3 dels conflictes i, si escau, revisar les sancions als alumnes.<\/li>\n<li>Aprovar les directrius per a la programaci\u00f3 d&#8217;activitats escolars complement\u00e0ries i d&#8217;activitats extraescolars, i avaluar-ne el desenvolupament.<\/li>\n<li>Participar en les an\u00e0lisis i les avaluacions del funcionament general del centre i con\u00e8ixer l&#8217;evoluci\u00f3 del rendiment escolar.<\/li>\n<li>Aprovar els criteris de col\u00b7laboraci\u00f3 amb altres centres i amb l&#8217;entorn.<\/li>\n<li>Qualsevol altre que li sigui atribu\u00efda per les normes legals o reglament\u00e0ries.<\/li>\n<\/ul>\n<h4><strong>Funcionament<\/strong><\/h4>\n<p>El consell escolar ha d&#8217;aprovar les seves normes de funcionament. En all\u00f2 que no estigui previst s&#8217;han d&#8217;aplicar les normes reguladores dels \u00f2rgans col\u00b7legiats de l&#8217;Administraci\u00f3 de la Generalitat.<\/p>\n<p>El consell escolar del centre es reuneix preceptivament una vegada al trimestre i sempre que el convoca el director o directora del centre o ho sol\u00b7licita al menys un ter\u00e7 de les seves persones membres. A m\u00e9s, s&#8217;ha de fer una reuni\u00f3 a principi de curs i una altra a la seva finalitzaci\u00f3.<\/p>\n<p>El consell escolar actua normalment en ple. Es poden constituir comissions espec\u00edfiques d\u2019estudi i informaci\u00f3, a les quals, en tot cas, s\u2019hi ha d\u2019incorporar la direcci\u00f3 del centre, o en la seva representaci\u00f3, un altre \u00f2rgan\u00a0unipersonal de direcci\u00f3,\u00a0un professor o professora, i un alumne o alumna o un representant o una representant de les mares i els pares. Els centres de titularitat p\u00fablica, a m\u00e9s, hi ha d&#8217;haver preceptivament\u00a0una\u00a0<strong>comissi\u00f3 econ\u00f2mica<\/strong>\u00a0que supervisa la gesti\u00f3 econ\u00f2mica del centre.<\/p>\n<h4><strong>Renovaci\u00f3 de membres<\/strong><\/h4>\n<p>A Catalunya, el per\u00edode establert per a la realitzaci\u00f3 del proc\u00e9s electoral s&#8217;anuncia oportunament al voltant de cada renovaci\u00f3 del Consell Escolar. Al consell escolar s\u2019hi accedeix mitjan\u00e7ant l&#8217;elecci\u00f3 i la designaci\u00f3. Els membres designats s\u00f3n nomenats per les entitats i institucions reconegudes per normativa: AFA, ajuntaments i conjunt d&#8217;organitzacions empresarials i institucions laborals de l&#8217;\u00e0mbit del centre docent.<\/p>\n<h4><strong>Aspectes a remarcar del funcionament del consell escolar<\/strong><\/h4>\n<ul>\n<li>Un dels representants dels pares en el consell escolar \u00e9s designat per l\u2019associaci\u00f3 de\u00a0 pares m\u00e9s representativa del centre, d\u2019acord amb el procediment que estableixin les administracions educatives.<\/li>\n<li>Els alumnes poden ser elegits membres del consell escolar a partir del primer curs de l\u2019educaci\u00f3 secund\u00e0ria obligat\u00f2ria. No obstant aix\u00f2, els alumnes dels dos primers cursos de l\u2019educaci\u00f3 secund\u00e0ria obligat\u00f2ria no poden participar en la selecci\u00f3 o el cessament del director. Els alumnes d\u2019educaci\u00f3 prim\u00e0ria poden participar en el consell escolar del centre en els termes que estableixin les administracions educatives.<\/li>\n<li>Correspon a les administracions educatives determinar el nombre total de membres del consell escolar i regular el proc\u00e9s d\u2019elecci\u00f3. La representaci\u00f3 de pares i mares no podr\u00e0 ser inferior a un ter\u00e7 del total.<\/li>\n<li>El consell escolar del centre es reuneix preceptivament una vegada al trimestre i sempre que el convoca el seu president o ho sol\u00b7licita almenys un ter\u00e7 dels seus membres.<\/li>\n<li>Hom procurar\u00e0 que les decisions en el si del\u00a0 consell escolar es prenguin per consens. Si no\u00a0 \u00e9s possible arribar a un acord, es determinar\u00e0\u00a0 la decisi\u00f3 per majoria del membres presents, llevat dels casos que la normativa determini una altra majoria quali\ufb01cada.<\/li>\n<li>La convocat\u00f2ria de les reunions ordin\u00e0ries i extraordin\u00e0ries ser\u00e0 tramesa pel director, amb l\u2019antelaci\u00f3 su\ufb01cient, juntament amb\u00a0 la documentaci\u00f3 necess\u00e0ria que hagi de ser objecte de debat, i en el seu cas d\u2019aprovaci\u00f3.<\/li>\n<li>Per a que una reuni\u00f3 o sessi\u00f3 d&#8217;un consell\u00a0 escolar de centre es pugui considerar v\u00e0lida\u00a0 cal que, d&#8217;entrada, hi hagi \u201cqu\u00f2rum\u201d, \u00e9s a dir, que hi siguin presents un m\u00ednim su\ufb01cient dels seus membres. Aquest m\u00ednim \u00e9s, si la sessi\u00f3 \u00e9s en primera convocat\u00f2ria, la meitat del total de membres del CEC, i si \u00e9s en segona convocat\u00f2ria, una tercera part del total de membres.<\/li>\n<li>En cas de baixa temporal d&#8217;un membre del CEC, no es pot substituir per una altra persona. Si la baixa \u00e9s de\ufb01nitiva, cal cobrir-la amb la seg\u00fcent persona m\u00e9s votada a les darreres eleccions fetes, s\u2019ent\u00e9n dins de cada sector al que pertanyi.<\/li>\n<li>Dins de la reuni\u00f3 del CEC cal recordar que tots els seus membres poden parlar i\u00a0 exposar el seu parer sobre cada assumpte.<\/li>\n<li>Tots els membres del CEC poden demanar que consti a l&#8217;acta l&#8217;explicaci\u00f3 del seu vot, tan si \u00e9s a favor com si \u00e9s en contra del que s&#8217;hagi acordat. Si fan constar aix\u00f2, les possibles responsabilitats que es puguin derivar de la posada en pr\u00e0ctica d&#8217;aquell acord no els hi pot afectar. Per\u00f2 si no ho fan constar expressament aix\u00ed, tots els votants, hagin votat a favor o en contra, es fan responsables d&#8217;aquell acord.<\/li>\n<li>L&#8217;\u00faltim punt de les sessions \u00e9s el de &#8220;precs i preguntes&#8221;. Aqu\u00ed es pot preguntar o demanar coses, per\u00f2 no es poden prendre acords. El que si es pot fer \u00e9s que un determinat assumpte s&#8217;inclogui com un punt de l&#8217;ordre del dia de la seg\u00fcent sessi\u00f3 i, llavors s\u00ed que s&#8217;ha d&#8217;acordar el que convingui.<\/li>\n<\/ul>\n<h4><strong>Suggeriments per millorar el funcionament dels consells escolars<\/strong><\/h4>\n<p><strong>Abans de la reuni\u00f3:<\/strong><\/p>\n<ol>\n<li>Llegeix atentament la convocat\u00f2ria.<\/li>\n<\/ol>\n<ol>\n<li>Documenta&#8217;t i informa&#8217;t sobre els temes que es tractaran.\n<ol>\n<li>Consulta amb el teu col\u00b7lectiu sobre les alternatives que hi hagi de cara a prendre\u00a0 una decisi\u00f3.<\/li>\n<li>Si has de presentar alguna proposta, prepara amb molta atenci\u00f3 el que has de dir per tal que la teva intervenci\u00f3 sigui el m\u00e9s clara i concreta possible.<\/li>\n<\/ol>\n<\/li>\n<\/ol>\n<p><strong>Durant la reuni\u00f3:<\/strong><\/p>\n<ul>\n<li style=\"list-style-type: none;\">\n<ol>\n<li>Respecte el torn de paraules.<\/li>\n<li>Aporta idees.<\/li>\n<li>Intenta consensuar.<\/li>\n<li>Autocontrola el teu temps d&#8217;intervenci\u00f3.<\/li>\n<li>Proposa solucions.<\/li>\n<li>Escolta, valora i contrasta amb les teves postures tota la informaci\u00f3 que rebis.<\/li>\n<li>Al \ufb01nal de cada reuni\u00f3 han de quedar ben clars els acords i qui es responsabilitza de fer el seguiment.<\/li>\n<li>Si la discussi\u00f3 no avan\u00e7a, \u00e9s tasca de tots fer el possible per buscar alternatives i solucions.<\/li>\n<li>No et deixis portar per les emocions del moment.<\/li>\n<\/ol>\n<\/li>\n<\/ul>\n<p><strong>Despr\u00e9s de la reuni\u00f3:<\/strong><\/p>\n<ul>\n<li style=\"list-style-type: none;\">\n<ol>\n<li>Fes recull de tota la informaci\u00f3 i dels documents.<\/li>\n<li>No ho con\ufb01\u00efs tot a la mem\u00f2ria. Arxiva.<\/li>\n<li>Pensa que altres persones representaran el teu col\u00b7lectiu despr\u00e9s que tu.<\/li>\n<li>Traspassa la informaci\u00f3 amb claredat i objectivitat.<\/li>\n<li>Si hi ha hagut algun con\ufb02icte personal amb algun membre del consell, intenta aclarir la situaci\u00f3.<\/li>\n<li>Si has adquirit algun comprom\u00eds, posa&#8217;t en marxa. D&#8217;aquesta manera a la propera reuni\u00f3 podr\u00e0s informar sobre els resultats de les teves gestions.<\/li>\n<\/ol>\n<\/li>\n<\/ul>\n","protected":false},"excerpt":{"rendered":"<p>Composici\u00f3 en els centres p\u00fablics<br \/>\nComposici\u00f3 del Consell Escolar de l&#8217;Escola Sant Jaume de Br\u00e0fim, constitu\u00eft el 2 de novembre de 2023.<br \/>\nEl consell escolar de centre \u00e9s un \u00f2rgan de govern col\u00b7legiat on es troba representat tota la comunitat educativa. \u00c9s un \u00f2rgan de decisi\u00f3 i&hellip;  <a href=\"https:\/\/agora.xtec.cat\/ceipsantjaumebrafim\/equip-de-mestres\/lescola\/consell-escolar\/\" title=\"Read Consell escolar\">Llegeix m\u00e9s\u00bb<\/a><\/p>\n","protected":false},"author":2,"featured_media":0,"parent":22,"menu_order":30,"comment_status":"closed","ping_status":"closed","template":"page-templates\/side-menu.php","meta":{"_bbp_topic_count":0,"_bbp_reply_count":0,"_bbp_total_topic_count":0,"_bbp_total_reply_count":0,"_bbp_voice_count":0,"_bbp_anonymous_reply_count":0,"_bbp_topic_count_hidden":0,"_bbp_reply_count_hidden":0,"_bbp_forum_subforum_count":0,"footnotes":""},"class_list":["post-28","page","type-page","status-publish","hentry"],"post_mailing_queue_ids":[],"_links":{"self":[{"href":"https:\/\/agora.xtec.cat\/ceipsantjaumebrafim\/wp-json\/wp\/v2\/pages\/28","targetHints":{"allow":["GET"]}}],"collection":[{"href":"https:\/\/agora.xtec.cat\/ceipsantjaumebrafim\/wp-json\/wp\/v2\/pages"}],"about":[{"href":"https:\/\/agora.xtec.cat\/ceipsantjaumebrafim\/wp-json\/wp\/v2\/types\/page"}],"author":[{"embeddable":true,"href":"https:\/\/agora.xtec.cat\/ceipsantjaumebrafim\/wp-json\/wp\/v2\/users\/2"}],"replies":[{"embeddable":true,"href":"https:\/\/agora.xtec.cat\/ceipsantjaumebrafim\/wp-json\/wp\/v2\/comments?post=28"}],"version-history":[{"count":7,"href":"https:\/\/agora.xtec.cat\/ceipsantjaumebrafim\/wp-json\/wp\/v2\/pages\/28\/revisions"}],"predecessor-version":[{"id":2198,"href":"https:\/\/agora.xtec.cat\/ceipsantjaumebrafim\/wp-json\/wp\/v2\/pages\/28\/revisions\/2198"}],"up":[{"embeddable":true,"href":"https:\/\/agora.xtec.cat\/ceipsantjaumebrafim\/wp-json\/wp\/v2\/pages\/22"}],"wp:attachment":[{"href":"https:\/\/agora.xtec.cat\/ceipsantjaumebrafim\/wp-json\/wp\/v2\/media?parent=28"}],"curies":[{"name":"wp","href":"https:\/\/api.w.org\/{rel}","templated":true}]}}