{"id":26,"date":"2014-09-18T12:24:32","date_gmt":"2014-09-18T12:24:32","guid":{"rendered":"http:\/\/agora.xtec.cat\/ceipsantjaumebrafim\/?page_id=26"},"modified":"2018-12-17T13:51:31","modified_gmt":"2018-12-17T12:51:31","slug":"historia","status":"publish","type":"page","link":"https:\/\/agora.xtec.cat\/ceipsantjaumebrafim\/equip-de-mestres\/lescola\/historia\/","title":{"rendered":"La nostra hist\u00f2ria"},"content":{"rendered":"<p>L&#8217;any 2017 l&#8217;escola Sant Jaume de Br\u00e0fim va celebrar el seu 70\u00e8. aniversari. Una escola rural enclavada a la comarca de l&#8217;Alt Camp\u00a0 que acull\u00a0 infants des de l&#8217;educaci\u00f3 infantil P-3 fins a 6\u00e8 de prim\u00e0ria. Tot seguit us volem fer un breu recorregut per la seva traject\u00f2ria educativa.<\/p>\n<p>L&#8217;any 1935 un grup de ve\u00efns es van posar d&#8217;acord per crear un projecte de construcci\u00f3 d&#8217;un Grup Escolar amb el vist-i-plau del batlle i el secretari municipal, per tal d&#8217;habilitar una escola digna.<\/p>\n<p>El juliol de 1936 va esclatar la Guerra Civil\u00a0 i el projecte va quedar aturat i en finalitzar la guerra una comissi\u00f3 gestora va reprendre les obres de construcci\u00f3 amb l&#8217;aprovaci\u00f3 de les autoritats provincials i l&#8217;ajut municipal i els donatius del ve\u00efns del poble. L&#8217;obra fou realitzada pel constructor Salvador Puig i l&#8217;intervenci\u00f3 del pintor i el fuster del poble.<\/p>\n<p>Finalment el 8 d&#8217;octubre de 1947 es va inaugurar amb solemnitat el Grup Escolar per les autoritats provincials i els ve\u00efns del poble. Posteriorment tamb\u00e9 es va fer la pavimentci\u00f3 del pati.<\/p>\n<p>Els anys van passar i l&#8217;escola es va quedar petita, havent d&#8217;utilitzar-se altres depend\u00e8ncies per la qual cosa es va ampliar l&#8217;escola amb la construcci\u00f3 d&#8217;una segona planta que d\u00f3nes resposta a les noves necessitats que anaven sorgint a l&#8217;escola.<\/p>\n<p>El 1980 es va crear l&#8217;Associaci\u00f3 de Pares i Mares d&#8217;alumnes amb l&#8217;objectiu de col\u00b7laborar i organitzar activitats per l&#8217;escola.<\/p>\n<p>Aix\u00ed doncs, la inauguraci\u00f3 oficial de les obres d&#8217;ampliaci\u00f3 es va fer el 14 de desembre de 1986 conjuntament amb les obres de l&#8217;Avinguda Catalunya i la remodelaci\u00f3 de la Casa de la Vila.\u00a0 Amb el pas del temps, les escoles dels pobles ve\u00efns van anar creixent en nombre d&#8217;alumnes com de mestres. Per aquest motiu,\u00a0 el departament d&#8217;Ensenyament de la Generalitat de Catalunya va crear el curs escolar 1989-1990 la Zona Educativa Rural reconeguda amb el nom de ZER l&#8217;Atzavara que inicialment estava formada per les escoles de La Barquera d&#8217;Ali\u00f3, Sant Sebasti\u00e0 de Nulles, Manuel de Castellv\u00ed i Feliu de Vilabella, Sant Jaume de Br\u00e0fim i Joan Plana de Puigpelat. Aquesta es va segregar de la ZER el curs escolar 2008-2009. L&#8217;objectiu de la ZER es millorar l&#8217;ensenyament, compartir mestres itinerant i promoure projectes de col.laboraci\u00f3 pe seu millor funcionament.<\/p>\n<p>La darrera ampliaci\u00f3 que s&#8217;ha fet a l&#8217;escola va ser el 2016 amb el tancament del proxo per convertir.lo en una aula polivalent i multifuncional on tamb\u00e9 s&#8217;hi realitzen activitats estraescolars organitzades per l&#8217;AMPA de l&#8217;escola.<\/p>\n<p>Finalment destacar que l&#8217;any 2017, coincidint amb la celebraci\u00f3 del 70\u00e8 aniversari de l&#8217;escola,\u00a0 l&#8217;AMPA va col.laborar-hi amb\u00a0 la realitzaci\u00f3 d&#8217;un mural que va comptar amb la participaci\u00f3 de tots els\/les alumne\/as de l&#8217;escola . Una escola inclusiva de tots i per a tots.\u00a0 PER MOLTS ANYS M\u00c9S!<\/p>\n<p>Si voleu podeu visualitzar el\u00a0<a href=\"https:\/\/youtu.be\/gX3rq2wvrys\">power<\/a><\/p>\n<p>Us deixem l&#8217;enlla\u00e7 de les fotos del power que es va elaborar amb motiu de la celebraci\u00f3 del seu 70\u00e8. aniversari.<\/p>\n<p><a href=\"https:\/\/photos.app.goo.gl\/xkGPGRXnG1g6oc46A\">https:\/\/photos.app.goo.gl\/xkGPGRXnG1g6oc46A<\/a><\/p>\n","protected":false},"excerpt":{"rendered":"<p>L&#8217;any 2017 l&#8217;escola Sant Jaume de Br\u00e0fim va celebrar el seu 70\u00e8. aniversari. Una escola rural enclavada a la comarca de l&#8217;Alt Camp\u00a0 que acull\u00a0 infants des de l&#8217;educaci\u00f3 infantil P-3 fins a 6\u00e8 de prim\u00e0ria. Tot seguit us volem fer un breu recorregut per&hellip;  <a href=\"https:\/\/agora.xtec.cat\/ceipsantjaumebrafim\/equip-de-mestres\/lescola\/historia\/\" title=\"Read La nostra hist\u00f2ria\">Llegeix m\u00e9s\u00bb<\/a><\/p>\n","protected":false},"author":2,"featured_media":0,"parent":22,"menu_order":20,"comment_status":"closed","ping_status":"closed","template":"page-templates\/side-menu.php","meta":{"_bbp_topic_count":0,"_bbp_reply_count":0,"_bbp_total_topic_count":0,"_bbp_total_reply_count":0,"_bbp_voice_count":0,"_bbp_anonymous_reply_count":0,"_bbp_topic_count_hidden":0,"_bbp_reply_count_hidden":0,"_bbp_forum_subforum_count":0,"footnotes":""},"class_list":["post-26","page","type-page","status-publish","hentry"],"post_mailing_queue_ids":[],"_links":{"self":[{"href":"https:\/\/agora.xtec.cat\/ceipsantjaumebrafim\/wp-json\/wp\/v2\/pages\/26","targetHints":{"allow":["GET"]}}],"collection":[{"href":"https:\/\/agora.xtec.cat\/ceipsantjaumebrafim\/wp-json\/wp\/v2\/pages"}],"about":[{"href":"https:\/\/agora.xtec.cat\/ceipsantjaumebrafim\/wp-json\/wp\/v2\/types\/page"}],"author":[{"embeddable":true,"href":"https:\/\/agora.xtec.cat\/ceipsantjaumebrafim\/wp-json\/wp\/v2\/users\/2"}],"replies":[{"embeddable":true,"href":"https:\/\/agora.xtec.cat\/ceipsantjaumebrafim\/wp-json\/wp\/v2\/comments?post=26"}],"version-history":[{"count":5,"href":"https:\/\/agora.xtec.cat\/ceipsantjaumebrafim\/wp-json\/wp\/v2\/pages\/26\/revisions"}],"predecessor-version":[{"id":1342,"href":"https:\/\/agora.xtec.cat\/ceipsantjaumebrafim\/wp-json\/wp\/v2\/pages\/26\/revisions\/1342"}],"up":[{"embeddable":true,"href":"https:\/\/agora.xtec.cat\/ceipsantjaumebrafim\/wp-json\/wp\/v2\/pages\/22"}],"wp:attachment":[{"href":"https:\/\/agora.xtec.cat\/ceipsantjaumebrafim\/wp-json\/wp\/v2\/media?parent=26"}],"curies":[{"name":"wp","href":"https:\/\/api.w.org\/{rel}","templated":true}]}}