{"id":1333,"date":"2018-12-11T12:16:54","date_gmt":"2018-12-11T11:16:54","guid":{"rendered":"http:\/\/agora.xtec.cat\/ceipsantjaumebrafim\/?page_id=1333"},"modified":"2024-01-09T11:48:00","modified_gmt":"2024-01-09T10:48:00","slug":"equip-de-mestres","status":"publish","type":"page","link":"https:\/\/agora.xtec.cat\/ceipsantjaumebrafim\/equip-de-mestres\/","title":{"rendered":"Equip de mestres"},"content":{"rendered":"<blockquote>\n<p style=\"text-align: center;\"><strong>Curs escolar 2023-2024<\/strong><\/p>\n<p style=\"text-align: justify;\">Els alumnes m\u00e9s petits d&#8217;educaci\u00f3 infantil estaran sota la tutela del a Sra. Laia Campi Albareda, mestra d&#8217;Educaci\u00f3 infantil . Els alumnes de primer cicle estaran sota la tutela de la Sra. Nerea P\u00e9rez i del mestre el Sr. Francesc Fern\u00e1ndez Fortuny , els de segon cicle estan a c\u00e0rrec del mestre Sr. Aitor Rubio i els de tercer cicle estaran a c\u00e0rrec del Nuria Gibert. La mestra d&#8217;Angl\u00e8s de l&#8217;escola \u00e9s la Sra. Irene De los Heros.<\/p>\n<p style=\"text-align: justify;\">La Sra.<strong>\u00a0Merc\u00e8 Sol\u00e9 i Estrada<\/strong><strong>\u00a0<\/strong>exerceix de directora actualment i d\u00f3na classes a educaci\u00f3 prim\u00e0ria.<\/p>\n<p style=\"text-align: justify;\">Algunes mat\u00e8ries les imparteixen els professors itinerants de la <strong>ZER Atzavara<\/strong>, tamb\u00e9 inclou: \u00a0 Vilabella i Ali\u00f3.<\/p>\n<p style=\"text-align: justify;\">L&#8217;<strong>Escola Sant Jaume de Br\u00e0fim<\/strong>\u00a0acostuma a col\u00b7laborar en totes les iniciatives que es duen a terme al municipi.\u00a0\u00c9s un mecanisme integrador de Br\u00e0fim, una <strong>escola oberta al poble<\/strong>. \u00a0Aquesta col\u00b7laboraci\u00f3 \u00e9s tan estreta que els pares i les mares, l&#8217;alumnat i l&#8217;equip docent participen en el butllet\u00ed municipal. Tamb\u00e9 \u00e9s freq\u00fcent que el centre prengui part en el certamen literari de Sant Jordi. L&#8217;Escola Sant Jaume t\u00e9 61 alumnes matriculats que es distribueixen en quatre grups, el\u00a0 de parvulari,\u00a0 cicle inicial, el de cicle mitj\u00e0 , i el de superior.<\/p>\n<p style=\"text-align: justify;\">Actualment la plantilla consta 6 mestres.\u00a0<strong>L&#8217;organigrama de l&#8217;Escola Sant Jaume de Br\u00e0fim \u00e9s el seg\u00fcent:<\/strong><\/p>\n<\/blockquote>\n<table id=\"table4\" style=\"height: 954px;\" border=\"0\" width=\"102%\">\n<tbody>\n<tr style=\"height: 31px;\">\n<td style=\"height: 31px;\" bgcolor=\"#CCFFCC\" width=\"16%\"><span style=\"font-family: Arial; font-size: small;\"><b>Equip Directiu<\/b><\/span><\/td>\n<td style=\"height: 31px;\" bgcolor=\"#CCFFCC\" width=\"45%\"><\/td>\n<td style=\"height: 31px;\" bgcolor=\"#CCFFCC\" width=\"37%\"><\/td>\n<\/tr>\n<tr style=\"height: 31px;\">\n<td style=\"height: 31px;\" bgcolor=\"#CCFFCC\" width=\"16%\"><\/td>\n<td style=\"height: 31px;\" bgcolor=\"#CCFFCC\" width=\"45%\"><span style=\"font-family: Arial; font-size: small;\"><b>Directora<\/b><\/span><\/td>\n<td style=\"height: 31px;\" bgcolor=\"#CCFFCC\" width=\"37%\"><span style=\"font-family: Arial; font-size: small;\">Sra.\u00a0Merc\u00e8 Sol\u00e9 i Estrada<\/span><\/td>\n<\/tr>\n<tr style=\"height: 31px;\">\n<td style=\"height: 31px;\" bgcolor=\"#CCFFCC\" width=\"16%\"><\/td>\n<td style=\"height: 31px;\" bgcolor=\"#CCFFCC\" width=\"45%\"><span style=\"font-family: Arial; font-size: small;\"><b>Secret\u00e0ria<\/b><\/span><\/td>\n<td style=\"height: 31px;\" bgcolor=\"#CCFFCC\" width=\"37%\"><span style=\"font-family: Arial; font-size: small;\">Sr. Francesc Fern\u00e1ndez Fortuny<\/span><\/td>\n<\/tr>\n<tr style=\"height: 31px;\">\n<td style=\"height: 31px;\" bgcolor=\"#FFFF99\" width=\"16%\"><b><span style=\"font-family: Arial; font-size: small;\">Mestres<\/span><\/b><\/td>\n<td style=\"height: 31px;\" bgcolor=\"#FFFF99\" width=\"45%\"><span style=\"font-family: Arial; font-size: small;\"><b>P\u00e0rvuls I3, I4 i I5<br \/>\n<\/b><\/span><\/td>\n<td style=\"height: 31px;\" bgcolor=\"#FFFF99\" width=\"37%\"><span style=\"font-family: Arial; font-size: small;\">Sra. Laia Campi Alabareda<br \/>\n<\/span><\/td>\n<\/tr>\n<tr style=\"height: 31px;\">\n<td style=\"height: 31px;\" bgcolor=\"#FFFF99\" width=\"16%\"><\/td>\n<td style=\"height: 31px;\" bgcolor=\"#FFFF99\" width=\"45%\"><\/td>\n<td style=\"height: 31px;\" bgcolor=\"#FFFF99\" width=\"37%\"><\/td>\n<\/tr>\n<tr style=\"height: 31px;\">\n<td style=\"height: 31px;\" bgcolor=\"#FFFF99\" width=\"16%\"><\/td>\n<td style=\"height: 31px;\" bgcolor=\"#FFFF99\" width=\"45%\"><span style=\"font-family: Arial; font-size: small;\"><b>Primer cicle \u00a0 1r i 2n<\/b><\/span><\/td>\n<td style=\"height: 31px;\" bgcolor=\"#FFFF99\" width=\"37%\"><span style=\"font-family: Arial; font-size: small;\">Sra. Nerea P\u00e9rez i Sr. Francesc Fern\u00e1ndez Fortuny<\/span><\/td>\n<\/tr>\n<tr style=\"height: 31px;\">\n<td style=\"height: 31px;\" bgcolor=\"#FFFF99\" width=\"16%\"><\/td>\n<td style=\"height: 31px;\" bgcolor=\"#FFFF99\" width=\"45%\"><span style=\"font-family: Arial; font-size: small;\"><b>Segon cicle\u00a0 3r i 4t<br \/>\n<\/b><\/span><\/td>\n<td style=\"height: 31px;\" bgcolor=\"#FFFF99\" width=\"37%\"><span style=\"font-family: Arial; font-size: small;\">Sr. Aitor Rubio Segarra<br \/>\n<\/span><\/td>\n<\/tr>\n<tr style=\"height: 31px;\">\n<td style=\"height: 31px;\" bgcolor=\"#FFFF99\" width=\"16%\"><\/td>\n<td style=\"height: 31px;\" bgcolor=\"#FFFF99\" width=\"45%\"><span style=\"font-family: Arial; font-size: small;\"><b>Tercer cicle \u00a0 5\u00e8 i 6\u00e8\u00a0<\/b><\/span><\/td>\n<td style=\"height: 31px;\" bgcolor=\"#FFFF99\" width=\"37%\"><span style=\"font-family: Arial; font-size: small;\">Sra.\u00a0 N\u00faria Gibert Punsarnau<br \/>\n<\/span><\/td>\n<\/tr>\n<tr style=\"height: 31px;\">\n<td style=\"height: 31px;\" bgcolor=\"#FFFF99\" width=\"16%\"><\/td>\n<td style=\"height: 31px;\" bgcolor=\"#FFFF99\" width=\"45%\"><span style=\"font-family: Arial; font-size: small;\"><b>Llengua estrengera: angl\u00e8s<\/b><\/span><\/td>\n<td style=\"height: 31px;\" bgcolor=\"#FFFF99\" width=\"37%\"><span style=\"font-family: Arial; font-size: small;\">Sra. Irene De los Heros\u00a0\u00a0\u00a0 Mart\u00ednez<br \/>\n<\/span><\/td>\n<\/tr>\n<tr style=\"height: 31px;\">\n<td style=\"height: 31px;\" bgcolor=\"#FFCC66\" width=\"16%\"><b><span style=\"font-family: Arial; font-size: small;\">M. Itinerants<\/span><\/b><\/td>\n<td style=\"height: 31px;\" bgcolor=\"#FFCC66\" width=\"45%\"><b><span style=\"font-family: Arial; font-size: small;\">Pedagogia Terap\u00e8utica<\/span><\/b><\/td>\n<td style=\"height: 31px;\" bgcolor=\"#FFCC66\" width=\"37%\"><span style=\"font-family: Arial; font-size: small;\">Sra. Elianne Caball\u00e9<br \/>\n<\/span><\/td>\n<\/tr>\n<tr style=\"height: 31px;\">\n<td style=\"height: 31px;\" bgcolor=\"#FFCC66\" width=\"16%\"><\/td>\n<td style=\"height: 31px;\" bgcolor=\"#FFCC66\" width=\"45%\"><b><span style=\"font-family: Arial; font-size: small;\">Educaci\u00f3 F\u00edsica<\/span><\/b><\/td>\n<td style=\"height: 31px;\" bgcolor=\"#FFCC66\" width=\"37%\"><span style=\"font-family: Arial; font-size: small;\">Sr. Marcel\u00a0 Recasens<br \/>\n<\/span><\/td>\n<\/tr>\n<tr style=\"height: 31px;\">\n<td style=\"height: 31px;\" bgcolor=\"#FFCC66\" width=\"16%\"><\/td>\n<td style=\"height: 31px;\" bgcolor=\"#FFCC66\" width=\"45%\"><b><span style=\"font-family: Arial; font-size: small;\">Educaci\u00f3 Musical<\/span><\/b><\/td>\n<td style=\"height: 31px;\" bgcolor=\"#FFCC66\" width=\"37%\"><span style=\"font-family: Arial; font-size: small;\">Sra. Silvia Puente<br \/>\n<\/span><\/td>\n<\/tr>\n<tr style=\"height: 31px;\">\n<td style=\"height: 31px;\" bgcolor=\"#FF6666\" width=\"16%\"><b><span style=\"font-family: Arial; font-size: small;\">Altres serveis<\/span><\/b><\/td>\n<td style=\"height: 31px;\" bgcolor=\"#FF6666\" width=\"45%\"><b><span style=\"font-family: Arial; font-size: small;\">Religi\u00f3<\/span><\/b><\/td>\n<td style=\"height: 31px;\" bgcolor=\"#FF6666\" width=\"37%\"><span style=\"font-family: Arial; font-size: small;\">Sr. Ruben Antequera Freixa<\/span><\/td>\n<\/tr>\n<tr style=\"height: 31px;\">\n<td style=\"height: 31px;\" bgcolor=\"#FF6666\" width=\"16%\"><\/td>\n<td style=\"height: 31px;\" bgcolor=\"#FF6666\" width=\"45%\"><b><span style=\"font-family: Arial; font-size: small;\">EAP T-01 Alt Camp<\/span><\/b><\/td>\n<td style=\"height: 31px;\" bgcolor=\"#FF6666\" width=\"37%\"><span style=\"font-family: Arial; font-size: small;\">Sra. S\u00f2nia Iglesias<br \/>\n<\/span><\/td>\n<\/tr>\n<tr style=\"height: 31px;\">\n<td style=\"height: 31px;\" bgcolor=\"#FF6666\" width=\"16%\"><\/td>\n<td style=\"height: 31px;\" bgcolor=\"#FF6666\" width=\"45%\"><b><span style=\"font-family: Arial; font-size: small;\">Assistent social<\/span><\/b><\/td>\n<td style=\"height: 31px;\" bgcolor=\"#FF6666\" width=\"37%\"><span style=\"font-family: Arial; font-size: small;\">Sr. Ricard Domingo<\/span><\/td>\n<\/tr>\n<tr style=\"height: 31px;\">\n<td style=\"height: 31px;\" bgcolor=\"#FF6666\" width=\"16%\"><\/td>\n<td style=\"height: 31px;\" bgcolor=\"#FF6666\" width=\"45%\"><b><span style=\"font-family: Arial; font-size: small;\">Monitora Menjador escolar<\/span><\/b><\/td>\n<td style=\"height: 31px;\" bgcolor=\"#FF6666\" width=\"37%\"><span style=\"font-family: Arial; font-size: small;\">Sra. Carme Garcia Franco<\/span><\/td>\n<\/tr>\n<tr style=\"height: 31px;\">\n<td style=\"height: 31px;\" colspan=\"2\" bgcolor=\"#CCFF33\" width=\"61%\"><span style=\"font-family: Arial; font-size: small;\">Horari de Direcci\u00f3<\/span><\/td>\n<td style=\"height: 31px;\" bgcolor=\"#CCFF33\" width=\"37%\">\u00a0Pr\u00e8via petici\u00f3 d&#8217;hora<\/td>\n<\/tr>\n<tr style=\"height: 31px;\">\n<td style=\"height: 31px;\" bgcolor=\"#CCFF33\" width=\"16%\">\u00a0<span style=\"font-family: Arial; font-size: small;\">Horari de tutors &#8211;\u00a0 d&#8217;atenci\u00f3 al p\u00fablic<\/span><\/td>\n<td style=\"height: 31px;\" valign=\"top\" bgcolor=\"#CCFF33\" width=\"45%\"><\/td>\n<td style=\"height: 31px;\" bgcolor=\"#CCFF33\" width=\"37%\">Pr\u00e8via petici\u00f3 d&#8217;hora<\/td>\n<\/tr>\n<tr style=\"height: 31px;\">\n<td style=\"height: 31px;\" bgcolor=\"#CCFF33\" width=\"16%\">\u00a0Inspector<\/td>\n<td style=\"height: 31px;\" valign=\"top\" bgcolor=\"#CCFF33\" width=\"45%\">Sr.\u00a0\u00a0 Josep Ram\u00f3n Tarrag\u00f3<\/td>\n<td style=\"height: 31px;\" bgcolor=\"#CCFF33\" width=\"37%\">Pr\u00e8via petici\u00f3 d&#8217;hora<\/td>\n<\/tr>\n<\/tbody>\n<\/table>\n","protected":false},"excerpt":{"rendered":"<p>Curs escolar 2023-2024<br \/>\nEls alumnes m\u00e9s petits d&#8217;educaci\u00f3 infantil estaran sota la tutela del a Sra. Laia Campi Albareda, mestra d&#8217;Educaci\u00f3 infantil . Els alumnes de primer cicle estaran sota la tutela de la Sra. Nerea P\u00e9rez i del mestre el Sr. Francesc Fern\u00e1ndez Fortuny ,&hellip;  <a href=\"https:\/\/agora.xtec.cat\/ceipsantjaumebrafim\/equip-de-mestres\/\" title=\"Read Equip de mestres\">Llegeix m\u00e9s\u00bb<\/a><\/p>\n","protected":false},"author":1,"featured_media":0,"parent":0,"menu_order":0,"comment_status":"closed","ping_status":"closed","template":"","meta":{"_bbp_topic_count":0,"_bbp_reply_count":0,"_bbp_total_topic_count":0,"_bbp_total_reply_count":0,"_bbp_voice_count":0,"_bbp_anonymous_reply_count":0,"_bbp_topic_count_hidden":0,"_bbp_reply_count_hidden":0,"_bbp_forum_subforum_count":0,"footnotes":""},"class_list":["post-1333","page","type-page","status-publish","hentry"],"post_mailing_queue_ids":[],"_links":{"self":[{"href":"https:\/\/agora.xtec.cat\/ceipsantjaumebrafim\/wp-json\/wp\/v2\/pages\/1333","targetHints":{"allow":["GET"]}}],"collection":[{"href":"https:\/\/agora.xtec.cat\/ceipsantjaumebrafim\/wp-json\/wp\/v2\/pages"}],"about":[{"href":"https:\/\/agora.xtec.cat\/ceipsantjaumebrafim\/wp-json\/wp\/v2\/types\/page"}],"author":[{"embeddable":true,"href":"https:\/\/agora.xtec.cat\/ceipsantjaumebrafim\/wp-json\/wp\/v2\/users\/1"}],"replies":[{"embeddable":true,"href":"https:\/\/agora.xtec.cat\/ceipsantjaumebrafim\/wp-json\/wp\/v2\/comments?post=1333"}],"version-history":[{"count":5,"href":"https:\/\/agora.xtec.cat\/ceipsantjaumebrafim\/wp-json\/wp\/v2\/pages\/1333\/revisions"}],"predecessor-version":[{"id":2215,"href":"https:\/\/agora.xtec.cat\/ceipsantjaumebrafim\/wp-json\/wp\/v2\/pages\/1333\/revisions\/2215"}],"wp:attachment":[{"href":"https:\/\/agora.xtec.cat\/ceipsantjaumebrafim\/wp-json\/wp\/v2\/media?parent=1333"}],"curies":[{"name":"wp","href":"https:\/\/api.w.org\/{rel}","templated":true}]}}