{"id":4180,"date":"2023-06-13T13:07:03","date_gmt":"2023-06-13T11:07:03","guid":{"rendered":"https:\/\/agora.xtec.cat\/ceipsantjaume\/?page_id=4180"},"modified":"2023-06-13T13:08:16","modified_gmt":"2023-06-13T11:08:16","slug":"desenvolupament-curricular-de-lalumnat","status":"publish","type":"page","link":"https:\/\/agora.xtec.cat\/ceipsantjaume\/projecte-educatiu\/estrategia-digital-de-centre\/cultura-digital\/desenvolupament-curricular-de-lalumnat\/","title":{"rendered":"DESENVOLUPAMENT CURRICULAR DE L\u2019ALUMNAT"},"content":{"rendered":"<p style=\"text-align: justify;\"><b>En l\u2019\u00e0mbit metodol\u00f2gic:<\/b> <span style=\"font-weight: 400;\">L\u2019\u00fas de les tecnologies en el centre est\u00e0 integrat en les programacions d\u2019aula de cada curs. La utilitzaci\u00f3 de les tecnologies va augmentant segons el nivell de desenvolupament en cada curs i \u00e0mbit de coneixement.\u00a0<\/span><\/p>\n<p style=\"text-align: justify;\"><span style=\"font-weight: 400;\">Algunes de les activitats i recursos digitals destacats per comunitats s\u00f3n:<\/span><\/p>\n<ul>\n<li style=\"text-align: justify;\"><b>Comunitat dels petits: <\/b><span style=\"font-weight: 400;\">Material de projecci\u00f3 Introducci\u00f3 a la programaci\u00f3 i al pensament computacional amb Bee Bots.<\/span><\/li>\n<li style=\"text-align: justify;\"><b>Comunitat dels mitjans: <\/b><span style=\"font-weight: 400;\">\u00das de les tauletes digitals com a complement dels aprenentatges relacionats amb les compet\u00e8ncies establertes en l\u2019etapa.<\/span><\/li>\n<li style=\"text-align: justify;\"><b>Comunitat dels grans: <\/b><span style=\"font-weight: 400;\">Iniciaci\u00f3 a l\u2019\u00fas de l\u2019espai EVA del centre (Classroom) i utilitzaci\u00f3 de les eines WorkSpace (correu electr\u00f2nic, presentacions de Google, documents de Google). Iniciaci\u00f3 a l\u2019edici\u00f3 d\u2019imatges a trav\u00e9s d\u2019eines digitals.<\/span><\/li>\n<\/ul>\n<p style=\"text-align: justify;\"><span style=\"font-weight: 400;\">En aquests moments, s<strong>&#8216;est\u00e0 treballant en la creaci\u00f3 d&#8217;un document que descriur\u00e0 de manera detallada la implementaci\u00f3 de la compet\u00e8ncia digital de l\u2019alumnat.<\/strong> Us convidem a accedir a l&#8217;enlla\u00e7 seg\u00fcent per consultar el document en proc\u00e9s de desenvolupament: <\/span><a href=\"https:\/\/docs.google.com\/spreadsheets\/d\/1h5RnprpFMD01ifiCJ46l9mecfdWbBhXTJ8mLO4JVLO8\/edit?usp=sharing\"><span style=\"font-weight: 400;\">Document de desplegament de la compet\u00e8ncia digital de l\u2019alumnat.\u00a0<\/span><\/a><\/p>\n<p>&nbsp;<\/p>\n","protected":false},"excerpt":{"rendered":"<p>En l\u2019\u00e0mbit metodol\u00f2gic: L\u2019\u00fas de les tecnologies en el centre est\u00e0 integrat en les programacions d\u2019aula de cada curs. La utilitzaci\u00f3 de les tecnologies va augmentant segons el nivell de desenvolupament en cada curs i \u00e0mbit de coneixement.\u00a0 Algunes de les activitats i recursos digitals destacats per comunitats s\u00f3n: Comunitat dels petits: Material de projecci\u00f3 [&hellip;]<\/p>\n","protected":false},"author":1,"featured_media":0,"parent":3666,"menu_order":0,"comment_status":"closed","ping_status":"closed","template":"","meta":{"_bbp_topic_count":0,"_bbp_reply_count":0,"_bbp_total_topic_count":0,"_bbp_total_reply_count":0,"_bbp_voice_count":0,"_bbp_anonymous_reply_count":0,"_bbp_topic_count_hidden":0,"_bbp_reply_count_hidden":0,"_bbp_forum_subforum_count":0,"site-sidebar-layout":"default","site-content-layout":"","ast-site-content-layout":"","site-content-style":"default","site-sidebar-style":"default","ast-global-header-display":"","ast-banner-title-visibility":"","ast-main-header-display":"","ast-hfb-above-header-display":"","ast-hfb-below-header-display":"","ast-hfb-mobile-header-display":"","site-post-title":"","ast-breadcrumbs-content":"","ast-featured-img":"","footer-sml-layout":"","theme-transparent-header-meta":"","adv-header-id-meta":"","stick-header-meta":"","header-above-stick-meta":"","header-main-stick-meta":"","header-below-stick-meta":"","astra-migrate-meta-layouts":"default","ast-page-background-enabled":"default","ast-page-background-meta":{"desktop":{"background-color":"var(--ast-global-color-4)","background-image":"","background-repeat":"repeat","background-position":"center center","background-size":"auto","background-attachment":"scroll","background-type":"","background-media":"","overlay-type":"","overlay-color":"","overlay-opacity":"","overlay-gradient":""},"tablet":{"background-color":"","background-image":"","background-repeat":"repeat","background-position":"center center","background-size":"auto","background-attachment":"scroll","background-type":"","background-media":"","overlay-type":"","overlay-color":"","overlay-opacity":"","overlay-gradient":""},"mobile":{"background-color":"","background-image":"","background-repeat":"repeat","background-position":"center center","background-size":"auto","background-attachment":"scroll","background-type":"","background-media":"","overlay-type":"","overlay-color":"","overlay-opacity":"","overlay-gradient":""}},"ast-content-background-meta":{"desktop":{"background-color":"var(--ast-global-color-5)","background-image":"","background-repeat":"repeat","background-position":"center center","background-size":"auto","background-attachment":"scroll","background-type":"","background-media":"","overlay-type":"","overlay-color":"","overlay-opacity":"","overlay-gradient":""},"tablet":{"background-color":"var(--ast-global-color-5)","background-image":"","background-repeat":"repeat","background-position":"center center","background-size":"auto","background-attachment":"scroll","background-type":"","background-media":"","overlay-type":"","overlay-color":"","overlay-opacity":"","overlay-gradient":""},"mobile":{"background-color":"var(--ast-global-color-5)","background-image":"","background-repeat":"repeat","background-position":"center center","background-size":"auto","background-attachment":"scroll","background-type":"","background-media":"","overlay-type":"","overlay-color":"","overlay-opacity":"","overlay-gradient":""}},"footnotes":""},"class_list":["post-4180","page","type-page","status-publish","hentry"],"post_mailing_queue_ids":[],"_links":{"self":[{"href":"https:\/\/agora.xtec.cat\/ceipsantjaume\/wp-json\/wp\/v2\/pages\/4180","targetHints":{"allow":["GET"]}}],"collection":[{"href":"https:\/\/agora.xtec.cat\/ceipsantjaume\/wp-json\/wp\/v2\/pages"}],"about":[{"href":"https:\/\/agora.xtec.cat\/ceipsantjaume\/wp-json\/wp\/v2\/types\/page"}],"author":[{"embeddable":true,"href":"https:\/\/agora.xtec.cat\/ceipsantjaume\/wp-json\/wp\/v2\/users\/1"}],"replies":[{"embeddable":true,"href":"https:\/\/agora.xtec.cat\/ceipsantjaume\/wp-json\/wp\/v2\/comments?post=4180"}],"version-history":[{"count":2,"href":"https:\/\/agora.xtec.cat\/ceipsantjaume\/wp-json\/wp\/v2\/pages\/4180\/revisions"}],"predecessor-version":[{"id":4183,"href":"https:\/\/agora.xtec.cat\/ceipsantjaume\/wp-json\/wp\/v2\/pages\/4180\/revisions\/4183"}],"up":[{"embeddable":true,"href":"https:\/\/agora.xtec.cat\/ceipsantjaume\/wp-json\/wp\/v2\/pages\/3666"}],"wp:attachment":[{"href":"https:\/\/agora.xtec.cat\/ceipsantjaume\/wp-json\/wp\/v2\/media?parent=4180"}],"curies":[{"name":"wp","href":"https:\/\/api.w.org\/{rel}","templated":true}]}}