{"id":3993,"date":"2022-11-22T13:50:56","date_gmt":"2022-11-22T12:50:56","guid":{"rendered":"https:\/\/agora.xtec.cat\/ceipsantjaume\/?page_id=3993"},"modified":"2022-11-22T15:18:51","modified_gmt":"2022-11-22T14:18:51","slug":"descripcio-de-serveis-i-usuaris-de-centre","status":"publish","type":"page","link":"https:\/\/agora.xtec.cat\/ceipsantjaume\/projecte-educatiu\/estrategia-digital-de-centre\/cultura-digital\/descripcio-de-serveis-i-usuaris-de-centre\/","title":{"rendered":"DESCRIPCI\u00d3 DE SERVEIS"},"content":{"rendered":"<p><strong>DESCRIPCI\u00d3 DE SERVEIS<\/strong><\/p>\n<ul>\n<li><b><span style=\"text-decoration: underline;\">Usuaris de centre &#8211; domini propi<\/span> <a href=\"https:\/\/agora.xtec.cat\/ceipsantjaume\/wp-content\/uploads\/usu1815\/2022\/11\/baixa.png\"><img loading=\"lazy\" decoding=\"async\" class=\"wp-image-3997 alignright\" src=\"https:\/\/agora.xtec.cat\/ceipsantjaume\/wp-content\/uploads\/usu1815\/2022\/11\/baixa.png\" alt=\"\" width=\"91\" height=\"91\" srcset=\"https:\/\/agora.xtec.cat\/ceipsantjaume\/wp-content\/uploads\/usu1815\/2022\/11\/baixa.png 225w, https:\/\/agora.xtec.cat\/ceipsantjaume\/wp-content\/uploads\/usu1815\/2022\/11\/baixa-150x150.png 150w\" sizes=\"auto, (max-width: 91px) 100vw, 91px\" \/><\/a><\/b><\/li>\n<\/ul>\n<p><span style=\"font-weight: 400;\">L&#8217;<\/span><b>Escola Sant Jaume<\/b><span style=\"font-weight: 400;\"> disposa de domini propi de Google Workspace (<\/span><b>@escolasantjaume.cat<\/b><span style=\"font-weight: 400;\">). Aquest domini s&#8217;utilitza per part de tot l&#8217;alumnat de l\u2019escola i per part de cada tutoria i especialistes del centre.<\/span><\/p>\n<p><b>La coordinadora digital del centre<\/b><span style=\"font-weight: 400;\"> \u00e9s l&#8217;encarregada de crear els diferents correus del domini per a tot l&#8217;alumnat i per l&#8217;alumnat nou que pot arribar durant el curs.<\/span><\/p>\n<p><span style=\"font-weight: 400;\">L\u2019explicaci\u00f3 de l\u2019\u00fas del correu de domini propi es realitza de manera general a partir d\u2019I3. Els i les tutores de la comunitat de mitjans cada curs escolar s\u00f3n els o les encarregades d&#8217;ajudar-los a iniciar-se en el seu \u00fas. D\u2019altra banda, la comunitat de grans ho treballen de manera aut\u00f2noma.<\/span><\/p>\n<p><span style=\"font-weight: 400;\">La coordinadora digital s&#8217;encarrega de mantenir actualitzats els correus de cada tutoria i especialitat i de solucionar els possibles problemes derivats del seu \u00fas.<\/span><\/p>\n<ul>\n<li aria-level=\"1\"><span style=\"text-decoration: underline;\"><b>Entorns Virtuals d\u2019Aprenentatge (EVA)<\/b><\/span><\/li>\n<\/ul>\n<p><span style=\"font-weight: 400;\">L&#8217;alumnat a partir de 4t de prim\u00e0ria del centre s&#8217;inicia en l&#8217;\u00fas de l&#8217;Entorn Virtual d&#8217;Aprenentatge Classroom i progressivament el seu \u00fas es va incorporant de manera m\u00e9s sistematitzada i com a suport directe del proc\u00e9s d&#8217;aprenentatge de l&#8217;alumnat.<\/span><\/p>\n<p><span style=\"font-weight: 400;\">En la comunitat dels grans el seu \u00fas \u00e9s setmanal i s&#8217;utilitza com a espai de presentaci\u00f3 de tasques, resoluci\u00f3 d&#8217;activitats, espai de debat entre l&#8217;alumnat i com a un dels canals de comunicaci\u00f3 amb l&#8217;equip docent quan ens trobem fora de l&#8217;horari lectiu.<\/span><\/p>\n<ul>\n<li aria-level=\"1\"><b><span style=\"text-decoration: underline;\">Servei al n\u00favol &#8211; Espai compartit (documentaci\u00f3 i funcionament intern)<\/span><a href=\"https:\/\/agora.xtec.cat\/ceipsantjaume\/wp-content\/uploads\/usu1815\/2022\/11\/business-17686_640.jpg\"><img loading=\"lazy\" decoding=\"async\" class=\"wp-image-3998 alignright\" src=\"https:\/\/agora.xtec.cat\/ceipsantjaume\/wp-content\/uploads\/usu1815\/2022\/11\/business-17686_640.jpg\" alt=\"\" width=\"187\" height=\"140\" srcset=\"https:\/\/agora.xtec.cat\/ceipsantjaume\/wp-content\/uploads\/usu1815\/2022\/11\/business-17686_640.jpg 640w, https:\/\/agora.xtec.cat\/ceipsantjaume\/wp-content\/uploads\/usu1815\/2022\/11\/business-17686_640-300x225.jpg 300w, https:\/\/agora.xtec.cat\/ceipsantjaume\/wp-content\/uploads\/usu1815\/2022\/11\/business-17686_640-200x150.jpg 200w\" sizes=\"auto, (max-width: 187px) 100vw, 187px\" \/><\/a><\/b><\/li>\n<\/ul>\n<p><span style=\"font-weight: 400;\">El claustre de l&#8217;Escola Sant Jaume disposa d&#8217;una unitat compartida al n\u00favol del centre i on tenen acc\u00e9s a documentaci\u00f3, formacions, material did\u00e0ctic i on es poden compartir certs aspectes del seu treball a l&#8217;escola per agilitzar la coordinaci\u00f3.<\/span><\/p>\n<p><span style=\"font-weight: 400;\">\u00c9s un espai tancat per al personal de l&#8217;escola i hi ha certs punts de control i de protecci\u00f3. Alguns documents, de forma interna, tenen limitacions en la visualitzaci\u00f3 i l&#8217;edici\u00f3 per incrementar la seguretat de les dades i millorar-ne l&#8217;organitzaci\u00f3 i el funcionament.<\/span><\/p>\n<p><span style=\"font-weight: 400;\">El claustre disposa d\u2019un Google Calendar compartit on s\u2019especifiquen les reunions, sortides, formacions, etc.<\/span><\/p>\n<ul>\n<li aria-level=\"1\"><span style=\"text-decoration: underline;\"><b>Sistema de comunicaci\u00f3 al centre<\/b><\/span><\/li>\n<\/ul>\n<p><span style=\"font-weight: 400;\">El claustre de l\u2019Escola Sant Jaume disposa d\u2019un grup de Whatsapp on estan tots i totes les docents i per on es comuniquen informacions importants del dia com per exemple: substitucions, recordatoris, etc.\u00a0<\/span><\/p>\n<p><b>MAQUINARI:\u00a0<\/b><\/p>\n<p><b>L\u2019Escola Sant Jaume disposa del seg\u00fcent maquinari en el centre per a l\u2019alumnat i professorat:<\/b><\/p>\n<ul>\n<li aria-level=\"1\"><b><span style=\"text-decoration: underline;\">Ordinador port\u00e0til docent:<\/span><a href=\"https:\/\/agora.xtec.cat\/ceipsantjaume\/wp-content\/uploads\/usu1815\/2022\/11\/baixa.jpg\"><img loading=\"lazy\" decoding=\"async\" class=\"size-full wp-image-4003 alignright\" src=\"https:\/\/agora.xtec.cat\/ceipsantjaume\/wp-content\/uploads\/usu1815\/2022\/11\/baixa.jpg\" alt=\"\" width=\"225\" height=\"225\" srcset=\"https:\/\/agora.xtec.cat\/ceipsantjaume\/wp-content\/uploads\/usu1815\/2022\/11\/baixa.jpg 225w, https:\/\/agora.xtec.cat\/ceipsantjaume\/wp-content\/uploads\/usu1815\/2022\/11\/baixa-150x150.jpg 150w\" sizes=\"auto, (max-width: 225px) 100vw, 225px\" \/><\/a><\/b><\/li>\n<\/ul>\n<p><span style=\"font-weight: 400;\">Els i les docents de l&#8217;Escola Sant Jaume disposen d&#8217;un port\u00e0til Lenovo personal. Aquests port\u00e0tils s&#8217;han rebut emmarcats en el desplegament tecnol\u00f2gic del Pla d&#8217;Educaci\u00f3 Digital de Catalunya.<\/span><\/p>\n<p><span style=\"font-weight: 400;\">Aquests port\u00e0tils els cedeix l&#8217;escola durant el per\u00edode en qu\u00e8 el o la docent est\u00e0 en el centre.<\/span><\/p>\n<ul>\n<li aria-level=\"1\"><span style=\"text-decoration: underline;\"><b>Ordinador port\u00e0til alumnat:<\/b><\/span><\/li>\n<\/ul>\n<p><span style=\"font-weight: 400;\">La comunitat de grans de l\u2019Escola Sant Jaume disposa de port\u00e0til amb sistema operatiu Windows. Aquests port\u00e0tils s&#8217;han rebut emmarcats en el desplegament tecnol\u00f2gic del Pla d&#8217;Educaci\u00f3 Digital de Catalunya.<\/span><\/p>\n<p><span style=\"font-weight: 400;\">Aquests port\u00e0tils els cedeix l&#8217;escola durant el per\u00edode escolar de l&#8217;alumnat i s\u00f3n exclusivament per al treball escolar.\u00a0<\/span><\/p>\n<p><span style=\"font-weight: 400;\">En cas que l\u2019alumnat de 5\u00e8 i 6\u00e8 no disposi de dispositius digitals (ordinador port\u00e0til i\/o MIFI) per a fer el treball acad\u00e8mic a casa i amb autoritzaci\u00f3 pr\u00e8via del centre, pot disposar d\u2019aquest.<\/span><\/p>\n<ul>\n<li aria-level=\"1\"><b><span style=\"text-decoration: underline;\">Tauletes digitals:<\/span><a href=\"https:\/\/agora.xtec.cat\/ceipsantjaume\/wp-content\/uploads\/usu1815\/2022\/11\/marcas-tablets-03-U17214682885WLE-510x349@abc.jpg\"><img loading=\"lazy\" decoding=\"async\" class=\"wp-image-4004 alignright\" src=\"https:\/\/agora.xtec.cat\/ceipsantjaume\/wp-content\/uploads\/usu1815\/2022\/11\/marcas-tablets-03-U17214682885WLE-510x349@abc.jpg\" alt=\"\" width=\"174\" height=\"119\" srcset=\"https:\/\/agora.xtec.cat\/ceipsantjaume\/wp-content\/uploads\/usu1815\/2022\/11\/marcas-tablets-03-U17214682885WLE-510x349@abc.jpg 510w, https:\/\/agora.xtec.cat\/ceipsantjaume\/wp-content\/uploads\/usu1815\/2022\/11\/marcas-tablets-03-U17214682885WLE-510x349@abc-300x205.jpg 300w\" sizes=\"auto, (max-width: 174px) 100vw, 174px\" \/><\/a><\/b><\/li>\n<\/ul>\n<p><span style=\"font-weight: 400;\">El centre disposa d&#8217;aquest tipus de dispositiu digital per al seu \u00fas pedag\u00f2gic en les diferents comunitats.<\/span><\/p>\n<p><span style=\"font-weight: 400;\">Aquests dispositius digitals, per les seves caracter\u00edstiques, generalment s&#8217;utilitzen per a l&#8217;alumnat de la comunitat dels petits i dels mitjans, tot i que la seva disposici\u00f3 \u00e9s per a tot el centre.<\/span><\/p>\n<p><a href=\"https:\/\/agora.xtec.cat\/ceipsantjaume\/wp-content\/uploads\/usu1815\/2022\/11\/baixa-1.png\"><img loading=\"lazy\" decoding=\"async\" class=\"wp-image-4000 alignright\" src=\"https:\/\/agora.xtec.cat\/ceipsantjaume\/wp-content\/uploads\/usu1815\/2022\/11\/baixa-1.png\" alt=\"\" width=\"146\" height=\"124\" \/><\/a><\/p>\n<ul>\n<li aria-level=\"1\"><span style=\"text-decoration: underline;\"><b>Impressi\u00f3:<\/b><\/span><\/li>\n<\/ul>\n<p><span style=\"font-weight: 400;\">El centre disposa d\u2019una sola impresora Konica Minolta. <\/span><span style=\"font-weight: 400;\">Cada docent disposa d\u2019una quota de fotoc\u00f2pies que es pot anar ampliant durant el curs. Per imprimir \u00e9s necessari introduir el codi i la contrasenya personal.<\/span><\/p>\n","protected":false},"excerpt":{"rendered":"<p>DESCRIPCI\u00d3 DE SERVEIS Usuaris de centre &#8211; domini propi L&#8217;Escola Sant Jaume disposa de domini propi de Google Workspace (@escolasantjaume.cat). Aquest domini s&#8217;utilitza per part de tot l&#8217;alumnat de l\u2019escola i per part de cada tutoria i especialistes del centre. La coordinadora digital del centre \u00e9s l&#8217;encarregada de crear els diferents correus del domini per [&hellip;]<\/p>\n","protected":false},"author":1,"featured_media":0,"parent":3666,"menu_order":0,"comment_status":"closed","ping_status":"closed","template":"page-templates\/side-menu.php","meta":{"_bbp_topic_count":0,"_bbp_reply_count":0,"_bbp_total_topic_count":0,"_bbp_total_reply_count":0,"_bbp_voice_count":0,"_bbp_anonymous_reply_count":0,"_bbp_topic_count_hidden":0,"_bbp_reply_count_hidden":0,"_bbp_forum_subforum_count":0,"site-sidebar-layout":"default","site-content-layout":"","ast-site-content-layout":"","site-content-style":"default","site-sidebar-style":"default","ast-global-header-display":"","ast-banner-title-visibility":"","ast-main-header-display":"","ast-hfb-above-header-display":"","ast-hfb-below-header-display":"","ast-hfb-mobile-header-display":"","site-post-title":"","ast-breadcrumbs-content":"","ast-featured-img":"","footer-sml-layout":"","theme-transparent-header-meta":"","adv-header-id-meta":"","stick-header-meta":"","header-above-stick-meta":"","header-main-stick-meta":"","header-below-stick-meta":"","astra-migrate-meta-layouts":"default","ast-page-background-enabled":"default","ast-page-background-meta":{"desktop":{"background-color":"var(--ast-global-color-4)","background-image":"","background-repeat":"repeat","background-position":"center center","background-size":"auto","background-attachment":"scroll","background-type":"","background-media":"","overlay-type":"","overlay-color":"","overlay-opacity":"","overlay-gradient":""},"tablet":{"background-color":"","background-image":"","background-repeat":"repeat","background-position":"center center","background-size":"auto","background-attachment":"scroll","background-type":"","background-media":"","overlay-type":"","overlay-color":"","overlay-opacity":"","overlay-gradient":""},"mobile":{"background-color":"","background-image":"","background-repeat":"repeat","background-position":"center center","background-size":"auto","background-attachment":"scroll","background-type":"","background-media":"","overlay-type":"","overlay-color":"","overlay-opacity":"","overlay-gradient":""}},"ast-content-background-meta":{"desktop":{"background-color":"var(--ast-global-color-5)","background-image":"","background-repeat":"repeat","background-position":"center center","background-size":"auto","background-attachment":"scroll","background-type":"","background-media":"","overlay-type":"","overlay-color":"","overlay-opacity":"","overlay-gradient":""},"tablet":{"background-color":"var(--ast-global-color-5)","background-image":"","background-repeat":"repeat","background-position":"center center","background-size":"auto","background-attachment":"scroll","background-type":"","background-media":"","overlay-type":"","overlay-color":"","overlay-opacity":"","overlay-gradient":""},"mobile":{"background-color":"var(--ast-global-color-5)","background-image":"","background-repeat":"repeat","background-position":"center center","background-size":"auto","background-attachment":"scroll","background-type":"","background-media":"","overlay-type":"","overlay-color":"","overlay-opacity":"","overlay-gradient":""}},"footnotes":""},"class_list":["post-3993","page","type-page","status-publish","hentry"],"post_mailing_queue_ids":[],"_links":{"self":[{"href":"https:\/\/agora.xtec.cat\/ceipsantjaume\/wp-json\/wp\/v2\/pages\/3993","targetHints":{"allow":["GET"]}}],"collection":[{"href":"https:\/\/agora.xtec.cat\/ceipsantjaume\/wp-json\/wp\/v2\/pages"}],"about":[{"href":"https:\/\/agora.xtec.cat\/ceipsantjaume\/wp-json\/wp\/v2\/types\/page"}],"author":[{"embeddable":true,"href":"https:\/\/agora.xtec.cat\/ceipsantjaume\/wp-json\/wp\/v2\/users\/1"}],"replies":[{"embeddable":true,"href":"https:\/\/agora.xtec.cat\/ceipsantjaume\/wp-json\/wp\/v2\/comments?post=3993"}],"version-history":[{"count":3,"href":"https:\/\/agora.xtec.cat\/ceipsantjaume\/wp-json\/wp\/v2\/pages\/3993\/revisions"}],"predecessor-version":[{"id":4005,"href":"https:\/\/agora.xtec.cat\/ceipsantjaume\/wp-json\/wp\/v2\/pages\/3993\/revisions\/4005"}],"up":[{"embeddable":true,"href":"https:\/\/agora.xtec.cat\/ceipsantjaume\/wp-json\/wp\/v2\/pages\/3666"}],"wp:attachment":[{"href":"https:\/\/agora.xtec.cat\/ceipsantjaume\/wp-json\/wp\/v2\/media?parent=3993"}],"curies":[{"name":"wp","href":"https:\/\/api.w.org\/{rel}","templated":true}]}}