{"id":3660,"date":"2022-03-08T13:02:40","date_gmt":"2022-03-08T12:02:40","guid":{"rendered":"https:\/\/agora.xtec.cat\/ceipsantjaume\/?page_id=3660"},"modified":"2025-11-04T13:41:06","modified_gmt":"2025-11-04T12:41:06","slug":"objectius","status":"publish","type":"page","link":"https:\/\/agora.xtec.cat\/ceipsantjaume\/projecte-educatiu\/estrategia-digital-de-centre\/objectius\/","title":{"rendered":"OBJECTIUS 2025-2026"},"content":{"rendered":"<p>-Implementar el projecte transfer\u00e8ncia per a crear una aula maker que fomenti l&#8217;aprenentatge competencial i interdisciplinari.<\/p>\n<p>-Desplegar la compet\u00e8ncia digital de l&#8217;alumnat<\/p>\n<p>-Actualitzar la p\u00e0gina web del centre al format Nodes 2.0. per millorar la comunicaci\u00f3 amb la comunitat educativa.<\/p>\n<p>-Seguir potenciant la visualitzaci\u00f3 del bloc de l\u2019escola.<\/p>\n<p>-Sensibilitzar sobre els riscos i bones pr\u00e0ctiques en l\u2019\u00fas d\u2019internet i dispositius digitals tant per a l\u2019alumnat com per a les fam\u00edlies.<\/p>\n<p>&nbsp;<\/p>\n<p><iframe src=\"https:\/\/docs.google.com\/spreadsheets\/d\/e\/2PACX-1vQWt-Tx7tOtcXjSPeQe8DzSDIICoIkYVz3t6FyXtX7gRUKdMINbwxAvwc9YonqdSw\/pubhtml?widget=true&amp;headers=false\"><\/iframe><\/p>\n<style>iframe{width:100%; height:600px}<\/style>\n<p>&nbsp;<\/p>\n<p><iframe src=\"https:\/\/docs.google.com\/spreadsheets\/d\/e\/2PACX-1vR5GVzhbiLg_HgYP0wv63elunRy6rsTEWOa_f6IkyY7SgZpq2rzjnhgYc2Bzm0awfeKXs9Jyixu33Ir\/pubhtml?widget=true&amp;headers=false\"><\/iframe><\/p>\n","protected":false},"excerpt":{"rendered":"<p>-Implementar el projecte transfer\u00e8ncia per a crear una aula maker que fomenti l&#8217;aprenentatge competencial i interdisciplinari. -Desplegar la compet\u00e8ncia digital de l&#8217;alumnat -Actualitzar la p\u00e0gina web del centre al format Nodes 2.0. per millorar la comunicaci\u00f3 amb la comunitat educativa. -Seguir potenciant la visualitzaci\u00f3 del bloc de l\u2019escola. -Sensibilitzar sobre els riscos i bones pr\u00e0ctiques [&hellip;]<\/p>\n","protected":false},"author":1,"featured_media":0,"parent":3656,"menu_order":0,"comment_status":"closed","ping_status":"closed","template":"page-templates\/side-menu.php","meta":{"_bbp_topic_count":0,"_bbp_reply_count":0,"_bbp_total_topic_count":0,"_bbp_total_reply_count":0,"_bbp_voice_count":0,"_bbp_anonymous_reply_count":0,"_bbp_topic_count_hidden":0,"_bbp_reply_count_hidden":0,"_bbp_forum_subforum_count":0,"site-sidebar-layout":"default","site-content-layout":"","ast-site-content-layout":"","site-content-style":"default","site-sidebar-style":"default","ast-global-header-display":"","ast-banner-title-visibility":"","ast-main-header-display":"","ast-hfb-above-header-display":"","ast-hfb-below-header-display":"","ast-hfb-mobile-header-display":"","site-post-title":"","ast-breadcrumbs-content":"","ast-featured-img":"","footer-sml-layout":"","theme-transparent-header-meta":"","adv-header-id-meta":"","stick-header-meta":"","header-above-stick-meta":"","header-main-stick-meta":"","header-below-stick-meta":"","astra-migrate-meta-layouts":"default","ast-page-background-enabled":"default","ast-page-background-meta":{"desktop":{"background-color":"var(--ast-global-color-4)","background-image":"","background-repeat":"repeat","background-position":"center center","background-size":"auto","background-attachment":"scroll","background-type":"","background-media":"","overlay-type":"","overlay-color":"","overlay-opacity":"","overlay-gradient":""},"tablet":{"background-color":"","background-image":"","background-repeat":"repeat","background-position":"center center","background-size":"auto","background-attachment":"scroll","background-type":"","background-media":"","overlay-type":"","overlay-color":"","overlay-opacity":"","overlay-gradient":""},"mobile":{"background-color":"","background-image":"","background-repeat":"repeat","background-position":"center center","background-size":"auto","background-attachment":"scroll","background-type":"","background-media":"","overlay-type":"","overlay-color":"","overlay-opacity":"","overlay-gradient":""}},"ast-content-background-meta":{"desktop":{"background-color":"var(--ast-global-color-5)","background-image":"","background-repeat":"repeat","background-position":"center center","background-size":"auto","background-attachment":"scroll","background-type":"","background-media":"","overlay-type":"","overlay-color":"","overlay-opacity":"","overlay-gradient":""},"tablet":{"background-color":"var(--ast-global-color-5)","background-image":"","background-repeat":"repeat","background-position":"center center","background-size":"auto","background-attachment":"scroll","background-type":"","background-media":"","overlay-type":"","overlay-color":"","overlay-opacity":"","overlay-gradient":""},"mobile":{"background-color":"var(--ast-global-color-5)","background-image":"","background-repeat":"repeat","background-position":"center center","background-size":"auto","background-attachment":"scroll","background-type":"","background-media":"","overlay-type":"","overlay-color":"","overlay-opacity":"","overlay-gradient":""}},"footnotes":""},"class_list":["post-3660","page","type-page","status-publish","hentry"],"post_mailing_queue_ids":[],"_links":{"self":[{"href":"https:\/\/agora.xtec.cat\/ceipsantjaume\/wp-json\/wp\/v2\/pages\/3660","targetHints":{"allow":["GET"]}}],"collection":[{"href":"https:\/\/agora.xtec.cat\/ceipsantjaume\/wp-json\/wp\/v2\/pages"}],"about":[{"href":"https:\/\/agora.xtec.cat\/ceipsantjaume\/wp-json\/wp\/v2\/types\/page"}],"author":[{"embeddable":true,"href":"https:\/\/agora.xtec.cat\/ceipsantjaume\/wp-json\/wp\/v2\/users\/1"}],"replies":[{"embeddable":true,"href":"https:\/\/agora.xtec.cat\/ceipsantjaume\/wp-json\/wp\/v2\/comments?post=3660"}],"version-history":[{"count":6,"href":"https:\/\/agora.xtec.cat\/ceipsantjaume\/wp-json\/wp\/v2\/pages\/3660\/revisions"}],"predecessor-version":[{"id":4046,"href":"https:\/\/agora.xtec.cat\/ceipsantjaume\/wp-json\/wp\/v2\/pages\/3660\/revisions\/4046"}],"up":[{"embeddable":true,"href":"https:\/\/agora.xtec.cat\/ceipsantjaume\/wp-json\/wp\/v2\/pages\/3656"}],"wp:attachment":[{"href":"https:\/\/agora.xtec.cat\/ceipsantjaume\/wp-json\/wp\/v2\/media?parent=3660"}],"curies":[{"name":"wp","href":"https:\/\/api.w.org\/{rel}","templated":true}]}}