{"id":3658,"date":"2022-03-08T13:02:31","date_gmt":"2022-03-08T12:02:31","guid":{"rendered":"https:\/\/agora.xtec.cat\/ceipsantjaume\/?page_id=3658"},"modified":"2025-05-20T13:19:47","modified_gmt":"2025-05-20T11:19:47","slug":"diagnosi","status":"publish","type":"page","link":"https:\/\/agora.xtec.cat\/ceipsantjaume\/projecte-educatiu\/estrategia-digital-de-centre\/diagnosi\/","title":{"rendered":"DIAGNOSI"},"content":{"rendered":"<p>Al nostre centre estem fent l\u2019Estrat\u00e8gia Digital de Centre (EDC) per millorar la qualitat educativa i madurar la compet\u00e8ncia digital.<\/p>\n<p>Per fer la diagnosi de centre els docents hem utilitzat l\u2019eina Selfie que ens ha ajudat a fer una an\u00e0lisi dels indicadors de centre. Tamb\u00e9\u00a0 hem realitzat enquestes a les fam\u00edlies per tal de detectar punts forts i febles. A m\u00e9s a m\u00e9s hem consultat el PEC, el projecte de direcci\u00f3 i l\u2019antic Pla TAC.<\/p>\n<table style=\"border-collapse: collapse; width: 100%; height: 328px;\">\n<tbody>\n<tr style=\"height: 32px;\">\n<td style=\"width: 50%; height: 32px;\">Els nostres punts forts s\u00f3n:<\/td>\n<td style=\"width: 50%; height: 32px;\">Els punts a treballar s\u00f3n:<\/td>\n<\/tr>\n<tr style=\"height: 296px;\">\n<td style=\"width: 50%; height: 296px;\">-Lideratge.<\/p>\n<p>-Infraestructura.<\/p>\n<p>-Pedagogia: suport i recursos, implementaci\u00f3 a l&#8217;aula.<\/p>\n<p>-Compet\u00e8ncies digitals de l&#8217;alumnat.<\/p>\n<p>-Seguretat al utilitzar les tecnologies.<\/p>\n<p>-Bon acc\u00e9s a les noves tecnologies.<\/p>\n<p>-\u00das de les noves tecnologies fora (6\u00e8) i dins del centre.<\/p>\n<p>&nbsp;<\/td>\n<td style=\"width: 50%; height: 296px;\">-Col\u00b7laboraci\u00f3 i xarxes.<\/p>\n<p>-Potenciar el desenvolupament professional continu.<\/p>\n<p>-Pr\u00e0ctiques d&#8217;avaluaci\u00f3.<\/p>\n<p>-Ciberseguretat.<\/p>\n<p>-Potenciar el treball amb rob\u00f2tica i pensament computacional (Projecte 4.0).<\/p>\n<p>&nbsp;<\/td>\n<\/tr>\n<\/tbody>\n<\/table>\n<p>&nbsp;<\/p>\n<p>Aquests punts els anirem treballant fins al curs 2025-<span style=\"font-family: inherit; font-size: 1em;\">2026.<\/span><\/p>\n","protected":false},"excerpt":{"rendered":"<p>Al nostre centre estem fent l\u2019Estrat\u00e8gia Digital de Centre (EDC) per millorar la qualitat educativa i madurar la compet\u00e8ncia digital. Per fer la diagnosi de centre els docents hem utilitzat l\u2019eina Selfie que ens ha ajudat a fer una an\u00e0lisi dels indicadors de centre. Tamb\u00e9\u00a0 hem realitzat enquestes a les fam\u00edlies per tal de detectar [&hellip;]<\/p>\n","protected":false},"author":1,"featured_media":0,"parent":3656,"menu_order":0,"comment_status":"closed","ping_status":"closed","template":"page-templates\/side-menu.php","meta":{"_bbp_topic_count":0,"_bbp_reply_count":0,"_bbp_total_topic_count":0,"_bbp_total_reply_count":0,"_bbp_voice_count":0,"_bbp_anonymous_reply_count":0,"_bbp_topic_count_hidden":0,"_bbp_reply_count_hidden":0,"_bbp_forum_subforum_count":0,"site-sidebar-layout":"default","site-content-layout":"","ast-site-content-layout":"","site-content-style":"default","site-sidebar-style":"default","ast-global-header-display":"","ast-banner-title-visibility":"","ast-main-header-display":"","ast-hfb-above-header-display":"","ast-hfb-below-header-display":"","ast-hfb-mobile-header-display":"","site-post-title":"","ast-breadcrumbs-content":"","ast-featured-img":"","footer-sml-layout":"","theme-transparent-header-meta":"","adv-header-id-meta":"","stick-header-meta":"","header-above-stick-meta":"","header-main-stick-meta":"","header-below-stick-meta":"","astra-migrate-meta-layouts":"default","ast-page-background-enabled":"default","ast-page-background-meta":{"desktop":{"background-color":"var(--ast-global-color-4)","background-image":"","background-repeat":"repeat","background-position":"center center","background-size":"auto","background-attachment":"scroll","background-type":"","background-media":"","overlay-type":"","overlay-color":"","overlay-opacity":"","overlay-gradient":""},"tablet":{"background-color":"","background-image":"","background-repeat":"repeat","background-position":"center center","background-size":"auto","background-attachment":"scroll","background-type":"","background-media":"","overlay-type":"","overlay-color":"","overlay-opacity":"","overlay-gradient":""},"mobile":{"background-color":"","background-image":"","background-repeat":"repeat","background-position":"center center","background-size":"auto","background-attachment":"scroll","background-type":"","background-media":"","overlay-type":"","overlay-color":"","overlay-opacity":"","overlay-gradient":""}},"ast-content-background-meta":{"desktop":{"background-color":"var(--ast-global-color-5)","background-image":"","background-repeat":"repeat","background-position":"center center","background-size":"auto","background-attachment":"scroll","background-type":"","background-media":"","overlay-type":"","overlay-color":"","overlay-opacity":"","overlay-gradient":""},"tablet":{"background-color":"var(--ast-global-color-5)","background-image":"","background-repeat":"repeat","background-position":"center center","background-size":"auto","background-attachment":"scroll","background-type":"","background-media":"","overlay-type":"","overlay-color":"","overlay-opacity":"","overlay-gradient":""},"mobile":{"background-color":"var(--ast-global-color-5)","background-image":"","background-repeat":"repeat","background-position":"center center","background-size":"auto","background-attachment":"scroll","background-type":"","background-media":"","overlay-type":"","overlay-color":"","overlay-opacity":"","overlay-gradient":""}},"footnotes":""},"class_list":["post-3658","page","type-page","status-publish","hentry"],"post_mailing_queue_ids":[],"_links":{"self":[{"href":"https:\/\/agora.xtec.cat\/ceipsantjaume\/wp-json\/wp\/v2\/pages\/3658","targetHints":{"allow":["GET"]}}],"collection":[{"href":"https:\/\/agora.xtec.cat\/ceipsantjaume\/wp-json\/wp\/v2\/pages"}],"about":[{"href":"https:\/\/agora.xtec.cat\/ceipsantjaume\/wp-json\/wp\/v2\/types\/page"}],"author":[{"embeddable":true,"href":"https:\/\/agora.xtec.cat\/ceipsantjaume\/wp-json\/wp\/v2\/users\/1"}],"replies":[{"embeddable":true,"href":"https:\/\/agora.xtec.cat\/ceipsantjaume\/wp-json\/wp\/v2\/comments?post=3658"}],"version-history":[{"count":4,"href":"https:\/\/agora.xtec.cat\/ceipsantjaume\/wp-json\/wp\/v2\/pages\/3658\/revisions"}],"predecessor-version":[{"id":4874,"href":"https:\/\/agora.xtec.cat\/ceipsantjaume\/wp-json\/wp\/v2\/pages\/3658\/revisions\/4874"}],"up":[{"embeddable":true,"href":"https:\/\/agora.xtec.cat\/ceipsantjaume\/wp-json\/wp\/v2\/pages\/3656"}],"wp:attachment":[{"href":"https:\/\/agora.xtec.cat\/ceipsantjaume\/wp-json\/wp\/v2\/media?parent=3658"}],"curies":[{"name":"wp","href":"https:\/\/api.w.org\/{rel}","templated":true}]}}