{"id":2322,"date":"2020-10-05T13:06:45","date_gmt":"2020-10-05T11:06:45","guid":{"rendered":"http:\/\/agora.xtec.cat\/ceipsantjaume\/?page_id=2322"},"modified":"2022-11-08T13:33:26","modified_gmt":"2022-11-08T12:33:26","slug":"classroom","status":"publish","type":"page","link":"https:\/\/agora.xtec.cat\/ceipsantjaume\/projecte-educatiu\/estrategia-digital-de-centre\/cultura-digital\/tutorials-informatius\/classroom\/","title":{"rendered":"Classroom"},"content":{"rendered":"<p><strong>TREBALL AMB EL CLASSROOM<\/strong><br \/>\nPer tal de comen\u00e7ar a treballar amb l&#8217;entorn virtual d&#8217;aprenentatge a continuaci\u00f3 us facilitem un v\u00eddeo explicatiu de com us heu d&#8217;unir a la classe o les diferents assignatures. L&#8217;escola recomana que l&#8217;alumnat pugui treballar des d&#8217;un ordinador, per\u00f2 tamb\u00e9 poden seguir el treball de l&#8217;entorn des d&#8217;una tauleta o m\u00f2bil. Per accedir des d&#8217;un dispositiu que no sigui un ordinador us recomanem baixar l&#8217;aplicaci\u00f3 Classroom.<\/p>\n<div style=\"width: 640px;\" class=\"wp-video\"><!--[if lt IE 9]><script>document.createElement('video');<\/script><![endif]-->\n<video class=\"wp-video-shortcode\" id=\"video-2322-1\" width=\"640\" height=\"480\" preload=\"metadata\" controls=\"controls\"><source type=\"video\/mp4\" src=\"https:\/\/agora.xtec.cat\/ceipsantjaume\/wp-content\/uploads\/usu1815\/2020\/10\/Classroom.-classes.mp4?_=1\" \/><a href=\"https:\/\/agora.xtec.cat\/ceipsantjaume\/wp-content\/uploads\/usu1815\/2020\/10\/Classroom.-classes.mp4\">https:\/\/agora.xtec.cat\/ceipsantjaume\/wp-content\/uploads\/usu1815\/2020\/10\/Classroom.-classes.mp4<\/a><\/video><\/div>\n<p><a href=\"https:\/\/agora.xtec.cat\/ceipsantjaume\/wp-content\/uploads\/usu1815\/2022\/11\/PER-ENTRAR-A-GOOGLE-CLASSROOM.docx.pdf\" target=\"_blank\" rel=\"noopener\">PER ENTRAR A GOOGLE CLASSROOM<\/a><\/p>\n","protected":false},"excerpt":{"rendered":"<p>TREBALL AMB EL CLASSROOM Per tal de comen\u00e7ar a treballar amb l&#8217;entorn virtual d&#8217;aprenentatge a continuaci\u00f3 us facilitem un v\u00eddeo explicatiu de com us heu d&#8217;unir a la classe o les diferents assignatures. L&#8217;escola recomana que l&#8217;alumnat pugui treballar des d&#8217;un ordinador, per\u00f2 tamb\u00e9 poden seguir el treball de l&#8217;entorn des d&#8217;una tauleta o m\u00f2bil. [&hellip;]<\/p>\n","protected":false},"author":1,"featured_media":0,"parent":3959,"menu_order":0,"comment_status":"closed","ping_status":"closed","template":"page-templates\/side-menu.php","meta":{"_bbp_topic_count":0,"_bbp_reply_count":0,"_bbp_total_topic_count":0,"_bbp_total_reply_count":0,"_bbp_voice_count":0,"_bbp_anonymous_reply_count":0,"_bbp_topic_count_hidden":0,"_bbp_reply_count_hidden":0,"_bbp_forum_subforum_count":0,"site-sidebar-layout":"default","site-content-layout":"","ast-site-content-layout":"","site-content-style":"default","site-sidebar-style":"default","ast-global-header-display":"","ast-banner-title-visibility":"","ast-main-header-display":"","ast-hfb-above-header-display":"","ast-hfb-below-header-display":"","ast-hfb-mobile-header-display":"","site-post-title":"","ast-breadcrumbs-content":"","ast-featured-img":"","footer-sml-layout":"","theme-transparent-header-meta":"","adv-header-id-meta":"","stick-header-meta":"","header-above-stick-meta":"","header-main-stick-meta":"","header-below-stick-meta":"","astra-migrate-meta-layouts":"default","ast-page-background-enabled":"default","ast-page-background-meta":{"desktop":{"background-color":"var(--ast-global-color-4)","background-image":"","background-repeat":"repeat","background-position":"center center","background-size":"auto","background-attachment":"scroll","background-type":"","background-media":"","overlay-type":"","overlay-color":"","overlay-opacity":"","overlay-gradient":""},"tablet":{"background-color":"","background-image":"","background-repeat":"repeat","background-position":"center center","background-size":"auto","background-attachment":"scroll","background-type":"","background-media":"","overlay-type":"","overlay-color":"","overlay-opacity":"","overlay-gradient":""},"mobile":{"background-color":"","background-image":"","background-repeat":"repeat","background-position":"center center","background-size":"auto","background-attachment":"scroll","background-type":"","background-media":"","overlay-type":"","overlay-color":"","overlay-opacity":"","overlay-gradient":""}},"ast-content-background-meta":{"desktop":{"background-color":"var(--ast-global-color-5)","background-image":"","background-repeat":"repeat","background-position":"center center","background-size":"auto","background-attachment":"scroll","background-type":"","background-media":"","overlay-type":"","overlay-color":"","overlay-opacity":"","overlay-gradient":""},"tablet":{"background-color":"var(--ast-global-color-5)","background-image":"","background-repeat":"repeat","background-position":"center center","background-size":"auto","background-attachment":"scroll","background-type":"","background-media":"","overlay-type":"","overlay-color":"","overlay-opacity":"","overlay-gradient":""},"mobile":{"background-color":"var(--ast-global-color-5)","background-image":"","background-repeat":"repeat","background-position":"center center","background-size":"auto","background-attachment":"scroll","background-type":"","background-media":"","overlay-type":"","overlay-color":"","overlay-opacity":"","overlay-gradient":""}},"footnotes":""},"class_list":["post-2322","page","type-page","status-publish","hentry"],"post_mailing_queue_ids":[],"_links":{"self":[{"href":"https:\/\/agora.xtec.cat\/ceipsantjaume\/wp-json\/wp\/v2\/pages\/2322","targetHints":{"allow":["GET"]}}],"collection":[{"href":"https:\/\/agora.xtec.cat\/ceipsantjaume\/wp-json\/wp\/v2\/pages"}],"about":[{"href":"https:\/\/agora.xtec.cat\/ceipsantjaume\/wp-json\/wp\/v2\/types\/page"}],"author":[{"embeddable":true,"href":"https:\/\/agora.xtec.cat\/ceipsantjaume\/wp-json\/wp\/v2\/users\/1"}],"replies":[{"embeddable":true,"href":"https:\/\/agora.xtec.cat\/ceipsantjaume\/wp-json\/wp\/v2\/comments?post=2322"}],"version-history":[{"count":3,"href":"https:\/\/agora.xtec.cat\/ceipsantjaume\/wp-json\/wp\/v2\/pages\/2322\/revisions"}],"predecessor-version":[{"id":3968,"href":"https:\/\/agora.xtec.cat\/ceipsantjaume\/wp-json\/wp\/v2\/pages\/2322\/revisions\/3968"}],"up":[{"embeddable":true,"href":"https:\/\/agora.xtec.cat\/ceipsantjaume\/wp-json\/wp\/v2\/pages\/3959"}],"wp:attachment":[{"href":"https:\/\/agora.xtec.cat\/ceipsantjaume\/wp-json\/wp\/v2\/media?parent=2322"}],"curies":[{"name":"wp","href":"https:\/\/api.w.org\/{rel}","templated":true}]}}