{"id":1822,"date":"2019-11-18T23:03:48","date_gmt":"2019-11-18T22:03:48","guid":{"rendered":"http:\/\/agora.xtec.cat\/ceipsantjaume\/?page_id=1822"},"modified":"2022-03-17T15:17:49","modified_gmt":"2022-03-17T14:17:49","slug":"internet-segura","status":"publish","type":"page","link":"https:\/\/agora.xtec.cat\/ceipsantjaume\/serveis\/internet-segura\/","title":{"rendered":"Internet segura"},"content":{"rendered":"<p><a href=\"https:\/\/agora.xtec.cat\/ceipsantjaume\/wp-content\/uploads\/usu1815\/2019\/11\/descarga.jpeg\"><img loading=\"lazy\" decoding=\"async\" class=\"alignnone size-full wp-image-1823\" src=\"https:\/\/agora.xtec.cat\/ceipsantjaume\/wp-content\/uploads\/usu1815\/2019\/11\/descarga.jpeg\" alt=\"\" width=\"224\" height=\"126\" \/><\/a><\/p>\n<p>La Policia de la Generalitat \u2013 Mossos d\u2019Esquadra (PG-ME) promou la seguretat en l\u2019\u00fas d\u2019Internet i organitza nombroses activitats de formaci\u00f3 i de prevenci\u00f3, a m\u00e9s de la pr\u00f2pia investigaci\u00f3 dels delictes que es cometen en aquest \u00e0mbit.<\/p>\n<p>El\u00a0<strong>Pla d\u2019Acci\u00f3 Internet Segura del Cos adre\u00e7at als Centres Educatius i a les fam\u00edlies<\/strong> promou i col\u00b7labora en la seguretat en l\u2019\u00fas d\u2019Internet, en especial per part dels menors i adolescents.<\/p>\n<p>Dins d\u2019aquest Pla el projecte\u00a0<strong>Internet Segura de tu a tu<\/strong> implica de forma directa els joves. A l&#8217;escola els dies 28 i 29 de novembre es faran sessions informatives a l&#8217;alumnat de 3r i 6\u00e8.<\/p>\n<p>I per tal de donar suport a aquest projecte, mares, pares i docents tamb\u00e9 reben una sessi\u00f3 informativa. La sessi\u00f3 informativa <strong>INTERNET SEGURA PER A MARES, PARES I DOCENTS<\/strong> ser\u00e0 el <strong>divendres 29 de novembre a les 15h.<\/strong><\/p>\n","protected":false},"excerpt":{"rendered":"<p>La Policia de la Generalitat \u2013 Mossos d\u2019Esquadra (PG-ME) promou la seguretat en l\u2019\u00fas d\u2019Internet i organitza nombroses activitats de formaci\u00f3 i de prevenci\u00f3, a m\u00e9s de la pr\u00f2pia investigaci\u00f3 dels delictes que es cometen en aquest \u00e0mbit. El\u00a0Pla d\u2019Acci\u00f3 Internet Segura del Cos adre\u00e7at als Centres Educatius i a les fam\u00edlies promou i col\u00b7labora [&hellip;]<\/p>\n","protected":false},"author":1,"featured_media":0,"parent":66,"menu_order":0,"comment_status":"closed","ping_status":"closed","template":"page-templates\/side-menu.php","meta":{"_bbp_topic_count":0,"_bbp_reply_count":0,"_bbp_total_topic_count":0,"_bbp_total_reply_count":0,"_bbp_voice_count":0,"_bbp_anonymous_reply_count":0,"_bbp_topic_count_hidden":0,"_bbp_reply_count_hidden":0,"_bbp_forum_subforum_count":0,"site-sidebar-layout":"default","site-content-layout":"","ast-site-content-layout":"","site-content-style":"default","site-sidebar-style":"default","ast-global-header-display":"","ast-banner-title-visibility":"","ast-main-header-display":"","ast-hfb-above-header-display":"","ast-hfb-below-header-display":"","ast-hfb-mobile-header-display":"","site-post-title":"","ast-breadcrumbs-content":"","ast-featured-img":"","footer-sml-layout":"","theme-transparent-header-meta":"","adv-header-id-meta":"","stick-header-meta":"","header-above-stick-meta":"","header-main-stick-meta":"","header-below-stick-meta":"","astra-migrate-meta-layouts":"default","ast-page-background-enabled":"default","ast-page-background-meta":{"desktop":{"background-color":"var(--ast-global-color-4)","background-image":"","background-repeat":"repeat","background-position":"center center","background-size":"auto","background-attachment":"scroll","background-type":"","background-media":"","overlay-type":"","overlay-color":"","overlay-opacity":"","overlay-gradient":""},"tablet":{"background-color":"","background-image":"","background-repeat":"repeat","background-position":"center center","background-size":"auto","background-attachment":"scroll","background-type":"","background-media":"","overlay-type":"","overlay-color":"","overlay-opacity":"","overlay-gradient":""},"mobile":{"background-color":"","background-image":"","background-repeat":"repeat","background-position":"center center","background-size":"auto","background-attachment":"scroll","background-type":"","background-media":"","overlay-type":"","overlay-color":"","overlay-opacity":"","overlay-gradient":""}},"ast-content-background-meta":{"desktop":{"background-color":"var(--ast-global-color-5)","background-image":"","background-repeat":"repeat","background-position":"center center","background-size":"auto","background-attachment":"scroll","background-type":"","background-media":"","overlay-type":"","overlay-color":"","overlay-opacity":"","overlay-gradient":""},"tablet":{"background-color":"var(--ast-global-color-5)","background-image":"","background-repeat":"repeat","background-position":"center center","background-size":"auto","background-attachment":"scroll","background-type":"","background-media":"","overlay-type":"","overlay-color":"","overlay-opacity":"","overlay-gradient":""},"mobile":{"background-color":"var(--ast-global-color-5)","background-image":"","background-repeat":"repeat","background-position":"center center","background-size":"auto","background-attachment":"scroll","background-type":"","background-media":"","overlay-type":"","overlay-color":"","overlay-opacity":"","overlay-gradient":""}},"footnotes":""},"class_list":["post-1822","page","type-page","status-publish","hentry"],"post_mailing_queue_ids":[],"_links":{"self":[{"href":"https:\/\/agora.xtec.cat\/ceipsantjaume\/wp-json\/wp\/v2\/pages\/1822","targetHints":{"allow":["GET"]}}],"collection":[{"href":"https:\/\/agora.xtec.cat\/ceipsantjaume\/wp-json\/wp\/v2\/pages"}],"about":[{"href":"https:\/\/agora.xtec.cat\/ceipsantjaume\/wp-json\/wp\/v2\/types\/page"}],"author":[{"embeddable":true,"href":"https:\/\/agora.xtec.cat\/ceipsantjaume\/wp-json\/wp\/v2\/users\/1"}],"replies":[{"embeddable":true,"href":"https:\/\/agora.xtec.cat\/ceipsantjaume\/wp-json\/wp\/v2\/comments?post=1822"}],"version-history":[{"count":3,"href":"https:\/\/agora.xtec.cat\/ceipsantjaume\/wp-json\/wp\/v2\/pages\/1822\/revisions"}],"predecessor-version":[{"id":1860,"href":"https:\/\/agora.xtec.cat\/ceipsantjaume\/wp-json\/wp\/v2\/pages\/1822\/revisions\/1860"}],"up":[{"embeddable":true,"href":"https:\/\/agora.xtec.cat\/ceipsantjaume\/wp-json\/wp\/v2\/pages\/66"}],"wp:attachment":[{"href":"https:\/\/agora.xtec.cat\/ceipsantjaume\/wp-json\/wp\/v2\/media?parent=1822"}],"curies":[{"name":"wp","href":"https:\/\/api.w.org\/{rel}","templated":true}]}}