{"id":80,"date":"2014-09-18T14:09:48","date_gmt":"2014-09-18T13:09:48","guid":{"rendered":"http:\/\/agora.xtec.cat\/ceipsantesteve-vallstorroella\/?page_id=80"},"modified":"2019-10-03T18:22:31","modified_gmt":"2019-10-03T16:22:31","slug":"transport-escolar","status":"publish","type":"page","link":"https:\/\/agora.xtec.cat\/ceipsantesteve-vallstorroella\/serveis\/transport-escolar\/","title":{"rendered":"Transport Escolar"},"content":{"rendered":"<p>El transport escolar de l&#8217;escola est\u00e0 establert per les seg\u00fcents l\u00ednies:<\/p>\n<p>1- NAV\u00c0S &#8211; Castelladral &#8211; Vall d&#8217;Hortons &#8211; Cal Fuster<\/p>\n<p>2- NAV\u00c0S &#8211; Castelladral &#8211; Vall d&#8217;Hortons<\/p>\n<p>3- SANT MATEU DE BAGES &#8211; Salo<\/p>\n<p>4- PAL\u00c0 DE TORROELLA &#8211; La Rata &#8211; parada de bus &#8211; Els jardins<\/p>\n","protected":false},"excerpt":{"rendered":"<p>El transport escolar de l&#8217;escola est\u00e0 establert per les seg\u00fcents l\u00ednies:<br \/>\n1- NAV\u00c0S &#8211; Castelladral &#8211; Vall d&#8217;Hortons &#8211; Cal Fuster<br \/>\n2- NAV\u00c0S &#8211; Castelladral &#8211; Vall d&#8217;Hortons<br \/>\n3- SANT MATEU DE BAGES &#8211; Salo<br \/>\n4- PAL\u00c0 DE TORROELLA &#8211; La Rata &#8211; parada de bus &#8211; Els jardins<\/p>\n","protected":false},"author":1,"featured_media":0,"parent":66,"menu_order":40,"comment_status":"closed","ping_status":"closed","template":"page-templates\/side-menu.php","meta":{"_bbp_topic_count":0,"_bbp_reply_count":0,"_bbp_total_topic_count":0,"_bbp_total_reply_count":0,"_bbp_voice_count":0,"_bbp_anonymous_reply_count":0,"_bbp_topic_count_hidden":0,"_bbp_reply_count_hidden":0,"_bbp_forum_subforum_count":0,"footnotes":""},"class_list":["post-80","page","type-page","status-publish","hentry"],"post_mailing_queue_ids":[],"_links":{"self":[{"href":"https:\/\/agora.xtec.cat\/ceipsantesteve-vallstorroella\/wp-json\/wp\/v2\/pages\/80","targetHints":{"allow":["GET"]}}],"collection":[{"href":"https:\/\/agora.xtec.cat\/ceipsantesteve-vallstorroella\/wp-json\/wp\/v2\/pages"}],"about":[{"href":"https:\/\/agora.xtec.cat\/ceipsantesteve-vallstorroella\/wp-json\/wp\/v2\/types\/page"}],"author":[{"embeddable":true,"href":"https:\/\/agora.xtec.cat\/ceipsantesteve-vallstorroella\/wp-json\/wp\/v2\/users\/1"}],"replies":[{"embeddable":true,"href":"https:\/\/agora.xtec.cat\/ceipsantesteve-vallstorroella\/wp-json\/wp\/v2\/comments?post=80"}],"version-history":[{"count":2,"href":"https:\/\/agora.xtec.cat\/ceipsantesteve-vallstorroella\/wp-json\/wp\/v2\/pages\/80\/revisions"}],"predecessor-version":[{"id":942,"href":"https:\/\/agora.xtec.cat\/ceipsantesteve-vallstorroella\/wp-json\/wp\/v2\/pages\/80\/revisions\/942"}],"up":[{"embeddable":true,"href":"https:\/\/agora.xtec.cat\/ceipsantesteve-vallstorroella\/wp-json\/wp\/v2\/pages\/66"}],"wp:attachment":[{"href":"https:\/\/agora.xtec.cat\/ceipsantesteve-vallstorroella\/wp-json\/wp\/v2\/media?parent=80"}],"curies":[{"name":"wp","href":"https:\/\/api.w.org\/{rel}","templated":true}]}}