{"id":73,"date":"2014-09-18T14:01:51","date_gmt":"2014-09-18T13:01:51","guid":{"rendered":"http:\/\/agora.xtec.cat\/ceipsantesteve-vallstorroella\/?page_id=73"},"modified":"2023-09-05T23:50:52","modified_gmt":"2023-09-05T21:50:52","slug":"menjador-escolar","status":"publish","type":"page","link":"https:\/\/agora.xtec.cat\/ceipsantesteve-vallstorroella\/serveis\/menjador-escolar\/","title":{"rendered":"Menjador escolar"},"content":{"rendered":"<p>Des del Consell Comarcal del Bages s&#8217;ha contractat a l&#8217;empresa Serhs Food per tal de gestionar el servei de menjador de moltes escoles del Bages, i la nostra n&#8217;\u00e9s una d&#8217;elles.<\/p>\n<p>El seu principal comprom\u00eds \u00e9s educar en una alimentaci\u00f3 saludable. I per a fer-ho es t\u00e9 molt en compte el producte de proximitat i portar\u00a0 a terme una dieta equilibrada i variada.<\/p>\n<p>El sistema de gesti\u00f3 i pagament es fa a trav\u00e9s de la seva p\u00e0gina web i cal fer-la abans de les 9:00.<\/p>\n<p>El servei de c\u00e0tering \u00e9s de dilluns a divendres de 13:00 a 15:00. El preu del men\u00fa diari \u00e9s de 5,76 euros i de 5,90 euros del men\u00fa espor\u00e0dic.<\/p>\n<p><a href=\"http:\/\/www.serhsfood.com\">http:\/\/www.serhsfood.com<\/a><\/p>\n<p>&nbsp;<\/p>\n","protected":false},"excerpt":{"rendered":"<p>Des del Consell Comarcal del Bages s&#8217;ha contractat a l&#8217;empresa Serhs Food per tal de gestionar el servei de menjador de moltes escoles del Bages, i la nostra n&#8217;\u00e9s una d&#8217;elles.<br \/>\nEl seu principal comprom\u00eds \u00e9s educar en una alimentaci\u00f3 saludable. I per a fer-ho es&hellip;  <a href=\"https:\/\/agora.xtec.cat\/ceipsantesteve-vallstorroella\/serveis\/menjador-escolar\/\" title=\"Read Menjador escolar\">Llegeix m\u00e9s\u00bb<\/a><\/p>\n","protected":false},"author":1,"featured_media":0,"parent":66,"menu_order":30,"comment_status":"closed","ping_status":"closed","template":"page-templates\/side-menu.php","meta":{"_bbp_topic_count":0,"_bbp_reply_count":0,"_bbp_total_topic_count":0,"_bbp_total_reply_count":0,"_bbp_voice_count":0,"_bbp_anonymous_reply_count":0,"_bbp_topic_count_hidden":0,"_bbp_reply_count_hidden":0,"_bbp_forum_subforum_count":0,"footnotes":""},"class_list":["post-73","page","type-page","status-publish","hentry"],"post_mailing_queue_ids":[],"_links":{"self":[{"href":"https:\/\/agora.xtec.cat\/ceipsantesteve-vallstorroella\/wp-json\/wp\/v2\/pages\/73","targetHints":{"allow":["GET"]}}],"collection":[{"href":"https:\/\/agora.xtec.cat\/ceipsantesteve-vallstorroella\/wp-json\/wp\/v2\/pages"}],"about":[{"href":"https:\/\/agora.xtec.cat\/ceipsantesteve-vallstorroella\/wp-json\/wp\/v2\/types\/page"}],"author":[{"embeddable":true,"href":"https:\/\/agora.xtec.cat\/ceipsantesteve-vallstorroella\/wp-json\/wp\/v2\/users\/1"}],"replies":[{"embeddable":true,"href":"https:\/\/agora.xtec.cat\/ceipsantesteve-vallstorroella\/wp-json\/wp\/v2\/comments?post=73"}],"version-history":[{"count":4,"href":"https:\/\/agora.xtec.cat\/ceipsantesteve-vallstorroella\/wp-json\/wp\/v2\/pages\/73\/revisions"}],"predecessor-version":[{"id":1741,"href":"https:\/\/agora.xtec.cat\/ceipsantesteve-vallstorroella\/wp-json\/wp\/v2\/pages\/73\/revisions\/1741"}],"up":[{"embeddable":true,"href":"https:\/\/agora.xtec.cat\/ceipsantesteve-vallstorroella\/wp-json\/wp\/v2\/pages\/66"}],"wp:attachment":[{"href":"https:\/\/agora.xtec.cat\/ceipsantesteve-vallstorroella\/wp-json\/wp\/v2\/media?parent=73"}],"curies":[{"name":"wp","href":"https:\/\/api.w.org\/{rel}","templated":true}]}}