{"id":657,"date":"2019-01-16T12:34:05","date_gmt":"2019-01-16T11:34:05","guid":{"rendered":"http:\/\/agora.xtec.cat\/ceipsantesteve-vallstorroella\/?page_id=657"},"modified":"2022-07-05T12:01:40","modified_gmt":"2022-07-05T10:01:40","slug":"nofc-de-zer","status":"publish","type":"page","link":"https:\/\/agora.xtec.cat\/ceipsantesteve-vallstorroella\/documents-del-centre\/nofc-de-zer\/","title":{"rendered":"NOFC de ZER"},"content":{"rendered":"<p>Cada centre educatiu ha de redactar un seguit de normes d&#8217;organitzac\u00f3 i funcionament (NOFC) d&#8217;acord amb el que estableixen el Decret 102\/2010, d&#8217;autonomia dels centres educatius, i el Decret 150\/2017, de 17 d&#8217;octubre, de l&#8217;atenci\u00f3 educativa a l&#8217;alumnat en el marc d&#8217;un sistema educatiu inclusiu.<\/p>\n<p>Les NOFC s\u00f3n l&#8217;eina per fer possible el treball educatiu i de gesti\u00f3 que permet assolir els objectius proposats en el projecte educatiu (PEC) i en la seva programaci\u00f3 anual (PGA).<\/p>\n<p><a href=\"https:\/\/agora.xtec.cat\/ceipsantesteve-vallstorroella\/wp-content\/uploads\/usu1820\/2022\/07\/NOFZ-ZER-EL-CARDENER-2021.pdf\">NOFZ ZER EL CARDENER (2021)<\/a><\/p>\n<p>&nbsp;<\/p>\n","protected":false},"excerpt":{"rendered":"<p>Cada centre educatiu ha de redactar un seguit de normes d&#8217;organitzac\u00f3 i funcionament (NOFC) d&#8217;acord amb el que estableixen el Decret 102\/2010, d&#8217;autonomia dels centres educatius, i el Decret 150\/2017, de 17 d&#8217;octubre, de l&#8217;atenci\u00f3 educativa a l&#8217;alumnat en el marc d&#8217;un sistema educatiu inclusiu.<br \/>\nLes&hellip;  <a href=\"https:\/\/agora.xtec.cat\/ceipsantesteve-vallstorroella\/documents-del-centre\/nofc-de-zer\/\" title=\"Read NOFC de ZER\">Llegeix m\u00e9s\u00bb<\/a><\/p>\n","protected":false},"author":1,"featured_media":0,"parent":64,"menu_order":0,"comment_status":"closed","ping_status":"closed","template":"","meta":{"_bbp_topic_count":0,"_bbp_reply_count":0,"_bbp_total_topic_count":0,"_bbp_total_reply_count":0,"_bbp_voice_count":0,"_bbp_anonymous_reply_count":0,"_bbp_topic_count_hidden":0,"_bbp_reply_count_hidden":0,"_bbp_forum_subforum_count":0,"footnotes":""},"class_list":["post-657","page","type-page","status-publish","hentry"],"post_mailing_queue_ids":[],"_links":{"self":[{"href":"https:\/\/agora.xtec.cat\/ceipsantesteve-vallstorroella\/wp-json\/wp\/v2\/pages\/657","targetHints":{"allow":["GET"]}}],"collection":[{"href":"https:\/\/agora.xtec.cat\/ceipsantesteve-vallstorroella\/wp-json\/wp\/v2\/pages"}],"about":[{"href":"https:\/\/agora.xtec.cat\/ceipsantesteve-vallstorroella\/wp-json\/wp\/v2\/types\/page"}],"author":[{"embeddable":true,"href":"https:\/\/agora.xtec.cat\/ceipsantesteve-vallstorroella\/wp-json\/wp\/v2\/users\/1"}],"replies":[{"embeddable":true,"href":"https:\/\/agora.xtec.cat\/ceipsantesteve-vallstorroella\/wp-json\/wp\/v2\/comments?post=657"}],"version-history":[{"count":3,"href":"https:\/\/agora.xtec.cat\/ceipsantesteve-vallstorroella\/wp-json\/wp\/v2\/pages\/657\/revisions"}],"predecessor-version":[{"id":1631,"href":"https:\/\/agora.xtec.cat\/ceipsantesteve-vallstorroella\/wp-json\/wp\/v2\/pages\/657\/revisions\/1631"}],"up":[{"embeddable":true,"href":"https:\/\/agora.xtec.cat\/ceipsantesteve-vallstorroella\/wp-json\/wp\/v2\/pages\/64"}],"wp:attachment":[{"href":"https:\/\/agora.xtec.cat\/ceipsantesteve-vallstorroella\/wp-json\/wp\/v2\/media?parent=657"}],"curies":[{"name":"wp","href":"https:\/\/api.w.org\/{rel}","templated":true}]}}