{"id":633,"date":"2025-10-28T12:43:09","date_gmt":"2025-10-28T11:43:09","guid":{"rendered":"http:\/\/agora.xtec.cat\/ceipsantesteve-vallstorroella\/?page_id=633"},"modified":"2025-10-29T13:24:05","modified_gmt":"2025-10-29T12:24:05","slug":"programacio-general-anual-de-centre","status":"publish","type":"page","link":"https:\/\/agora.xtec.cat\/ceipsantesteve-vallstorroella\/documents-del-centre\/programacio-general-anual-de-centre\/","title":{"rendered":"Informaci\u00f3 pel curs 2025-26"},"content":{"rendered":"<h3 style=\"text-align: center;\"><strong>Aqu\u00ed teniu un petit recull amb la informaci\u00f3 m\u00e9s important d&#8217;aquest curs 2025-26<\/strong><\/h3>\n<p>&nbsp;<\/p>\n<h3><strong>\u00a0<\/strong><\/h3>\n<p><iframe loading=\"lazy\" src=\"https:\/\/agora.xtec.cat\/ceipsantesteve-vallstorroella\/wp-content\/uploads\/usu1820\/2024\/09\/Full-informatiu_curs-25-26_Estevets.pdf\" width=\"900\" height=\"800\"><\/iframe><br \/>\n&nbsp;<\/p>\n<p>&nbsp;<\/p>\n<p>&nbsp;<\/p>\n","protected":false},"excerpt":{"rendered":"<p>Aqu\u00ed teniu un petit recull amb la informaci\u00f3 m\u00e9s important d&#8217;aquest curs 2025-26<br \/>\n&nbsp;<br \/>\n\u00a0<\/p>\n<p>&nbsp;<br \/>\n&nbsp;<br \/>\n&nbsp;<\/p>\n","protected":false},"author":1,"featured_media":0,"parent":64,"menu_order":0,"comment_status":"closed","ping_status":"closed","template":"","meta":{"_bbp_topic_count":0,"_bbp_reply_count":0,"_bbp_total_topic_count":0,"_bbp_total_reply_count":0,"_bbp_voice_count":0,"_bbp_anonymous_reply_count":0,"_bbp_topic_count_hidden":0,"_bbp_reply_count_hidden":0,"_bbp_forum_subforum_count":0,"footnotes":""},"class_list":["post-633","page","type-page","status-publish","hentry"],"post_mailing_queue_ids":[],"_links":{"self":[{"href":"https:\/\/agora.xtec.cat\/ceipsantesteve-vallstorroella\/wp-json\/wp\/v2\/pages\/633","targetHints":{"allow":["GET"]}}],"collection":[{"href":"https:\/\/agora.xtec.cat\/ceipsantesteve-vallstorroella\/wp-json\/wp\/v2\/pages"}],"about":[{"href":"https:\/\/agora.xtec.cat\/ceipsantesteve-vallstorroella\/wp-json\/wp\/v2\/types\/page"}],"author":[{"embeddable":true,"href":"https:\/\/agora.xtec.cat\/ceipsantesteve-vallstorroella\/wp-json\/wp\/v2\/users\/1"}],"replies":[{"embeddable":true,"href":"https:\/\/agora.xtec.cat\/ceipsantesteve-vallstorroella\/wp-json\/wp\/v2\/comments?post=633"}],"version-history":[{"count":7,"href":"https:\/\/agora.xtec.cat\/ceipsantesteve-vallstorroella\/wp-json\/wp\/v2\/pages\/633\/revisions"}],"predecessor-version":[{"id":2074,"href":"https:\/\/agora.xtec.cat\/ceipsantesteve-vallstorroella\/wp-json\/wp\/v2\/pages\/633\/revisions\/2074"}],"up":[{"embeddable":true,"href":"https:\/\/agora.xtec.cat\/ceipsantesteve-vallstorroella\/wp-json\/wp\/v2\/pages\/64"}],"wp:attachment":[{"href":"https:\/\/agora.xtec.cat\/ceipsantesteve-vallstorroella\/wp-json\/wp\/v2\/media?parent=633"}],"curies":[{"name":"wp","href":"https:\/\/api.w.org\/{rel}","templated":true}]}}