{"id":34,"date":"2014-09-18T12:32:18","date_gmt":"2014-09-18T11:32:18","guid":{"rendered":"http:\/\/agora.xtec.cat\/ceipsantesteve-vallstorroella\/?page_id=34"},"modified":"2019-10-03T17:57:38","modified_gmt":"2019-10-03T15:57:38","slug":"oferta-educativa","status":"publish","type":"page","link":"https:\/\/agora.xtec.cat\/ceipsantesteve-vallstorroella\/lescola\/oferta-educativa\/","title":{"rendered":"Oferta educativa"},"content":{"rendered":"<p>La nostra escola ofereix els serveis educatius pel segon cicle d&#8217;educaci\u00f3 infantil, que inclou P3- P4 i P5, i la prim\u00e0ria (de 1r a 6\u00e8).<\/p>\n<p>Al ser una escola rural, els agrupaments no s\u00f3n per cursos, sin\u00f3 que varien segons les necessitats i la quantitat d&#8217;alumnes a les aules.<\/p>\n<p>Aquests agrupaments afavoreixen l&#8217;aprenentatge entre els alumnes, ja que els petits aprenen dels grans, i els grans ajuden als petits assegurant els aprenentatges ja apresos.<\/p>\n","protected":false},"excerpt":{"rendered":"<p>La nostra escola ofereix els serveis educatius pel segon cicle d&#8217;educaci\u00f3 infantil, que inclou P3- P4 i P5, i la prim\u00e0ria (de 1r a 6\u00e8).<br \/>\nAl ser una escola rural, els agrupaments no s\u00f3n per cursos, sin\u00f3 que varien segons les necessitats i la quantitat d&#8217;alumnes&hellip;  <a href=\"https:\/\/agora.xtec.cat\/ceipsantesteve-vallstorroella\/lescola\/oferta-educativa\/\" title=\"Read Oferta educativa\">Llegeix m\u00e9s\u00bb<\/a><\/p>\n","protected":false},"author":1,"featured_media":0,"parent":22,"menu_order":60,"comment_status":"closed","ping_status":"closed","template":"page-templates\/side-menu.php","meta":{"_bbp_topic_count":0,"_bbp_reply_count":0,"_bbp_total_topic_count":0,"_bbp_total_reply_count":0,"_bbp_voice_count":0,"_bbp_anonymous_reply_count":0,"_bbp_topic_count_hidden":0,"_bbp_reply_count_hidden":0,"_bbp_forum_subforum_count":0,"footnotes":""},"class_list":["post-34","page","type-page","status-publish","hentry"],"post_mailing_queue_ids":[],"_links":{"self":[{"href":"https:\/\/agora.xtec.cat\/ceipsantesteve-vallstorroella\/wp-json\/wp\/v2\/pages\/34","targetHints":{"allow":["GET"]}}],"collection":[{"href":"https:\/\/agora.xtec.cat\/ceipsantesteve-vallstorroella\/wp-json\/wp\/v2\/pages"}],"about":[{"href":"https:\/\/agora.xtec.cat\/ceipsantesteve-vallstorroella\/wp-json\/wp\/v2\/types\/page"}],"author":[{"embeddable":true,"href":"https:\/\/agora.xtec.cat\/ceipsantesteve-vallstorroella\/wp-json\/wp\/v2\/users\/1"}],"replies":[{"embeddable":true,"href":"https:\/\/agora.xtec.cat\/ceipsantesteve-vallstorroella\/wp-json\/wp\/v2\/comments?post=34"}],"version-history":[{"count":3,"href":"https:\/\/agora.xtec.cat\/ceipsantesteve-vallstorroella\/wp-json\/wp\/v2\/pages\/34\/revisions"}],"predecessor-version":[{"id":933,"href":"https:\/\/agora.xtec.cat\/ceipsantesteve-vallstorroella\/wp-json\/wp\/v2\/pages\/34\/revisions\/933"}],"up":[{"embeddable":true,"href":"https:\/\/agora.xtec.cat\/ceipsantesteve-vallstorroella\/wp-json\/wp\/v2\/pages\/22"}],"wp:attachment":[{"href":"https:\/\/agora.xtec.cat\/ceipsantesteve-vallstorroella\/wp-json\/wp\/v2\/media?parent=34"}],"curies":[{"name":"wp","href":"https:\/\/api.w.org\/{rel}","templated":true}]}}