{"id":28,"date":"2014-09-18T12:29:35","date_gmt":"2014-09-18T11:29:35","guid":{"rendered":"http:\/\/agora.xtec.cat\/ceipsantesteve-vallstorroella\/?page_id=28"},"modified":"2025-09-19T10:53:00","modified_gmt":"2025-09-19T08:53:00","slug":"consell-escolar","status":"publish","type":"page","link":"https:\/\/agora.xtec.cat\/ceipsantesteve-vallstorroella\/lescola\/consell-escolar\/","title":{"rendered":"Consell escolar"},"content":{"rendered":"<p>El\u00a0<strong>Consell escolar del centre<\/strong>\u00a0\u00e9s l&#8217;\u00f2rgan col\u00b7legiat de participaci\u00f3 de la comunitat escolar en el govern del centre. Corresponen al Consell Escolar les\u00a0<strong>funcions<\/strong>\u00a0establertes a la\u00a0<a href=\"http:\/\/www.gencat.cat\/diari\/5422\/09190005.htm\">Llei 12\/2009<\/a>, de 10 de juliol, d&#8217;educaci\u00f3.<\/p>\n<p>El Consell Escolar de l&#8217;Escola Sant Esteve est\u00e0 format per:<\/p>\n<p>Presidenta: Esther Cejudo<\/p>\n<p>Secretaria: S\u00edlvia Prat.<\/p>\n<p>Representants de mestres: Laura Rial i Jos\u00e9 M. Vendrell.<\/p>\n<p>Representant de l&#8217;AFA: Javi Vigata.<\/p>\n<p>Representants de les fam\u00edlies: \u00c0frica Rovira i Ainhoa Gim\u00e9nez<\/p>\n<p>Representant de l&#8217;Ajuntament de Sant Mateu: Carlota Mart\u00ed.<\/p>\n<p>Representant de l&#8217;Ajuntament de Nav\u00e0s: Regidoria d&#8217;Educaci\u00f3.<\/p>\n<p>Representant de personal d&#8217;administraci\u00f3 i serveis (PAS): S\u00edlvia Esquius<\/p>\n<div><\/div>\n<div><\/div>\n<div><\/div>\n<p>&nbsp;<\/p>\n","protected":false},"excerpt":{"rendered":"<p>El\u00a0Consell escolar del centre\u00a0\u00e9s l&#8217;\u00f2rgan col\u00b7legiat de participaci\u00f3 de la comunitat escolar en el govern del centre. Corresponen al Consell Escolar les\u00a0funcions\u00a0establertes a la\u00a0<a href=\"http:\/\/www.gencat.cat\/diari\/5422\/09190005.htm\">Llei 12\/2009<\/a>, de 10 de juliol, d&#8217;educaci\u00f3.<br \/>\nEl Consell Escolar de l&#8217;Escola Sant Esteve est\u00e0 format per:<br \/>\nPresidenta: Esther Cejudo<br \/>\nSecretaria: S\u00edlvia Prat.<br \/>\nRepresentants de&hellip;  <a href=\"https:\/\/agora.xtec.cat\/ceipsantesteve-vallstorroella\/lescola\/consell-escolar\/\" title=\"Read Consell escolar\">Llegeix m\u00e9s\u00bb<\/a><\/p>\n","protected":false},"author":1,"featured_media":0,"parent":22,"menu_order":30,"comment_status":"closed","ping_status":"closed","template":"page-templates\/side-menu.php","meta":{"_bbp_topic_count":0,"_bbp_reply_count":0,"_bbp_total_topic_count":0,"_bbp_total_reply_count":0,"_bbp_voice_count":0,"_bbp_anonymous_reply_count":0,"_bbp_topic_count_hidden":0,"_bbp_reply_count_hidden":0,"_bbp_forum_subforum_count":0,"footnotes":""},"class_list":["post-28","page","type-page","status-publish","hentry"],"post_mailing_queue_ids":[],"_links":{"self":[{"href":"https:\/\/agora.xtec.cat\/ceipsantesteve-vallstorroella\/wp-json\/wp\/v2\/pages\/28","targetHints":{"allow":["GET"]}}],"collection":[{"href":"https:\/\/agora.xtec.cat\/ceipsantesteve-vallstorroella\/wp-json\/wp\/v2\/pages"}],"about":[{"href":"https:\/\/agora.xtec.cat\/ceipsantesteve-vallstorroella\/wp-json\/wp\/v2\/types\/page"}],"author":[{"embeddable":true,"href":"https:\/\/agora.xtec.cat\/ceipsantesteve-vallstorroella\/wp-json\/wp\/v2\/users\/1"}],"replies":[{"embeddable":true,"href":"https:\/\/agora.xtec.cat\/ceipsantesteve-vallstorroella\/wp-json\/wp\/v2\/comments?post=28"}],"version-history":[{"count":6,"href":"https:\/\/agora.xtec.cat\/ceipsantesteve-vallstorroella\/wp-json\/wp\/v2\/pages\/28\/revisions"}],"predecessor-version":[{"id":2021,"href":"https:\/\/agora.xtec.cat\/ceipsantesteve-vallstorroella\/wp-json\/wp\/v2\/pages\/28\/revisions\/2021"}],"up":[{"embeddable":true,"href":"https:\/\/agora.xtec.cat\/ceipsantesteve-vallstorroella\/wp-json\/wp\/v2\/pages\/22"}],"wp:attachment":[{"href":"https:\/\/agora.xtec.cat\/ceipsantesteve-vallstorroella\/wp-json\/wp\/v2\/media?parent=28"}],"curies":[{"name":"wp","href":"https:\/\/api.w.org\/{rel}","templated":true}]}}