{"id":2191,"date":"2026-03-04T11:30:32","date_gmt":"2026-03-04T10:30:32","guid":{"rendered":"https:\/\/agora.xtec.cat\/ceipsantesteve-vallstorroella\/?page_id=2191"},"modified":"2026-03-05T09:12:00","modified_gmt":"2026-03-05T08:12:00","slug":"preinscripcio","status":"publish","type":"page","link":"https:\/\/agora.xtec.cat\/ceipsantesteve-vallstorroella\/preinscripcio\/","title":{"rendered":"Preinscripci\u00f3"},"content":{"rendered":"<p style=\"text-align: center;\">Enlla\u00e7 preinscripci\u00f3 p\u00e0gina web departament<\/p>\n<p><a href=\"https:\/\/agora.xtec.cat\/ceipsantesteve-vallstorroella\/wp-content\/uploads\/usu1820\/2026\/03\/preins-26-27.png\"><img loading=\"lazy\" decoding=\"async\" class=\"wp-image-2194 aligncenter\" src=\"https:\/\/agora.xtec.cat\/ceipsantesteve-vallstorroella\/wp-content\/uploads\/usu1820\/2026\/03\/preins-26-27-1024x338.png\" alt=\"\" width=\"314\" height=\"104\" srcset=\"https:\/\/agora.xtec.cat\/ceipsantesteve-vallstorroella\/wp-content\/uploads\/usu1820\/2026\/03\/preins-26-27-1024x338.png 1024w, https:\/\/agora.xtec.cat\/ceipsantesteve-vallstorroella\/wp-content\/uploads\/usu1820\/2026\/03\/preins-26-27-300x99.png 300w, https:\/\/agora.xtec.cat\/ceipsantesteve-vallstorroella\/wp-content\/uploads\/usu1820\/2026\/03\/preins-26-27-768x253.png 768w, https:\/\/agora.xtec.cat\/ceipsantesteve-vallstorroella\/wp-content\/uploads\/usu1820\/2026\/03\/preins-26-27.png 1073w\" sizes=\"auto, (max-width: 314px) 100vw, 314px\" \/><\/a><\/p>\n<p style=\"text-align: center;\"><strong>OFERTA INICIAL PLACES ESCOLA SANT ESTEVE<\/strong><\/p>\n<p><a href=\"https:\/\/agora.xtec.cat\/ceipsantesteve-vallstorroella\/wp-content\/uploads\/usu1820\/2026\/03\/OFERTA-INICI.png\"><img loading=\"lazy\" decoding=\"async\" class=\"wp-image-2196 aligncenter\" src=\"https:\/\/agora.xtec.cat\/ceipsantesteve-vallstorroella\/wp-content\/uploads\/usu1820\/2026\/03\/OFERTA-INICI-1024x685.png\" alt=\"\" width=\"514\" height=\"344\" srcset=\"https:\/\/agora.xtec.cat\/ceipsantesteve-vallstorroella\/wp-content\/uploads\/usu1820\/2026\/03\/OFERTA-INICI-1024x685.png 1024w, https:\/\/agora.xtec.cat\/ceipsantesteve-vallstorroella\/wp-content\/uploads\/usu1820\/2026\/03\/OFERTA-INICI-300x201.png 300w, https:\/\/agora.xtec.cat\/ceipsantesteve-vallstorroella\/wp-content\/uploads\/usu1820\/2026\/03\/OFERTA-INICI-768x514.png 768w, https:\/\/agora.xtec.cat\/ceipsantesteve-vallstorroella\/wp-content\/uploads\/usu1820\/2026\/03\/OFERTA-INICI.png 1262w\" sizes=\"auto, (max-width: 514px) 100vw, 514px\" \/><\/a><\/p>\n<p>&nbsp;<\/p>\n<p>&nbsp;<\/p>\n","protected":false},"excerpt":{"rendered":"<p>Enlla\u00e7 preinscripci\u00f3 p\u00e0gina web departament<br \/>\n<a href=\"https:\/\/agora.xtec.cat\/ceipsantesteve-vallstorroella\/wp-content\/uploads\/usu1820\/2026\/03\/preins-26-27.png\"><\/a><br \/>\nOFERTA INICIAL PLACES ESCOLA SANT ESTEVE<br \/>\n<a href=\"https:\/\/agora.xtec.cat\/ceipsantesteve-vallstorroella\/wp-content\/uploads\/usu1820\/2026\/03\/OFERTA-INICI.png\"><\/a><br \/>\n&nbsp;<br \/>\n&nbsp;<\/p>\n","protected":false},"author":21,"featured_media":0,"parent":0,"menu_order":0,"comment_status":"closed","ping_status":"closed","template":"","meta":{"_bbp_topic_count":0,"_bbp_reply_count":0,"_bbp_total_topic_count":0,"_bbp_total_reply_count":0,"_bbp_voice_count":0,"_bbp_anonymous_reply_count":0,"_bbp_topic_count_hidden":0,"_bbp_reply_count_hidden":0,"_bbp_forum_subforum_count":0,"footnotes":""},"class_list":["post-2191","page","type-page","status-publish","hentry"],"post_mailing_queue_ids":[],"_links":{"self":[{"href":"https:\/\/agora.xtec.cat\/ceipsantesteve-vallstorroella\/wp-json\/wp\/v2\/pages\/2191","targetHints":{"allow":["GET"]}}],"collection":[{"href":"https:\/\/agora.xtec.cat\/ceipsantesteve-vallstorroella\/wp-json\/wp\/v2\/pages"}],"about":[{"href":"https:\/\/agora.xtec.cat\/ceipsantesteve-vallstorroella\/wp-json\/wp\/v2\/types\/page"}],"author":[{"embeddable":true,"href":"https:\/\/agora.xtec.cat\/ceipsantesteve-vallstorroella\/wp-json\/wp\/v2\/users\/21"}],"replies":[{"embeddable":true,"href":"https:\/\/agora.xtec.cat\/ceipsantesteve-vallstorroella\/wp-json\/wp\/v2\/comments?post=2191"}],"version-history":[{"count":6,"href":"https:\/\/agora.xtec.cat\/ceipsantesteve-vallstorroella\/wp-json\/wp\/v2\/pages\/2191\/revisions"}],"predecessor-version":[{"id":2207,"href":"https:\/\/agora.xtec.cat\/ceipsantesteve-vallstorroella\/wp-json\/wp\/v2\/pages\/2191\/revisions\/2207"}],"wp:attachment":[{"href":"https:\/\/agora.xtec.cat\/ceipsantesteve-vallstorroella\/wp-json\/wp\/v2\/media?parent=2191"}],"curies":[{"name":"wp","href":"https:\/\/api.w.org\/{rel}","templated":true}]}}