{"id":1346,"date":"2021-03-04T13:53:49","date_gmt":"2021-03-04T12:53:49","guid":{"rendered":"http:\/\/agora.xtec.cat\/ceipsantesteve-vallstorroella\/?page_id=1346"},"modified":"2021-03-04T13:53:49","modified_gmt":"2021-03-04T12:53:49","slug":"projecte-de-convivencia-2020","status":"publish","type":"page","link":"https:\/\/agora.xtec.cat\/ceipsantesteve-vallstorroella\/documents-del-centre\/projecte-de-convivencia-2020\/","title":{"rendered":"Projecte de conviv\u00e8ncia &#8211; 2020"},"content":{"rendered":"<p>El Projecte de conviv\u00e8ncia \u00e9s el document elaborat per cada centre on hi ha les directrius per tal d&#8217;ajudar a capacitar tot l&#8217;alumnat i la resta de la comunitat educativa per a la conviv\u00e8ncia i la gesti\u00f3 positiva dels conflictes.<\/p>\n<p><a href=\"https:\/\/agora.xtec.cat\/ceipsantesteve-vallstorroella\/wp-content\/uploads\/usu1820\/2021\/03\/Projecte-de-Conviv\u00e8ncia-2020.pdf\">Projecte de Conviv\u00e8ncia &#8211; 2020<\/a><\/p>\n","protected":false},"excerpt":{"rendered":"<p>El Projecte de conviv\u00e8ncia \u00e9s el document elaborat per cada centre on hi ha les directrius per tal d&#8217;ajudar a capacitar tot l&#8217;alumnat i la resta de la comunitat educativa per a la conviv\u00e8ncia i la gesti\u00f3 positiva dels conflictes.<br \/>\n<a href=\"https:\/\/agora.xtec.cat\/ceipsantesteve-vallstorroella\/wp-content\/uploads\/usu1820\/2021\/03\/Projecte-de-Conviv\u00e8ncia-2020.pdf\">Projecte de Conviv\u00e8ncia &#8211; 2020<\/a><\/p>\n","protected":false},"author":1,"featured_media":0,"parent":64,"menu_order":0,"comment_status":"closed","ping_status":"closed","template":"","meta":{"_bbp_topic_count":0,"_bbp_reply_count":0,"_bbp_total_topic_count":0,"_bbp_total_reply_count":0,"_bbp_voice_count":0,"_bbp_anonymous_reply_count":0,"_bbp_topic_count_hidden":0,"_bbp_reply_count_hidden":0,"_bbp_forum_subforum_count":0,"footnotes":""},"class_list":["post-1346","page","type-page","status-publish","hentry"],"post_mailing_queue_ids":[],"_links":{"self":[{"href":"https:\/\/agora.xtec.cat\/ceipsantesteve-vallstorroella\/wp-json\/wp\/v2\/pages\/1346","targetHints":{"allow":["GET"]}}],"collection":[{"href":"https:\/\/agora.xtec.cat\/ceipsantesteve-vallstorroella\/wp-json\/wp\/v2\/pages"}],"about":[{"href":"https:\/\/agora.xtec.cat\/ceipsantesteve-vallstorroella\/wp-json\/wp\/v2\/types\/page"}],"author":[{"embeddable":true,"href":"https:\/\/agora.xtec.cat\/ceipsantesteve-vallstorroella\/wp-json\/wp\/v2\/users\/1"}],"replies":[{"embeddable":true,"href":"https:\/\/agora.xtec.cat\/ceipsantesteve-vallstorroella\/wp-json\/wp\/v2\/comments?post=1346"}],"version-history":[{"count":1,"href":"https:\/\/agora.xtec.cat\/ceipsantesteve-vallstorroella\/wp-json\/wp\/v2\/pages\/1346\/revisions"}],"predecessor-version":[{"id":1348,"href":"https:\/\/agora.xtec.cat\/ceipsantesteve-vallstorroella\/wp-json\/wp\/v2\/pages\/1346\/revisions\/1348"}],"up":[{"embeddable":true,"href":"https:\/\/agora.xtec.cat\/ceipsantesteve-vallstorroella\/wp-json\/wp\/v2\/pages\/64"}],"wp:attachment":[{"href":"https:\/\/agora.xtec.cat\/ceipsantesteve-vallstorroella\/wp-json\/wp\/v2\/media?parent=1346"}],"curies":[{"name":"wp","href":"https:\/\/api.w.org\/{rel}","templated":true}]}}