{"id":1016,"date":"2019-11-21T12:30:37","date_gmt":"2019-11-21T11:30:37","guid":{"rendered":"http:\/\/agora.xtec.cat\/ceipsantesteve-vallstorroella\/?page_id=1016"},"modified":"2024-11-14T13:21:57","modified_gmt":"2024-11-14T12:21:57","slug":"ampa","status":"publish","type":"page","link":"https:\/\/agora.xtec.cat\/ceipsantesteve-vallstorroella\/lescola\/ampa\/","title":{"rendered":"AFA"},"content":{"rendered":"<p>Una de les maneres de participar i involucrar-se a l&#8217;escola \u00e9s formant part de l&#8217;Associaci\u00f3 de Fam\u00edlies d&#8217;Alumnes (AFA).<\/p>\n<p>L&#8217;AFA \u00e9s una associaci\u00f3 sense afany de lucre reconeguda legalment i que agrupa pares i mares d&#8217;un centre educatiu.<\/p>\n<p>La seva finalitat principal \u00e9s facilitar la participaci\u00f3 de les mares i pares en les activitats del centre, contribuir a la millora de la qualitat del sistema i al govern dels centres i facilitar la prestaci\u00f3 de serveis fora de l&#8217;horari lectiu.<\/p>\n<p>L&#8217;AFA de la nostra escola est\u00e0 formada per:<\/p>\n<p>Presidenta: Jordi Morera.<\/p>\n<p>Vice-presidenta: Nat\u00e0lia Roig.<\/p>\n<p>Secret\u00e0ria: Marta Villagrassa.<\/p>\n<p>Tresorera: David Vilanova.<\/p>\n<p>Representant del Consell Escolar de Sant Esteve: Javi Vigata.<\/p>\n<p>Representant del Consell Escolar de ZER: Joan Pros.<\/p>\n<p>Vocals: S\u00edlvia Vilet i Isaac Majos.<\/p>\n<p>&nbsp;<\/p>\n<p>El seu correu electr\u00f2nic de contacte \u00e9s ampaceipsantesteve@gmail.com<\/p>\n","protected":false},"excerpt":{"rendered":"<p>Una de les maneres de participar i involucrar-se a l&#8217;escola \u00e9s formant part de l&#8217;Associaci\u00f3 de Fam\u00edlies d&#8217;Alumnes (AFA).<br \/>\nL&#8217;AFA \u00e9s una associaci\u00f3 sense afany de lucre reconeguda legalment i que agrupa pares i mares d&#8217;un centre educatiu.<br \/>\nLa seva finalitat principal \u00e9s facilitar la participaci\u00f3 de&hellip;  <a href=\"https:\/\/agora.xtec.cat\/ceipsantesteve-vallstorroella\/lescola\/ampa\/\" title=\"Read AFA\">Llegeix m\u00e9s\u00bb<\/a><\/p>\n","protected":false},"author":1,"featured_media":0,"parent":22,"menu_order":0,"comment_status":"closed","ping_status":"closed","template":"","meta":{"_bbp_topic_count":0,"_bbp_reply_count":0,"_bbp_total_topic_count":0,"_bbp_total_reply_count":0,"_bbp_voice_count":0,"_bbp_anonymous_reply_count":0,"_bbp_topic_count_hidden":0,"_bbp_reply_count_hidden":0,"_bbp_forum_subforum_count":0,"footnotes":""},"class_list":["post-1016","page","type-page","status-publish","hentry"],"post_mailing_queue_ids":[],"_links":{"self":[{"href":"https:\/\/agora.xtec.cat\/ceipsantesteve-vallstorroella\/wp-json\/wp\/v2\/pages\/1016","targetHints":{"allow":["GET"]}}],"collection":[{"href":"https:\/\/agora.xtec.cat\/ceipsantesteve-vallstorroella\/wp-json\/wp\/v2\/pages"}],"about":[{"href":"https:\/\/agora.xtec.cat\/ceipsantesteve-vallstorroella\/wp-json\/wp\/v2\/types\/page"}],"author":[{"embeddable":true,"href":"https:\/\/agora.xtec.cat\/ceipsantesteve-vallstorroella\/wp-json\/wp\/v2\/users\/1"}],"replies":[{"embeddable":true,"href":"https:\/\/agora.xtec.cat\/ceipsantesteve-vallstorroella\/wp-json\/wp\/v2\/comments?post=1016"}],"version-history":[{"count":7,"href":"https:\/\/agora.xtec.cat\/ceipsantesteve-vallstorroella\/wp-json\/wp\/v2\/pages\/1016\/revisions"}],"predecessor-version":[{"id":1901,"href":"https:\/\/agora.xtec.cat\/ceipsantesteve-vallstorroella\/wp-json\/wp\/v2\/pages\/1016\/revisions\/1901"}],"up":[{"embeddable":true,"href":"https:\/\/agora.xtec.cat\/ceipsantesteve-vallstorroella\/wp-json\/wp\/v2\/pages\/22"}],"wp:attachment":[{"href":"https:\/\/agora.xtec.cat\/ceipsantesteve-vallstorroella\/wp-json\/wp\/v2\/media?parent=1016"}],"curies":[{"name":"wp","href":"https:\/\/api.w.org\/{rel}","templated":true}]}}