{"id":9,"date":"2014-09-07T10:00:18","date_gmt":"2014-09-07T09:00:18","guid":{"rendered":"http:\/\/agora.xtec.cat\/ceipsantcristofol\/?page_id=9"},"modified":"2026-04-15T12:38:37","modified_gmt":"2026-04-15T10:38:37","slug":"pagina-dinici-buida","status":"publish","type":"page","link":"https:\/\/agora.xtec.cat\/ceipsantcristofol\/","title":{"rendered":"ESCOLA SANT CRIST\u00d2FOL"},"content":{"rendered":"<h4 style=\"text-align: center;\"><strong>L&#8217;escola on les emocions es tornen art!<\/strong><\/h4>\n<p style=\"text-align: center;\"><span style=\"color: #33cccc;\"><strong>Projecte Art\u00edstic: m\u00fasica, teatre i arts pl\u00e0stiques!<\/strong><\/span><\/p>\n<h5 style=\"text-align: center;\"><a href=\"https:\/\/drive.google.com\/file\/d\/1nN1VLMbMGGXlz9ypLzzI7rGlMUzZPRzv\/view?usp=sharing\" target=\"_blank\" rel=\"noopener\"><strong style=\"font-size: 19.2px;\"><span style=\"color: #0000ff;\">OFERTA INICIAL<\/span><\/strong><\/a><\/h5>\n<h5 style=\"text-align: center;\"><a href=\"https:\/\/drive.google.com\/file\/d\/14ZqBZKoERwaSppvuNsYDe6Pi6jVhq-w1\/view?usp=sharing\" target=\"_blank\" rel=\"noopener\"><span style=\"color: #0000ff;\">BAREM PROVISIONAL<\/span><\/a><\/h5>\n<p style=\"text-align: center;\"><a href=\"https:\/\/agora.xtec.cat\/ceipsantcristofol\/wp-content\/uploads\/usu472\/2026\/04\/IG-Portes-Obertes-2026-2.jpg\"><img loading=\"lazy\" decoding=\"async\" class=\"wp-image-7655 aligncenter\" src=\"https:\/\/agora.xtec.cat\/ceipsantcristofol\/wp-content\/uploads\/usu472\/2026\/04\/IG-Portes-Obertes-2026-2.jpg\" alt=\"\" width=\"549\" height=\"549\" srcset=\"https:\/\/agora.xtec.cat\/ceipsantcristofol\/wp-content\/uploads\/usu472\/2026\/04\/IG-Portes-Obertes-2026-2.jpg 1080w, https:\/\/agora.xtec.cat\/ceipsantcristofol\/wp-content\/uploads\/usu472\/2026\/04\/IG-Portes-Obertes-2026-2-300x300.jpg 300w, https:\/\/agora.xtec.cat\/ceipsantcristofol\/wp-content\/uploads\/usu472\/2026\/04\/IG-Portes-Obertes-2026-2-1024x1024.jpg 1024w, https:\/\/agora.xtec.cat\/ceipsantcristofol\/wp-content\/uploads\/usu472\/2026\/04\/IG-Portes-Obertes-2026-2-150x150.jpg 150w, https:\/\/agora.xtec.cat\/ceipsantcristofol\/wp-content\/uploads\/usu472\/2026\/04\/IG-Portes-Obertes-2026-2-768x768.jpg 768w\" sizes=\"auto, (max-width: 549px) 100vw, 549px\" \/><\/a><span style=\"color: #33cccc; font-size: 17.6px; font-style: normal; font-weight: bold; text-align: center;\">VISITES PERSONALITZADES TRUCANT AL 93.752.25.68<\/span><\/p>\n<p>&nbsp;<\/p>\n","protected":false},"excerpt":{"rendered":"<p>L&#8217;escola on les emocions es tornen art! Projecte Art\u00edstic: m\u00fasica, teatre i arts pl\u00e0stiques! OFERTA INICIAL BAREM PROVISIONAL VISITES PERSONALITZADES TRUCANT AL 93.752.25.68 &nbsp;<\/p>\n","protected":false},"author":2,"featured_media":0,"parent":22,"menu_order":0,"comment_status":"closed","ping_status":"closed","template":"","meta":{"_bbp_topic_count":0,"_bbp_reply_count":0,"_bbp_total_topic_count":0,"_bbp_total_reply_count":0,"_bbp_voice_count":0,"_bbp_anonymous_reply_count":0,"_bbp_topic_count_hidden":0,"_bbp_reply_count_hidden":0,"_bbp_forum_subforum_count":0,"site-sidebar-layout":"default","site-content-layout":"","ast-site-content-layout":"default","site-content-style":"default","site-sidebar-style":"default","ast-global-header-display":"","ast-banner-title-visibility":"","ast-main-header-display":"","ast-hfb-above-header-display":"","ast-hfb-below-header-display":"","ast-hfb-mobile-header-display":"","site-post-title":"","ast-breadcrumbs-content":"","ast-featured-img":"","footer-sml-layout":"","theme-transparent-header-meta":"default","adv-header-id-meta":"","stick-header-meta":"","header-above-stick-meta":"","header-main-stick-meta":"","header-below-stick-meta":"","astra-migrate-meta-layouts":"set","ast-page-background-enabled":"default","ast-page-background-meta":{"desktop":{"background-color":"var(--ast-global-color-4)","background-image":"","background-repeat":"repeat","background-position":"center center","background-size":"auto","background-attachment":"scroll","background-type":"","background-media":"","overlay-type":"","overlay-color":"","overlay-opacity":"","overlay-gradient":""},"tablet":{"background-color":"","background-image":"","background-repeat":"repeat","background-position":"center center","background-size":"auto","background-attachment":"scroll","background-type":"","background-media":"","overlay-type":"","overlay-color":"","overlay-opacity":"","overlay-gradient":""},"mobile":{"background-color":"","background-image":"","background-repeat":"repeat","background-position":"center center","background-size":"auto","background-attachment":"scroll","background-type":"","background-media":"","overlay-type":"","overlay-color":"","overlay-opacity":"","overlay-gradient":""}},"ast-content-background-meta":{"desktop":{"background-color":"var(--ast-global-color-5)","background-image":"","background-repeat":"repeat","background-position":"center center","background-size":"auto","background-attachment":"scroll","background-type":"","background-media":"","overlay-type":"","overlay-color":"","overlay-opacity":"","overlay-gradient":""},"tablet":{"background-color":"var(--ast-global-color-5)","background-image":"","background-repeat":"repeat","background-position":"center center","background-size":"auto","background-attachment":"scroll","background-type":"","background-media":"","overlay-type":"","overlay-color":"","overlay-opacity":"","overlay-gradient":""},"mobile":{"background-color":"var(--ast-global-color-5)","background-image":"","background-repeat":"repeat","background-position":"center center","background-size":"auto","background-attachment":"scroll","background-type":"","background-media":"","overlay-type":"","overlay-color":"","overlay-opacity":"","overlay-gradient":""}},"footnotes":""},"class_list":["post-9","page","type-page","status-publish","hentry"],"post_mailing_queue_ids":[],"_links":{"self":[{"href":"https:\/\/agora.xtec.cat\/ceipsantcristofol\/wp-json\/wp\/v2\/pages\/9","targetHints":{"allow":["GET"]}}],"collection":[{"href":"https:\/\/agora.xtec.cat\/ceipsantcristofol\/wp-json\/wp\/v2\/pages"}],"about":[{"href":"https:\/\/agora.xtec.cat\/ceipsantcristofol\/wp-json\/wp\/v2\/types\/page"}],"author":[{"embeddable":true,"href":"https:\/\/agora.xtec.cat\/ceipsantcristofol\/wp-json\/wp\/v2\/users\/2"}],"replies":[{"embeddable":true,"href":"https:\/\/agora.xtec.cat\/ceipsantcristofol\/wp-json\/wp\/v2\/comments?post=9"}],"version-history":[{"count":6,"href":"https:\/\/agora.xtec.cat\/ceipsantcristofol\/wp-json\/wp\/v2\/pages\/9\/revisions"}],"predecessor-version":[{"id":7656,"href":"https:\/\/agora.xtec.cat\/ceipsantcristofol\/wp-json\/wp\/v2\/pages\/9\/revisions\/7656"}],"up":[{"embeddable":true,"href":"https:\/\/agora.xtec.cat\/ceipsantcristofol\/wp-json\/wp\/v2\/pages\/22"}],"wp:attachment":[{"href":"https:\/\/agora.xtec.cat\/ceipsantcristofol\/wp-json\/wp\/v2\/media?parent=9"}],"curies":[{"name":"wp","href":"https:\/\/api.w.org\/{rel}","templated":true}]}}