{"id":761,"date":"2016-04-20T18:47:55","date_gmt":"2016-04-20T17:47:55","guid":{"rendered":"http:\/\/agora.xtec.cat\/ceipsantcristofol\/?page_id=761"},"modified":"2026-01-02T12:59:40","modified_gmt":"2026-01-02T11:59:40","slug":"qui-som-2","status":"publish","type":"page","link":"https:\/\/agora.xtec.cat\/ceipsantcristofol\/afa\/qui-som-2\/","title":{"rendered":"Qui Som?"},"content":{"rendered":"<p style=\"text-align: justify;\">L&#8217;Associaci\u00f3 de\u00a0Fam\u00edlies\u00a0d&#8217;Alumnes la formem, amb car\u00e0cter optatiu, totes les fam\u00edlies de l&#8217;Escola i \u00e9s gestionada per la Junta de l\u2019AFA. La Junta Directiva \u00e9s un subconjunt de pares i mares que volen participar m\u00e9s activament en les q\u00fcestions que tracta i en les decisions que pren l\u2019AFA. Es reuneix tant per anar fent el seguiment de les activitats que organitza i de les seves comissions, com per tractar els temes que s\u00f3n d\u2019inter\u00e8s per part dels pares i mares. L\u2019\u00f2rgan executiu de la Junta est\u00e0 format pel President, la Vicepresidenta,\u00a0la Secret\u00e0ria, la Tresorera i els Vocals, els quals s\u00f3n elegits democr\u00e0ticament per l\u2019Assemblea cada quatre anys si no hi ha modificacions. La Junta es reuneix el primer diluns de cada mes a les 18:00 h. de la tarda, a l\u2019Escola i \u00e9s oberta a la participaci\u00f3 de tots els pares i mares.<\/p>\n<p>Actualment els membres de la junta s\u00f3n:<\/p>\n<ul>\n<li><strong>Presidenta:<\/strong> Miriam Reyes<\/li>\n<li><strong>Secret\u00e0ria:<\/strong> Mati Matallana<\/li>\n<li><strong>Tresorera:<\/strong> Maite Bayod<\/li>\n<\/ul>\n<p style=\"text-align: justify;\">L\u2019Assemblea General \u00e9s l\u2019\u00f2rgan sobir\u00e0 de l\u2019associaci\u00f3; est\u00e0 constitu\u00efda per tots els pares i mares de l\u2019AFA. Es reuneix un cop durant el curs en sessi\u00f3 ordin\u00e0ria per a revisar l\u00b4estat de comptes, el funcionament de les diverses activitats de l\u2019AFA i tractar els temes que afectin a la comunitat educativa. Sempre que es consideri convenient, l\u2019\u00f2rgan de govern pot convocar l\u2019assemblea general amb car\u00e0cter extraordinari.<\/p>\n<p style=\"text-align: justify;\">L\u2019AFA intenta sempre oferir els serveis m\u00e9s adequats a les necessitats de cada moment. Per tal d\u2019optimitzar recursos i distribuir la feina, s\u2019organitza en diferents grups de treball.<\/p>\n","protected":false},"excerpt":{"rendered":"<p>L&#8217;Associaci\u00f3 de\u00a0Fam\u00edlies\u00a0d&#8217;Alumnes la formem, amb car\u00e0cter optatiu, totes les fam\u00edlies de l&#8217;Escola i \u00e9s gestionada per la Junta de l\u2019AFA. La Junta Directiva \u00e9s un subconjunt de pares i mares que volen participar m\u00e9s activament en les q\u00fcestions que tracta i en les decisions que pren l\u2019AFA. Es reuneix tant per anar fent el seguiment [&hellip;]<\/p>\n","protected":false},"author":1,"featured_media":0,"parent":259,"menu_order":30,"comment_status":"closed","ping_status":"closed","template":"","meta":{"_bbp_topic_count":0,"_bbp_reply_count":0,"_bbp_total_topic_count":0,"_bbp_total_reply_count":0,"_bbp_voice_count":0,"_bbp_anonymous_reply_count":0,"_bbp_topic_count_hidden":0,"_bbp_reply_count_hidden":0,"_bbp_forum_subforum_count":0,"site-sidebar-layout":"default","site-content-layout":"","ast-site-content-layout":"default","site-content-style":"default","site-sidebar-style":"default","ast-global-header-display":"","ast-banner-title-visibility":"","ast-main-header-display":"","ast-hfb-above-header-display":"","ast-hfb-below-header-display":"","ast-hfb-mobile-header-display":"","site-post-title":"","ast-breadcrumbs-content":"","ast-featured-img":"","footer-sml-layout":"","theme-transparent-header-meta":"default","adv-header-id-meta":"","stick-header-meta":"","header-above-stick-meta":"","header-main-stick-meta":"","header-below-stick-meta":"","astra-migrate-meta-layouts":"set","ast-page-background-enabled":"default","ast-page-background-meta":{"desktop":{"background-color":"var(--ast-global-color-4)","background-image":"","background-repeat":"repeat","background-position":"center center","background-size":"auto","background-attachment":"scroll","background-type":"","background-media":"","overlay-type":"","overlay-color":"","overlay-opacity":"","overlay-gradient":""},"tablet":{"background-color":"","background-image":"","background-repeat":"repeat","background-position":"center center","background-size":"auto","background-attachment":"scroll","background-type":"","background-media":"","overlay-type":"","overlay-color":"","overlay-opacity":"","overlay-gradient":""},"mobile":{"background-color":"","background-image":"","background-repeat":"repeat","background-position":"center center","background-size":"auto","background-attachment":"scroll","background-type":"","background-media":"","overlay-type":"","overlay-color":"","overlay-opacity":"","overlay-gradient":""}},"ast-content-background-meta":{"desktop":{"background-color":"var(--ast-global-color-5)","background-image":"","background-repeat":"repeat","background-position":"center center","background-size":"auto","background-attachment":"scroll","background-type":"","background-media":"","overlay-type":"","overlay-color":"","overlay-opacity":"","overlay-gradient":""},"tablet":{"background-color":"var(--ast-global-color-5)","background-image":"","background-repeat":"repeat","background-position":"center center","background-size":"auto","background-attachment":"scroll","background-type":"","background-media":"","overlay-type":"","overlay-color":"","overlay-opacity":"","overlay-gradient":""},"mobile":{"background-color":"var(--ast-global-color-5)","background-image":"","background-repeat":"repeat","background-position":"center center","background-size":"auto","background-attachment":"scroll","background-type":"","background-media":"","overlay-type":"","overlay-color":"","overlay-opacity":"","overlay-gradient":""}},"footnotes":""},"class_list":["post-761","page","type-page","status-publish","hentry"],"post_mailing_queue_ids":[],"_links":{"self":[{"href":"https:\/\/agora.xtec.cat\/ceipsantcristofol\/wp-json\/wp\/v2\/pages\/761","targetHints":{"allow":["GET"]}}],"collection":[{"href":"https:\/\/agora.xtec.cat\/ceipsantcristofol\/wp-json\/wp\/v2\/pages"}],"about":[{"href":"https:\/\/agora.xtec.cat\/ceipsantcristofol\/wp-json\/wp\/v2\/types\/page"}],"author":[{"embeddable":true,"href":"https:\/\/agora.xtec.cat\/ceipsantcristofol\/wp-json\/wp\/v2\/users\/1"}],"replies":[{"embeddable":true,"href":"https:\/\/agora.xtec.cat\/ceipsantcristofol\/wp-json\/wp\/v2\/comments?post=761"}],"version-history":[{"count":4,"href":"https:\/\/agora.xtec.cat\/ceipsantcristofol\/wp-json\/wp\/v2\/pages\/761\/revisions"}],"predecessor-version":[{"id":7455,"href":"https:\/\/agora.xtec.cat\/ceipsantcristofol\/wp-json\/wp\/v2\/pages\/761\/revisions\/7455"}],"up":[{"embeddable":true,"href":"https:\/\/agora.xtec.cat\/ceipsantcristofol\/wp-json\/wp\/v2\/pages\/259"}],"wp:attachment":[{"href":"https:\/\/agora.xtec.cat\/ceipsantcristofol\/wp-json\/wp\/v2\/media?parent=761"}],"curies":[{"name":"wp","href":"https:\/\/api.w.org\/{rel}","templated":true}]}}