{"id":753,"date":"2016-04-20T18:16:35","date_gmt":"2016-04-20T17:16:35","guid":{"rendered":"http:\/\/agora.xtec.cat\/ceipsantcristofol\/?page_id=753"},"modified":"2017-12-18T15:05:05","modified_gmt":"2017-12-18T14:05:05","slug":"qui-som","status":"publish","type":"page","link":"https:\/\/agora.xtec.cat\/ceipsantcristofol\/afa\/qui-som\/","title":{"rendered":"Qu\u00e8 \u00e9s l&#8217;AFA?"},"content":{"rendered":"<p style=\"text-align: justify;\">L&#8217;AFA (Associaci\u00f3 de Fam\u00edlies d&#8217;Alumnes) \u00e9s una entitat sense afany de lucre, que agrupa fam\u00edlies de l&#8217;Escola. Una associaci\u00f3 comunicativa, participativa i per tant oberta a tothom.<\/p>\n<p style=\"text-align: justify;\">El nostre funcionament i els nostre objectiu fonamental \u00e9s:<\/p>\n<ul style=\"list-style-type: circle;\">\n<li>Canalitzar inquietuds i demandes de les fam\u00edlies dels alumnes a l&#8217;escola.<\/li>\n<li>Gestionar serveis i necessitats puntuals de les fam\u00edlies de l&#8217;escola.<\/li>\n<li>Col\u00b7laborar amb projectes, necessitats, festes i petites tasques de l&#8217;escola.<\/li>\n<li>Vetllar pels interessos i la cohesi\u00f3 de la comunitat educativa.<\/li>\n<\/ul>\n<p>L&#8217;AFA es finan\u00e7a mitjan\u00e7ant l&#8217;aportaci\u00f3 d&#8217;una quota anual volunt\u00e0ria per fam\u00edlia. Ser soci de l&#8217;AFA \u00e9s un benefici per a tothom, restar-ne al marge no\u00a0afavoreix a ning\u00fa.<\/p>\n","protected":false},"excerpt":{"rendered":"<p>L&#8217;AFA (Associaci\u00f3 de Fam\u00edlies d&#8217;Alumnes) \u00e9s una entitat sense afany de lucre, que agrupa fam\u00edlies de l&#8217;Escola. Una associaci\u00f3 comunicativa, participativa i per tant oberta a tothom. El nostre funcionament i els nostre objectiu fonamental \u00e9s: Canalitzar inquietuds i demandes de les fam\u00edlies dels alumnes a l&#8217;escola. Gestionar serveis i necessitats puntuals de les fam\u00edlies [&hellip;]<\/p>\n","protected":false},"author":1,"featured_media":0,"parent":259,"menu_order":20,"comment_status":"closed","ping_status":"closed","template":"page-templates\/side-menu.php","meta":{"_bbp_topic_count":0,"_bbp_reply_count":0,"_bbp_total_topic_count":0,"_bbp_total_reply_count":0,"_bbp_voice_count":0,"_bbp_anonymous_reply_count":0,"_bbp_topic_count_hidden":0,"_bbp_reply_count_hidden":0,"_bbp_forum_subforum_count":0,"site-sidebar-layout":"default","site-content-layout":"","ast-site-content-layout":"","site-content-style":"default","site-sidebar-style":"default","ast-global-header-display":"","ast-banner-title-visibility":"","ast-main-header-display":"","ast-hfb-above-header-display":"","ast-hfb-below-header-display":"","ast-hfb-mobile-header-display":"","site-post-title":"","ast-breadcrumbs-content":"","ast-featured-img":"","footer-sml-layout":"","theme-transparent-header-meta":"","adv-header-id-meta":"","stick-header-meta":"","header-above-stick-meta":"","header-main-stick-meta":"","header-below-stick-meta":"","astra-migrate-meta-layouts":"default","ast-page-background-enabled":"default","ast-page-background-meta":{"desktop":{"background-color":"var(--ast-global-color-4)","background-image":"","background-repeat":"repeat","background-position":"center center","background-size":"auto","background-attachment":"scroll","background-type":"","background-media":"","overlay-type":"","overlay-color":"","overlay-opacity":"","overlay-gradient":""},"tablet":{"background-color":"","background-image":"","background-repeat":"repeat","background-position":"center center","background-size":"auto","background-attachment":"scroll","background-type":"","background-media":"","overlay-type":"","overlay-color":"","overlay-opacity":"","overlay-gradient":""},"mobile":{"background-color":"","background-image":"","background-repeat":"repeat","background-position":"center center","background-size":"auto","background-attachment":"scroll","background-type":"","background-media":"","overlay-type":"","overlay-color":"","overlay-opacity":"","overlay-gradient":""}},"ast-content-background-meta":{"desktop":{"background-color":"var(--ast-global-color-5)","background-image":"","background-repeat":"repeat","background-position":"center center","background-size":"auto","background-attachment":"scroll","background-type":"","background-media":"","overlay-type":"","overlay-color":"","overlay-opacity":"","overlay-gradient":""},"tablet":{"background-color":"var(--ast-global-color-5)","background-image":"","background-repeat":"repeat","background-position":"center center","background-size":"auto","background-attachment":"scroll","background-type":"","background-media":"","overlay-type":"","overlay-color":"","overlay-opacity":"","overlay-gradient":""},"mobile":{"background-color":"var(--ast-global-color-5)","background-image":"","background-repeat":"repeat","background-position":"center center","background-size":"auto","background-attachment":"scroll","background-type":"","background-media":"","overlay-type":"","overlay-color":"","overlay-opacity":"","overlay-gradient":""}},"footnotes":""},"class_list":["post-753","page","type-page","status-publish","hentry"],"post_mailing_queue_ids":[],"_links":{"self":[{"href":"https:\/\/agora.xtec.cat\/ceipsantcristofol\/wp-json\/wp\/v2\/pages\/753","targetHints":{"allow":["GET"]}}],"collection":[{"href":"https:\/\/agora.xtec.cat\/ceipsantcristofol\/wp-json\/wp\/v2\/pages"}],"about":[{"href":"https:\/\/agora.xtec.cat\/ceipsantcristofol\/wp-json\/wp\/v2\/types\/page"}],"author":[{"embeddable":true,"href":"https:\/\/agora.xtec.cat\/ceipsantcristofol\/wp-json\/wp\/v2\/users\/1"}],"replies":[{"embeddable":true,"href":"https:\/\/agora.xtec.cat\/ceipsantcristofol\/wp-json\/wp\/v2\/comments?post=753"}],"version-history":[{"count":4,"href":"https:\/\/agora.xtec.cat\/ceipsantcristofol\/wp-json\/wp\/v2\/pages\/753\/revisions"}],"predecessor-version":[{"id":2339,"href":"https:\/\/agora.xtec.cat\/ceipsantcristofol\/wp-json\/wp\/v2\/pages\/753\/revisions\/2339"}],"up":[{"embeddable":true,"href":"https:\/\/agora.xtec.cat\/ceipsantcristofol\/wp-json\/wp\/v2\/pages\/259"}],"wp:attachment":[{"href":"https:\/\/agora.xtec.cat\/ceipsantcristofol\/wp-json\/wp\/v2\/media?parent=753"}],"curies":[{"name":"wp","href":"https:\/\/api.w.org\/{rel}","templated":true}]}}