{"id":7402,"date":"2025-12-20T22:33:06","date_gmt":"2025-12-20T21:33:06","guid":{"rendered":"https:\/\/agora.xtec.cat\/ceipsantcristofol\/?page_id=7402"},"modified":"2026-01-02T11:03:10","modified_gmt":"2026-01-02T10:03:10","slug":"arts-plastiques","status":"publish","type":"page","link":"https:\/\/agora.xtec.cat\/ceipsantcristofol\/projecte-artistic\/arts-plastiques\/","title":{"rendered":"Arts pl\u00e0stiques"},"content":{"rendered":"<p data-start=\"1726\" data-end=\"1887\">L\u2019\u00e0mbit de les arts pl\u00e0stiques fomenta la creativitat i l\u2019expressi\u00f3 visual mitjan\u00e7ant l\u2019experimentaci\u00f3 amb materials, t\u00e8cniques i llenguatges art\u00edstics diversos.<\/p>\n<p data-start=\"1889\" data-end=\"1977\">A trav\u00e9s del dibuix, la pintura, el modelatge, el collage i altres t\u00e8cniques, l\u2019alumnat:<\/p>\n<ul data-start=\"1978\" data-end=\"2263\">\n<li data-start=\"1978\" data-end=\"2045\">\n<p data-start=\"1980\" data-end=\"2045\">Desenvolupa la capacitat d\u2019observaci\u00f3 i la sensibilitat est\u00e8tica.<\/p>\n<\/li>\n<li data-start=\"2046\" data-end=\"2104\">\n<p data-start=\"2048\" data-end=\"2104\">Expressa idees, emocions i viv\u00e8ncies de manera personal.<\/p>\n<\/li>\n<li data-start=\"2105\" data-end=\"2159\">\n<p data-start=\"2107\" data-end=\"2159\">Explora materials, textures i procediments diversos.<\/p>\n<\/li>\n<li data-start=\"2160\" data-end=\"2206\">\n<p data-start=\"2162\" data-end=\"2206\">Coneix artistes, obres i corrents art\u00edstics.<\/p>\n<\/li>\n<li data-start=\"2207\" data-end=\"2263\">\n<p data-start=\"2209\" data-end=\"2263\">Valora el proc\u00e9s creatiu per sobre del resultat final.<\/p>\n<\/li>\n<\/ul>\n<p data-start=\"2265\" data-end=\"2392\">Les produccions art\u00edstiques es comparteixen en exposicions i espais del centre, donant valor a la creaci\u00f3 pr\u00f2pia i col\u00b7lectiva.<\/p>\n<p data-start=\"2265\" data-end=\"2392\">Tenim una programaci\u00f3 transversal a partir de diferents artistes des d&#8217;I3 fins a 6\u00e8.<a href=\"https:\/\/agora.xtec.cat\/ceipsantcristofol\/wp-content\/uploads\/usu472\/2026\/01\/487735584_18064157393302171_3330127839565308227_n.jpg\"><img loading=\"lazy\" decoding=\"async\" class=\"wp-image-7424 aligncenter\" src=\"https:\/\/agora.xtec.cat\/ceipsantcristofol\/wp-content\/uploads\/usu472\/2026\/01\/487735584_18064157393302171_3330127839565308227_n.jpg\" alt=\"\" width=\"1046\" height=\"785\" srcset=\"https:\/\/agora.xtec.cat\/ceipsantcristofol\/wp-content\/uploads\/usu472\/2026\/01\/487735584_18064157393302171_3330127839565308227_n.jpg 1440w, https:\/\/agora.xtec.cat\/ceipsantcristofol\/wp-content\/uploads\/usu472\/2026\/01\/487735584_18064157393302171_3330127839565308227_n-300x225.jpg 300w, https:\/\/agora.xtec.cat\/ceipsantcristofol\/wp-content\/uploads\/usu472\/2026\/01\/487735584_18064157393302171_3330127839565308227_n-1024x768.jpg 1024w, https:\/\/agora.xtec.cat\/ceipsantcristofol\/wp-content\/uploads\/usu472\/2026\/01\/487735584_18064157393302171_3330127839565308227_n-768x576.jpg 768w\" sizes=\"auto, (max-width: 1046px) 100vw, 1046px\" \/><\/a><\/p>\n","protected":false},"excerpt":{"rendered":"<p>L\u2019\u00e0mbit de les arts pl\u00e0stiques fomenta la creativitat i l\u2019expressi\u00f3 visual mitjan\u00e7ant l\u2019experimentaci\u00f3 amb materials, t\u00e8cniques i llenguatges art\u00edstics diversos. A trav\u00e9s del dibuix, la pintura, el modelatge, el collage i altres t\u00e8cniques, l\u2019alumnat: Desenvolupa la capacitat d\u2019observaci\u00f3 i la sensibilitat est\u00e8tica. Expressa idees, emocions i viv\u00e8ncies de manera personal. Explora materials, textures i procediments [&hellip;]<\/p>\n","protected":false},"author":1,"featured_media":0,"parent":7159,"menu_order":0,"comment_status":"closed","ping_status":"closed","template":"","meta":{"_bbp_topic_count":0,"_bbp_reply_count":0,"_bbp_total_topic_count":0,"_bbp_total_reply_count":0,"_bbp_voice_count":0,"_bbp_anonymous_reply_count":0,"_bbp_topic_count_hidden":0,"_bbp_reply_count_hidden":0,"_bbp_forum_subforum_count":0,"site-sidebar-layout":"default","site-content-layout":"","ast-site-content-layout":"default","site-content-style":"default","site-sidebar-style":"default","ast-global-header-display":"","ast-banner-title-visibility":"","ast-main-header-display":"","ast-hfb-above-header-display":"","ast-hfb-below-header-display":"","ast-hfb-mobile-header-display":"","site-post-title":"","ast-breadcrumbs-content":"","ast-featured-img":"","footer-sml-layout":"","theme-transparent-header-meta":"default","adv-header-id-meta":"","stick-header-meta":"","header-above-stick-meta":"","header-main-stick-meta":"","header-below-stick-meta":"","astra-migrate-meta-layouts":"set","ast-page-background-enabled":"default","ast-page-background-meta":{"desktop":{"background-color":"var(--ast-global-color-4)","background-image":"","background-repeat":"repeat","background-position":"center center","background-size":"auto","background-attachment":"scroll","background-type":"","background-media":"","overlay-type":"","overlay-color":"","overlay-opacity":"","overlay-gradient":""},"tablet":{"background-color":"","background-image":"","background-repeat":"repeat","background-position":"center center","background-size":"auto","background-attachment":"scroll","background-type":"","background-media":"","overlay-type":"","overlay-color":"","overlay-opacity":"","overlay-gradient":""},"mobile":{"background-color":"","background-image":"","background-repeat":"repeat","background-position":"center center","background-size":"auto","background-attachment":"scroll","background-type":"","background-media":"","overlay-type":"","overlay-color":"","overlay-opacity":"","overlay-gradient":""}},"ast-content-background-meta":{"desktop":{"background-color":"var(--ast-global-color-5)","background-image":"","background-repeat":"repeat","background-position":"center center","background-size":"auto","background-attachment":"scroll","background-type":"","background-media":"","overlay-type":"","overlay-color":"","overlay-opacity":"","overlay-gradient":""},"tablet":{"background-color":"var(--ast-global-color-5)","background-image":"","background-repeat":"repeat","background-position":"center center","background-size":"auto","background-attachment":"scroll","background-type":"","background-media":"","overlay-type":"","overlay-color":"","overlay-opacity":"","overlay-gradient":""},"mobile":{"background-color":"var(--ast-global-color-5)","background-image":"","background-repeat":"repeat","background-position":"center center","background-size":"auto","background-attachment":"scroll","background-type":"","background-media":"","overlay-type":"","overlay-color":"","overlay-opacity":"","overlay-gradient":""}},"footnotes":""},"class_list":["post-7402","page","type-page","status-publish","hentry"],"post_mailing_queue_ids":[],"_links":{"self":[{"href":"https:\/\/agora.xtec.cat\/ceipsantcristofol\/wp-json\/wp\/v2\/pages\/7402","targetHints":{"allow":["GET"]}}],"collection":[{"href":"https:\/\/agora.xtec.cat\/ceipsantcristofol\/wp-json\/wp\/v2\/pages"}],"about":[{"href":"https:\/\/agora.xtec.cat\/ceipsantcristofol\/wp-json\/wp\/v2\/types\/page"}],"author":[{"embeddable":true,"href":"https:\/\/agora.xtec.cat\/ceipsantcristofol\/wp-json\/wp\/v2\/users\/1"}],"replies":[{"embeddable":true,"href":"https:\/\/agora.xtec.cat\/ceipsantcristofol\/wp-json\/wp\/v2\/comments?post=7402"}],"version-history":[{"count":3,"href":"https:\/\/agora.xtec.cat\/ceipsantcristofol\/wp-json\/wp\/v2\/pages\/7402\/revisions"}],"predecessor-version":[{"id":7425,"href":"https:\/\/agora.xtec.cat\/ceipsantcristofol\/wp-json\/wp\/v2\/pages\/7402\/revisions\/7425"}],"up":[{"embeddable":true,"href":"https:\/\/agora.xtec.cat\/ceipsantcristofol\/wp-json\/wp\/v2\/pages\/7159"}],"wp:attachment":[{"href":"https:\/\/agora.xtec.cat\/ceipsantcristofol\/wp-json\/wp\/v2\/media?parent=7402"}],"curies":[{"name":"wp","href":"https:\/\/api.w.org\/{rel}","templated":true}]}}