{"id":7401,"date":"2025-12-20T22:33:05","date_gmt":"2025-12-20T21:33:05","guid":{"rendered":"https:\/\/agora.xtec.cat\/ceipsantcristofol\/?page_id=7401"},"modified":"2026-01-02T11:02:25","modified_gmt":"2026-01-02T10:02:25","slug":"musica","status":"publish","type":"page","link":"https:\/\/agora.xtec.cat\/ceipsantcristofol\/projecte-artistic\/musica\/","title":{"rendered":"M\u00fasica"},"content":{"rendered":"<p data-start=\"197\" data-end=\"426\">L\u2019\u00e0mbit musical t\u00e9 com a objectiu desenvolupar la sensibilitat auditiva, el sentit r\u00edtmic i la capacitat d\u2019expressi\u00f3 a trav\u00e9s del so i la m\u00fasica, entenent-la com un llenguatge universal i una eina de cohesi\u00f3 i treball cooperatiu.<\/p>\n<p data-start=\"428\" data-end=\"527\">A trav\u00e9s del cant, la interpretaci\u00f3 instrumental, l\u2019audici\u00f3 activa i la creaci\u00f3 musical, l\u2019alumnat:<\/p>\n<ul data-start=\"528\" data-end=\"818\">\n<li data-start=\"528\" data-end=\"579\">\n<p data-start=\"530\" data-end=\"579\">Desenvolupa l\u2019o\u00efda musical i el sentit del ritme.<\/p>\n<\/li>\n<li data-start=\"580\" data-end=\"625\">\n<p data-start=\"582\" data-end=\"625\">Expressa emocions i idees mitjan\u00e7ant el so.<\/p>\n<\/li>\n<li data-start=\"626\" data-end=\"686\">\n<p data-start=\"628\" data-end=\"686\">Apr\u00e8n a escoltar, respectar i coordinar-se amb els altres.<\/p>\n<\/li>\n<li data-start=\"687\" data-end=\"749\">\n<p data-start=\"689\" data-end=\"749\">Coneix diferents estils, cultures i manifestacions musicals.<\/p>\n<\/li>\n<li data-start=\"750\" data-end=\"818\">\n<p data-start=\"752\" data-end=\"818\">Participa en projectes col\u00b7lectius i actuacions davant del p\u00fablic.<\/p>\n<\/li>\n<\/ul>\n<p data-start=\"820\" data-end=\"1089\">Comptem amb l&#8217;Escola Municipal de Premi\u00e0 per a ampliar els estudis musicals del nostre alumnats. A Educaci\u00f3 Infantil i 1r i 2n amb la <strong>sensibilitzaci\u00f3 musica<\/strong>l i a partir de <strong data-start=\"832\" data-end=\"860\">3r fins a 6\u00e8 de Prim\u00e0ria<\/strong>, el projecte musical incorpora de manera progressiva la <strong data-start=\"917\" data-end=\"942\">formaci\u00f3 instrumental<\/strong>, que permet a l\u2019alumnat iniciar-se en la pr\u00e0ctica d\u2019instruments i aprofundir en el llenguatge musical des d\u2019una perspectiva pr\u00e0ctica i motivadora.<\/p>\n<p data-start=\"1091\" data-end=\"1181\">Aquest aprenentatge culmina amb el <strong data-start=\"1126\" data-end=\"1162\">projecte de Big Band de l\u2019escola<\/strong>, en qu\u00e8 l\u2019alumnat:<\/p>\n<ul data-start=\"1182\" data-end=\"1480\">\n<li data-start=\"1182\" data-end=\"1248\">\n<p data-start=\"1184\" data-end=\"1248\">Apr\u00e8n a tocar en conjunt, seguint una estructura musical comuna.<\/p>\n<\/li>\n<li data-start=\"1249\" data-end=\"1348\">\n<p data-start=\"1251\" data-end=\"1348\">Desenvolupa habilitats de coordinaci\u00f3, escolta activa i responsabilitat individual dins del grup.<\/p>\n<\/li>\n<li data-start=\"1349\" data-end=\"1409\">\n<p data-start=\"1351\" data-end=\"1409\">Coneix el funcionament d\u2019una formaci\u00f3 musical col\u00b7lectiva.<\/p>\n<\/li>\n<li data-start=\"1410\" data-end=\"1480\">\n<p data-start=\"1412\" data-end=\"1480\">Participa en concerts i activitats obertes a la comunitat educativa.<\/p>\n<\/li>\n<\/ul>\n<p data-start=\"1482\" data-end=\"1654\">La m\u00fasica es treballa de manera integrada amb altres \u00e0mbits art\u00edstics i projectes interdisciplinaris del centre, afavorint una experi\u00e8ncia art\u00edstica global i significativa.<\/p>\n<p><a href=\"https:\/\/agora.xtec.cat\/ceipsantcristofol\/wp-content\/uploads\/usu472\/2026\/01\/1729291774131-1-scaled.jpg\"><img loading=\"lazy\" decoding=\"async\" class=\"alignleft wp-image-7422 size-full\" src=\"https:\/\/agora.xtec.cat\/ceipsantcristofol\/wp-content\/uploads\/usu472\/2026\/01\/1729291774131-1-scaled-e1767348130782.jpg\" alt=\"\" width=\"2480\" height=\"1024\" srcset=\"https:\/\/agora.xtec.cat\/ceipsantcristofol\/wp-content\/uploads\/usu472\/2026\/01\/1729291774131-1-scaled-e1767348130782.jpg 2480w, https:\/\/agora.xtec.cat\/ceipsantcristofol\/wp-content\/uploads\/usu472\/2026\/01\/1729291774131-1-scaled-e1767348130782-300x124.jpg 300w, https:\/\/agora.xtec.cat\/ceipsantcristofol\/wp-content\/uploads\/usu472\/2026\/01\/1729291774131-1-scaled-e1767348130782-1024x423.jpg 1024w, https:\/\/agora.xtec.cat\/ceipsantcristofol\/wp-content\/uploads\/usu472\/2026\/01\/1729291774131-1-scaled-e1767348130782-768x317.jpg 768w, https:\/\/agora.xtec.cat\/ceipsantcristofol\/wp-content\/uploads\/usu472\/2026\/01\/1729291774131-1-scaled-e1767348130782-1536x634.jpg 1536w, https:\/\/agora.xtec.cat\/ceipsantcristofol\/wp-content\/uploads\/usu472\/2026\/01\/1729291774131-1-scaled-e1767348130782-2048x846.jpg 2048w\" sizes=\"auto, (max-width: 2480px) 100vw, 2480px\" \/><\/a><\/p>\n","protected":false},"excerpt":{"rendered":"<p>L\u2019\u00e0mbit musical t\u00e9 com a objectiu desenvolupar la sensibilitat auditiva, el sentit r\u00edtmic i la capacitat d\u2019expressi\u00f3 a trav\u00e9s del so i la m\u00fasica, entenent-la com un llenguatge universal i una eina de cohesi\u00f3 i treball cooperatiu. A trav\u00e9s del cant, la interpretaci\u00f3 instrumental, l\u2019audici\u00f3 activa i la creaci\u00f3 musical, l\u2019alumnat: Desenvolupa l\u2019o\u00efda musical i [&hellip;]<\/p>\n","protected":false},"author":1,"featured_media":0,"parent":7159,"menu_order":0,"comment_status":"closed","ping_status":"closed","template":"","meta":{"_bbp_topic_count":0,"_bbp_reply_count":0,"_bbp_total_topic_count":0,"_bbp_total_reply_count":0,"_bbp_voice_count":0,"_bbp_anonymous_reply_count":0,"_bbp_topic_count_hidden":0,"_bbp_reply_count_hidden":0,"_bbp_forum_subforum_count":0,"site-sidebar-layout":"default","site-content-layout":"","ast-site-content-layout":"default","site-content-style":"default","site-sidebar-style":"default","ast-global-header-display":"","ast-banner-title-visibility":"","ast-main-header-display":"","ast-hfb-above-header-display":"","ast-hfb-below-header-display":"","ast-hfb-mobile-header-display":"","site-post-title":"","ast-breadcrumbs-content":"","ast-featured-img":"","footer-sml-layout":"","theme-transparent-header-meta":"default","adv-header-id-meta":"","stick-header-meta":"","header-above-stick-meta":"","header-main-stick-meta":"","header-below-stick-meta":"","astra-migrate-meta-layouts":"set","ast-page-background-enabled":"default","ast-page-background-meta":{"desktop":{"background-color":"var(--ast-global-color-4)","background-image":"","background-repeat":"repeat","background-position":"center center","background-size":"auto","background-attachment":"scroll","background-type":"","background-media":"","overlay-type":"","overlay-color":"","overlay-opacity":"","overlay-gradient":""},"tablet":{"background-color":"","background-image":"","background-repeat":"repeat","background-position":"center center","background-size":"auto","background-attachment":"scroll","background-type":"","background-media":"","overlay-type":"","overlay-color":"","overlay-opacity":"","overlay-gradient":""},"mobile":{"background-color":"","background-image":"","background-repeat":"repeat","background-position":"center center","background-size":"auto","background-attachment":"scroll","background-type":"","background-media":"","overlay-type":"","overlay-color":"","overlay-opacity":"","overlay-gradient":""}},"ast-content-background-meta":{"desktop":{"background-color":"var(--ast-global-color-5)","background-image":"","background-repeat":"repeat","background-position":"center center","background-size":"auto","background-attachment":"scroll","background-type":"","background-media":"","overlay-type":"","overlay-color":"","overlay-opacity":"","overlay-gradient":""},"tablet":{"background-color":"var(--ast-global-color-5)","background-image":"","background-repeat":"repeat","background-position":"center center","background-size":"auto","background-attachment":"scroll","background-type":"","background-media":"","overlay-type":"","overlay-color":"","overlay-opacity":"","overlay-gradient":""},"mobile":{"background-color":"var(--ast-global-color-5)","background-image":"","background-repeat":"repeat","background-position":"center center","background-size":"auto","background-attachment":"scroll","background-type":"","background-media":"","overlay-type":"","overlay-color":"","overlay-opacity":"","overlay-gradient":""}},"footnotes":""},"class_list":["post-7401","page","type-page","status-publish","hentry"],"post_mailing_queue_ids":[],"_links":{"self":[{"href":"https:\/\/agora.xtec.cat\/ceipsantcristofol\/wp-json\/wp\/v2\/pages\/7401","targetHints":{"allow":["GET"]}}],"collection":[{"href":"https:\/\/agora.xtec.cat\/ceipsantcristofol\/wp-json\/wp\/v2\/pages"}],"about":[{"href":"https:\/\/agora.xtec.cat\/ceipsantcristofol\/wp-json\/wp\/v2\/types\/page"}],"author":[{"embeddable":true,"href":"https:\/\/agora.xtec.cat\/ceipsantcristofol\/wp-json\/wp\/v2\/users\/1"}],"replies":[{"embeddable":true,"href":"https:\/\/agora.xtec.cat\/ceipsantcristofol\/wp-json\/wp\/v2\/comments?post=7401"}],"version-history":[{"count":3,"href":"https:\/\/agora.xtec.cat\/ceipsantcristofol\/wp-json\/wp\/v2\/pages\/7401\/revisions"}],"predecessor-version":[{"id":7423,"href":"https:\/\/agora.xtec.cat\/ceipsantcristofol\/wp-json\/wp\/v2\/pages\/7401\/revisions\/7423"}],"up":[{"embeddable":true,"href":"https:\/\/agora.xtec.cat\/ceipsantcristofol\/wp-json\/wp\/v2\/pages\/7159"}],"wp:attachment":[{"href":"https:\/\/agora.xtec.cat\/ceipsantcristofol\/wp-json\/wp\/v2\/media?parent=7401"}],"curies":[{"name":"wp","href":"https:\/\/api.w.org\/{rel}","templated":true}]}}