{"id":7159,"date":"2025-07-23T19:11:09","date_gmt":"2025-07-23T17:11:09","guid":{"rendered":"https:\/\/agora.xtec.cat\/ceipsantcristofol\/?page_id=7159"},"modified":"2026-01-02T11:09:51","modified_gmt":"2026-01-02T10:09:51","slug":"projecte-artistic","status":"publish","type":"page","link":"https:\/\/agora.xtec.cat\/ceipsantcristofol\/projecte-artistic\/","title":{"rendered":"Projecte Art\u00edstic"},"content":{"rendered":"<p data-start=\"278\" data-end=\"661\">El Projecte Art\u00edstic de l\u2019Escola Sant Crist\u00f2fol concep l\u2019art com una eina educativa fonamental per al desenvolupament integral de l\u2019alumnat. A trav\u00e9s de les diferents disciplines art\u00edstiques \u2014arts visuals, m\u00fasica, expressi\u00f3 corporal i dramatitzaci\u00f3\u2014 es promou un aprenentatge vivencial, creatiu i significatiu, integrat dins del curr\u00edculum i vinculat al projecte educatiu del centre.<\/p>\n<p data-start=\"663\" data-end=\"992\">L\u2019art es treballa com un llenguatge universal que permet a l\u2019alumnat expressar emocions, idees i viv\u00e8ncies, alhora que afavoreix l\u2019esperit cr\u00edtic, la sensibilitat est\u00e8tica i la capacitat de comunicaci\u00f3. El projecte t\u00e9 una mirada inclusiva, respectant els ritmes individuals i fomentant la participaci\u00f3 activa de tots els infants.<\/p>\n<p data-start=\"994\" data-end=\"1040\">El que volem aconseguir amb el projecte art\u00edstic \u00e9s:<\/p>\n<ul data-start=\"1041\" data-end=\"1479\">\n<li data-start=\"1041\" data-end=\"1109\">\n<p data-start=\"1043\" data-end=\"1109\">Desenvolupar la creativitat, la imaginaci\u00f3 i l\u2019expressi\u00f3 personal.<\/p>\n<\/li>\n<li data-start=\"1110\" data-end=\"1197\">\n<p data-start=\"1112\" data-end=\"1197\">Afavorir el treball cooperatiu i el respecte per les creacions pr\u00f2pies i dels altres.<\/p>\n<\/li>\n<li data-start=\"1198\" data-end=\"1265\">\n<p data-start=\"1200\" data-end=\"1265\">Potenciar l\u2019educaci\u00f3 emocional a trav\u00e9s de l\u2019expressi\u00f3 art\u00edstica.<\/p>\n<\/li>\n<li data-start=\"1266\" data-end=\"1344\">\n<p data-start=\"1268\" data-end=\"1344\">Integrar l\u2019art com a eina transversal d\u2019aprenentatge en les diferents \u00e0rees.<\/p>\n<\/li>\n<li data-start=\"1345\" data-end=\"1415\">\n<p data-start=\"1347\" data-end=\"1415\">Apropar l\u2019alumnat a diverses manifestacions culturals i art\u00edstiques.<\/p>\n<\/li>\n<li data-start=\"1416\" data-end=\"1479\">\n<p data-start=\"1418\" data-end=\"1479\">Fomentar la confian\u00e7a, l\u2019autoestima i la iniciativa personal.<\/p>\n<\/li>\n<\/ul>\n<p data-start=\"1481\" data-end=\"1758\">El projecte es desplega de manera progressiva des d\u2019Educaci\u00f3 Infantil fins a Educaci\u00f3 Prim\u00e0ria, adaptant les propostes a l\u2019edat i al moment evolutiu de l\u2019alumnat, i culmina amb activitats compartides, exposicions, actuacions i moments de participaci\u00f3 de la comunitat educativa.<\/p>\n<p data-start=\"1481\" data-end=\"1758\">Si en vols saber m\u00e9s clica a cada imatge i t&#8217;expliquem el nostre projecte!!!<\/p>\n<p data-start=\"1481\" data-end=\"1758\"><a href=\"https:\/\/agora.xtec.cat\/ceipsantcristofol\/projecte-artistic\/arts-plastiques\/\"><img loading=\"lazy\" decoding=\"async\" class=\"wp-image-7424 alignleft\" src=\"https:\/\/agora.xtec.cat\/ceipsantcristofol\/wp-content\/uploads\/usu472\/2026\/01\/487735584_18064157393302171_3330127839565308227_n.jpg\" alt=\"\" width=\"240\" height=\"180\" srcset=\"https:\/\/agora.xtec.cat\/ceipsantcristofol\/wp-content\/uploads\/usu472\/2026\/01\/487735584_18064157393302171_3330127839565308227_n.jpg 1440w, https:\/\/agora.xtec.cat\/ceipsantcristofol\/wp-content\/uploads\/usu472\/2026\/01\/487735584_18064157393302171_3330127839565308227_n-300x225.jpg 300w, https:\/\/agora.xtec.cat\/ceipsantcristofol\/wp-content\/uploads\/usu472\/2026\/01\/487735584_18064157393302171_3330127839565308227_n-1024x768.jpg 1024w, https:\/\/agora.xtec.cat\/ceipsantcristofol\/wp-content\/uploads\/usu472\/2026\/01\/487735584_18064157393302171_3330127839565308227_n-768x576.jpg 768w\" sizes=\"auto, (max-width: 240px) 100vw, 240px\" \/><\/a><a href=\"https:\/\/agora.xtec.cat\/ceipsantcristofol\/projecte-artistic\/musica\/\"><img loading=\"lazy\" decoding=\"async\" class=\"alignleft wp-image-7422\" src=\"https:\/\/agora.xtec.cat\/ceipsantcristofol\/wp-content\/uploads\/usu472\/2026\/01\/1729291774131-1-scaled-e1767348130782.jpg\" alt=\"\" width=\"341\" height=\"141\" srcset=\"https:\/\/agora.xtec.cat\/ceipsantcristofol\/wp-content\/uploads\/usu472\/2026\/01\/1729291774131-1-scaled-e1767348130782.jpg 2480w, https:\/\/agora.xtec.cat\/ceipsantcristofol\/wp-content\/uploads\/usu472\/2026\/01\/1729291774131-1-scaled-e1767348130782-300x124.jpg 300w, https:\/\/agora.xtec.cat\/ceipsantcristofol\/wp-content\/uploads\/usu472\/2026\/01\/1729291774131-1-scaled-e1767348130782-1024x423.jpg 1024w, https:\/\/agora.xtec.cat\/ceipsantcristofol\/wp-content\/uploads\/usu472\/2026\/01\/1729291774131-1-scaled-e1767348130782-768x317.jpg 768w, https:\/\/agora.xtec.cat\/ceipsantcristofol\/wp-content\/uploads\/usu472\/2026\/01\/1729291774131-1-scaled-e1767348130782-1536x634.jpg 1536w, https:\/\/agora.xtec.cat\/ceipsantcristofol\/wp-content\/uploads\/usu472\/2026\/01\/1729291774131-1-scaled-e1767348130782-2048x846.jpg 2048w\" sizes=\"auto, (max-width: 341px) 100vw, 341px\" \/><\/a><a href=\"https:\/\/agora.xtec.cat\/ceipsantcristofol\/projecte-artistic\/teatre\/\"><img loading=\"lazy\" decoding=\"async\" class=\"alignleft wp-image-7054\" src=\"https:\/\/agora.xtec.cat\/ceipsantcristofol\/wp-content\/uploads\/usu472\/2025\/05\/1747237815882-e1767346830690.jpg\" alt=\"\" width=\"312\" height=\"208\" srcset=\"https:\/\/agora.xtec.cat\/ceipsantcristofol\/wp-content\/uploads\/usu472\/2025\/05\/1747237815882-e1767346830690.jpg 1032w, https:\/\/agora.xtec.cat\/ceipsantcristofol\/wp-content\/uploads\/usu472\/2025\/05\/1747237815882-e1767346830690-300x200.jpg 300w, https:\/\/agora.xtec.cat\/ceipsantcristofol\/wp-content\/uploads\/usu472\/2025\/05\/1747237815882-e1767346830690-1024x683.jpg 1024w, https:\/\/agora.xtec.cat\/ceipsantcristofol\/wp-content\/uploads\/usu472\/2025\/05\/1747237815882-e1767346830690-768x512.jpg 768w\" sizes=\"auto, (max-width: 312px) 100vw, 312px\" \/><\/a><a href=\"https:\/\/agora.xtec.cat\/ceipsantcristofol\/projecte-artistic\/musica\/\"><br \/>\n<\/a><\/p>\n","protected":false},"excerpt":{"rendered":"<p>El Projecte Art\u00edstic de l\u2019Escola Sant Crist\u00f2fol concep l\u2019art com una eina educativa fonamental per al desenvolupament integral de l\u2019alumnat. A trav\u00e9s de les diferents disciplines art\u00edstiques \u2014arts visuals, m\u00fasica, expressi\u00f3 corporal i dramatitzaci\u00f3\u2014 es promou un aprenentatge vivencial, creatiu i significatiu, integrat dins del curr\u00edculum i vinculat al projecte educatiu del centre. L\u2019art es [&hellip;]<\/p>\n","protected":false},"author":1,"featured_media":0,"parent":0,"menu_order":0,"comment_status":"closed","ping_status":"closed","template":"","meta":{"_bbp_topic_count":0,"_bbp_reply_count":0,"_bbp_total_topic_count":0,"_bbp_total_reply_count":0,"_bbp_voice_count":0,"_bbp_anonymous_reply_count":0,"_bbp_topic_count_hidden":0,"_bbp_reply_count_hidden":0,"_bbp_forum_subforum_count":0,"site-sidebar-layout":"default","site-content-layout":"","ast-site-content-layout":"default","site-content-style":"default","site-sidebar-style":"default","ast-global-header-display":"","ast-banner-title-visibility":"","ast-main-header-display":"","ast-hfb-above-header-display":"","ast-hfb-below-header-display":"","ast-hfb-mobile-header-display":"","site-post-title":"","ast-breadcrumbs-content":"","ast-featured-img":"","footer-sml-layout":"","theme-transparent-header-meta":"default","adv-header-id-meta":"","stick-header-meta":"","header-above-stick-meta":"","header-main-stick-meta":"","header-below-stick-meta":"","astra-migrate-meta-layouts":"set","ast-page-background-enabled":"default","ast-page-background-meta":{"desktop":{"background-color":"var(--ast-global-color-4)","background-image":"","background-repeat":"repeat","background-position":"center center","background-size":"auto","background-attachment":"scroll","background-type":"","background-media":"","overlay-type":"","overlay-color":"","overlay-opacity":"","overlay-gradient":""},"tablet":{"background-color":"","background-image":"","background-repeat":"repeat","background-position":"center center","background-size":"auto","background-attachment":"scroll","background-type":"","background-media":"","overlay-type":"","overlay-color":"","overlay-opacity":"","overlay-gradient":""},"mobile":{"background-color":"","background-image":"","background-repeat":"repeat","background-position":"center center","background-size":"auto","background-attachment":"scroll","background-type":"","background-media":"","overlay-type":"","overlay-color":"","overlay-opacity":"","overlay-gradient":""}},"ast-content-background-meta":{"desktop":{"background-color":"var(--ast-global-color-5)","background-image":"","background-repeat":"repeat","background-position":"center center","background-size":"auto","background-attachment":"scroll","background-type":"","background-media":"","overlay-type":"","overlay-color":"","overlay-opacity":"","overlay-gradient":""},"tablet":{"background-color":"var(--ast-global-color-5)","background-image":"","background-repeat":"repeat","background-position":"center center","background-size":"auto","background-attachment":"scroll","background-type":"","background-media":"","overlay-type":"","overlay-color":"","overlay-opacity":"","overlay-gradient":""},"mobile":{"background-color":"var(--ast-global-color-5)","background-image":"","background-repeat":"repeat","background-position":"center center","background-size":"auto","background-attachment":"scroll","background-type":"","background-media":"","overlay-type":"","overlay-color":"","overlay-opacity":"","overlay-gradient":""}},"footnotes":""},"class_list":["post-7159","page","type-page","status-publish","hentry"],"post_mailing_queue_ids":[],"_links":{"self":[{"href":"https:\/\/agora.xtec.cat\/ceipsantcristofol\/wp-json\/wp\/v2\/pages\/7159","targetHints":{"allow":["GET"]}}],"collection":[{"href":"https:\/\/agora.xtec.cat\/ceipsantcristofol\/wp-json\/wp\/v2\/pages"}],"about":[{"href":"https:\/\/agora.xtec.cat\/ceipsantcristofol\/wp-json\/wp\/v2\/types\/page"}],"author":[{"embeddable":true,"href":"https:\/\/agora.xtec.cat\/ceipsantcristofol\/wp-json\/wp\/v2\/users\/1"}],"replies":[{"embeddable":true,"href":"https:\/\/agora.xtec.cat\/ceipsantcristofol\/wp-json\/wp\/v2\/comments?post=7159"}],"version-history":[{"count":4,"href":"https:\/\/agora.xtec.cat\/ceipsantcristofol\/wp-json\/wp\/v2\/pages\/7159\/revisions"}],"predecessor-version":[{"id":7428,"href":"https:\/\/agora.xtec.cat\/ceipsantcristofol\/wp-json\/wp\/v2\/pages\/7159\/revisions\/7428"}],"wp:attachment":[{"href":"https:\/\/agora.xtec.cat\/ceipsantcristofol\/wp-json\/wp\/v2\/media?parent=7159"}],"curies":[{"name":"wp","href":"https:\/\/api.w.org\/{rel}","templated":true}]}}