{"id":4966,"date":"2022-03-11T07:14:19","date_gmt":"2022-03-11T06:14:19","guid":{"rendered":"https:\/\/agora.xtec.cat\/ceipsantcristofol\/?page_id=4966"},"modified":"2026-01-02T12:15:53","modified_gmt":"2026-01-02T11:15:53","slug":"projecte-mediacio","status":"publish","type":"page","link":"https:\/\/agora.xtec.cat\/ceipsantcristofol\/lescola\/projecte-mediacio\/","title":{"rendered":"Projecte Mediaci\u00f3"},"content":{"rendered":"<p data-start=\"194\" data-end=\"530\">El <strong data-start=\"197\" data-end=\"234\">Projecte de Mediaci\u00f3 entre Iguals<\/strong> \u00e9s una iniciativa educativa de l&#8217;Escola Sant Crist\u00f2fol que promou la conviv\u00e8ncia positiva i la resoluci\u00f3 pac\u00edfica dels conflictes dins de la comunitat escolar. El projecte parteix de la idea que el conflicte forma part de la conviv\u00e8ncia i que pot esdevenir una oportunitat d\u2019aprenentatge si es gestiona de manera adequada.<\/p>\n<p data-start=\"532\" data-end=\"794\">A trav\u00e9s d\u2019aquest projecte, un grup d\u2019alumnes formats espec\u00edficament actuen com a <strong data-start=\"614\" data-end=\"640\">mediadors i mediadores<\/strong>, ajudant els companys i companyes a dialogar, escoltar-se i trobar acords de manera respectuosa i volunt\u00e0ria, sempre amb l\u2019acompanyament del professorat.<\/p>\n<p data-start=\"796\" data-end=\"828\">El projecte de mediaci\u00f3 fomenta:<\/p>\n<ul data-start=\"829\" data-end=\"1145\">\n<li data-start=\"829\" data-end=\"899\">\n<p data-start=\"831\" data-end=\"899\">El di\u00e0leg i l\u2019escolta activa com a eines de resoluci\u00f3 de conflictes.<\/p>\n<\/li>\n<li data-start=\"900\" data-end=\"977\">\n<p data-start=\"902\" data-end=\"977\">La responsabilitat i la participaci\u00f3 activa de l\u2019alumnat en la conviv\u00e8ncia.<\/p>\n<\/li>\n<li data-start=\"978\" data-end=\"1031\">\n<p data-start=\"980\" data-end=\"1031\">El respecte, l\u2019empatia i la gesti\u00f3 de les emocions.<\/p>\n<\/li>\n<li data-start=\"1032\" data-end=\"1092\">\n<p data-start=\"1034\" data-end=\"1092\">La prevenci\u00f3 de conflictes i la millora del clima escolar.<\/p>\n<\/li>\n<li data-start=\"1093\" data-end=\"1145\">\n<p data-start=\"1095\" data-end=\"1145\">La cultura de la pau i la conviv\u00e8ncia democr\u00e0tica.<\/p>\n<\/li>\n<\/ul>\n<p data-start=\"1147\" data-end=\"1381\">La mediaci\u00f3 entre iguals afavoreix que l\u2019alumnat desenvolupi habilitats socials i comunicatives, esdevingui m\u00e9s aut\u00f2nom en la gesti\u00f3 dels conflictes i contribueixi activament a construir un entorn escolar segur, respectu\u00f3s i inclusiu.<\/p>\n<p><a href=\"https:\/\/agora.xtec.cat\/ceipsantcristofol\/wp-content\/uploads\/usu472\/2022\/03\/Imagen1.jpg\"><img loading=\"lazy\" decoding=\"async\" class=\"wp-image-4967 alignleft\" src=\"https:\/\/agora.xtec.cat\/ceipsantcristofol\/wp-content\/uploads\/usu472\/2022\/03\/Imagen1.jpg\" alt=\"\" width=\"465\" height=\"287\" srcset=\"https:\/\/agora.xtec.cat\/ceipsantcristofol\/wp-content\/uploads\/usu472\/2022\/03\/Imagen1.jpg 896w, https:\/\/agora.xtec.cat\/ceipsantcristofol\/wp-content\/uploads\/usu472\/2022\/03\/Imagen1-300x185.jpg 300w, https:\/\/agora.xtec.cat\/ceipsantcristofol\/wp-content\/uploads\/usu472\/2022\/03\/Imagen1-768x474.jpg 768w\" sizes=\"auto, (max-width: 465px) 100vw, 465px\" \/><\/a><a href=\"https:\/\/agora.xtec.cat\/ceipsantcristofol\/wp-content\/uploads\/usu472\/2025\/01\/IMG_4139-1-scaled.jpg\"><img loading=\"lazy\" decoding=\"async\" class=\"alignleft  wp-image-6758\" src=\"https:\/\/agora.xtec.cat\/ceipsantcristofol\/wp-content\/uploads\/usu472\/2025\/01\/IMG_4139-1-scaled.jpg\" alt=\"\" width=\"224\" height=\"299\" srcset=\"https:\/\/agora.xtec.cat\/ceipsantcristofol\/wp-content\/uploads\/usu472\/2025\/01\/IMG_4139-1-scaled.jpg 1920w, https:\/\/agora.xtec.cat\/ceipsantcristofol\/wp-content\/uploads\/usu472\/2025\/01\/IMG_4139-1-225x300.jpg 225w, https:\/\/agora.xtec.cat\/ceipsantcristofol\/wp-content\/uploads\/usu472\/2025\/01\/IMG_4139-1-768x1024.jpg 768w, https:\/\/agora.xtec.cat\/ceipsantcristofol\/wp-content\/uploads\/usu472\/2025\/01\/IMG_4139-1-1152x1536.jpg 1152w, https:\/\/agora.xtec.cat\/ceipsantcristofol\/wp-content\/uploads\/usu472\/2025\/01\/IMG_4139-1-1536x2048.jpg 1536w\" sizes=\"auto, (max-width: 224px) 100vw, 224px\" \/><\/a><a href=\"https:\/\/agora.xtec.cat\/ceipsantcristofol\/wp-content\/uploads\/usu472\/2025\/11\/ac003755-58ea-4e44-84ea-8abc273bbac0.jpeg\"><img loading=\"lazy\" decoding=\"async\" class=\"alignleft  wp-image-7300\" src=\"https:\/\/agora.xtec.cat\/ceipsantcristofol\/wp-content\/uploads\/usu472\/2025\/11\/ac003755-58ea-4e44-84ea-8abc273bbac0.jpeg\" alt=\"\" width=\"395\" height=\"296\" srcset=\"https:\/\/agora.xtec.cat\/ceipsantcristofol\/wp-content\/uploads\/usu472\/2025\/11\/ac003755-58ea-4e44-84ea-8abc273bbac0.jpeg 2048w, https:\/\/agora.xtec.cat\/ceipsantcristofol\/wp-content\/uploads\/usu472\/2025\/11\/ac003755-58ea-4e44-84ea-8abc273bbac0-300x225.jpeg 300w, https:\/\/agora.xtec.cat\/ceipsantcristofol\/wp-content\/uploads\/usu472\/2025\/11\/ac003755-58ea-4e44-84ea-8abc273bbac0-1024x768.jpeg 1024w, https:\/\/agora.xtec.cat\/ceipsantcristofol\/wp-content\/uploads\/usu472\/2025\/11\/ac003755-58ea-4e44-84ea-8abc273bbac0-768x576.jpeg 768w, https:\/\/agora.xtec.cat\/ceipsantcristofol\/wp-content\/uploads\/usu472\/2025\/11\/ac003755-58ea-4e44-84ea-8abc273bbac0-1536x1152.jpeg 1536w\" sizes=\"auto, (max-width: 395px) 100vw, 395px\" \/><\/a><\/p>\n<p>&nbsp;<\/p>\n<p>&nbsp;<\/p>\n<p>&nbsp;<\/p>\n<p>&nbsp;<\/p>\n<p>&nbsp;<\/p>\n<p>&nbsp;<\/p>\n","protected":false},"excerpt":{"rendered":"<p>El Projecte de Mediaci\u00f3 entre Iguals \u00e9s una iniciativa educativa de l&#8217;Escola Sant Crist\u00f2fol que promou la conviv\u00e8ncia positiva i la resoluci\u00f3 pac\u00edfica dels conflictes dins de la comunitat escolar. El projecte parteix de la idea que el conflicte forma part de la conviv\u00e8ncia i que pot esdevenir una oportunitat d\u2019aprenentatge si es gestiona de [&hellip;]<\/p>\n","protected":false},"author":1,"featured_media":0,"parent":22,"menu_order":0,"comment_status":"closed","ping_status":"closed","template":"","meta":{"_bbp_topic_count":0,"_bbp_reply_count":0,"_bbp_total_topic_count":0,"_bbp_total_reply_count":0,"_bbp_voice_count":0,"_bbp_anonymous_reply_count":0,"_bbp_topic_count_hidden":0,"_bbp_reply_count_hidden":0,"_bbp_forum_subforum_count":0,"site-sidebar-layout":"default","site-content-layout":"","ast-site-content-layout":"default","site-content-style":"default","site-sidebar-style":"default","ast-global-header-display":"","ast-banner-title-visibility":"","ast-main-header-display":"","ast-hfb-above-header-display":"","ast-hfb-below-header-display":"","ast-hfb-mobile-header-display":"","site-post-title":"","ast-breadcrumbs-content":"","ast-featured-img":"","footer-sml-layout":"","theme-transparent-header-meta":"default","adv-header-id-meta":"","stick-header-meta":"","header-above-stick-meta":"","header-main-stick-meta":"","header-below-stick-meta":"","astra-migrate-meta-layouts":"set","ast-page-background-enabled":"default","ast-page-background-meta":{"desktop":{"background-color":"var(--ast-global-color-4)","background-image":"","background-repeat":"repeat","background-position":"center center","background-size":"auto","background-attachment":"scroll","background-type":"","background-media":"","overlay-type":"","overlay-color":"","overlay-opacity":"","overlay-gradient":""},"tablet":{"background-color":"","background-image":"","background-repeat":"repeat","background-position":"center center","background-size":"auto","background-attachment":"scroll","background-type":"","background-media":"","overlay-type":"","overlay-color":"","overlay-opacity":"","overlay-gradient":""},"mobile":{"background-color":"","background-image":"","background-repeat":"repeat","background-position":"center center","background-size":"auto","background-attachment":"scroll","background-type":"","background-media":"","overlay-type":"","overlay-color":"","overlay-opacity":"","overlay-gradient":""}},"ast-content-background-meta":{"desktop":{"background-color":"var(--ast-global-color-5)","background-image":"","background-repeat":"repeat","background-position":"center center","background-size":"auto","background-attachment":"scroll","background-type":"","background-media":"","overlay-type":"","overlay-color":"","overlay-opacity":"","overlay-gradient":""},"tablet":{"background-color":"var(--ast-global-color-5)","background-image":"","background-repeat":"repeat","background-position":"center center","background-size":"auto","background-attachment":"scroll","background-type":"","background-media":"","overlay-type":"","overlay-color":"","overlay-opacity":"","overlay-gradient":""},"mobile":{"background-color":"var(--ast-global-color-5)","background-image":"","background-repeat":"repeat","background-position":"center center","background-size":"auto","background-attachment":"scroll","background-type":"","background-media":"","overlay-type":"","overlay-color":"","overlay-opacity":"","overlay-gradient":""}},"footnotes":""},"class_list":["post-4966","page","type-page","status-publish","hentry"],"post_mailing_queue_ids":[],"_links":{"self":[{"href":"https:\/\/agora.xtec.cat\/ceipsantcristofol\/wp-json\/wp\/v2\/pages\/4966","targetHints":{"allow":["GET"]}}],"collection":[{"href":"https:\/\/agora.xtec.cat\/ceipsantcristofol\/wp-json\/wp\/v2\/pages"}],"about":[{"href":"https:\/\/agora.xtec.cat\/ceipsantcristofol\/wp-json\/wp\/v2\/types\/page"}],"author":[{"embeddable":true,"href":"https:\/\/agora.xtec.cat\/ceipsantcristofol\/wp-json\/wp\/v2\/users\/1"}],"replies":[{"embeddable":true,"href":"https:\/\/agora.xtec.cat\/ceipsantcristofol\/wp-json\/wp\/v2\/comments?post=4966"}],"version-history":[{"count":4,"href":"https:\/\/agora.xtec.cat\/ceipsantcristofol\/wp-json\/wp\/v2\/pages\/4966\/revisions"}],"predecessor-version":[{"id":7439,"href":"https:\/\/agora.xtec.cat\/ceipsantcristofol\/wp-json\/wp\/v2\/pages\/4966\/revisions\/7439"}],"up":[{"embeddable":true,"href":"https:\/\/agora.xtec.cat\/ceipsantcristofol\/wp-json\/wp\/v2\/pages\/22"}],"wp:attachment":[{"href":"https:\/\/agora.xtec.cat\/ceipsantcristofol\/wp-json\/wp\/v2\/media?parent=4966"}],"curies":[{"name":"wp","href":"https:\/\/api.w.org\/{rel}","templated":true}]}}