{"id":2080,"date":"2017-09-22T15:54:31","date_gmt":"2017-09-22T13:54:31","guid":{"rendered":"http:\/\/agora.xtec.cat\/ceipsantcristofol\/?page_id=2080"},"modified":"2026-01-02T11:25:23","modified_gmt":"2026-01-02T10:25:23","slug":"projecte-demprenedoria","status":"publish","type":"page","link":"https:\/\/agora.xtec.cat\/ceipsantcristofol\/projecte-educatiu\/projecte-demprenedoria\/","title":{"rendered":"Projecte d&#8217;emprenedoria CueMe"},"content":{"rendered":"<p>Aquest projecte neix aquest curs 2017-18 per primera vegada amb la intenci\u00f3 de ser un projecte de centre. Est\u00e0 coordinat amb l\u2019Ajuntament de Premi\u00e0 de Mar i amb la Diputaci\u00f3 de Barcelona.<\/p>\n<p><span style=\"font-size: 16px;\">El projecte <\/span><strong style=\"font-size: 16px;\" data-start=\"262\" data-end=\"271\">CueMe<\/strong><span style=\"font-size: 16px;\"> \u00e9s una proposta d\u2019aprenentatge basat en projectes que introdueix l\u2019alumnat de 5\u00e8 de Prim\u00e0ria, en el cas de la nostra escola, en el m\u00f3n de l\u2019emprenedoria d\u2019una manera vivencial, pr\u00e0ctica i adaptada a la seva edat. A trav\u00e9s del treball cooperatiu, els infants desenvolupen una idea pr\u00f2pia partint d\u2019una necessitat real o d\u2019un repte plantejat, tot seguint les diferents fases d\u2019un projecte emprenedor.<\/span><\/p>\n<p data-start=\"640\" data-end=\"867\">L\u2019alumnat participa activament en la creaci\u00f3 d\u2019un producte o servei, des de la generaci\u00f3 d\u2019idees fins a la seva presentaci\u00f3 final, treballant aspectes com la planificaci\u00f3, l\u2019organitzaci\u00f3, la presa de decisions i la comunicaci\u00f3.<\/p>\n<p data-start=\"899\" data-end=\"1011\">El projecte CueMe contribueix al desenvolupament de compet\u00e8ncies clau i habilitats personals i socials, com ara:<\/p>\n<ul data-start=\"1012\" data-end=\"1443\">\n<li data-start=\"1012\" data-end=\"1077\">\n<p data-start=\"1014\" data-end=\"1077\">Foment de la iniciativa, la creativitat i l\u2019esperit emprenedor.<\/p>\n<\/li>\n<li data-start=\"1078\" data-end=\"1133\">\n<p data-start=\"1080\" data-end=\"1133\">Desenvolupament del treball en equip i la cooperaci\u00f3.<\/p>\n<\/li>\n<li data-start=\"1134\" data-end=\"1190\">\n<p data-start=\"1136\" data-end=\"1190\">Millora de la capacitat de comunicaci\u00f3 oral i escrita.<\/p>\n<\/li>\n<li data-start=\"1191\" data-end=\"1254\">\n<p data-start=\"1193\" data-end=\"1254\">Potenciaci\u00f3 del pensament cr\u00edtic i la resoluci\u00f3 de problemes.<\/p>\n<\/li>\n<li data-start=\"1255\" data-end=\"1315\">\n<p data-start=\"1257\" data-end=\"1315\">Aprenentatge de la responsabilitat i l\u2019autonomia personal.<\/p>\n<\/li>\n<li data-start=\"1316\" data-end=\"1376\">\n<p data-start=\"1318\" data-end=\"1376\">Connexi\u00f3 dels aprenentatges escolars amb situacions reals.<\/p>\n<\/li>\n<li data-start=\"1377\" data-end=\"1443\">\n<p data-start=\"1379\" data-end=\"1443\">Refor\u00e7 de l\u2019autoestima i la confian\u00e7a en les mateixes capacitats.<\/p>\n<\/li>\n<\/ul>\n<p data-start=\"1445\" data-end=\"1651\">El projecte tamb\u00e9 afavoreix la motivaci\u00f3 i la implicaci\u00f3 de l\u2019alumnat, ja que els infants esdevenen protagonistes del seu propi aprenentatge, vivint l\u2019escola com un espai de creaci\u00f3, iniciativa i innovaci\u00f3.<\/p>\n<div style=\"width: 1080px;\" class=\"wp-video\"><!--[if lt IE 9]><script>document.createElement('video');<\/script><![endif]-->\n<video class=\"wp-video-shortcode\" id=\"video-2080-1\" width=\"1080\" height=\"1920\" preload=\"metadata\" controls=\"controls\"><source type=\"video\/mp4\" src=\"https:\/\/agora.xtec.cat\/ceipsantcristofol\/wp-content\/uploads\/usu472\/2025\/05\/Stories-insta-1.mp4?_=1\" \/><a href=\"https:\/\/agora.xtec.cat\/ceipsantcristofol\/wp-content\/uploads\/usu472\/2025\/05\/Stories-insta-1.mp4\">https:\/\/agora.xtec.cat\/ceipsantcristofol\/wp-content\/uploads\/usu472\/2025\/05\/Stories-insta-1.mp4<\/a><\/video><\/div>\n<p>&nbsp;<\/p>\n","protected":false},"excerpt":{"rendered":"<p>Aquest projecte neix aquest curs 2017-18 per primera vegada amb la intenci\u00f3 de ser un projecte de centre. Est\u00e0 coordinat amb l\u2019Ajuntament de Premi\u00e0 de Mar i amb la Diputaci\u00f3 de Barcelona. El projecte CueMe \u00e9s una proposta d\u2019aprenentatge basat en projectes que introdueix l\u2019alumnat de 5\u00e8 de Prim\u00e0ria, en el cas de la nostra [&hellip;]<\/p>\n","protected":false},"author":1,"featured_media":0,"parent":38,"menu_order":0,"comment_status":"closed","ping_status":"closed","template":"","meta":{"_bbp_topic_count":0,"_bbp_reply_count":0,"_bbp_total_topic_count":0,"_bbp_total_reply_count":0,"_bbp_voice_count":0,"_bbp_anonymous_reply_count":0,"_bbp_topic_count_hidden":0,"_bbp_reply_count_hidden":0,"_bbp_forum_subforum_count":0,"site-sidebar-layout":"default","site-content-layout":"","ast-site-content-layout":"default","site-content-style":"default","site-sidebar-style":"default","ast-global-header-display":"","ast-banner-title-visibility":"","ast-main-header-display":"","ast-hfb-above-header-display":"","ast-hfb-below-header-display":"","ast-hfb-mobile-header-display":"","site-post-title":"","ast-breadcrumbs-content":"","ast-featured-img":"","footer-sml-layout":"","theme-transparent-header-meta":"default","adv-header-id-meta":"","stick-header-meta":"","header-above-stick-meta":"","header-main-stick-meta":"","header-below-stick-meta":"","astra-migrate-meta-layouts":"set","ast-page-background-enabled":"default","ast-page-background-meta":{"desktop":{"background-color":"var(--ast-global-color-4)","background-image":"","background-repeat":"repeat","background-position":"center center","background-size":"auto","background-attachment":"scroll","background-type":"","background-media":"","overlay-type":"","overlay-color":"","overlay-opacity":"","overlay-gradient":""},"tablet":{"background-color":"","background-image":"","background-repeat":"repeat","background-position":"center center","background-size":"auto","background-attachment":"scroll","background-type":"","background-media":"","overlay-type":"","overlay-color":"","overlay-opacity":"","overlay-gradient":""},"mobile":{"background-color":"","background-image":"","background-repeat":"repeat","background-position":"center center","background-size":"auto","background-attachment":"scroll","background-type":"","background-media":"","overlay-type":"","overlay-color":"","overlay-opacity":"","overlay-gradient":""}},"ast-content-background-meta":{"desktop":{"background-color":"var(--ast-global-color-5)","background-image":"","background-repeat":"repeat","background-position":"center center","background-size":"auto","background-attachment":"scroll","background-type":"","background-media":"","overlay-type":"","overlay-color":"","overlay-opacity":"","overlay-gradient":""},"tablet":{"background-color":"var(--ast-global-color-5)","background-image":"","background-repeat":"repeat","background-position":"center center","background-size":"auto","background-attachment":"scroll","background-type":"","background-media":"","overlay-type":"","overlay-color":"","overlay-opacity":"","overlay-gradient":""},"mobile":{"background-color":"var(--ast-global-color-5)","background-image":"","background-repeat":"repeat","background-position":"center center","background-size":"auto","background-attachment":"scroll","background-type":"","background-media":"","overlay-type":"","overlay-color":"","overlay-opacity":"","overlay-gradient":""}},"footnotes":""},"class_list":["post-2080","page","type-page","status-publish","hentry"],"post_mailing_queue_ids":[],"_links":{"self":[{"href":"https:\/\/agora.xtec.cat\/ceipsantcristofol\/wp-json\/wp\/v2\/pages\/2080","targetHints":{"allow":["GET"]}}],"collection":[{"href":"https:\/\/agora.xtec.cat\/ceipsantcristofol\/wp-json\/wp\/v2\/pages"}],"about":[{"href":"https:\/\/agora.xtec.cat\/ceipsantcristofol\/wp-json\/wp\/v2\/types\/page"}],"author":[{"embeddable":true,"href":"https:\/\/agora.xtec.cat\/ceipsantcristofol\/wp-json\/wp\/v2\/users\/1"}],"replies":[{"embeddable":true,"href":"https:\/\/agora.xtec.cat\/ceipsantcristofol\/wp-json\/wp\/v2\/comments?post=2080"}],"version-history":[{"count":6,"href":"https:\/\/agora.xtec.cat\/ceipsantcristofol\/wp-json\/wp\/v2\/pages\/2080\/revisions"}],"predecessor-version":[{"id":7431,"href":"https:\/\/agora.xtec.cat\/ceipsantcristofol\/wp-json\/wp\/v2\/pages\/2080\/revisions\/7431"}],"up":[{"embeddable":true,"href":"https:\/\/agora.xtec.cat\/ceipsantcristofol\/wp-json\/wp\/v2\/pages\/38"}],"wp:attachment":[{"href":"https:\/\/agora.xtec.cat\/ceipsantcristofol\/wp-json\/wp\/v2\/media?parent=2080"}],"curies":[{"name":"wp","href":"https:\/\/api.w.org\/{rel}","templated":true}]}}