{"id":1049,"date":"2016-09-12T08:48:50","date_gmt":"2016-09-12T07:48:50","guid":{"rendered":"http:\/\/agora.xtec.cat\/ceipsantcristofol\/?page_id=1049"},"modified":"2026-01-02T10:40:42","modified_gmt":"2026-01-02T09:40:42","slug":"teatre","status":"publish","type":"page","link":"https:\/\/agora.xtec.cat\/ceipsantcristofol\/projecte-artistic\/teatre\/","title":{"rendered":"Teatre"},"content":{"rendered":"<p data-start=\"1085\" data-end=\"1312\">L\u2019\u00e0mbit teatral es basa en el joc dram\u00e0tic, l\u2019expressi\u00f3 corporal i la comunicaci\u00f3 oral com a eines de creixement personal i social. El teatre permet a l\u2019alumnat explorar emocions, situacions i rols en un entorn segur i creatiu.<\/p>\n<p data-start=\"1314\" data-end=\"1391\">Mitjan\u00e7ant la dramatitzaci\u00f3, la improvisaci\u00f3 i la representaci\u00f3, es treballa:<\/p>\n<ul data-start=\"1392\" data-end=\"1593\">\n<li data-start=\"1392\" data-end=\"1433\">\n<p data-start=\"1394\" data-end=\"1433\">L\u2019expressi\u00f3 corporal, gestual i verbal, sobretot l&#8217;expressi\u00f3 oral.<\/p>\n<\/li>\n<li data-start=\"1434\" data-end=\"1464\">\n<p data-start=\"1436\" data-end=\"1464\">La confian\u00e7a i l\u2019autoestima.<\/p>\n<\/li>\n<li data-start=\"1465\" data-end=\"1503\">\n<p data-start=\"1467\" data-end=\"1503\">L\u2019empatia i el respecte pels altres.<\/p>\n<\/li>\n<li data-start=\"1504\" data-end=\"1559\">\n<p data-start=\"1506\" data-end=\"1559\">El treball en equip i la responsabilitat col\u00b7lectiva.<\/p>\n<\/li>\n<li data-start=\"1560\" data-end=\"1593\">\n<p data-start=\"1562\" data-end=\"1593\">La creativitat i la imaginaci\u00f3.<\/p>\n<\/li>\n<\/ul>\n<p data-start=\"1595\" data-end=\"1696\">El teatre contribueix tamb\u00e9 a millorar la compet\u00e8ncia comunicativa i a refor\u00e7ar l\u2019educaci\u00f3 emocional.<\/p>\n<p data-start=\"1595\" data-end=\"1696\">A final de cada cicle (I5-2n-4t-6\u00e8) es representa una obra de teatre treballada oberta a la comunitat.<\/p>\n<p data-start=\"1595\" data-end=\"1696\"><a href=\"https:\/\/agora.xtec.cat\/ceipsantcristofol\/wp-content\/uploads\/usu472\/2025\/05\/1747237815882.jpg\"><img loading=\"lazy\" decoding=\"async\" class=\"wp-image-7054  aligncenter\" src=\"https:\/\/agora.xtec.cat\/ceipsantcristofol\/wp-content\/uploads\/usu472\/2025\/05\/1747237815882-e1767346830690.jpg\" alt=\"\" width=\"833\" height=\"555\" srcset=\"https:\/\/agora.xtec.cat\/ceipsantcristofol\/wp-content\/uploads\/usu472\/2025\/05\/1747237815882-e1767346830690.jpg 1032w, https:\/\/agora.xtec.cat\/ceipsantcristofol\/wp-content\/uploads\/usu472\/2025\/05\/1747237815882-e1767346830690-300x200.jpg 300w, https:\/\/agora.xtec.cat\/ceipsantcristofol\/wp-content\/uploads\/usu472\/2025\/05\/1747237815882-e1767346830690-1024x683.jpg 1024w, https:\/\/agora.xtec.cat\/ceipsantcristofol\/wp-content\/uploads\/usu472\/2025\/05\/1747237815882-e1767346830690-768x512.jpg 768w\" sizes=\"auto, (max-width: 833px) 100vw, 833px\" \/><\/a><\/p>\n","protected":false},"excerpt":{"rendered":"<p>L\u2019\u00e0mbit teatral es basa en el joc dram\u00e0tic, l\u2019expressi\u00f3 corporal i la comunicaci\u00f3 oral com a eines de creixement personal i social. El teatre permet a l\u2019alumnat explorar emocions, situacions i rols en un entorn segur i creatiu. Mitjan\u00e7ant la dramatitzaci\u00f3, la improvisaci\u00f3 i la representaci\u00f3, es treballa: L\u2019expressi\u00f3 corporal, gestual i verbal, sobretot l&#8217;expressi\u00f3 [&hellip;]<\/p>\n","protected":false},"author":1,"featured_media":0,"parent":7159,"menu_order":60,"comment_status":"closed","ping_status":"closed","template":"","meta":{"_bbp_topic_count":0,"_bbp_reply_count":0,"_bbp_total_topic_count":0,"_bbp_total_reply_count":0,"_bbp_voice_count":0,"_bbp_anonymous_reply_count":0,"_bbp_topic_count_hidden":0,"_bbp_reply_count_hidden":0,"_bbp_forum_subforum_count":0,"site-sidebar-layout":"default","site-content-layout":"","ast-site-content-layout":"default","site-content-style":"default","site-sidebar-style":"default","ast-global-header-display":"","ast-banner-title-visibility":"","ast-main-header-display":"","ast-hfb-above-header-display":"","ast-hfb-below-header-display":"","ast-hfb-mobile-header-display":"","site-post-title":"","ast-breadcrumbs-content":"","ast-featured-img":"","footer-sml-layout":"","theme-transparent-header-meta":"default","adv-header-id-meta":"","stick-header-meta":"","header-above-stick-meta":"","header-main-stick-meta":"","header-below-stick-meta":"","astra-migrate-meta-layouts":"set","ast-page-background-enabled":"default","ast-page-background-meta":{"desktop":{"background-color":"var(--ast-global-color-4)","background-image":"","background-repeat":"repeat","background-position":"center center","background-size":"auto","background-attachment":"scroll","background-type":"","background-media":"","overlay-type":"","overlay-color":"","overlay-opacity":"","overlay-gradient":""},"tablet":{"background-color":"","background-image":"","background-repeat":"repeat","background-position":"center center","background-size":"auto","background-attachment":"scroll","background-type":"","background-media":"","overlay-type":"","overlay-color":"","overlay-opacity":"","overlay-gradient":""},"mobile":{"background-color":"","background-image":"","background-repeat":"repeat","background-position":"center center","background-size":"auto","background-attachment":"scroll","background-type":"","background-media":"","overlay-type":"","overlay-color":"","overlay-opacity":"","overlay-gradient":""}},"ast-content-background-meta":{"desktop":{"background-color":"var(--ast-global-color-5)","background-image":"","background-repeat":"repeat","background-position":"center center","background-size":"auto","background-attachment":"scroll","background-type":"","background-media":"","overlay-type":"","overlay-color":"","overlay-opacity":"","overlay-gradient":""},"tablet":{"background-color":"var(--ast-global-color-5)","background-image":"","background-repeat":"repeat","background-position":"center center","background-size":"auto","background-attachment":"scroll","background-type":"","background-media":"","overlay-type":"","overlay-color":"","overlay-opacity":"","overlay-gradient":""},"mobile":{"background-color":"var(--ast-global-color-5)","background-image":"","background-repeat":"repeat","background-position":"center center","background-size":"auto","background-attachment":"scroll","background-type":"","background-media":"","overlay-type":"","overlay-color":"","overlay-opacity":"","overlay-gradient":""}},"footnotes":""},"class_list":["post-1049","page","type-page","status-publish","hentry"],"post_mailing_queue_ids":[],"_links":{"self":[{"href":"https:\/\/agora.xtec.cat\/ceipsantcristofol\/wp-json\/wp\/v2\/pages\/1049","targetHints":{"allow":["GET"]}}],"collection":[{"href":"https:\/\/agora.xtec.cat\/ceipsantcristofol\/wp-json\/wp\/v2\/pages"}],"about":[{"href":"https:\/\/agora.xtec.cat\/ceipsantcristofol\/wp-json\/wp\/v2\/types\/page"}],"author":[{"embeddable":true,"href":"https:\/\/agora.xtec.cat\/ceipsantcristofol\/wp-json\/wp\/v2\/users\/1"}],"replies":[{"embeddable":true,"href":"https:\/\/agora.xtec.cat\/ceipsantcristofol\/wp-json\/wp\/v2\/comments?post=1049"}],"version-history":[{"count":2,"href":"https:\/\/agora.xtec.cat\/ceipsantcristofol\/wp-json\/wp\/v2\/pages\/1049\/revisions"}],"predecessor-version":[{"id":7419,"href":"https:\/\/agora.xtec.cat\/ceipsantcristofol\/wp-json\/wp\/v2\/pages\/1049\/revisions\/7419"}],"up":[{"embeddable":true,"href":"https:\/\/agora.xtec.cat\/ceipsantcristofol\/wp-json\/wp\/v2\/pages\/7159"}],"wp:attachment":[{"href":"https:\/\/agora.xtec.cat\/ceipsantcristofol\/wp-json\/wp\/v2\/media?parent=1049"}],"curies":[{"name":"wp","href":"https:\/\/api.w.org\/{rel}","templated":true}]}}