{"id":1044,"date":"2016-09-12T08:41:59","date_gmt":"2016-09-12T07:41:59","guid":{"rendered":"http:\/\/agora.xtec.cat\/ceipsantcristofol\/?page_id=1044"},"modified":"2026-01-02T11:53:04","modified_gmt":"2026-01-02T10:53:04","slug":"apadrinament-lector","status":"publish","type":"page","link":"https:\/\/agora.xtec.cat\/ceipsantcristofol\/projecte-educatiu\/apadrinament-lector\/","title":{"rendered":"Apadrinament lector"},"content":{"rendered":"<p data-start=\"240\" data-end=\"598\">L\u2019<strong data-start=\"242\" data-end=\"265\">Apadrinament Lector<\/strong> \u00e9s un projecte que promou el gust per la lectura i el desenvolupament de la compet\u00e8ncia lectora a trav\u00e9s de la cooperaci\u00f3 entre alumnes de diferents edats. En aquest cas, l\u2019alumnat de <strong data-start=\"450\" data-end=\"468\">6\u00e8 de Prim\u00e0ria<\/strong> actua com a padr\u00ed o padrina lector\/a de l\u2019alumnat de <strong data-start=\"522\" data-end=\"528\">1r<\/strong>, establint vincles de suport, acompanyament i aprenentatge compartit.<\/p>\n<p data-start=\"600\" data-end=\"912\">Durant les sessions d\u2019apadrinament, els alumnes m\u00e9s grans llegeixen conjuntament amb els m\u00e9s petits, els ajuden a millorar la flu\u00efdesa lectora, la comprensi\u00f3 i la confian\u00e7a, tot adaptant-se al seu ritme i necessitats. Aquest espai esdev\u00e9 un moment de trobada enriquidor, tranquil i motivador per a ambdues edats.<\/p>\n<p data-start=\"600\" data-end=\"912\">Amb l&#8217;Apadrinament lector, entre d&#8217;altres ens proposem:<\/p>\n<ul data-start=\"928\" data-end=\"1239\">\n<li data-start=\"928\" data-end=\"972\">\n<p data-start=\"930\" data-end=\"972\">Fomentar l\u2019h\u00e0bit i el gust per la lectura.<\/p>\n<\/li>\n<li data-start=\"973\" data-end=\"1039\">\n<p data-start=\"975\" data-end=\"1039\">Millorar la flu\u00efdesa i la comprensi\u00f3 lectora de l\u2019alumnat de 1r.<\/p>\n<\/li>\n<li data-start=\"1040\" data-end=\"1107\">\n<p data-start=\"1042\" data-end=\"1107\">Desenvolupar habilitats de lectura expressiva i comunicaci\u00f3 oral.<\/p>\n<\/li>\n<li data-start=\"1108\" data-end=\"1173\">\n<p data-start=\"1110\" data-end=\"1173\">Afavorir relacions positives entre alumnes de diferents cursos.<\/p>\n<\/li>\n<li data-start=\"1174\" data-end=\"1239\">\n<p data-start=\"1176\" data-end=\"1239\">Potenciar la responsabilitat i el comprom\u00eds de l\u2019alumnat de 6\u00e8.<\/p>\n<\/li>\n<\/ul>\n<p data-start=\"1271\" data-end=\"1297\"><strong data-start=\"1271\" data-end=\"1297\">Per a l\u2019alumnat de 1r:<\/strong><\/p>\n<ul data-start=\"1298\" data-end=\"1485\">\n<li data-start=\"1298\" data-end=\"1357\">\n<p data-start=\"1300\" data-end=\"1357\">Augment de la motivaci\u00f3 i la confian\u00e7a davant la lectura.<\/p>\n<\/li>\n<li data-start=\"1358\" data-end=\"1422\">\n<p data-start=\"1360\" data-end=\"1422\">Millora de la compet\u00e8ncia lectora en un entorn proper i segur.<\/p>\n<\/li>\n<li data-start=\"1423\" data-end=\"1485\">\n<p data-start=\"1425\" data-end=\"1485\">Acompanyament individualitzat i respectu\u00f3s amb el seu ritme.<\/p>\n<\/li>\n<\/ul>\n<p data-start=\"1487\" data-end=\"1513\"><strong data-start=\"1487\" data-end=\"1513\">Per a l\u2019alumnat de 6\u00e8:<\/strong><\/p>\n<ul data-start=\"1514\" data-end=\"1729\">\n<li data-start=\"1514\" data-end=\"1577\">\n<p data-start=\"1516\" data-end=\"1577\">Desenvolupament de la responsabilitat i el lideratge positiu.<\/p>\n<\/li>\n<li data-start=\"1578\" data-end=\"1648\">\n<p data-start=\"1580\" data-end=\"1648\">Millora de la lectura expressiva i la capacitat d\u2019explicar i ajudar.<\/p>\n<\/li>\n<li data-start=\"1649\" data-end=\"1729\">\n<p data-start=\"1651\" data-end=\"1729\">Refor\u00e7 de l\u2019autoestima i del sentiment de pertinen\u00e7a a la comunitat educativa.<\/p>\n<\/li>\n<\/ul>\n<p data-start=\"1731\" data-end=\"1897\">L\u2019Apadrinament Lector contribueix a crear un clima de cooperaci\u00f3 i conviv\u00e8ncia, fent de la lectura una experi\u00e8ncia compartida, significativa i emocionalment positiva.<\/p>\n<p><a href=\"https:\/\/agora.xtec.cat\/ceipsantcristofol\/wp-content\/uploads\/usu472\/2025\/01\/IMG_2003a.jpg\"><img loading=\"lazy\" decoding=\"async\" class=\"wp-image-6742 aligncenter\" src=\"https:\/\/agora.xtec.cat\/ceipsantcristofol\/wp-content\/uploads\/usu472\/2025\/01\/IMG_2003a.jpg\" alt=\"\" width=\"765\" height=\"765\" srcset=\"https:\/\/agora.xtec.cat\/ceipsantcristofol\/wp-content\/uploads\/usu472\/2025\/01\/IMG_2003a.jpg 1569w, https:\/\/agora.xtec.cat\/ceipsantcristofol\/wp-content\/uploads\/usu472\/2025\/01\/IMG_2003a-300x300.jpg 300w, https:\/\/agora.xtec.cat\/ceipsantcristofol\/wp-content\/uploads\/usu472\/2025\/01\/IMG_2003a-1024x1024.jpg 1024w, https:\/\/agora.xtec.cat\/ceipsantcristofol\/wp-content\/uploads\/usu472\/2025\/01\/IMG_2003a-150x150.jpg 150w, https:\/\/agora.xtec.cat\/ceipsantcristofol\/wp-content\/uploads\/usu472\/2025\/01\/IMG_2003a-768x768.jpg 768w, https:\/\/agora.xtec.cat\/ceipsantcristofol\/wp-content\/uploads\/usu472\/2025\/01\/IMG_2003a-1536x1536.jpg 1536w\" sizes=\"auto, (max-width: 765px) 100vw, 765px\" \/><\/a><\/p>\n","protected":false},"excerpt":{"rendered":"<p>L\u2019Apadrinament Lector \u00e9s un projecte que promou el gust per la lectura i el desenvolupament de la compet\u00e8ncia lectora a trav\u00e9s de la cooperaci\u00f3 entre alumnes de diferents edats. En aquest cas, l\u2019alumnat de 6\u00e8 de Prim\u00e0ria actua com a padr\u00ed o padrina lector\/a de l\u2019alumnat de 1r, establint vincles de suport, acompanyament i aprenentatge [&hellip;]<\/p>\n","protected":false},"author":1,"featured_media":0,"parent":38,"menu_order":20,"comment_status":"closed","ping_status":"closed","template":"","meta":{"_bbp_topic_count":0,"_bbp_reply_count":0,"_bbp_total_topic_count":0,"_bbp_total_reply_count":0,"_bbp_voice_count":0,"_bbp_anonymous_reply_count":0,"_bbp_topic_count_hidden":0,"_bbp_reply_count_hidden":0,"_bbp_forum_subforum_count":0,"site-sidebar-layout":"default","site-content-layout":"","ast-site-content-layout":"default","site-content-style":"default","site-sidebar-style":"default","ast-global-header-display":"","ast-banner-title-visibility":"","ast-main-header-display":"","ast-hfb-above-header-display":"","ast-hfb-below-header-display":"","ast-hfb-mobile-header-display":"","site-post-title":"","ast-breadcrumbs-content":"","ast-featured-img":"","footer-sml-layout":"","theme-transparent-header-meta":"default","adv-header-id-meta":"","stick-header-meta":"","header-above-stick-meta":"","header-main-stick-meta":"","header-below-stick-meta":"","astra-migrate-meta-layouts":"set","ast-page-background-enabled":"default","ast-page-background-meta":{"desktop":{"background-color":"var(--ast-global-color-4)","background-image":"","background-repeat":"repeat","background-position":"center center","background-size":"auto","background-attachment":"scroll","background-type":"","background-media":"","overlay-type":"","overlay-color":"","overlay-opacity":"","overlay-gradient":""},"tablet":{"background-color":"","background-image":"","background-repeat":"repeat","background-position":"center center","background-size":"auto","background-attachment":"scroll","background-type":"","background-media":"","overlay-type":"","overlay-color":"","overlay-opacity":"","overlay-gradient":""},"mobile":{"background-color":"","background-image":"","background-repeat":"repeat","background-position":"center center","background-size":"auto","background-attachment":"scroll","background-type":"","background-media":"","overlay-type":"","overlay-color":"","overlay-opacity":"","overlay-gradient":""}},"ast-content-background-meta":{"desktop":{"background-color":"var(--ast-global-color-5)","background-image":"","background-repeat":"repeat","background-position":"center center","background-size":"auto","background-attachment":"scroll","background-type":"","background-media":"","overlay-type":"","overlay-color":"","overlay-opacity":"","overlay-gradient":""},"tablet":{"background-color":"var(--ast-global-color-5)","background-image":"","background-repeat":"repeat","background-position":"center center","background-size":"auto","background-attachment":"scroll","background-type":"","background-media":"","overlay-type":"","overlay-color":"","overlay-opacity":"","overlay-gradient":""},"mobile":{"background-color":"var(--ast-global-color-5)","background-image":"","background-repeat":"repeat","background-position":"center center","background-size":"auto","background-attachment":"scroll","background-type":"","background-media":"","overlay-type":"","overlay-color":"","overlay-opacity":"","overlay-gradient":""}},"footnotes":""},"class_list":["post-1044","page","type-page","status-publish","hentry"],"post_mailing_queue_ids":[],"_links":{"self":[{"href":"https:\/\/agora.xtec.cat\/ceipsantcristofol\/wp-json\/wp\/v2\/pages\/1044","targetHints":{"allow":["GET"]}}],"collection":[{"href":"https:\/\/agora.xtec.cat\/ceipsantcristofol\/wp-json\/wp\/v2\/pages"}],"about":[{"href":"https:\/\/agora.xtec.cat\/ceipsantcristofol\/wp-json\/wp\/v2\/types\/page"}],"author":[{"embeddable":true,"href":"https:\/\/agora.xtec.cat\/ceipsantcristofol\/wp-json\/wp\/v2\/users\/1"}],"replies":[{"embeddable":true,"href":"https:\/\/agora.xtec.cat\/ceipsantcristofol\/wp-json\/wp\/v2\/comments?post=1044"}],"version-history":[{"count":4,"href":"https:\/\/agora.xtec.cat\/ceipsantcristofol\/wp-json\/wp\/v2\/pages\/1044\/revisions"}],"predecessor-version":[{"id":7437,"href":"https:\/\/agora.xtec.cat\/ceipsantcristofol\/wp-json\/wp\/v2\/pages\/1044\/revisions\/7437"}],"up":[{"embeddable":true,"href":"https:\/\/agora.xtec.cat\/ceipsantcristofol\/wp-json\/wp\/v2\/pages\/38"}],"wp:attachment":[{"href":"https:\/\/agora.xtec.cat\/ceipsantcristofol\/wp-json\/wp\/v2\/media?parent=1044"}],"curies":[{"name":"wp","href":"https:\/\/api.w.org\/{rel}","templated":true}]}}