{"id":73,"date":"2014-09-18T14:01:51","date_gmt":"2014-09-18T13:01:51","guid":{"rendered":"http:\/\/agora.xtec.cat\/ceipsantantoni\/?page_id=73"},"modified":"2025-05-24T21:47:43","modified_gmt":"2025-05-24T19:47:43","slug":"menjador-escolar","status":"publish","type":"page","link":"https:\/\/agora.xtec.cat\/ceipsantantoni\/menjador-escolar\/","title":{"rendered":"Menjador escolar"},"content":{"rendered":"<p><span style=\"font-weight: 400;\">El menjador escolar est\u00e0 gestionat per l\u2019AFA Escola Sant Antoni. Hi ha una comissi\u00f3 de menjador representada per AFA, Direcci\u00f3, Coordinadora i Empresa, que vetlla un bon funcionament del servei. Si teniu alg\u00fan aspecte que voleu que considerem, feu-nos arribar els vostres comentaris.<\/span><\/p>\n<p><span style=\"font-weight: 400;\">El servei de menjador es realitza mitjan\u00e7ant Control Play Cuina.\u00a0<\/span><\/p>\n<p><span style=\"font-weight: 400;\">Els men\u00fas que ofereixen estan regulats pel Departament de Salut de la Generalitat de Catalunya i compleixen totes les necessitats aliment\u00e0ries dels infants.<\/span><\/p>\n<p><a href=\"https:\/\/menjadorsantantoni.wordpress.com\/menu-del-mes\/\"><span style=\"font-weight: 400;\">MEN\u00da DEL MES<\/span><\/a><\/p>\n<p><span style=\"font-weight: 400;\">Al bloc del menjador, trobareu tota la informaci\u00f3n del servei: <\/span><a href=\"https:\/\/menjadorsantantoni.wordpress.com\/\"><span style=\"font-weight: 400;\">https:\/\/menjadorsantantoni.wordpress.com<\/span><\/a><\/p>\n<ul>\n<li><span style=\"color: #000000;\">Tel\u00e8fon del Menjador: 676.777.377 (coordinadora: Roser)<\/span><\/li>\n<li><span style=\"color: #000000;\">Mail del Menjador: menjadorstantoni<span class=\"\">@gmail.com<\/span><\/span><\/li>\n<li><span style=\"color: #000000;\">PREU DEL SERVEI (2023-24):\u00a0<\/span>\n<ul>\n<li><span style=\"color: #000000;\">FIXES: 6,54\u20ac Infants que es queden 3 dies a la setmana o m\u00e9s<\/span><\/li>\n<li><span style=\"color: #000000;\">ESPOR\u00c0DICS: 7,19\u20ac\u00a0<\/span><\/li>\n<\/ul>\n<\/li>\n<\/ul>\n<p><a href=\"https:\/\/menjadorsantantoni.wordpress.com\/\" target=\"_blank\" rel=\"https:\/\/menjadorsantantoni.wordpress.com\/ noopener noreferrer\"><img loading=\"lazy\" decoding=\"async\" class=\"wp-image-2885 alignnone\" src=\"https:\/\/agora.xtec.cat\/ceipsantantoni\/wp-content\/uploads\/usu1946\/2019\/12\/control-play-cuina.png\" alt=\"\" width=\"340\" height=\"238\" srcset=\"https:\/\/agora.xtec.cat\/ceipsantantoni\/wp-content\/uploads\/usu1946\/2019\/12\/control-play-cuina.png 598w, https:\/\/agora.xtec.cat\/ceipsantantoni\/wp-content\/uploads\/usu1946\/2019\/12\/control-play-cuina-300x210.png 300w\" sizes=\"auto, (max-width: 340px) 100vw, 340px\" \/><\/a><\/p>\n<p style=\"text-align: left;\">\n","protected":false},"excerpt":{"rendered":"<p>El menjador escolar est\u00e0 gestionat per l\u2019AFA Escola Sant Antoni. Hi ha una comissi\u00f3 de menjador representada per AFA, Direcci\u00f3, Coordinadora i Empresa, que vetlla un bon funcionament del servei. Si teniu alg\u00fan aspecte que voleu que considerem, feu-nos arribar els vostres comentaris. El servei de menjador es realitza mitjan\u00e7ant Control Play Cuina.\u00a0 Els men\u00fas [&hellip;]<\/p>\n","protected":false},"author":1,"featured_media":0,"parent":0,"menu_order":30,"comment_status":"closed","ping_status":"closed","template":"","meta":{"_bbp_topic_count":0,"_bbp_reply_count":0,"_bbp_total_topic_count":0,"_bbp_total_reply_count":0,"_bbp_voice_count":0,"_bbp_anonymous_reply_count":0,"_bbp_topic_count_hidden":0,"_bbp_reply_count_hidden":0,"_bbp_forum_subforum_count":0,"site-sidebar-layout":"default","site-content-layout":"","ast-site-content-layout":"default","site-content-style":"default","site-sidebar-style":"default","ast-global-header-display":"","ast-banner-title-visibility":"","ast-main-header-display":"","ast-hfb-above-header-display":"","ast-hfb-below-header-display":"","ast-hfb-mobile-header-display":"","site-post-title":"","ast-breadcrumbs-content":"","ast-featured-img":"","footer-sml-layout":"","theme-transparent-header-meta":"default","adv-header-id-meta":"","stick-header-meta":"","header-above-stick-meta":"","header-main-stick-meta":"","header-below-stick-meta":"","astra-migrate-meta-layouts":"set","ast-page-background-enabled":"default","ast-page-background-meta":{"desktop":{"background-color":"var(--ast-global-color-4)","background-image":"","background-repeat":"repeat","background-position":"center center","background-size":"auto","background-attachment":"scroll","background-type":"","background-media":"","overlay-type":"","overlay-color":"","overlay-opacity":"","overlay-gradient":""},"tablet":{"background-color":"","background-image":"","background-repeat":"repeat","background-position":"center center","background-size":"auto","background-attachment":"scroll","background-type":"","background-media":"","overlay-type":"","overlay-color":"","overlay-opacity":"","overlay-gradient":""},"mobile":{"background-color":"","background-image":"","background-repeat":"repeat","background-position":"center center","background-size":"auto","background-attachment":"scroll","background-type":"","background-media":"","overlay-type":"","overlay-color":"","overlay-opacity":"","overlay-gradient":""}},"ast-content-background-meta":{"desktop":{"background-color":"var(--ast-global-color-5)","background-image":"","background-repeat":"repeat","background-position":"center center","background-size":"auto","background-attachment":"scroll","background-type":"","background-media":"","overlay-type":"","overlay-color":"","overlay-opacity":"","overlay-gradient":""},"tablet":{"background-color":"var(--ast-global-color-5)","background-image":"","background-repeat":"repeat","background-position":"center center","background-size":"auto","background-attachment":"scroll","background-type":"","background-media":"","overlay-type":"","overlay-color":"","overlay-opacity":"","overlay-gradient":""},"mobile":{"background-color":"var(--ast-global-color-5)","background-image":"","background-repeat":"repeat","background-position":"center center","background-size":"auto","background-attachment":"scroll","background-type":"","background-media":"","overlay-type":"","overlay-color":"","overlay-opacity":"","overlay-gradient":""}},"footnotes":""},"class_list":["post-73","page","type-page","status-publish","hentry"],"post_mailing_queue_ids":[],"_links":{"self":[{"href":"https:\/\/agora.xtec.cat\/ceipsantantoni\/wp-json\/wp\/v2\/pages\/73","targetHints":{"allow":["GET"]}}],"collection":[{"href":"https:\/\/agora.xtec.cat\/ceipsantantoni\/wp-json\/wp\/v2\/pages"}],"about":[{"href":"https:\/\/agora.xtec.cat\/ceipsantantoni\/wp-json\/wp\/v2\/types\/page"}],"author":[{"embeddable":true,"href":"https:\/\/agora.xtec.cat\/ceipsantantoni\/wp-json\/wp\/v2\/users\/1"}],"replies":[{"embeddable":true,"href":"https:\/\/agora.xtec.cat\/ceipsantantoni\/wp-json\/wp\/v2\/comments?post=73"}],"version-history":[{"count":4,"href":"https:\/\/agora.xtec.cat\/ceipsantantoni\/wp-json\/wp\/v2\/pages\/73\/revisions"}],"predecessor-version":[{"id":6737,"href":"https:\/\/agora.xtec.cat\/ceipsantantoni\/wp-json\/wp\/v2\/pages\/73\/revisions\/6737"}],"wp:attachment":[{"href":"https:\/\/agora.xtec.cat\/ceipsantantoni\/wp-json\/wp\/v2\/media?parent=73"}],"curies":[{"name":"wp","href":"https:\/\/api.w.org\/{rel}","templated":true}]}}