{"id":530,"date":"2019-02-07T12:21:08","date_gmt":"2019-02-07T11:21:08","guid":{"rendered":"https:\/\/agora.xtec.cat\/ceipsantantoni\/?page_id=530"},"modified":"2025-07-22T12:14:22","modified_gmt":"2025-07-22T10:14:22","slug":"el-tonet-i-els-capgrossos","status":"publish","type":"page","link":"https:\/\/agora.xtec.cat\/ceipsantantoni\/lescola\/el-tonet-i-els-capgrossos\/","title":{"rendered":"El Tonet i els capgrossos"},"content":{"rendered":"<div id=\"WRchTxt1h-6fc\" class=\"txtNew\" data-packed=\"false\">\n<h2 class=\"font_2\">El Tonet i els Capgrossos<\/h2>\n<\/div>\n<div id=\"WRchTxt1i-v7l\" class=\"txtNew\" data-packed=\"false\">\n<h2 class=\"font_2\"><span class=\"color_11\">El nostre gegant: el Tonet<\/span><\/h2>\n<\/div>\n<div id=\"WRchTxt1j-11l8\" class=\"txtNew\" data-packed=\"false\">\n<p class=\"font_8\">El gegant de l&#8217;Escola Sant Antoni \u00e9s el Tonet. Els nens i nenes el van crear el curs 2009-2010 per celebrar que l&#8217;escola feia 25 anys. A cada festa que celebrem a l&#8217;escola, els nens i nenes de 6\u00e8, que s\u00f3n els nostres geganters, el fan ballar la seva can\u00e7\u00f3. La can\u00e7\u00f3 del Tonet, i la can\u00e7\u00f3 de l&#8217;escola va ser composada per la mestra de m\u00fasica, Laia Gra\u00f1ena, i interpretada pels alumnes de l&#8217;escola, per la celebraci\u00f3 del 25\u00e8 aniversari.<\/p>\n<h2 class=\"font_2\"><span class=\"color_11\">Els capgrossos<\/span><\/h2>\n<p>Tamb\u00e9 tenim els capgrossos que ballen amb el Tonet a totes les festes. Cada classe en t\u00e9 un i el fan ballar: la cuca <span class=\"color_11\">Rock&#8217;n&#8217;roll<\/span>\u00a0(educaci\u00f3 infantil), la\u00a0<span class=\"color_11\">Marta<\/span>\u00a0(1r), el\u00a0<span class=\"color_11\">Cocoloco<\/span>\u00a0(2n), el follet<span class=\"color_11\">Gori<\/span>\u00a0(3r), la bruixa\u00a0<span class=\"color_11\">Kika<\/span>\u00a0(4t) i el drac\u00a0<span class=\"color_11\">Foc-foc<\/span>(5\u00e8).<\/p>\n<p><a href=\"https:\/\/agora.xtec.cat\/ceipsantantoni\/wp-content\/uploads\/usu1946\/2020\/03\/ERYRTUI-e1584554847884.jpg\"><img loading=\"lazy\" decoding=\"async\" class=\"size-full wp-image-3407 aligncenter\" src=\"https:\/\/agora.xtec.cat\/ceipsantantoni\/wp-content\/uploads\/usu1946\/2020\/03\/ERYRTUI-e1584554847884.jpg\" alt=\"\" width=\"462\" height=\"200\" \/><\/a><\/p>\n<\/div>\n","protected":false},"excerpt":{"rendered":"<p>El Tonet i els Capgrossos El nostre gegant: el Tonet El gegant de l&#8217;Escola Sant Antoni \u00e9s el Tonet. Els nens i nenes el van crear el curs 2009-2010 per celebrar que l&#8217;escola feia 25 anys. A cada festa que celebrem a l&#8217;escola, els nens i nenes de 6\u00e8, que s\u00f3n els nostres geganters, el [&hellip;]<\/p>\n","protected":false},"author":1,"featured_media":0,"parent":22,"menu_order":50,"comment_status":"closed","ping_status":"closed","template":"","meta":{"_bbp_topic_count":0,"_bbp_reply_count":0,"_bbp_total_topic_count":0,"_bbp_total_reply_count":0,"_bbp_voice_count":0,"_bbp_anonymous_reply_count":0,"_bbp_topic_count_hidden":0,"_bbp_reply_count_hidden":0,"_bbp_forum_subforum_count":0,"site-sidebar-layout":"default","site-content-layout":"","ast-site-content-layout":"default","site-content-style":"default","site-sidebar-style":"default","ast-global-header-display":"","ast-banner-title-visibility":"","ast-main-header-display":"","ast-hfb-above-header-display":"","ast-hfb-below-header-display":"","ast-hfb-mobile-header-display":"","site-post-title":"","ast-breadcrumbs-content":"","ast-featured-img":"","footer-sml-layout":"","theme-transparent-header-meta":"default","adv-header-id-meta":"","stick-header-meta":"","header-above-stick-meta":"","header-main-stick-meta":"","header-below-stick-meta":"","astra-migrate-meta-layouts":"set","ast-page-background-enabled":"default","ast-page-background-meta":{"desktop":{"background-color":"var(--ast-global-color-4)","background-image":"","background-repeat":"repeat","background-position":"center center","background-size":"auto","background-attachment":"scroll","background-type":"","background-media":"","overlay-type":"","overlay-color":"","overlay-opacity":"","overlay-gradient":""},"tablet":{"background-color":"","background-image":"","background-repeat":"repeat","background-position":"center center","background-size":"auto","background-attachment":"scroll","background-type":"","background-media":"","overlay-type":"","overlay-color":"","overlay-opacity":"","overlay-gradient":""},"mobile":{"background-color":"","background-image":"","background-repeat":"repeat","background-position":"center center","background-size":"auto","background-attachment":"scroll","background-type":"","background-media":"","overlay-type":"","overlay-color":"","overlay-opacity":"","overlay-gradient":""}},"ast-content-background-meta":{"desktop":{"background-color":"var(--ast-global-color-5)","background-image":"","background-repeat":"repeat","background-position":"center center","background-size":"auto","background-attachment":"scroll","background-type":"","background-media":"","overlay-type":"","overlay-color":"","overlay-opacity":"","overlay-gradient":""},"tablet":{"background-color":"var(--ast-global-color-5)","background-image":"","background-repeat":"repeat","background-position":"center center","background-size":"auto","background-attachment":"scroll","background-type":"","background-media":"","overlay-type":"","overlay-color":"","overlay-opacity":"","overlay-gradient":""},"mobile":{"background-color":"var(--ast-global-color-5)","background-image":"","background-repeat":"repeat","background-position":"center center","background-size":"auto","background-attachment":"scroll","background-type":"","background-media":"","overlay-type":"","overlay-color":"","overlay-opacity":"","overlay-gradient":""}},"footnotes":""},"class_list":["post-530","page","type-page","status-publish","hentry"],"post_mailing_queue_ids":[],"_links":{"self":[{"href":"https:\/\/agora.xtec.cat\/ceipsantantoni\/wp-json\/wp\/v2\/pages\/530","targetHints":{"allow":["GET"]}}],"collection":[{"href":"https:\/\/agora.xtec.cat\/ceipsantantoni\/wp-json\/wp\/v2\/pages"}],"about":[{"href":"https:\/\/agora.xtec.cat\/ceipsantantoni\/wp-json\/wp\/v2\/types\/page"}],"author":[{"embeddable":true,"href":"https:\/\/agora.xtec.cat\/ceipsantantoni\/wp-json\/wp\/v2\/users\/1"}],"replies":[{"embeddable":true,"href":"https:\/\/agora.xtec.cat\/ceipsantantoni\/wp-json\/wp\/v2\/comments?post=530"}],"version-history":[{"count":5,"href":"https:\/\/agora.xtec.cat\/ceipsantantoni\/wp-json\/wp\/v2\/pages\/530\/revisions"}],"predecessor-version":[{"id":6781,"href":"https:\/\/agora.xtec.cat\/ceipsantantoni\/wp-json\/wp\/v2\/pages\/530\/revisions\/6781"}],"up":[{"embeddable":true,"href":"https:\/\/agora.xtec.cat\/ceipsantantoni\/wp-json\/wp\/v2\/pages\/22"}],"wp:attachment":[{"href":"https:\/\/agora.xtec.cat\/ceipsantantoni\/wp-json\/wp\/v2\/media?parent=530"}],"curies":[{"name":"wp","href":"https:\/\/api.w.org\/{rel}","templated":true}]}}