{"id":513,"date":"2019-02-07T11:40:20","date_gmt":"2019-02-07T10:40:20","guid":{"rendered":"https:\/\/agora.xtec.cat\/ceipsantantoni\/?page_id=513"},"modified":"2025-07-20T09:30:55","modified_gmt":"2025-07-20T07:30:55","slug":"projecte-de-lescola","status":"publish","type":"page","link":"https:\/\/agora.xtec.cat\/ceipsantantoni\/lescola\/projecte-de-lescola\/","title":{"rendered":"Projectes d&#8217;escola"},"content":{"rendered":"<div id=\"WRchTxte-pl2\" class=\"txtNew\" data-packed=\"false\"><\/div>\n<div id=\"SldShwGllry1-b4n\" class=\"SldShwGllry1-b4n_hwnbko9d\" data-gallery-id=\"SldShwGllry1-b4n\" data-height-diff=\"0\" data-width-diff=\"0\" data-state=\"hidePlayButton autoplayOn notMobile desktopView touchRollOut animationInProcess\">\n<div class=\"SldShwGllry1-b4n_hwnbko9d_helpers\">\n<div id=\"SldShwGllry1-b4ncounter\" class=\"SldShwGllry1-b4n_hwnbko9dcounter\" data-gallery-id=\"SldShwGllry1-b4n\"><span style=\"font-size: 2.3125em; font-weight: bold;\">L&#8217;aprenentatge de la llengua a trav\u00e9s del teatre<\/span><\/div>\n<\/div>\n<\/div>\n<div data-gallery-id=\"SldShwGllry1-b4n\"><\/div>\n<div id=\"WRchTxti-3q4\" class=\"txtNew\" data-packed=\"false\">\n<p class=\"font_8\">Amb aquest projecte es pret\u00e9n treballar el llenguatge d&#8217;una forma l\u00fadica i atraient, en situaci\u00f3 d&#8217;aprenentatge global, d&#8217;\u00fas significatiu i en un context determinat, amb un enfocament comunicatiu, fomentant el respecte personal, l&#8217;autoestima, la valoraci\u00f3 dels esfor\u00e7os i el progr\u00e9s de cada alumne\/a. El teatre \u00e9s una proposta nova i creativa, davant la monotonia que donen els llibres de text i l&#8217;ensenyament reglat a l&#8217;aula, possibilitant un treball m\u00e9s vivencial en un espai diferent, alhora que \u00e9s motivador i engrescador pels alumnes. Si feu clic <a href=\"http:\/\/www.edu3.cat\/Edu3tv\/Fitxa?p_id=37903\" target=\"_blank\" rel=\"noopener undefined noreferrer\" data-content=\"http:\/\/www.edu3.cat\/Edu3tv\/Fitxa?p_id=37903\" data-type=\"external\">aqu\u00ed<\/a>, trobareu el reportatge que des de edu3.cat van fer sobre el nostre projecte.<\/p>\n<p><img decoding=\"async\" id=\"SldShwGllry0-37qimage197pimageimage\" src=\"https:\/\/static.wixstatic.com\/media\/4e1719_0895fc8d0d5640dd9935497045d4febf.jpg\/v1\/fill\/w_453,h_352,al_c,q_80,usm_0.66_1.00_0.01\/4e1719_0895fc8d0d5640dd9935497045d4febf.webp\" alt=\"Teatre_ed_infantil082.JPG\" data-type=\"image\" \/><\/p>\n<p><img decoding=\"async\" id=\"SldShwGllry0-37qimage1gmtimageimage\" src=\"https:\/\/static.wixstatic.com\/media\/4e1719_1c2466e8ca7a4960b7a0ccc5535ad491.jpg\/v1\/fill\/w_453,h_352,al_c,q_80,usm_0.66_1.00_0.01\/4e1719_1c2466e8ca7a4960b7a0ccc5535ad491.webp\" alt=\"Teatre_quart50.JPG\" data-type=\"image\" \/><\/p>\n<p><img decoding=\"async\" id=\"SldShwGllry0-37qimage16ryimageimage\" src=\"https:\/\/static.wixstatic.com\/media\/4e1719_6e482ba75f6d42a7a9ac008cc1a1a330.jpg\/v1\/fill\/w_453,h_352,al_c,q_80,usm_0.66_1.00_0.01\/4e1719_6e482ba75f6d42a7a9ac008cc1a1a330.webp\" alt=\"Teatre_primer36.JPG\" data-type=\"image\" \/><\/p>\n<\/div>\n<div id=\"WRchTxtj-pof\" class=\"txtNew\" data-packed=\"false\">\n<h2 class=\"font_2\"><span class=\"color_11\">Projectes d&#8217;aprenentatge i servei (APS)<\/span><\/h2>\n<\/div>\n<div id=\"WRchTxtk-aro\" class=\"txtNew\" data-packed=\"false\">\n<p class=\"font_8\">L&#8217;aprenentatge i servei \u00e9s una proposta educativa que combina processos d&#8217;aprenentatge i de servei a la comunitat en un sol projecte en el qual els participants es formen tot treballant sobre necessitats reals de l&#8217;entorn amb l&#8217;objectiu de millorar-lo.<\/p>\n<p class=\"font_8\">Actualment a l&#8217;escola tenim els seg\u00fcents projectes APS:<\/p>\n<p class=\"font_8\">&#8211;\u00a0<span class=\"color_11\">L&#8217;avi pag\u00e8s:<\/span> alguns avis de l&#8217;alumnat d&#8217;I4 ens ajuden a cuidar el nostre hort: plantar, recollir, regar&#8230;<\/p>\n<p class=\"font_8\">&#8211;\u00a0<span class=\"color_11\">Acompanyants de lectura:<\/span> per mitj\u00e0 de parelles heterog\u00e8nies (I5 i 5\u00e8) es realitzen activitats de promoci\u00f3 de la lectura.<\/p>\n<p class=\"font_8\">&#8211;\u00a0<span class=\"color_11\">Els padrins d&#8217;I3:<\/span> cada alumne\/a de 6\u00e8 t\u00e9 apadrinat un nen\/a d&#8217;I3 i l&#8217;acompanya en el proc\u00e9s d&#8217;adaptaci\u00f3 a l&#8217;escola i col\u00b7laboren conjuntament en diferents activitats.<\/p>\n<p class=\"font_8\">&#8211;\u00a0<span class=\"color_11\">Un pati diferent:<\/span> l&#8217;alumnat de 5\u00e8 proposa una s\u00e8rie d&#8217;alternatives per jugar a l&#8217;hora de pati.<\/p>\n<p><img decoding=\"async\" id=\"SldShwGllry1-b4nimage2wvimageimage\" src=\"https:\/\/static.wixstatic.com\/media\/4e1719_7959d8c3266a4b328fa832b30230fc58.jpg\/v1\/fill\/w_428,h_312,al_c,q_80,usm_0.66_1.00_0.01\/4e1719_7959d8c3266a4b328fa832b30230fc58.webp\" alt=\"2013-02-19 15.05.52.jpg\" data-type=\"image\" \/><\/p>\n<p><img decoding=\"async\" id=\"SldShwGllry1-b4nimage1yknimageimage\" src=\"https:\/\/static.wixstatic.com\/media\/4e1719_fae3518fdf6c44c38fcd1bfea38293aa.jpg\/v1\/fill\/w_428,h_312,al_c,q_80,usm_0.66_1.00_0.01\/4e1719_fae3518fdf6c44c38fcd1bfea38293aa.webp\" alt=\"IMGP2447.JPG\" data-type=\"image\" \/><\/p>\n<p><img decoding=\"async\" id=\"SldShwGllry1-b4nimageesnimageimage\" src=\"https:\/\/static.wixstatic.com\/media\/4e1719_92faa4cb7e7b4fa186237a95bbd15c7d.jpg\/v1\/fill\/w_428,h_312,al_c,q_80,usm_0.66_1.00_0.01\/4e1719_92faa4cb7e7b4fa186237a95bbd15c7d.webp\" alt=\"Els Padrins33.JPG\" data-type=\"image\" \/><\/p>\n<div id=\"WRchTxtm-zha\" class=\"txtNew\" data-packed=\"false\">\n<h2 class=\"font_2\"><span class=\"color_11\">Escolta&#8217;m<\/span><\/h2>\n<\/div>\n<div id=\"WRchTxtn-nbc\" class=\"txtNew\" data-packed=\"false\">\n<p class=\"font_8\">El projecte proposa establir una vinculaci\u00f3 educativa positiva entre el tutor i l&#8217;alumne, i crear un espai on l&#8217;alumnat, individualment, pugui expressar les seves emocions, inquietuds i aix\u00ed proporcionar-los seguretat personal.<\/p>\n<h2 class=\"font_2\"><span class=\"color_11\">PuntEdu (biblioteques escolars)<\/span><\/h2>\n<p>L&#8217;escola es va adherir a aquest projecte promogut pel Departament fa uns quants anys, per potenciar el valor i els recursos de la biblioteca de l&#8217;escola. Des d&#8217;aleshores hem cuidat sempre aquest espai procurant tenir-lo ben dotat i hem promogut moltes activitats de promoci\u00f3 de la lectura des de ben petits: l&#8217;hora del conte, biblioteques d&#8217;aula, la bibliopati, la maleta viatgera, pr\u00e9stec de llibres&#8230;<\/p>\n<\/div>\n<\/div>\n","protected":false},"excerpt":{"rendered":"<p>L&#8217;aprenentatge de la llengua a trav\u00e9s del teatre Amb aquest projecte es pret\u00e9n treballar el llenguatge d&#8217;una forma l\u00fadica i atraient, en situaci\u00f3 d&#8217;aprenentatge global, d&#8217;\u00fas significatiu i en un context determinat, amb un enfocament comunicatiu, fomentant el respecte personal, l&#8217;autoestima, la valoraci\u00f3 dels esfor\u00e7os i el progr\u00e9s de cada alumne\/a. El teatre \u00e9s una [&hellip;]<\/p>\n","protected":false},"author":1,"featured_media":0,"parent":22,"menu_order":30,"comment_status":"closed","ping_status":"closed","template":"","meta":{"_bbp_topic_count":0,"_bbp_reply_count":0,"_bbp_total_topic_count":0,"_bbp_total_reply_count":0,"_bbp_voice_count":0,"_bbp_anonymous_reply_count":0,"_bbp_topic_count_hidden":0,"_bbp_reply_count_hidden":0,"_bbp_forum_subforum_count":0,"site-sidebar-layout":"default","site-content-layout":"","ast-site-content-layout":"default","site-content-style":"default","site-sidebar-style":"default","ast-global-header-display":"","ast-banner-title-visibility":"","ast-main-header-display":"","ast-hfb-above-header-display":"","ast-hfb-below-header-display":"","ast-hfb-mobile-header-display":"","site-post-title":"","ast-breadcrumbs-content":"","ast-featured-img":"","footer-sml-layout":"","theme-transparent-header-meta":"default","adv-header-id-meta":"","stick-header-meta":"","header-above-stick-meta":"","header-main-stick-meta":"","header-below-stick-meta":"","astra-migrate-meta-layouts":"set","ast-page-background-enabled":"default","ast-page-background-meta":{"desktop":{"background-color":"var(--ast-global-color-4)","background-image":"","background-repeat":"repeat","background-position":"center center","background-size":"auto","background-attachment":"scroll","background-type":"","background-media":"","overlay-type":"","overlay-color":"","overlay-opacity":"","overlay-gradient":""},"tablet":{"background-color":"","background-image":"","background-repeat":"repeat","background-position":"center center","background-size":"auto","background-attachment":"scroll","background-type":"","background-media":"","overlay-type":"","overlay-color":"","overlay-opacity":"","overlay-gradient":""},"mobile":{"background-color":"","background-image":"","background-repeat":"repeat","background-position":"center center","background-size":"auto","background-attachment":"scroll","background-type":"","background-media":"","overlay-type":"","overlay-color":"","overlay-opacity":"","overlay-gradient":""}},"ast-content-background-meta":{"desktop":{"background-color":"var(--ast-global-color-5)","background-image":"","background-repeat":"repeat","background-position":"center center","background-size":"auto","background-attachment":"scroll","background-type":"","background-media":"","overlay-type":"","overlay-color":"","overlay-opacity":"","overlay-gradient":""},"tablet":{"background-color":"var(--ast-global-color-5)","background-image":"","background-repeat":"repeat","background-position":"center center","background-size":"auto","background-attachment":"scroll","background-type":"","background-media":"","overlay-type":"","overlay-color":"","overlay-opacity":"","overlay-gradient":""},"mobile":{"background-color":"var(--ast-global-color-5)","background-image":"","background-repeat":"repeat","background-position":"center center","background-size":"auto","background-attachment":"scroll","background-type":"","background-media":"","overlay-type":"","overlay-color":"","overlay-opacity":"","overlay-gradient":""}},"footnotes":""},"class_list":["post-513","page","type-page","status-publish","hentry"],"post_mailing_queue_ids":[],"_links":{"self":[{"href":"https:\/\/agora.xtec.cat\/ceipsantantoni\/wp-json\/wp\/v2\/pages\/513","targetHints":{"allow":["GET"]}}],"collection":[{"href":"https:\/\/agora.xtec.cat\/ceipsantantoni\/wp-json\/wp\/v2\/pages"}],"about":[{"href":"https:\/\/agora.xtec.cat\/ceipsantantoni\/wp-json\/wp\/v2\/types\/page"}],"author":[{"embeddable":true,"href":"https:\/\/agora.xtec.cat\/ceipsantantoni\/wp-json\/wp\/v2\/users\/1"}],"replies":[{"embeddable":true,"href":"https:\/\/agora.xtec.cat\/ceipsantantoni\/wp-json\/wp\/v2\/comments?post=513"}],"version-history":[{"count":5,"href":"https:\/\/agora.xtec.cat\/ceipsantantoni\/wp-json\/wp\/v2\/pages\/513\/revisions"}],"predecessor-version":[{"id":6780,"href":"https:\/\/agora.xtec.cat\/ceipsantantoni\/wp-json\/wp\/v2\/pages\/513\/revisions\/6780"}],"up":[{"embeddable":true,"href":"https:\/\/agora.xtec.cat\/ceipsantantoni\/wp-json\/wp\/v2\/pages\/22"}],"wp:attachment":[{"href":"https:\/\/agora.xtec.cat\/ceipsantantoni\/wp-json\/wp\/v2\/media?parent=513"}],"curies":[{"name":"wp","href":"https:\/\/api.w.org\/{rel}","templated":true}]}}