{"id":26,"date":"2014-09-18T12:24:32","date_gmt":"2014-09-18T11:24:32","guid":{"rendered":"http:\/\/agora.xtec.cat\/ceipsantantoni\/?page_id=26"},"modified":"2025-07-20T08:45:37","modified_gmt":"2025-07-20T06:45:37","slug":"historia","status":"publish","type":"page","link":"https:\/\/agora.xtec.cat\/ceipsantantoni\/lescola\/historia\/","title":{"rendered":"Hist\u00f2ria"},"content":{"rendered":"<p class=\"font_8\">L\u2019escola neix cap a mitjans dels anys seixanta, com a Centre parroquial. A partir de l\u2019any 1984 passa a formar part de la xarxa d\u2019escoles p\u00fabliques del Departament d\u2019Educaci\u00f3 de la Generalitat. Aleshores canvia d\u2019empla\u00e7ament, utilitzant els antics \u201cbarracons\u201d de l\u2019Institut Frederic Mompou.<\/p>\n<p class=\"font_8\">Durant m\u00e9s d\u2019un curs i mentre dur\u00e0 la construcci\u00f3 de l\u2019actual edifici, la nostra escola va estar ubicada provisionalment en els locals que abans albergaven l\u2019Acad\u00e8mia Sant Vicen\u00e7, al centre del poble. El curs 1996-1997 \u00e9s el primer que es realitza \u00edntegrament a les actuals instal\u00b7lacions\u00a0 del centre.<\/p>\n<p class=\"font_8\">El dia 5 de juny de 2010 v\u00e0rem celebrar el 25\u00e8 aniversari de l\u2019escola, amb diferents activitats, que es van iniciar per Sant Jordi, i van continuar fins la celebraci\u00f3 de la Festa.<\/p>\n<p class=\"font_8\">Per l\u2019escola poder celebrar 25 anys va representar molt m\u00e9s que una festa, va ser la trobada d\u2019antics i actuals alumnes, mares, pares i mestres, entitats, autoritats, etc. persones que, en definitiva, van estar d\u2019una manera o altra, vinculades\u00a0 l\u2019escola.<\/p>\n<p class=\"font_8\">Va ser el reconeixement a tota la comunitat educativa de la nostra escola, perqu\u00e8 en definitiva, \u00e9s la col\u00b7laboraci\u00f3 de \u00a0tots\/es, el que fa possible l\u2019objectiu de continuar avan\u00e7ant en l\u2019ensenyament per un projecte de futur.<\/p>\n<p class=\"font_8\">V\u00e0rem comptar amb la pres\u00e8ncia de diferents personalitats, la Sotsdirectora de Serveis Territorials, inspecci\u00f3 d\u2019ensenyament, l\u2019alcaldessa de Sant Vicen\u00e7 dels Horts, regidors, i t\u00e8cnics d\u2019educaci\u00f3 de l\u2019ajuntament.<\/p>\n<p class=\"font_8\">Despr\u00e9s d\u2019aquesta celebraci\u00f3, ens va quedar un record molt positiu\u00a0 de tot el que es va fer, i es va viure.<\/p>\n<p class=\"font_8\">El nostre gegant Tonet, les llampants samarretes taronges, el calendari amb totes les persones de l\u2019escola, l\u2019Auca, les can\u00e7ons, l\u2019audio-visual, l\u2019arbre i la placa, i, sobretot, els records dels dies passats havent\u00a0 gaudit en l\u2019esfor\u00e7 per fer l\u2019escola una mica m\u00e9s nostra, fent un lligam entre passat i present, que ens serveixi per continuar en la tasca di\u00e0ria d\u2019aprendre i\u00a0 formar-nos com a persones cada dia millor.<\/p>\n<p class=\"font_8\">Ha passat el temps i es una satisfacci\u00f3 veure com antics alumnes tornen al centre per portar-hi els seus fills i filles, per continuar compartint viv\u00e8ncies inoblidables, perqu\u00e8 a l\u2019escola ensenyem a conviure amb la gent, respectar les idees i la manera de fer dels altres, alhora que ens plantegem nous reptes per continuar avan\u00e7ant en un ensenyament de qualitat.<\/p>\n<p class=\"font_8\">Un agra\u00efment molt especial per a totes les persones que d\u2019alguna manera han format part de la hist\u00f2ria, de la nostra escola.<\/p>\n<p class=\"font_8\">Perqu\u00e8 l\u2019escola som tots!!!<\/p>\n","protected":false},"excerpt":{"rendered":"<p>L\u2019escola neix cap a mitjans dels anys seixanta, com a Centre parroquial. A partir de l\u2019any 1984 passa a formar part de la xarxa d\u2019escoles p\u00fabliques del Departament d\u2019Educaci\u00f3 de la Generalitat. Aleshores canvia d\u2019empla\u00e7ament, utilitzant els antics \u201cbarracons\u201d de l\u2019Institut Frederic Mompou. Durant m\u00e9s d\u2019un curs i mentre dur\u00e0 la construcci\u00f3 de l\u2019actual edifici, [&hellip;]<\/p>\n","protected":false},"author":1,"featured_media":0,"parent":22,"menu_order":20,"comment_status":"closed","ping_status":"closed","template":"","meta":{"_bbp_topic_count":0,"_bbp_reply_count":0,"_bbp_total_topic_count":0,"_bbp_total_reply_count":0,"_bbp_voice_count":0,"_bbp_anonymous_reply_count":0,"_bbp_topic_count_hidden":0,"_bbp_reply_count_hidden":0,"_bbp_forum_subforum_count":0,"site-sidebar-layout":"default","site-content-layout":"","ast-site-content-layout":"default","site-content-style":"default","site-sidebar-style":"default","ast-global-header-display":"","ast-banner-title-visibility":"","ast-main-header-display":"","ast-hfb-above-header-display":"","ast-hfb-below-header-display":"","ast-hfb-mobile-header-display":"","site-post-title":"","ast-breadcrumbs-content":"","ast-featured-img":"","footer-sml-layout":"","theme-transparent-header-meta":"default","adv-header-id-meta":"","stick-header-meta":"","header-above-stick-meta":"","header-main-stick-meta":"","header-below-stick-meta":"","astra-migrate-meta-layouts":"set","ast-page-background-enabled":"default","ast-page-background-meta":{"desktop":{"background-color":"var(--ast-global-color-4)","background-image":"","background-repeat":"repeat","background-position":"center center","background-size":"auto","background-attachment":"scroll","background-type":"","background-media":"","overlay-type":"","overlay-color":"","overlay-opacity":"","overlay-gradient":""},"tablet":{"background-color":"","background-image":"","background-repeat":"repeat","background-position":"center center","background-size":"auto","background-attachment":"scroll","background-type":"","background-media":"","overlay-type":"","overlay-color":"","overlay-opacity":"","overlay-gradient":""},"mobile":{"background-color":"","background-image":"","background-repeat":"repeat","background-position":"center center","background-size":"auto","background-attachment":"scroll","background-type":"","background-media":"","overlay-type":"","overlay-color":"","overlay-opacity":"","overlay-gradient":""}},"ast-content-background-meta":{"desktop":{"background-color":"var(--ast-global-color-5)","background-image":"","background-repeat":"repeat","background-position":"center center","background-size":"auto","background-attachment":"scroll","background-type":"","background-media":"","overlay-type":"","overlay-color":"","overlay-opacity":"","overlay-gradient":""},"tablet":{"background-color":"var(--ast-global-color-5)","background-image":"","background-repeat":"repeat","background-position":"center center","background-size":"auto","background-attachment":"scroll","background-type":"","background-media":"","overlay-type":"","overlay-color":"","overlay-opacity":"","overlay-gradient":""},"mobile":{"background-color":"var(--ast-global-color-5)","background-image":"","background-repeat":"repeat","background-position":"center center","background-size":"auto","background-attachment":"scroll","background-type":"","background-media":"","overlay-type":"","overlay-color":"","overlay-opacity":"","overlay-gradient":""}},"footnotes":""},"class_list":["post-26","page","type-page","status-publish","hentry"],"post_mailing_queue_ids":[],"_links":{"self":[{"href":"https:\/\/agora.xtec.cat\/ceipsantantoni\/wp-json\/wp\/v2\/pages\/26","targetHints":{"allow":["GET"]}}],"collection":[{"href":"https:\/\/agora.xtec.cat\/ceipsantantoni\/wp-json\/wp\/v2\/pages"}],"about":[{"href":"https:\/\/agora.xtec.cat\/ceipsantantoni\/wp-json\/wp\/v2\/types\/page"}],"author":[{"embeddable":true,"href":"https:\/\/agora.xtec.cat\/ceipsantantoni\/wp-json\/wp\/v2\/users\/1"}],"replies":[{"embeddable":true,"href":"https:\/\/agora.xtec.cat\/ceipsantantoni\/wp-json\/wp\/v2\/comments?post=26"}],"version-history":[{"count":2,"href":"https:\/\/agora.xtec.cat\/ceipsantantoni\/wp-json\/wp\/v2\/pages\/26\/revisions"}],"predecessor-version":[{"id":6776,"href":"https:\/\/agora.xtec.cat\/ceipsantantoni\/wp-json\/wp\/v2\/pages\/26\/revisions\/6776"}],"up":[{"embeddable":true,"href":"https:\/\/agora.xtec.cat\/ceipsantantoni\/wp-json\/wp\/v2\/pages\/22"}],"wp:attachment":[{"href":"https:\/\/agora.xtec.cat\/ceipsantantoni\/wp-json\/wp\/v2\/media?parent=26"}],"curies":[{"name":"wp","href":"https:\/\/api.w.org\/{rel}","templated":true}]}}