{"id":2573,"date":"2019-11-04T18:31:54","date_gmt":"2019-11-04T17:31:54","guid":{"rendered":"https:\/\/agora.xtec.cat\/ceipsantantoni\/?page_id=2573"},"modified":"2025-07-20T08:41:02","modified_gmt":"2025-07-20T06:41:02","slug":"projecte","status":"publish","type":"page","link":"https:\/\/agora.xtec.cat\/ceipsantantoni\/projecte\/","title":{"rendered":"Projecte"},"content":{"rendered":"<p><img loading=\"lazy\" decoding=\"async\" class=\"alignleft\" src=\"https:\/\/agora.xtec.cat\/ceipsantantoni\/wp-content\/uploads\/usu1946\/2021\/01\/image0.jpeg\" width=\"303\" height=\"227\" \/><\/p>\n<p><strong>L&#8217;aprenentatge de la llengua a trav\u00e9s del teatre<\/strong><\/p>\n<p>Amb aquest projecte es pret\u00e9n treballar el llenguatge d\u2019una forma l\u00fadica i atraient, en situaci\u00f3 d\u2019aprenentatge global, d\u2019\u00fas significatiu i en un context determinat, amb un enfocament comunicatiu, fomentant el respecte personal, l\u2019autoestima, la valoraci\u00f3 dels esfor\u00e7os i el progr\u00e9s de cada alumne\/a. El teatre \u00e9s una proposta nova i creativa, davant la monotonia que donen els llibres de text i l\u2019ensenyament reglat a l\u2019aula, possibilitant un treball m\u00e9s vivencial en un espai diferent, alhora que \u00e9s motivador i engrescador per l&#8217;alumnat.<\/p>\n<p>&nbsp;<\/p>\n<p><strong>Escolta&#8217;m<\/strong><\/p>\n<p>El projecte proposa establir una vinculaci\u00f3 educativa positiva entre el\/la tutor\/a i l\u2019alumne\/a, i crear un espai on l&#8217;alumnat, de manera individual, pugui expressar les seves emocions, inquietuds\u2026 i aix\u00ed proporcionar-los seguretat personal.<\/p>\n<p>&nbsp;<\/p>\n<p><strong>PuntEdu (Biblioteques Escolars)<\/strong><\/p>\n<p>L\u2019escola es va adherir a aquest projecte promogut pel Departament fa uns quants anys, per potenciar el valor i els recursos de la biblioteca de l\u2019escola. Des d\u2019aleshores hem cuidat sempre aquest espai procurant tenir-lo ben dotat i hem promogut moltes activitats de promoci\u00f3 de la lectura des de ben petits: l\u2019hora del conte, biblioteques d\u2019aula, la bibliopati, la maleta viatgera, pr\u00e9stec de llibres\u2026<\/p>\n<p>&nbsp;<\/p>\n<p><strong>PAcTE <\/strong><\/p>\n<div>\n<p>Aquest curs 2024-2025, la nostra escola ha rebut el\u00a0<strong>certificat del programa d\u2019innovaci\u00f3 pedag\u00f2gica PAcTE (Programa d\u2019Acceleraci\u00f3 de la Transformaci\u00f3 Educativa)<\/strong>, impulsat pel Departament d\u2019Educaci\u00f3. Aquest reconeixement posa en valor el comprom\u00eds del centre amb la millora cont\u00ednua i la transformaci\u00f3 educativa, i refor\u00e7a la voluntat de treball conjunt, col\u00b7laboratiu i corresponsable entre els diferents agents i actors educatius.<\/p>\n<p>El programa promou un horitz\u00f3 com\u00fa de canvi educatiu que parteix d\u2019una concepci\u00f3 inclusiva i orientadora de l\u2019educaci\u00f3, i que comporta una transformaci\u00f3 global del sistema educatiu. Aquest proc\u00e9s planificat se centra en l\u2019aprenentatge de l\u2019alumnat i implica canvis significatius en els projectes educatius dels centres, tot afectant les pr\u00e0ctiques pedag\u00f2giques, les metodologies d\u2019ensenyament i aprenentatge, l\u2019organitzaci\u00f3 i el funcionament dels centres.<\/p>\n<\/div>\n<div class=\"yj6qo\"><\/div>\n<div class=\"adL\"><\/div>\n","protected":false},"excerpt":{"rendered":"<p>L&#8217;aprenentatge de la llengua a trav\u00e9s del teatre Amb aquest projecte es pret\u00e9n treballar el llenguatge d\u2019una forma l\u00fadica i atraient, en situaci\u00f3 d\u2019aprenentatge global, d\u2019\u00fas significatiu i en un context determinat, amb un enfocament comunicatiu, fomentant el respecte personal, l\u2019autoestima, la valoraci\u00f3 dels esfor\u00e7os i el progr\u00e9s de cada alumne\/a. El teatre \u00e9s una [&hellip;]<\/p>\n","protected":false},"author":1,"featured_media":0,"parent":0,"menu_order":0,"comment_status":"closed","ping_status":"closed","template":"","meta":{"_bbp_topic_count":0,"_bbp_reply_count":0,"_bbp_total_topic_count":0,"_bbp_total_reply_count":0,"_bbp_voice_count":0,"_bbp_anonymous_reply_count":0,"_bbp_topic_count_hidden":0,"_bbp_reply_count_hidden":0,"_bbp_forum_subforum_count":0,"site-sidebar-layout":"default","site-content-layout":"","ast-site-content-layout":"default","site-content-style":"default","site-sidebar-style":"default","ast-global-header-display":"","ast-banner-title-visibility":"","ast-main-header-display":"","ast-hfb-above-header-display":"","ast-hfb-below-header-display":"","ast-hfb-mobile-header-display":"","site-post-title":"","ast-breadcrumbs-content":"","ast-featured-img":"","footer-sml-layout":"","theme-transparent-header-meta":"default","adv-header-id-meta":"","stick-header-meta":"","header-above-stick-meta":"","header-main-stick-meta":"","header-below-stick-meta":"","astra-migrate-meta-layouts":"set","ast-page-background-enabled":"default","ast-page-background-meta":{"desktop":{"background-color":"var(--ast-global-color-4)","background-image":"","background-repeat":"repeat","background-position":"center center","background-size":"auto","background-attachment":"scroll","background-type":"","background-media":"","overlay-type":"","overlay-color":"","overlay-opacity":"","overlay-gradient":""},"tablet":{"background-color":"","background-image":"","background-repeat":"repeat","background-position":"center center","background-size":"auto","background-attachment":"scroll","background-type":"","background-media":"","overlay-type":"","overlay-color":"","overlay-opacity":"","overlay-gradient":""},"mobile":{"background-color":"","background-image":"","background-repeat":"repeat","background-position":"center center","background-size":"auto","background-attachment":"scroll","background-type":"","background-media":"","overlay-type":"","overlay-color":"","overlay-opacity":"","overlay-gradient":""}},"ast-content-background-meta":{"desktop":{"background-color":"var(--ast-global-color-5)","background-image":"","background-repeat":"repeat","background-position":"center center","background-size":"auto","background-attachment":"scroll","background-type":"","background-media":"","overlay-type":"","overlay-color":"","overlay-opacity":"","overlay-gradient":""},"tablet":{"background-color":"var(--ast-global-color-5)","background-image":"","background-repeat":"repeat","background-position":"center center","background-size":"auto","background-attachment":"scroll","background-type":"","background-media":"","overlay-type":"","overlay-color":"","overlay-opacity":"","overlay-gradient":""},"mobile":{"background-color":"var(--ast-global-color-5)","background-image":"","background-repeat":"repeat","background-position":"center center","background-size":"auto","background-attachment":"scroll","background-type":"","background-media":"","overlay-type":"","overlay-color":"","overlay-opacity":"","overlay-gradient":""}},"footnotes":""},"class_list":["post-2573","page","type-page","status-publish","hentry"],"post_mailing_queue_ids":[],"_links":{"self":[{"href":"https:\/\/agora.xtec.cat\/ceipsantantoni\/wp-json\/wp\/v2\/pages\/2573","targetHints":{"allow":["GET"]}}],"collection":[{"href":"https:\/\/agora.xtec.cat\/ceipsantantoni\/wp-json\/wp\/v2\/pages"}],"about":[{"href":"https:\/\/agora.xtec.cat\/ceipsantantoni\/wp-json\/wp\/v2\/types\/page"}],"author":[{"embeddable":true,"href":"https:\/\/agora.xtec.cat\/ceipsantantoni\/wp-json\/wp\/v2\/users\/1"}],"replies":[{"embeddable":true,"href":"https:\/\/agora.xtec.cat\/ceipsantantoni\/wp-json\/wp\/v2\/comments?post=2573"}],"version-history":[{"count":5,"href":"https:\/\/agora.xtec.cat\/ceipsantantoni\/wp-json\/wp\/v2\/pages\/2573\/revisions"}],"predecessor-version":[{"id":6775,"href":"https:\/\/agora.xtec.cat\/ceipsantantoni\/wp-json\/wp\/v2\/pages\/2573\/revisions\/6775"}],"wp:attachment":[{"href":"https:\/\/agora.xtec.cat\/ceipsantantoni\/wp-json\/wp\/v2\/media?parent=2573"}],"curies":[{"name":"wp","href":"https:\/\/api.w.org\/{rel}","templated":true}]}}