{"id":22,"date":"2014-09-18T12:19:57","date_gmt":"2014-09-18T11:19:57","guid":{"rendered":"http:\/\/agora.xtec.cat\/ceipsantantoni\/?page_id=22"},"modified":"2025-07-20T09:26:30","modified_gmt":"2025-07-20T07:26:30","slug":"lescola","status":"publish","type":"page","link":"https:\/\/agora.xtec.cat\/ceipsantantoni\/lescola\/","title":{"rendered":"L&#8217;escola"},"content":{"rendered":"<p>L\u2019Escola Sant Antoni de Sant Vicen\u00e7 dels Horts \u00e9s un centre p\u00fablic de la Generalitat de Catalunya. La nostra escola, \u00e9s una escola d\u2019una l\u00ednia, acollidora, i molt familiar, en plena natura i en un entorn privilegiat.<\/p>\n<p>El nostre\u00a0<strong>PROJECTE EDUCATIU<\/strong>, parteix d\u2019una metodologia competencial on l\u2019alumne \u00e9s protagonista del seu propi aprenentatge, fomentant el valors i el tractament de les emocions amb la implementaci\u00f3 d\u2019un\u00a0<strong>Programa d\u2019Educaci\u00f3 Emocional<\/strong>.<\/p>\n<p>Tamb\u00e9 pensem, que la\u00a0<strong>participaci\u00f3 de les fam\u00edlies a l\u2019escola\u00a0<\/strong>\u00e9s fonamental, i per aix\u00f2 disposem de diferents espais de participaci\u00f3, on les fam\u00edlies poden col\u00b7laborar a trav\u00e9s de\u00a0<strong>comissions<\/strong>,\u00a0<strong>projectes d\u2019Aprenentatge Servei<\/strong>, com\u00a0<strong>l\u2019Avi Pag\u00e8s<\/strong>,\u00a0<strong>\u201cPatis diferents\u201d<\/strong>, xerrades com\u00a0<strong>L\u2019hora del caf\u00e8<\/strong>,\u00a0<strong>Racons amb les fam\u00edlies<\/strong>\u00a0d\u2019educaci\u00f3 infantil, o\u00a0<strong>\u201cL\u2019entrada relaxada\u201d<\/strong> on les fam\u00edlies de l&#8217;alumnat d&#8217;I-3, I-4 i I-5 poden entrar de 9h a 9:15h.<\/p>\n<p>Som una escola que apostem per les\u00a0<strong>noves tecnologies<\/strong>\u00a0amb\u00a0<strong>PDI<\/strong>\u00a0a les aules,\u00a0<strong>ordinadors<\/strong>\u00a0i\u00a0<strong>tauletes<\/strong> i l&#8217;alumnat fa <strong>rob\u00f2tica\u00a0<\/strong>des d&#8217;I-3.<\/p>\n<p>Tenim projectes d\u2019innovaci\u00f3 com\u00a0<strong>\u201cEl treball de la llengua a trav\u00e9s del teatre\u201d<\/strong> des d&#8217;I-3 fins a 6\u00e8. S\u2019imparteix la <strong>llengua anglesa<\/strong> des de l&#8217;educaci\u00f3 infantil i fem l\u2019\u00fas <strong>de l\u2019angl\u00e8s com a llengua vehicular a l\u2019\u00e0rea de pl\u00e0stica<\/strong>. A l&#8217;hora del pati l&#8217;alumnat pot gaudir d&#8217;una estona de <strong>\u201cbiblio-pati<\/strong>\u201d. A\u00a0<strong>educaci\u00f3 infantil fan ambients<\/strong> que son espais de lliure circulaci\u00f3, estimulants, on l&#8217;alumnat pot escollir segons els seus interessos: Ambients\u00a0d\u2019artistes, ambient de construccions, ambient de joc simb\u00f2lic, ambient de l\u2019hort etc.<\/p>\n<p><strong>L\u2019horari de la nostra escola<\/strong> \u00e9s de\u00a0<strong>9h<\/strong>\u00a0a\u00a0<strong>12,30h<\/strong>, i de\u00a0<strong>14,30h<\/strong>\u00a0a\u00a0<strong>16h<\/strong>,\u00a0 disposem de cuina pr\u00f2pia, i oferim activitats\u00a0<strong>extraescolars<\/strong> de <strong>16h a 17h<\/strong>, art atack, jocs esportius, minixef, escacs, angl\u00e8s, teatre aix\u00ed com <strong>acollida matinal de 8h a 9h.<\/strong><\/p>\n<p>Participem en el\u00a0<strong>Pla Educatiu de l\u2019Entorn 0-20<\/strong>, i dins del Pla de din\u00e0mica Educativa fem els Tallers d\u2019estudi Assistit a les tardes, i tallers diversificats d\u2019angl\u00e8s al migdia.<\/p>\n<p>Fem <strong>piscina<\/strong> en horari lectiu per l&#8217;alumnat d&#8217;I5 i de cicle inicial, i <strong>col\u00f2nies d\u2019educaci\u00f3 emocional per a tot l&#8217;alumnat <\/strong>a l\u2019inici de curs per tal de promoure la cohesi\u00f3 de grup, enfortir\u00a0 vincles, i d\u2019altres aspectes molt importants, com per exemple, encarar aquest final d\u2019etapa, i facilitar la <strong>transici\u00f3 a la secund\u00e0ria<\/strong>.<\/p>\n<p>Si voleu saber m\u00e9s coses de la nostra escola, us convidem a descobrir-les, formant part <strong>de la nostra comunitat educativa.<\/strong><\/p>\n","protected":false},"excerpt":{"rendered":"<p>L\u2019Escola Sant Antoni de Sant Vicen\u00e7 dels Horts \u00e9s un centre p\u00fablic de la Generalitat de Catalunya. La nostra escola, \u00e9s una escola d\u2019una l\u00ednia, acollidora, i molt familiar, en plena natura i en un entorn privilegiat. El nostre\u00a0PROJECTE EDUCATIU, parteix d\u2019una metodologia competencial on l\u2019alumne \u00e9s protagonista del seu propi aprenentatge, fomentant el valors [&hellip;]<\/p>\n","protected":false},"author":1,"featured_media":0,"parent":0,"menu_order":0,"comment_status":"closed","ping_status":"closed","template":"","meta":{"_bbp_topic_count":0,"_bbp_reply_count":0,"_bbp_total_topic_count":0,"_bbp_total_reply_count":0,"_bbp_voice_count":0,"_bbp_anonymous_reply_count":0,"_bbp_topic_count_hidden":0,"_bbp_reply_count_hidden":0,"_bbp_forum_subforum_count":0,"site-sidebar-layout":"default","site-content-layout":"","ast-site-content-layout":"default","site-content-style":"default","site-sidebar-style":"default","ast-global-header-display":"","ast-banner-title-visibility":"","ast-main-header-display":"","ast-hfb-above-header-display":"","ast-hfb-below-header-display":"","ast-hfb-mobile-header-display":"","site-post-title":"","ast-breadcrumbs-content":"","ast-featured-img":"","footer-sml-layout":"","theme-transparent-header-meta":"default","adv-header-id-meta":"","stick-header-meta":"","header-above-stick-meta":"","header-main-stick-meta":"","header-below-stick-meta":"","astra-migrate-meta-layouts":"set","ast-page-background-enabled":"default","ast-page-background-meta":{"desktop":{"background-color":"var(--ast-global-color-4)","background-image":"","background-repeat":"repeat","background-position":"center center","background-size":"auto","background-attachment":"scroll","background-type":"","background-media":"","overlay-type":"","overlay-color":"","overlay-opacity":"","overlay-gradient":""},"tablet":{"background-color":"","background-image":"","background-repeat":"repeat","background-position":"center center","background-size":"auto","background-attachment":"scroll","background-type":"","background-media":"","overlay-type":"","overlay-color":"","overlay-opacity":"","overlay-gradient":""},"mobile":{"background-color":"","background-image":"","background-repeat":"repeat","background-position":"center center","background-size":"auto","background-attachment":"scroll","background-type":"","background-media":"","overlay-type":"","overlay-color":"","overlay-opacity":"","overlay-gradient":""}},"ast-content-background-meta":{"desktop":{"background-color":"var(--ast-global-color-5)","background-image":"","background-repeat":"repeat","background-position":"center center","background-size":"auto","background-attachment":"scroll","background-type":"","background-media":"","overlay-type":"","overlay-color":"","overlay-opacity":"","overlay-gradient":""},"tablet":{"background-color":"var(--ast-global-color-5)","background-image":"","background-repeat":"repeat","background-position":"center center","background-size":"auto","background-attachment":"scroll","background-type":"","background-media":"","overlay-type":"","overlay-color":"","overlay-opacity":"","overlay-gradient":""},"mobile":{"background-color":"var(--ast-global-color-5)","background-image":"","background-repeat":"repeat","background-position":"center center","background-size":"auto","background-attachment":"scroll","background-type":"","background-media":"","overlay-type":"","overlay-color":"","overlay-opacity":"","overlay-gradient":""}},"footnotes":""},"class_list":["post-22","page","type-page","status-publish","hentry"],"post_mailing_queue_ids":[],"_links":{"self":[{"href":"https:\/\/agora.xtec.cat\/ceipsantantoni\/wp-json\/wp\/v2\/pages\/22","targetHints":{"allow":["GET"]}}],"collection":[{"href":"https:\/\/agora.xtec.cat\/ceipsantantoni\/wp-json\/wp\/v2\/pages"}],"about":[{"href":"https:\/\/agora.xtec.cat\/ceipsantantoni\/wp-json\/wp\/v2\/types\/page"}],"author":[{"embeddable":true,"href":"https:\/\/agora.xtec.cat\/ceipsantantoni\/wp-json\/wp\/v2\/users\/1"}],"replies":[{"embeddable":true,"href":"https:\/\/agora.xtec.cat\/ceipsantantoni\/wp-json\/wp\/v2\/comments?post=22"}],"version-history":[{"count":5,"href":"https:\/\/agora.xtec.cat\/ceipsantantoni\/wp-json\/wp\/v2\/pages\/22\/revisions"}],"predecessor-version":[{"id":6778,"href":"https:\/\/agora.xtec.cat\/ceipsantantoni\/wp-json\/wp\/v2\/pages\/22\/revisions\/6778"}],"wp:attachment":[{"href":"https:\/\/agora.xtec.cat\/ceipsantantoni\/wp-json\/wp\/v2\/media?parent=22"}],"curies":[{"name":"wp","href":"https:\/\/api.w.org\/{rel}","templated":true}]}}