{"id":82,"date":"2014-09-18T14:10:51","date_gmt":"2014-09-18T14:10:51","guid":{"rendered":"http:\/\/agora.xtec.cat\/ceipsantaeulalia-berga\/\/?page_id=82"},"modified":"2022-06-28T13:56:41","modified_gmt":"2022-06-28T11:56:41","slug":"casal-destiu","status":"publish","type":"page","link":"https:\/\/agora.xtec.cat\/ceipsantaeulalia-berga\/serveis\/casal-destiu\/","title":{"rendered":"Casals de vacances"},"content":{"rendered":"<p>L&#8217;escola ofereix, durant els per\u00edodes de vacances, casals per tal que els nens i nenes puguin passar aquests dies fent activitats l\u00fadico esportives.<br \/>\nL&#8217;organitzaci\u00f3 va a c\u00e0rrec de l&#8217;AFA, a trav\u00e9s de l&#8217;empresa &#8220;Xics Entremaliats&#8221; (xicsentremaliats@gmail.com) i s&#8217;ofereix servei de menjador per a tots els usuaris.<\/p>\n<p>&nbsp;<\/p>\n<p>&nbsp;<\/p>\n","protected":false},"excerpt":{"rendered":"<p>L&#8217;escola ofereix, durant els per\u00edodes de vacances, casals per tal que els nens i nenes puguin passar aquests dies fent activitats l\u00fadico esportives. L&#8217;organitzaci\u00f3 va a c\u00e0rrec de l&#8217;AFA, a trav\u00e9s de l&#8217;empresa &#8220;Xics Entremaliats&#8221; (xicsentremaliats@gmail.com) i s&#8217;ofereix servei de menjador per a tots els usuaris. &nbsp; &nbsp;<\/p>\n","protected":false},"author":2,"featured_media":0,"parent":66,"menu_order":5,"comment_status":"closed","ping_status":"closed","template":"page-templates\/side-menu.php","meta":{"_bbp_topic_count":0,"_bbp_reply_count":0,"_bbp_total_topic_count":0,"_bbp_total_reply_count":0,"_bbp_voice_count":0,"_bbp_anonymous_reply_count":0,"_bbp_topic_count_hidden":0,"_bbp_reply_count_hidden":0,"_bbp_forum_subforum_count":0,"site-sidebar-layout":"default","site-content-layout":"","ast-site-content-layout":"","site-content-style":"default","site-sidebar-style":"default","ast-global-header-display":"","ast-banner-title-visibility":"","ast-main-header-display":"","ast-hfb-above-header-display":"","ast-hfb-below-header-display":"","ast-hfb-mobile-header-display":"","site-post-title":"","ast-breadcrumbs-content":"","ast-featured-img":"","footer-sml-layout":"","theme-transparent-header-meta":"","adv-header-id-meta":"","stick-header-meta":"","header-above-stick-meta":"","header-main-stick-meta":"","header-below-stick-meta":"","astra-migrate-meta-layouts":"default","ast-page-background-enabled":"default","ast-page-background-meta":{"desktop":{"background-color":"var(--ast-global-color-4)","background-image":"","background-repeat":"repeat","background-position":"center center","background-size":"auto","background-attachment":"scroll","background-type":"","background-media":"","overlay-type":"","overlay-color":"","overlay-opacity":"","overlay-gradient":""},"tablet":{"background-color":"","background-image":"","background-repeat":"repeat","background-position":"center center","background-size":"auto","background-attachment":"scroll","background-type":"","background-media":"","overlay-type":"","overlay-color":"","overlay-opacity":"","overlay-gradient":""},"mobile":{"background-color":"","background-image":"","background-repeat":"repeat","background-position":"center center","background-size":"auto","background-attachment":"scroll","background-type":"","background-media":"","overlay-type":"","overlay-color":"","overlay-opacity":"","overlay-gradient":""}},"ast-content-background-meta":{"desktop":{"background-color":"var(--ast-global-color-5)","background-image":"","background-repeat":"repeat","background-position":"center center","background-size":"auto","background-attachment":"scroll","background-type":"","background-media":"","overlay-type":"","overlay-color":"","overlay-opacity":"","overlay-gradient":""},"tablet":{"background-color":"var(--ast-global-color-5)","background-image":"","background-repeat":"repeat","background-position":"center center","background-size":"auto","background-attachment":"scroll","background-type":"","background-media":"","overlay-type":"","overlay-color":"","overlay-opacity":"","overlay-gradient":""},"mobile":{"background-color":"var(--ast-global-color-5)","background-image":"","background-repeat":"repeat","background-position":"center center","background-size":"auto","background-attachment":"scroll","background-type":"","background-media":"","overlay-type":"","overlay-color":"","overlay-opacity":"","overlay-gradient":""}},"footnotes":""},"class_list":["post-82","page","type-page","status-publish","hentry"],"post_mailing_queue_ids":[],"_links":{"self":[{"href":"https:\/\/agora.xtec.cat\/ceipsantaeulalia-berga\/wp-json\/wp\/v2\/pages\/82","targetHints":{"allow":["GET"]}}],"collection":[{"href":"https:\/\/agora.xtec.cat\/ceipsantaeulalia-berga\/wp-json\/wp\/v2\/pages"}],"about":[{"href":"https:\/\/agora.xtec.cat\/ceipsantaeulalia-berga\/wp-json\/wp\/v2\/types\/page"}],"author":[{"embeddable":true,"href":"https:\/\/agora.xtec.cat\/ceipsantaeulalia-berga\/wp-json\/wp\/v2\/users\/2"}],"replies":[{"embeddable":true,"href":"https:\/\/agora.xtec.cat\/ceipsantaeulalia-berga\/wp-json\/wp\/v2\/comments?post=82"}],"version-history":[{"count":4,"href":"https:\/\/agora.xtec.cat\/ceipsantaeulalia-berga\/wp-json\/wp\/v2\/pages\/82\/revisions"}],"predecessor-version":[{"id":5683,"href":"https:\/\/agora.xtec.cat\/ceipsantaeulalia-berga\/wp-json\/wp\/v2\/pages\/82\/revisions\/5683"}],"up":[{"embeddable":true,"href":"https:\/\/agora.xtec.cat\/ceipsantaeulalia-berga\/wp-json\/wp\/v2\/pages\/66"}],"wp:attachment":[{"href":"https:\/\/agora.xtec.cat\/ceipsantaeulalia-berga\/wp-json\/wp\/v2\/media?parent=82"}],"curies":[{"name":"wp","href":"https:\/\/api.w.org\/{rel}","templated":true}]}}