{"id":644,"date":"2015-10-28T11:32:29","date_gmt":"2015-10-28T10:32:29","guid":{"rendered":"http:\/\/agora.xtec.cat\/ceipsantaeulalia-berga\/?page_id=644"},"modified":"2025-11-16T13:20:12","modified_gmt":"2025-11-16T12:20:12","slug":"personal-docent","status":"publish","type":"page","link":"https:\/\/agora.xtec.cat\/ceipsantaeulalia-berga\/lescola\/personal-docent\/","title":{"rendered":"Equip docent"},"content":{"rendered":"<p><span style=\"color: #ff6600;\"><b>Equip directiu<\/b><\/span><\/p>\n<table style=\"width: 100%; height: 69px;\">\n<tbody>\n<tr style=\"height: 23px;\">\n<td style=\"height: 23px;\">Director<\/td>\n<td style=\"height: 23px;\">Christian Garcia Valls \/ <a href=\"mailto:cgarcia@escolasantaeulaliaberga.cat\">cgarcia@escolasantaeulaliaberga.cat<\/a><\/td>\n<\/tr>\n<tr style=\"height: 23px;\">\n<td style=\"height: 23px;\">Cap d&#8217;estudis<\/td>\n<td style=\"height: 23px;\">Judit Busquets S\u00e1nchez \/ <a href=\"mailto:jbusquets@escolasantaeulaliaberga.cat\" target=\"_blank\" rel=\"noopener\">jbusquets@escolasantaeulaliaberga.cat<\/a><\/td>\n<\/tr>\n<tr style=\"height: 23px;\">\n<td style=\"height: 23px;\">Secret\u00e0ria<\/td>\n<td style=\"height: 23px;\">\u00a0Laura Zumel Frechina \/ <a href=\"mailto:lzumel@escolasantaeulaliaberga.cat\">lzumel@escolasantaeulaliaberga.cat<\/a><\/td>\n<\/tr>\n<\/tbody>\n<\/table>\n<p><span style=\"color: #ff6600;\"><b>Coordinadors\/es de Cicle<\/b><\/span><\/p>\n<table style=\"width: 100%; height: 93px;\">\n<tbody>\n<tr style=\"height: 23px;\">\n<td style=\"height: 23px;\">Coordinadora d&#8217;Educaci\u00f3 Infantil<\/td>\n<td style=\"height: 23px;\">Anna Torramorell Simon<\/td>\n<\/tr>\n<tr style=\"height: 23px;\">\n<td style=\"height: 23px;\">Coordinadora de Cicle Inicial<\/td>\n<td style=\"height: 23px;\">Meritxell Junyent Pons<\/td>\n<\/tr>\n<tr style=\"height: 23px;\">\n<td style=\"height: 23px;\">Coordinadora de Cicle Mitj\u00e0<\/td>\n<td style=\"height: 23px;\">Laura Corralo Polo<\/td>\n<\/tr>\n<tr style=\"height: 24px;\">\n<td style=\"height: 24px;\">Coordinadora de Cicle Superior<\/td>\n<td style=\"height: 24px;\">Anna Maria Guijarro Casas<\/td>\n<\/tr>\n<\/tbody>\n<\/table>\n<p><strong><span style=\"color: #ff6600;\">Tutories d&#8217;Educaci\u00f3 Infantil<\/span><\/strong><\/p>\n<table style=\"width: 39.3938%; height: 253px;\">\n<tbody>\n<tr style=\"height: 46px;\">\n<td style=\"width: 10.3356%; height: 46px;\">I3<\/td>\n<td style=\"width: 90.6186%; height: 46px;\">Montserrat Capdevila Vilalta \/ <a href=\"mailto:mcapdevila@escolasantaeulaliaberga.cat\" target=\"_blank\" rel=\"noopener\">mcapdevila@escolasantaeulaliaberga.cat<\/a><\/td>\n<\/tr>\n<tr style=\"height: 23px;\">\n<td style=\"width: 10.3356%; height: 23px;\"><\/td>\n<td style=\"width: 90.6186%; height: 23px;\"><\/td>\n<\/tr>\n<tr style=\"height: 46px;\">\n<td style=\"width: 10.3356%; height: 46px;\">I4A<\/td>\n<td style=\"width: 90.6186%; height: 46px;\">Judit Corominas Codina \/ <a href=\"mailto:jcorominas@escolasantaeulaliaberga.cat\">jcorominas@escolasantaeulaliaberga.cat<\/a><\/td>\n<\/tr>\n<tr style=\"height: 46px;\">\n<td style=\"width: 10.3356%; height: 46px;\">I4B<\/td>\n<td style=\"width: 90.6186%; height: 46px;\">Rosa Esc\u00e1nez Sanchez \/ <a href=\"mailto:rescanez@escolasantaeulaliaberga.cat\">rescanez@escolasantaeulaliaberga.cat<\/a><\/td>\n<\/tr>\n<tr style=\"height: 46px;\">\n<td style=\"width: 10.3356%; height: 46px;\">I5A<\/td>\n<td style=\"width: 90.6186%; height: 46px;\">Ester Vilardell Guix\u00e9 \/ <a href=\"mailto:evilardell@escolasantaeulaliaberga.cat\">evilardell@escolasantaeulaliaberga.cat<\/a><\/td>\n<\/tr>\n<tr style=\"height: 46px;\">\n<td style=\"width: 10.3356%; height: 46px;\">I5B<\/td>\n<td style=\"width: 90.6186%; height: 46px;\">Laura Zumel Frechina \/ <a href=\"mailto:lzumel@escolasantaeulaliaberga.cat\">lzumel@escolasantaeulaliaberga.cat<\/a><\/td>\n<\/tr>\n<\/tbody>\n<\/table>\n<p><strong><span style=\"color: #ff6600;\">Tutories d&#8217;Educaci\u00f3 Prim\u00e0ria<\/span><\/strong><\/p>\n<table style=\"height: 302px; width: 38.1467%;\">\n<tbody>\n<tr style=\"height: 31px;\">\n<td style=\"height: 31px; width: 49px;\">1rA<\/td>\n<td style=\"height: 31px; width: 465px;\">Dolors Hidalgo Marquez \/ <a href=\"mailto:dhidalgo@escolasantaeulaliaberga.cat\">dhidalgo@escolasantaeulaliaberga.cat<\/a><\/td>\n<\/tr>\n<tr style=\"height: 31px;\">\n<td style=\"height: 17px; width: 49px;\">1rB<\/td>\n<td style=\"height: 17px; width: 465px;\">S\u00f2nia Cuellar Dolcet \/ <a href=\"mailto:scuellar@escolasantaeulaliaberga.cat\">scuellar@escolasantaeulaliaberga.cat<\/a><\/td>\n<\/tr>\n<tr style=\"height: 31px;\">\n<td style=\"height: 31px; width: 49px;\">2nA<\/td>\n<td style=\"height: 31px; width: 465px;\">Aran Rey Marin \/ <a href=\"mailto:arey@escolasantaeulaliaberga.cat\">arey@escolasantaeulaliaberga.cat<\/a><\/td>\n<\/tr>\n<tr style=\"height: 31px;\">\n<td style=\"height: 31px; width: 49px;\">2nB<\/td>\n<td style=\"height: 31px; width: 465px;\">Eloi Rotllant Burd\u00f3\/ <a href=\"mailto:erotllant@escolasantaeulaliaberga.cat\">erotllant@escolasantaeulaliaberga.cat<\/a><\/td>\n<\/tr>\n<tr style=\"height: 31px;\">\n<td style=\"height: 12px; width: 49px;\">3rA<\/td>\n<td style=\"height: 12px; width: 465px;\">Rosa Calv\u00f3 Morral \/ <a href=\"mailto:rcalvo@escolasantaeulaliaberga.cat\">rcalvo@escolasantaeulaliaberga.cat<\/a><\/td>\n<\/tr>\n<tr style=\"height: 31px;\">\n<td style=\"height: 31px; width: 49px;\">3rB<\/td>\n<td style=\"height: 31px; width: 465px;\">Queralt Matamala Prat \/\u00a0 <a href=\"mailto:qmatamala@escolasantaeulaliaberga.cat\">qmatamala@escolasantaeulaliaberga.cat<\/a><\/td>\n<\/tr>\n<tr style=\"height: 31px;\">\n<td style=\"height: 31px; width: 49px;\">4tA<\/td>\n<td style=\"height: 31px; width: 465px;\">Carme Jacas Miret \/ <a href=\"mailto:mjacas@escolasantaeulaliaberga.cat\">mjacas@escolasantaeulaliaberga.cat<\/a><\/td>\n<\/tr>\n<tr style=\"height: 31px;\">\n<td style=\"height: 31px; width: 49px;\">4tB<\/td>\n<td style=\"height: 31px; width: 465px;\">Cristina Sanchez Guitart \/ <a href=\"mailto:csanchez@escolasantaeulaliaberga.cat\">csanchez@escolasantaeulaliaberga.cat<\/a><\/td>\n<\/tr>\n<tr style=\"height: 31px;\">\n<td style=\"height: 31px; width: 49px;\">5\u00e8A<\/td>\n<td style=\"height: 31px; width: 465px;\">S\u00edlvia Santamaria Crespi \/ <a href=\"mailto:ssantamaria@escolasantaeulaliaberga.cat\">ssantamaria@escolasantaeulaliaberga.cat<\/a><\/td>\n<\/tr>\n<tr style=\"height: 31px;\">\n<td style=\"height: 31px; width: 49px;\">5\u00e8B<\/td>\n<td style=\"height: 31px; width: 465px;\">Jordina Subirana Herranz <a href=\"mailto:jsubiranah@escolasantaeulaliaberga.cat\">jsubiranah@escolasantaeulaliaberga.cat<\/a><\/td>\n<\/tr>\n<tr style=\"height: 10px;\">\n<td style=\"height: 10px; width: 49px;\">6\u00e8A<\/td>\n<td style=\"height: 10px; width: 465px;\">Judit Busquets Sanchez \/ <a href=\"mailto:jbusquets@escolasantaeulaliaberga.cat\">jbusquets@escolasantaeulaliaberga.cat<\/a><\/td>\n<\/tr>\n<tr style=\"height: 31px;\">\n<td style=\"height: 15px; width: 49px;\">\u00a06\u00e8B<\/td>\n<td style=\"height: 15px; width: 465px;\">\u00a0S\u00edlvia Casas Rego\/ <a href=\"mailto:scasas@escolasantaeulaliaberga.cat\">scasas@escolasantaeulaliaberga.cat<\/a><\/td>\n<\/tr>\n<\/tbody>\n<\/table>\n<p><strong><span style=\"color: #ff6600;\">Mestres especialistes i de suport<\/span><\/strong><\/p>\n<table style=\"height: 667px; width: 63.8226%;\">\n<tbody>\n<tr style=\"height: 31px;\">\n<td style=\"width: 59.4564%; height: 31px;\">Meritxell Junyent Pons \/ <a href=\"mailto:mjunyent@escolasantaeulaliaberga.cat\">mjunyent@escolasantaeulaliaberga.cat<\/a><\/td>\n<td style=\"width: 39.6376%; height: 31px;\">Especialista d&#8217;educaci\u00f3 especial a prim\u00e0ria<\/td>\n<\/tr>\n<tr style=\"height: 31px;\">\n<td style=\"width: 59.4564%; height: 31px;\">Christian Garcia Valls \/ <a href=\"mailto:cgarcia@escolasantaeulaliaberga.cat\">cgarcia@escolasantaeulaliaberga.cat<\/a><\/td>\n<td style=\"width: 39.6376%; height: 31px;\">Especialista d&#8217;educaci\u00f3 f\u00edsica a P4 i psicomotricitat a EI<\/td>\n<\/tr>\n<tr style=\"height: 70px;\">\n<td style=\"width: 59.4564%; height: 70px;\">Maria Xandri Casas \/ <a href=\"mailto:mxandri@escolasantaeulaliaberga.cat\">mxandri@escolasantaeulaliaberga.cat<\/a><\/td>\n<td style=\"width: 39.6376%; height: 70px;\">Especialista d&#8217;educaci\u00f3 f\u00edsica (CI i P6)<\/td>\n<\/tr>\n<tr>\n<td style=\"width: 59.4564%;\">Adri\u00e0 Barrab\u00e9s Salmer\u00f3n \/ <a href=\"mailto:abarrabes@escolasantaeulaliaberga.cat\">abarrabes@escolasantaeulaliaberga.cat<\/a><\/td>\n<td style=\"width: 39.6376%;\">Especialista d&#8217;EF a P3, P5 i refor\u00e7os a CM<\/td>\n<\/tr>\n<tr style=\"height: 46px;\">\n<td style=\"width: 59.4564%; height: 46px;\">M\u00f2nica S\u00e1nchez Miralles \/ <a href=\"mailto:msanchez@escolasantaeulaliaberga.cat\" target=\"_blank\" rel=\"noopener\">msanchez@escolasantaeulaliaberga.cat<\/a><\/td>\n<td style=\"width: 39.6376%; height: 46px;\">Especialista de m\u00fasica a EI, CM i inform\u00e0tica<\/td>\n<\/tr>\n<tr style=\"height: 46px;\">\n<td style=\"width: 59.4564%; height: 46px;\">Ramon Camps Saez \/ <a href=\"mailto:rcamps@escolasantaeulaliaberga.cat\">rcamps@escolasantaeulaliaberga.cat<\/a><\/td>\n<td style=\"width: 39.6376%; height: 46px;\">Especialista de m\u00fasica a CI, CS i refor\u00e7os<\/td>\n<\/tr>\n<tr style=\"height: 31px;\">\n<td style=\"width: 59.4564%; height: 31px;\">\u00a0Teresa Moya Cocera\/ <a href=\"mailto:tmoya@escolasantaeulaliaberga.cat\">tmoya@escolasantaeulaliaberga.cat<\/a><\/td>\n<td style=\"width: 39.6376%; height: 31px;\">Refor\u00e7os a CI<\/td>\n<\/tr>\n<tr style=\"height: 31px;\">\n<td style=\"width: 59.4564%; height: 31px;\">Anna Maria Guijarro Casas \/ <a href=\"mailto:aguijarro@escolasantaeulaliaberga.cat\">aguijarro@escolasantaeulaliaberga.cat<\/a><\/td>\n<td style=\"width: 39.6376%; height: 31px;\">Refor\u00e7os a CS<\/td>\n<\/tr>\n<tr style=\"height: 31px;\">\n<td style=\"width: 59.4564%; height: 31px;\">Montserrat Coll Capdevila \/ <a href=\"mailto:mcoll@escolasantaeulaliaberga.cat\">mcoll@escolasantaeulaliaberga.cat<\/a><\/td>\n<td style=\"width: 39.6376%; height: 31px;\">Religi\u00f3 cat\u00f2lica<\/td>\n<\/tr>\n<tr style=\"height: 31px;\">\n<td style=\"width: 59.4564%; height: 31px;\">Eloi Edo Martinez\/ <a href=\"mailto:eedo@escolasantaeulaliaberga.cat\">eedo@escolasantaeulaliaberga.cat<\/a><\/td>\n<td style=\"width: 39.6376%; height: 31px;\">Especialista d&#8217;educaci\u00f3 especial a EI<\/td>\n<\/tr>\n<tr style=\"height: 31px;\">\n<td style=\"width: 59.4564%; height: 31px;\">Vanessa Burrieza\u00a0 Crespo\/ <a href=\"mailto:vburrieza@escolasantaeulaliaberga.cat\">vburrieza@escolasantaeulaliaberga.cat<\/a><\/td>\n<td style=\"width: 39.6376%; height: 31px;\">Especialista d&#8217;educaci\u00f3 especial i responsable SIEI<\/td>\n<\/tr>\n<tr style=\"height: 31px;\">\n<td style=\"width: 59.4564%; height: 31px;\">Judit Esquius Coma \/ <a href=\"mailto:jesquius@escolasantaeulaliaberga.cat\">jesquius@escolasantaeulaliaberga.cat<\/a><\/td>\n<td style=\"width: 39.6376%; height: 31px;\">Especialista d&#8217;angl\u00e8s a EI i CI<\/td>\n<\/tr>\n<tr style=\"height: 46px;\">\n<td style=\"width: 59.4564%; height: 46px;\">Montserrat Comellas Peroy \/\u00a0 <a href=\"mailto:mcomellas@escolasantaeulaliaberga.cat\">mcomellas@escolasantaeulaliaberga.cat<\/a><\/td>\n<td style=\"width: 39.6376%; height: 46px;\">Especialista d&#8217;angl\u00e8s a CM i CS<\/td>\n<\/tr>\n<tr style=\"height: 31px;\">\n<td style=\"width: 59.4564%; height: 31px;\">\u00a0M\u00edriam Llum\u00e0 Illa\/ <a href=\"mailto:mlluma@escolasantaeulaliaberga.cat\">mlluma@escolasantaeulaliaberga.cat<\/a><\/td>\n<td style=\"width: 39.6376%; height: 31px;\">Refor\u00e7os a CM<\/td>\n<\/tr>\n<tr style=\"height: 33px;\">\n<td style=\"width: 59.4564%; height: 33px;\">Laura Torn\u00e9 Escolano \/ <a href=\"mailto:ltorne@escolasantaeulaliaberga.cat\">ltorne@escolasantaeulaliaberga.cat<\/a><\/td>\n<td style=\"width: 39.6376%; height: 33px;\">Refor\u00e7os a EI<\/td>\n<\/tr>\n<tr style=\"height: 46px;\">\n<td style=\"width: 59.4564%; height: 46px;\">Anna Torramorell Simon \/ <a href=\"mailto:atorramorell@escolasantaeulaliaberga.cat\">atorramorell@escolasantaeulaliaberga.cat<\/a><\/td>\n<td style=\"width: 39.6376%; height: 46px;\">Refor\u00e7os a EI<\/td>\n<\/tr>\n<tr style=\"height: 46px;\">\n<td style=\"width: 59.4564%; height: 46px;\">Laura Corralo Polo \/ <a href=\"mailto:lcorralo@escolasantaeulaliaberga.cat\">lcorralo@escolasantaeulaliaberga.cat<\/a><\/td>\n<td style=\"width: 39.6376%; height: 46px;\">Aula d&#8217;acollida<\/td>\n<\/tr>\n<tr style=\"height: 23px;\">\n<td style=\"width: 59.4564%; height: 23px;\">Mariona Massafret Mozas \/ <a href=\"mailto:mmassafret@escolasantaeulaliaberga.cat\">mmassafret@escolasantaeulaliaberga.cat<\/a><\/td>\n<td style=\"width: 39.6376%; height: 23px;\">Refor\u00e7os a CS<\/td>\n<\/tr>\n<tr>\n<td style=\"width: 59.4564%;\">Judit Corral Domingo \/ <a href=\"mailto:jcorral@escolasantaeulaliaberga.cat\">jcorral@escolasantaeulaliaberga.cat<\/a><\/td>\n<td style=\"width: 39.6376%;\">Refor\u00e7os a CS<\/td>\n<\/tr>\n<\/tbody>\n<\/table>\n<p><span style=\"color: #ff6600;\"><b>Personal no docent<\/b><\/span><\/p>\n<table>\n<tbody>\n<tr>\n<td>S\u00edlvia Riu Parera<\/td>\n<td>Administrativa<\/td>\n<\/tr>\n<tr>\n<td>Ramon Sanjuan Vilajosana<\/td>\n<td>Conserge<\/td>\n<\/tr>\n<tr>\n<td>Alba Ramos del Rey<\/td>\n<td>Educadora Educaci\u00f3 Especial<\/td>\n<\/tr>\n<tr>\n<td>Pilar Castilla<\/td>\n<td>TEI a I3<\/td>\n<\/tr>\n<\/tbody>\n<\/table>\n<p><span style=\"color: #ff6600;\"><b>Coordinadors<\/b><\/span><\/p>\n<table>\n<tbody>\n<tr>\n<td>M\u00f2nica S\u00e1nchez Miralles<\/td>\n<td>Coordinadora Estrat\u00e8gia Digital Centre<\/td>\n<\/tr>\n<tr>\n<td>Ramon Camps Saez<\/td>\n<td>Coordinador riscos laborals<\/td>\n<\/tr>\n<tr>\n<td>Laura Corralo Polo<\/td>\n<td>Coordinadora ling\u00fc\u00edstica<\/td>\n<\/tr>\n<tr>\n<td>Judit Corral Domingo<\/td>\n<td>Coordinadora coeducaci\u00f3<\/td>\n<\/tr>\n<tr>\n<td>Christian Garcia Valls<\/td>\n<td>Coordinador Pla Catal\u00e0 d&#8217;Esport a l&#8217;Escola<\/td>\n<\/tr>\n<\/tbody>\n<\/table>\n","protected":false},"excerpt":{"rendered":"<p>Equip directiu Director Christian Garcia Valls \/ cgarcia@escolasantaeulaliaberga.cat Cap d&#8217;estudis Judit Busquets S\u00e1nchez \/ jbusquets@escolasantaeulaliaberga.cat Secret\u00e0ria \u00a0Laura Zumel Frechina \/ lzumel@escolasantaeulaliaberga.cat Coordinadors\/es de Cicle Coordinadora d&#8217;Educaci\u00f3 Infantil Anna Torramorell Simon Coordinadora de Cicle Inicial Meritxell Junyent Pons Coordinadora de Cicle Mitj\u00e0 Laura Corralo Polo Coordinadora de Cicle Superior Anna Maria Guijarro Casas Tutories d&#8217;Educaci\u00f3 Infantil [&hellip;]<\/p>\n","protected":false},"author":1,"featured_media":0,"parent":22,"menu_order":7,"comment_status":"closed","ping_status":"closed","template":"page-templates\/side-menu.php","meta":{"_bbp_topic_count":0,"_bbp_reply_count":0,"_bbp_total_topic_count":0,"_bbp_total_reply_count":0,"_bbp_voice_count":0,"_bbp_anonymous_reply_count":0,"_bbp_topic_count_hidden":0,"_bbp_reply_count_hidden":0,"_bbp_forum_subforum_count":0,"site-sidebar-layout":"default","site-content-layout":"","ast-site-content-layout":"","site-content-style":"default","site-sidebar-style":"default","ast-global-header-display":"","ast-banner-title-visibility":"","ast-main-header-display":"","ast-hfb-above-header-display":"","ast-hfb-below-header-display":"","ast-hfb-mobile-header-display":"","site-post-title":"","ast-breadcrumbs-content":"","ast-featured-img":"","footer-sml-layout":"","theme-transparent-header-meta":"","adv-header-id-meta":"","stick-header-meta":"","header-above-stick-meta":"","header-main-stick-meta":"","header-below-stick-meta":"","astra-migrate-meta-layouts":"default","ast-page-background-enabled":"default","ast-page-background-meta":{"desktop":{"background-color":"var(--ast-global-color-4)","background-image":"","background-repeat":"repeat","background-position":"center center","background-size":"auto","background-attachment":"scroll","background-type":"","background-media":"","overlay-type":"","overlay-color":"","overlay-opacity":"","overlay-gradient":""},"tablet":{"background-color":"","background-image":"","background-repeat":"repeat","background-position":"center center","background-size":"auto","background-attachment":"scroll","background-type":"","background-media":"","overlay-type":"","overlay-color":"","overlay-opacity":"","overlay-gradient":""},"mobile":{"background-color":"","background-image":"","background-repeat":"repeat","background-position":"center center","background-size":"auto","background-attachment":"scroll","background-type":"","background-media":"","overlay-type":"","overlay-color":"","overlay-opacity":"","overlay-gradient":""}},"ast-content-background-meta":{"desktop":{"background-color":"var(--ast-global-color-5)","background-image":"","background-repeat":"repeat","background-position":"center center","background-size":"auto","background-attachment":"scroll","background-type":"","background-media":"","overlay-type":"","overlay-color":"","overlay-opacity":"","overlay-gradient":""},"tablet":{"background-color":"var(--ast-global-color-5)","background-image":"","background-repeat":"repeat","background-position":"center center","background-size":"auto","background-attachment":"scroll","background-type":"","background-media":"","overlay-type":"","overlay-color":"","overlay-opacity":"","overlay-gradient":""},"mobile":{"background-color":"var(--ast-global-color-5)","background-image":"","background-repeat":"repeat","background-position":"center center","background-size":"auto","background-attachment":"scroll","background-type":"","background-media":"","overlay-type":"","overlay-color":"","overlay-opacity":"","overlay-gradient":""}},"footnotes":""},"class_list":["post-644","page","type-page","status-publish","hentry"],"post_mailing_queue_ids":[],"_links":{"self":[{"href":"https:\/\/agora.xtec.cat\/ceipsantaeulalia-berga\/wp-json\/wp\/v2\/pages\/644","targetHints":{"allow":["GET"]}}],"collection":[{"href":"https:\/\/agora.xtec.cat\/ceipsantaeulalia-berga\/wp-json\/wp\/v2\/pages"}],"about":[{"href":"https:\/\/agora.xtec.cat\/ceipsantaeulalia-berga\/wp-json\/wp\/v2\/types\/page"}],"author":[{"embeddable":true,"href":"https:\/\/agora.xtec.cat\/ceipsantaeulalia-berga\/wp-json\/wp\/v2\/users\/1"}],"replies":[{"embeddable":true,"href":"https:\/\/agora.xtec.cat\/ceipsantaeulalia-berga\/wp-json\/wp\/v2\/comments?post=644"}],"version-history":[{"count":6,"href":"https:\/\/agora.xtec.cat\/ceipsantaeulalia-berga\/wp-json\/wp\/v2\/pages\/644\/revisions"}],"predecessor-version":[{"id":7472,"href":"https:\/\/agora.xtec.cat\/ceipsantaeulalia-berga\/wp-json\/wp\/v2\/pages\/644\/revisions\/7472"}],"up":[{"embeddable":true,"href":"https:\/\/agora.xtec.cat\/ceipsantaeulalia-berga\/wp-json\/wp\/v2\/pages\/22"}],"wp:attachment":[{"href":"https:\/\/agora.xtec.cat\/ceipsantaeulalia-berga\/wp-json\/wp\/v2\/media?parent=644"}],"curies":[{"name":"wp","href":"https:\/\/api.w.org\/{rel}","templated":true}]}}