{"id":633,"date":"2015-10-28T10:39:04","date_gmt":"2015-10-28T09:39:04","guid":{"rendered":"http:\/\/agora.xtec.cat\/ceipsantaeulalia-berga\/?page_id=633"},"modified":"2026-01-04T15:58:51","modified_gmt":"2026-01-04T14:58:51","slug":"de-cap-a-laigua","status":"publish","type":"page","link":"https:\/\/agora.xtec.cat\/ceipsantaeulalia-berga\/projectes-descola\/de-cap-a-laigua\/","title":{"rendered":"De cap a l&#8217;aigua"},"content":{"rendered":"<p style=\"text-align: justify;\">Aquest \u00e9s un projecte que es va iniciar ja fa uns quants cursos per acostar l&#8217;esport de la nataci\u00f3 al major nombre d&#8217;infants possible. Es porta a terme a cicle inicial i mitj\u00e0.<\/p>\n<p style=\"text-align: justify;\">\u00c9s, altra vegada, un projecte democratitzador que intenta acostar aquesta pr\u00e0ctica esportiva a tots i cadascun dels nens i nenes de l&#8217;escola facilitant-ne l&#8217;aprenentatge a tots aquells que, sense aquesta subvenci\u00f3 (ajuntament de Berga), podrien no haver-ne apr\u00e8s mai o fins molt m\u00e9s tard.<\/p>\n<p style=\"text-align: justify;\">Aquest esport es practica des de l&#8217;antiguitat i els beneficis de la nataci\u00f3 han estat aprofitats per diverses societats.<\/p>\n<p style=\"text-align: justify;\">\u00c9s tamb\u00e9 un excel\u00b7lent esport que contribueix a reduir els nivells d&#8217;estr\u00e8s, ja que el fet de practicar-lo amb l&#8217;aigua temperada produeix una sensaci\u00f3 de relaxaci\u00f3 i calma.<\/p>\n<p style=\"text-align: justify;\">\u00c9s tamb\u00e9 una bona alternativa per a potenciar l&#8217;activitat social i les relacions entre iguals en el cas dels escolars, ja que els permet socialitzar-se en un entorn apropiat i saludable.<\/p>\n<table style=\"height: 67px;\" width=\"960\">\n<tbody>\n<tr>\n<td style=\"width: 316px; text-align: center;\">\n<h4><strong>1r TRIMESTRE\u00a0<\/strong><\/h4>\n<p><strong>(16 setembre fins 9 desembre. 13 sessions)<\/strong><\/td>\n<td style=\"width: 317px; text-align: center;\">\n<h4><strong>2n TRIMESTRE<\/strong><\/h4>\n<p><strong>(8 gener fins 24 mar\u00e7. 12 sessions)<\/strong><\/td>\n<td style=\"width: 317px; text-align: center;\"><\/td>\n<\/tr>\n<tr>\n<td style=\"width: 316px; text-align: center;\">\n<ul>\n<li>Dimarts 15:20 a 16:10h (P4)<\/li>\n<li>Dijous 15:20 a 16:10h (P3)<\/li>\n<li>Divendres 15:20 a 16:10h (P2)<\/li>\n<\/ul>\n<\/td>\n<td style=\"width: 317px; text-align: center;\">\n<ul>\n<li>Divendres 15:20 a 16:10h (P2)<\/li>\n<\/ul>\n<\/td>\n<td style=\"width: 317px; text-align: center;\"><\/td>\n<\/tr>\n<\/tbody>\n<\/table>\n<p style=\"text-align: justify;\"><img loading=\"lazy\" decoding=\"async\" class=\"wp-image-976 alignleft\" src=\"http:\/\/agora.xtec.cat\/ceipsantaeulalia-berga\/wp-content\/uploads\/usu104\/2015\/10\/de_cap_a_laigua__1448619859_86448.jpg\" alt=\"de_cap_a_l'aigua__1448619859_86448\" width=\"579\" height=\"434\" srcset=\"https:\/\/agora.xtec.cat\/ceipsantaeulalia-berga\/wp-content\/uploads\/usu104\/2015\/10\/de_cap_a_laigua__1448619859_86448.jpg 800w, https:\/\/agora.xtec.cat\/ceipsantaeulalia-berga\/wp-content\/uploads\/usu104\/2015\/10\/de_cap_a_laigua__1448619859_86448-300x225.jpg 300w, https:\/\/agora.xtec.cat\/ceipsantaeulalia-berga\/wp-content\/uploads\/usu104\/2015\/10\/de_cap_a_laigua__1448619859_86448-200x150.jpg 200w\" sizes=\"auto, (max-width: 579px) 100vw, 579px\" \/><\/p>\n<p><a href=\"http:\/\/agora.xtec.cat\/ceipsantaeulalia-berga\/wp-content\/uploads\/usu104\/2015\/04\/logoajuntament.png\"><img loading=\"lazy\" decoding=\"async\" class=\"alignnone size-full wp-image-600\" src=\"http:\/\/agora.xtec.cat\/ceipsantaeulalia-berga\/wp-content\/uploads\/usu104\/2015\/04\/logoajuntament.png\" alt=\"logoajuntament\" width=\"210\" height=\"92\" \/><\/a><a href=\"http:\/\/agora.xtec.cat\/ceipsantaeulalia-berga\/wp-content\/uploads\/usu104\/2015\/10\/el-tossalet-logo.png\"><img loading=\"lazy\" decoding=\"async\" class=\"alignnone wp-image-977\" src=\"http:\/\/agora.xtec.cat\/ceipsantaeulalia-berga\/wp-content\/uploads\/usu104\/2015\/10\/el-tossalet-logo-1024x1024.png\" alt=\"el-tossalet-logo\" width=\"94\" height=\"94\" srcset=\"https:\/\/agora.xtec.cat\/ceipsantaeulalia-berga\/wp-content\/uploads\/usu104\/2015\/10\/el-tossalet-logo-1024x1024.png 1024w, https:\/\/agora.xtec.cat\/ceipsantaeulalia-berga\/wp-content\/uploads\/usu104\/2015\/10\/el-tossalet-logo-150x150.png 150w, https:\/\/agora.xtec.cat\/ceipsantaeulalia-berga\/wp-content\/uploads\/usu104\/2015\/10\/el-tossalet-logo-300x300.png 300w\" sizes=\"auto, (max-width: 94px) 100vw, 94px\" \/><\/a><\/p>\n","protected":false},"excerpt":{"rendered":"<p>Aquest \u00e9s un projecte que es va iniciar ja fa uns quants cursos per acostar l&#8217;esport de la nataci\u00f3 al major nombre d&#8217;infants possible. Es porta a terme a cicle inicial i mitj\u00e0. \u00c9s, altra vegada, un projecte democratitzador que intenta acostar aquesta pr\u00e0ctica esportiva a tots i cadascun dels nens i nenes de l&#8217;escola [&hellip;]<\/p>\n","protected":false},"author":1,"featured_media":0,"parent":3494,"menu_order":12,"comment_status":"closed","ping_status":"closed","template":"","meta":{"_bbp_topic_count":0,"_bbp_reply_count":0,"_bbp_total_topic_count":0,"_bbp_total_reply_count":0,"_bbp_voice_count":0,"_bbp_anonymous_reply_count":0,"_bbp_topic_count_hidden":0,"_bbp_reply_count_hidden":0,"_bbp_forum_subforum_count":0,"site-sidebar-layout":"default","site-content-layout":"","ast-site-content-layout":"default","site-content-style":"default","site-sidebar-style":"default","ast-global-header-display":"","ast-banner-title-visibility":"","ast-main-header-display":"","ast-hfb-above-header-display":"","ast-hfb-below-header-display":"","ast-hfb-mobile-header-display":"","site-post-title":"","ast-breadcrumbs-content":"","ast-featured-img":"","footer-sml-layout":"","theme-transparent-header-meta":"","adv-header-id-meta":"","stick-header-meta":"","header-above-stick-meta":"","header-main-stick-meta":"","header-below-stick-meta":"","astra-migrate-meta-layouts":"set","ast-page-background-enabled":"default","ast-page-background-meta":{"desktop":{"background-color":"var(--ast-global-color-4)","background-image":"","background-repeat":"repeat","background-position":"center center","background-size":"auto","background-attachment":"scroll","background-type":"","background-media":"","overlay-type":"","overlay-color":"","overlay-opacity":"","overlay-gradient":""},"tablet":{"background-color":"","background-image":"","background-repeat":"repeat","background-position":"center center","background-size":"auto","background-attachment":"scroll","background-type":"","background-media":"","overlay-type":"","overlay-color":"","overlay-opacity":"","overlay-gradient":""},"mobile":{"background-color":"","background-image":"","background-repeat":"repeat","background-position":"center center","background-size":"auto","background-attachment":"scroll","background-type":"","background-media":"","overlay-type":"","overlay-color":"","overlay-opacity":"","overlay-gradient":""}},"ast-content-background-meta":{"desktop":{"background-color":"var(--ast-global-color-5)","background-image":"","background-repeat":"repeat","background-position":"center center","background-size":"auto","background-attachment":"scroll","background-type":"","background-media":"","overlay-type":"","overlay-color":"","overlay-opacity":"","overlay-gradient":""},"tablet":{"background-color":"var(--ast-global-color-5)","background-image":"","background-repeat":"repeat","background-position":"center center","background-size":"auto","background-attachment":"scroll","background-type":"","background-media":"","overlay-type":"","overlay-color":"","overlay-opacity":"","overlay-gradient":""},"mobile":{"background-color":"var(--ast-global-color-5)","background-image":"","background-repeat":"repeat","background-position":"center center","background-size":"auto","background-attachment":"scroll","background-type":"","background-media":"","overlay-type":"","overlay-color":"","overlay-opacity":"","overlay-gradient":""}},"footnotes":""},"class_list":["post-633","page","type-page","status-publish","hentry"],"post_mailing_queue_ids":[],"_links":{"self":[{"href":"https:\/\/agora.xtec.cat\/ceipsantaeulalia-berga\/wp-json\/wp\/v2\/pages\/633","targetHints":{"allow":["GET"]}}],"collection":[{"href":"https:\/\/agora.xtec.cat\/ceipsantaeulalia-berga\/wp-json\/wp\/v2\/pages"}],"about":[{"href":"https:\/\/agora.xtec.cat\/ceipsantaeulalia-berga\/wp-json\/wp\/v2\/types\/page"}],"author":[{"embeddable":true,"href":"https:\/\/agora.xtec.cat\/ceipsantaeulalia-berga\/wp-json\/wp\/v2\/users\/1"}],"replies":[{"embeddable":true,"href":"https:\/\/agora.xtec.cat\/ceipsantaeulalia-berga\/wp-json\/wp\/v2\/comments?post=633"}],"version-history":[{"count":4,"href":"https:\/\/agora.xtec.cat\/ceipsantaeulalia-berga\/wp-json\/wp\/v2\/pages\/633\/revisions"}],"predecessor-version":[{"id":7643,"href":"https:\/\/agora.xtec.cat\/ceipsantaeulalia-berga\/wp-json\/wp\/v2\/pages\/633\/revisions\/7643"}],"up":[{"embeddable":true,"href":"https:\/\/agora.xtec.cat\/ceipsantaeulalia-berga\/wp-json\/wp\/v2\/pages\/3494"}],"wp:attachment":[{"href":"https:\/\/agora.xtec.cat\/ceipsantaeulalia-berga\/wp-json\/wp\/v2\/media?parent=633"}],"curies":[{"name":"wp","href":"https:\/\/api.w.org\/{rel}","templated":true}]}}