{"id":575,"date":"2015-10-23T10:42:12","date_gmt":"2015-10-23T09:42:12","guid":{"rendered":"http:\/\/agora.xtec.cat\/ceipsantaeulalia-berga\/?page_id=575"},"modified":"2026-01-04T15:57:04","modified_gmt":"2026-01-04T14:57:04","slug":"superfilarmonica","status":"publish","type":"page","link":"https:\/\/agora.xtec.cat\/ceipsantaeulalia-berga\/projectes-descola\/superfilarmonica\/","title":{"rendered":"Superfilharm\u00f2nics"},"content":{"rendered":"<p style=\"text-align: justify;\">&#8220;Superfilharm\u00f2nics&#8221; \u00e9s un projecte que es va engegar el curs 14-15 i que porta la m\u00fasica directament a l&#8217;escola de prim\u00e0ria a trav\u00e9s d&#8217;una orquestra escolar.<\/p>\n<p style=\"text-align: justify;\">Els nens i nenes aprenen a tocar un instrument dins del conjunt instrumental, sense necessitat de cursar assignatures te\u00f2riques o classes individuals.<\/p>\n<p style=\"text-align: justify;\">A la nostra escola es toquen violins, violes, violoncels i el contrabaix.<\/p>\n<p style=\"text-align: justify;\">L&#8217;Escola Municipal de M\u00fasica aporta el professorat per desenvolupar el projecte que compta, sempre, amb el suport de la mestra de m\u00fasica del centre.<\/p>\n<p style=\"text-align: justify;\">Pel que fa als instruments, l&#8217;AMPA n&#8217;ha comprat els necessaris.<\/p>\n<p style=\"text-align: justify;\">A trav\u00e9s d&#8217;aquesta orquestra, des de l&#8217;EMMB, s&#8217;intenta donar l&#8217;oportunitat que tots els nens i nenes tinguin un contacte amb la m\u00fasica durant un tram del programa d&#8217;estudis dels infants.<\/p>\n<p style=\"text-align: justify;\">El projecte 4 cordes vol complementar les estructures del sistema educatiu formal educant no nom\u00e9s des d&#8217;un punt de vista instrumental sin\u00f3 que a m\u00e9s t\u00e9 el prop\u00f2sit de vetllar pel desenvolupament de compet\u00e8ncies socials, comunicatives i relacionals dels seus destinataris, crear espais de cooperaci\u00f3 entre els agents implicats (alumnes, fam\u00edlies i entitats de la ciutat) ui generar processos de reflexi\u00f3 individual i col\u00b7lectiva.<\/p>\n<p style=\"text-align: justify;\">\u00c9s doncs un projecte democratitzador que intenta facilitar l&#8217;acc\u00e9s als estudis musicals i abastar al major nombre de poblaci\u00f3 possible, tenint en compte el dif\u00edcil acc\u00e9s, per a algunes fam\u00edlies, als ensenyaments musicals.<\/p>\n<p style=\"text-align: justify;\"><a href=\"http:\/\/agora.xtec.cat\/ceipsantaeulalia-berga\/wp-content\/uploads\/usu104\/2015\/10\/20141006_114218.jpg\"><img loading=\"lazy\" decoding=\"async\" class=\" wp-image-619 aligncenter\" src=\"http:\/\/agora.xtec.cat\/ceipsantaeulalia-berga\/wp-content\/uploads\/usu104\/2015\/10\/20141006_114218-1024x576.jpg\" alt=\"20141006_114218\" width=\"632\" height=\"356\" srcset=\"https:\/\/agora.xtec.cat\/ceipsantaeulalia-berga\/wp-content\/uploads\/usu104\/2015\/10\/20141006_114218-1024x576.jpg 1024w, https:\/\/agora.xtec.cat\/ceipsantaeulalia-berga\/wp-content\/uploads\/usu104\/2015\/10\/20141006_114218-300x169.jpg 300w, https:\/\/agora.xtec.cat\/ceipsantaeulalia-berga\/wp-content\/uploads\/usu104\/2015\/10\/20141006_114218.jpg 1600w\" sizes=\"auto, (max-width: 632px) 100vw, 632px\" \/><\/a><\/p>\n<p><a href=\"http:\/\/agora.xtec.cat\/ceipsantaeulalia-berga\/wp-content\/uploads\/usu104\/2015\/10\/406569_234289493314713_951666817_n.jpg\"><img loading=\"lazy\" decoding=\"async\" class=\"alignnone wp-image-606\" src=\"http:\/\/agora.xtec.cat\/ceipsantaeulalia-berga\/wp-content\/uploads\/usu104\/2015\/10\/406569_234289493314713_951666817_n.jpg\" alt=\"406569_234289493314713_951666817_n\" width=\"120\" height=\"120\" srcset=\"https:\/\/agora.xtec.cat\/ceipsantaeulalia-berga\/wp-content\/uploads\/usu104\/2015\/10\/406569_234289493314713_951666817_n.jpg 160w, https:\/\/agora.xtec.cat\/ceipsantaeulalia-berga\/wp-content\/uploads\/usu104\/2015\/10\/406569_234289493314713_951666817_n-150x150.jpg 150w\" sizes=\"auto, (max-width: 120px) 100vw, 120px\" \/><\/a>\u00a0\u00a0<a href=\"http:\/\/agora.xtec.cat\/ceipsantaeulalia-berga\/wp-content\/uploads\/usu104\/2015\/04\/logo-ampaceip.png\"><img loading=\"lazy\" decoding=\"async\" class=\"alignnone wp-image-601\" src=\"http:\/\/agora.xtec.cat\/ceipsantaeulalia-berga\/wp-content\/uploads\/usu104\/2015\/04\/logo-ampaceip.png\" alt=\"logo ampaceip\" width=\"121\" height=\"121\" \/><\/a>\u00a0\u00a0<a href=\"http:\/\/agora.xtec.cat\/ceipsantaeulalia-berga\/wp-content\/uploads\/usu104\/2014\/10\/taronja.jpg\"><img loading=\"lazy\" decoding=\"async\" class=\"alignnone wp-image-145\" src=\"http:\/\/agora.xtec.cat\/ceipsantaeulalia-berga\/wp-content\/uploads\/usu104\/2014\/10\/taronja.jpg\" alt=\"taronja\" width=\"122\" height=\"122\" srcset=\"https:\/\/agora.xtec.cat\/ceipsantaeulalia-berga\/wp-content\/uploads\/usu104\/2014\/10\/taronja.jpg 531w, https:\/\/agora.xtec.cat\/ceipsantaeulalia-berga\/wp-content\/uploads\/usu104\/2014\/10\/taronja-150x150.jpg 150w, https:\/\/agora.xtec.cat\/ceipsantaeulalia-berga\/wp-content\/uploads\/usu104\/2014\/10\/taronja-300x300.jpg 300w\" sizes=\"auto, (max-width: 122px) 100vw, 122px\" \/><\/a><\/p>\n","protected":false},"excerpt":{"rendered":"<p>&#8220;Superfilharm\u00f2nics&#8221; \u00e9s un projecte que es va engegar el curs 14-15 i que porta la m\u00fasica directament a l&#8217;escola de prim\u00e0ria a trav\u00e9s d&#8217;una orquestra escolar. Els nens i nenes aprenen a tocar un instrument dins del conjunt instrumental, sense necessitat de cursar assignatures te\u00f2riques o classes individuals. A la nostra escola es toquen violins, [&hellip;]<\/p>\n","protected":false},"author":1,"featured_media":0,"parent":3494,"menu_order":4,"comment_status":"closed","ping_status":"closed","template":"","meta":{"_bbp_topic_count":0,"_bbp_reply_count":0,"_bbp_total_topic_count":0,"_bbp_total_reply_count":0,"_bbp_voice_count":0,"_bbp_anonymous_reply_count":0,"_bbp_topic_count_hidden":0,"_bbp_reply_count_hidden":0,"_bbp_forum_subforum_count":0,"site-sidebar-layout":"default","site-content-layout":"","ast-site-content-layout":"default","site-content-style":"default","site-sidebar-style":"default","ast-global-header-display":"","ast-banner-title-visibility":"","ast-main-header-display":"","ast-hfb-above-header-display":"","ast-hfb-below-header-display":"","ast-hfb-mobile-header-display":"","site-post-title":"","ast-breadcrumbs-content":"","ast-featured-img":"","footer-sml-layout":"","theme-transparent-header-meta":"","adv-header-id-meta":"","stick-header-meta":"","header-above-stick-meta":"","header-main-stick-meta":"","header-below-stick-meta":"","astra-migrate-meta-layouts":"set","ast-page-background-enabled":"default","ast-page-background-meta":{"desktop":{"background-color":"var(--ast-global-color-4)","background-image":"","background-repeat":"repeat","background-position":"center center","background-size":"auto","background-attachment":"scroll","background-type":"","background-media":"","overlay-type":"","overlay-color":"","overlay-opacity":"","overlay-gradient":""},"tablet":{"background-color":"","background-image":"","background-repeat":"repeat","background-position":"center center","background-size":"auto","background-attachment":"scroll","background-type":"","background-media":"","overlay-type":"","overlay-color":"","overlay-opacity":"","overlay-gradient":""},"mobile":{"background-color":"","background-image":"","background-repeat":"repeat","background-position":"center center","background-size":"auto","background-attachment":"scroll","background-type":"","background-media":"","overlay-type":"","overlay-color":"","overlay-opacity":"","overlay-gradient":""}},"ast-content-background-meta":{"desktop":{"background-color":"var(--ast-global-color-5)","background-image":"","background-repeat":"repeat","background-position":"center center","background-size":"auto","background-attachment":"scroll","background-type":"","background-media":"","overlay-type":"","overlay-color":"","overlay-opacity":"","overlay-gradient":""},"tablet":{"background-color":"var(--ast-global-color-5)","background-image":"","background-repeat":"repeat","background-position":"center center","background-size":"auto","background-attachment":"scroll","background-type":"","background-media":"","overlay-type":"","overlay-color":"","overlay-opacity":"","overlay-gradient":""},"mobile":{"background-color":"var(--ast-global-color-5)","background-image":"","background-repeat":"repeat","background-position":"center center","background-size":"auto","background-attachment":"scroll","background-type":"","background-media":"","overlay-type":"","overlay-color":"","overlay-opacity":"","overlay-gradient":""}},"footnotes":""},"class_list":["post-575","page","type-page","status-publish","hentry"],"post_mailing_queue_ids":[],"_links":{"self":[{"href":"https:\/\/agora.xtec.cat\/ceipsantaeulalia-berga\/wp-json\/wp\/v2\/pages\/575","targetHints":{"allow":["GET"]}}],"collection":[{"href":"https:\/\/agora.xtec.cat\/ceipsantaeulalia-berga\/wp-json\/wp\/v2\/pages"}],"about":[{"href":"https:\/\/agora.xtec.cat\/ceipsantaeulalia-berga\/wp-json\/wp\/v2\/types\/page"}],"author":[{"embeddable":true,"href":"https:\/\/agora.xtec.cat\/ceipsantaeulalia-berga\/wp-json\/wp\/v2\/users\/1"}],"replies":[{"embeddable":true,"href":"https:\/\/agora.xtec.cat\/ceipsantaeulalia-berga\/wp-json\/wp\/v2\/comments?post=575"}],"version-history":[{"count":3,"href":"https:\/\/agora.xtec.cat\/ceipsantaeulalia-berga\/wp-json\/wp\/v2\/pages\/575\/revisions"}],"predecessor-version":[{"id":7641,"href":"https:\/\/agora.xtec.cat\/ceipsantaeulalia-berga\/wp-json\/wp\/v2\/pages\/575\/revisions\/7641"}],"up":[{"embeddable":true,"href":"https:\/\/agora.xtec.cat\/ceipsantaeulalia-berga\/wp-json\/wp\/v2\/pages\/3494"}],"wp:attachment":[{"href":"https:\/\/agora.xtec.cat\/ceipsantaeulalia-berga\/wp-json\/wp\/v2\/media?parent=575"}],"curies":[{"name":"wp","href":"https:\/\/api.w.org\/{rel}","templated":true}]}}